{"id":2058,"date":"2025-08-18T16:18:26","date_gmt":"2025-08-18T14:18:26","guid":{"rendered":"https:\/\/zsp4.radom.pl\/przedszkole\/nasza-kadra-copy\/"},"modified":"2025-12-09T20:45:45","modified_gmt":"2025-12-09T19:45:45","slug":"grupy-przedszkola","status":"publish","type":"page","link":"https:\/\/zsp4.radom.pl\/przedszkole\/grupy-przedszkola\/","title":{"rendered":"Grupy przedszkola"},"content":{"rendered":"\t\t<div data-elementor-type=\"wp-page\" data-elementor-id=\"2058\" class=\"elementor elementor-2058\" data-elementor-post-type=\"page\">\n\t\t\t\t\t\t<section class=\"elementor-section elementor-top-section elementor-element elementor-element-c6c694a elementor-section-boxed elementor-section-height-default elementor-section-height-default\" data-id=\"c6c694a\" data-element_type=\"section\" data-settings=\"{&quot;background_background&quot;:&quot;classic&quot;}\">\n\t\t\t\t\t\t\t<div class=\"elementor-background-overlay\"><\/div>\n\t\t\t\t\t\t\t<div class=\"elementor-container elementor-column-gap-default\">\n\t\t\t\t\t<div class=\"elementor-column elementor-col-100 elementor-top-column elementor-element elementor-element-f1447f4\" data-id=\"f1447f4\" data-element_type=\"column\">\n\t\t\t<div class=\"elementor-widget-wrap elementor-element-populated\">\n\t\t\t\t\t\t<div class=\"elementor-element elementor-element-8904a37 elementor-widget elementor-widget-heading\" data-id=\"8904a37\" data-element_type=\"widget\" data-widget_type=\"heading.default\">\n\t\t\t\t\t<h1 class=\"elementor-heading-title elementor-size-default\">Grupy przedszkola<\/h1>\t\t\t\t<\/div>\n\t\t\t\t<div class=\"elementor-element elementor-element-4a70246 elementor-icon-list--layout-inline elementor-align-center elementor-list-item-link-full_width elementor-widget elementor-widget-icon-list\" data-id=\"4a70246\" data-element_type=\"widget\" data-widget_type=\"icon-list.default\">\n\t\t\t\t\t\t\t<ul class=\"elementor-icon-list-items elementor-inline-items\">\n\t\t\t\t\t\t\t<li class=\"elementor-icon-list-item elementor-inline-item\">\n\t\t\t\t\t\t\t\t\t\t\t<a href=\"\/\">\n\n\t\t\t\t\t\t\t\t\t\t\t<span class=\"elementor-icon-list-text\">Strona g\u0142\u00f3wna<\/span>\n\t\t\t\t\t\t\t\t\t\t\t<\/a>\n\t\t\t\t\t\t\t\t\t<\/li>\n\t\t\t\t\t\t\t\t<li class=\"elementor-icon-list-item elementor-inline-item\">\n\t\t\t\t\t\t\t\t\t\t\t<span class=\"elementor-icon-list-icon\">\n\t\t\t\t\t\t\t<svg aria-hidden=\"true\" class=\"e-font-icon-svg e-fas-chevron-right\" viewBox=\"0 0 320 512\" xmlns=\"http:\/\/www.w3.org\/2000\/svg\"><path d=\"M285.476 272.971L91.132 467.314c-9.373 9.373-24.569 9.373-33.941 0l-22.667-22.667c-9.357-9.357-9.375-24.522-.04-33.901L188.505 256 34.484 101.255c-9.335-9.379-9.317-24.544.04-33.901l22.667-22.667c9.373-9.373 24.569-9.373 33.941 0L285.475 239.03c9.373 9.372 9.373 24.568.001 33.941z\"><\/path><\/svg>\t\t\t\t\t\t<\/span>\n\t\t\t\t\t\t\t\t\t\t<span class=\"elementor-icon-list-text\">Grupy przedszkola<\/span>\n\t\t\t\t\t\t\t\t\t<\/li>\n\t\t\t\t\t\t<\/ul>\n\t\t\t\t\t\t<\/div>\n\t\t\t\t\t<\/div>\n\t\t<\/div>\n\t\t\t\t\t<\/div>\n\t\t<\/section>\n\t\t\t\t<section class=\"elementor-section elementor-top-section elementor-element elementor-element-fc5f9ca elementor-section-boxed elementor-section-height-default elementor-section-height-default\" data-id=\"fc5f9ca\" data-element_type=\"section\">\n\t\t\t\t\t\t\t<div class=\"elementor-background-overlay\"><\/div>\n\t\t\t\t\t\t\t<div class=\"elementor-container elementor-column-gap-default\">\n\t\t\t\t\t<div class=\"elementor-column elementor-col-100 elementor-top-column elementor-element elementor-element-c4fcd62\" data-id=\"c4fcd62\" data-element_type=\"column\">\n\t\t\t<div class=\"elementor-widget-wrap elementor-element-populated\">\n\t\t\t\t\t\t<div class=\"elementor-element elementor-element-ea591f5 elementor-widget elementor-widget-image\" data-id=\"ea591f5\" data-element_type=\"widget\" data-widget_type=\"image.default\">\n\t\t\t\t\t\t\t\t\t\t\t\t\t\t\t<img fetchpriority=\"high\" decoding=\"async\" width=\"201\" height=\"300\" src=\"https:\/\/zsp4.radom.pl\/przedszkole\/wp-content\/uploads\/2025\/08\/skrzat-201x300-1.jpg\" class=\"attachment-large size-large wp-image-2063\" alt=\"\" \/>\t\t\t\t\t\t\t\t\t\t\t\t\t\t\t<\/div>\n\t\t\t\t<div class=\"elementor-element elementor-element-4bc9a11 elementor-widget elementor-widget-heading\" data-id=\"4bc9a11\" data-element_type=\"widget\" data-widget_type=\"heading.default\">\n\t\t\t\t\t<h3 class=\"elementor-heading-title elementor-size-default\">Oddzia\u0142 I 3 latki \u201eKrasnoludki\u201d\n\n\n<\/h3>\t\t\t\t<\/div>\n\t\t\t\t<div class=\"elementor-element elementor-element-3d15e3c elementor-widget elementor-widget-text-editor\" data-id=\"3d15e3c\" data-element_type=\"widget\" data-widget_type=\"text-editor.default\">\n\t\t\t\t\t\t\t\t\t<p><strong>mgr Agnieszka Leszczy\u0144ska \u2013\u00a0<\/strong>nauczyciel mianowany<\/p><p><strong>mgr Beata Krawerenda\u00a0<\/strong><strong>\u2013\u00a0<\/strong>nauczyciel pocz\u0105tkuj\u0105cy<\/p><p><strong>Agnieszka Morawska \u2013 <\/strong>opiekun przedszkolny\u00a0<\/p>\t\t\t\t\t\t\t\t<\/div>\n\t\t\t\t<div class=\"elementor-element elementor-element-51a6466 elementor-widget elementor-widget-image\" data-id=\"51a6466\" data-element_type=\"widget\" data-widget_type=\"image.default\">\n\t\t\t\t\t\t\t\t\t\t\t\t\t\t\t<img decoding=\"async\" width=\"300\" height=\"293\" src=\"https:\/\/zsp4.radom.pl\/przedszkole\/wp-content\/uploads\/2025\/08\/jez-300x293-1.jpg\" class=\"attachment-large size-large wp-image-2060\" alt=\"\" \/>\t\t\t\t\t\t\t\t\t\t\t\t\t\t\t<\/div>\n\t\t\t\t<div class=\"elementor-element elementor-element-4fe81b1 elementor-widget elementor-widget-heading\" data-id=\"4fe81b1\" data-element_type=\"widget\" data-widget_type=\"heading.default\">\n\t\t\t\t\t<h3 class=\"elementor-heading-title elementor-size-default\">Oddzia\u0142 II 4 latki \u201eJe\u017cyki\u201d\n\n\n\n<\/h3>\t\t\t\t<\/div>\n\t\t\t\t<div class=\"elementor-element elementor-element-6e0c61a elementor-widget elementor-widget-text-editor\" data-id=\"6e0c61a\" data-element_type=\"widget\" data-widget_type=\"text-editor.default\">\n\t\t\t\t\t\t\t\t\t<p><strong>mgr Anna Zenka \u2013\u00a0<\/strong>nauczyciel dyplomowany<\/p><p><strong>mgr Angelika Skrok \u2013 <\/strong>nauczyciel mianowany<\/p><p><strong>Anna Latos\u2013 <\/strong>opiekun przedszkolny<\/p>\t\t\t\t\t\t\t\t<\/div>\n\t\t\t\t<div class=\"elementor-element elementor-element-2809d5f elementor-widget elementor-widget-image\" data-id=\"2809d5f\" data-element_type=\"widget\" data-widget_type=\"image.default\">\n\t\t\t\t\t\t\t\t\t\t\t\t\t\t\t<img decoding=\"async\" width=\"300\" height=\"265\" src=\"https:\/\/zsp4.radom.pl\/przedszkole\/wp-content\/uploads\/2025\/08\/pozio1-300x265-1.jpg\" class=\"attachment-large size-large wp-image-2061\" alt=\"\" \/>\t\t\t\t\t\t\t\t\t\t\t\t\t\t\t<\/div>\n\t\t\t\t<div class=\"elementor-element elementor-element-8b36fbd elementor-widget elementor-widget-heading\" data-id=\"8b36fbd\" data-element_type=\"widget\" data-widget_type=\"heading.default\">\n\t\t\t\t\t<h3 class=\"elementor-heading-title elementor-size-default\">  Oddzia\u0142 III 5 latki \u201ePoziomki\u201d\n\n<\/h3>\t\t\t\t<\/div>\n\t\t\t\t<div class=\"elementor-element elementor-element-aa7def5 elementor-widget elementor-widget-text-editor\" data-id=\"aa7def5\" data-element_type=\"widget\" data-widget_type=\"text-editor.default\">\n\t\t\t\t\t\t\t\t\t<p><strong>mgr Kinga Osak \u2013 <\/strong>nauczyciel dyplomowany<\/p><p><strong>mgr Katarzyna Nadowicz<\/strong> \u2013 nauczyciel pocz\u0105tkuj\u0105cy<\/p><p><strong>m<\/strong><strong>gr Iwona Kowalczyk \u2013\u00a0<\/strong>nauczyciel dyplomowany<strong>\u00a0 \u00a0 \u00a0 \u00a0 \u00a0<\/strong><\/p><p><strong>Monika Teper \u2013 <\/strong>opiekun przedszkolny<\/p>\t\t\t\t\t\t\t\t<\/div>\n\t\t\t\t<div class=\"elementor-element elementor-element-7941165 elementor-widget elementor-widget-image\" data-id=\"7941165\" data-element_type=\"widget\" data-widget_type=\"image.default\">\n\t\t\t\t\t\t\t\t\t\t\t\t\t\t\t<img loading=\"lazy\" decoding=\"async\" width=\"548\" height=\"700\" src=\"https:\/\/zsp4.radom.pl\/przedszkole\/wp-content\/uploads\/2025\/08\/slodkie-zaba-kreskowka-700-58903260.jpg\" class=\"attachment-large size-large wp-image-2062\" alt=\"\" srcset=\"https:\/\/zsp4.radom.pl\/przedszkole\/wp-content\/uploads\/2025\/08\/slodkie-zaba-kreskowka-700-58903260.jpg 548w, https:\/\/zsp4.radom.pl\/przedszkole\/wp-content\/uploads\/2025\/08\/slodkie-zaba-kreskowka-700-58903260-235x300.jpg 235w\" sizes=\"(max-width: 548px) 100vw, 548px\" \/>\t\t\t\t\t\t\t\t\t\t\t\t\t\t\t<\/div>\n\t\t\t\t<div class=\"elementor-element elementor-element-b1b107e elementor-widget elementor-widget-heading\" data-id=\"b1b107e\" data-element_type=\"widget\" data-widget_type=\"heading.default\">\n\t\t\t\t\t<h3 class=\"elementor-heading-title elementor-size-default\">Oddzia\u0142 IV 6 latki \u201e\u017babki\u201d\n\n<\/h3>\t\t\t\t<\/div>\n\t\t\t\t<div class=\"elementor-element elementor-element-ccc5f43 elementor-widget elementor-widget-text-editor\" data-id=\"ccc5f43\" data-element_type=\"widget\" data-widget_type=\"text-editor.default\">\n\t\t\t\t\t\t\t\t\t<p><strong>m<\/strong><strong>gr Magdalena Kubicka-Marzec \u2013 <\/strong>nauczyciel kontraktowy<\/p><p><strong>mgr Weronika Rojewska \u2013<\/strong>\u00a0nauczyciel pocz\u0105tkuj\u0105cy<\/p><p><strong>Bo\u017cena Pyszczek\u2013<\/strong>\u00a0opiekun przedszkolny<\/p>\t\t\t\t\t\t\t\t<\/div>\n\t\t\t\t<div class=\"elementor-element elementor-element-6f3375d elementor-widget elementor-widget-image\" data-id=\"6f3375d\" data-element_type=\"widget\" data-widget_type=\"image.default\">\n\t\t\t\t\t\t\t\t\t\t\t\t\t\t\t<img loading=\"lazy\" decoding=\"async\" width=\"275\" height=\"183\" src=\"https:\/\/zsp4.radom.pl\/przedszkole\/wp-content\/uploads\/2025\/08\/muchomorek.jpg\" class=\"attachment-large size-large wp-image-2064\" alt=\"\" \/>\t\t\t\t\t\t\t\t\t\t\t\t\t\t\t<\/div>\n\t\t\t\t<div class=\"elementor-element elementor-element-cd088af elementor-widget elementor-widget-heading\" data-id=\"cd088af\" data-element_type=\"widget\" data-widget_type=\"heading.default\">\n\t\t\t\t\t<h3 class=\"elementor-heading-title elementor-size-default\">Oddzia\u0142 V 6 latki \u201eMuchomorki\u201d\n\n<\/h3>\t\t\t\t<\/div>\n\t\t\t\t<div class=\"elementor-element elementor-element-e3c7bc4 elementor-widget elementor-widget-text-editor\" data-id=\"e3c7bc4\" data-element_type=\"widget\" data-widget_type=\"text-editor.default\">\n\t\t\t\t\t\t\t\t\t<p><strong>mgr Justyna Bartosiak\u00a0<\/strong>\u2013 nauczyciel kontraktowy<\/p><p><strong>mgr Iwona Lig\u0119za<\/strong><strong>\u00a0\u2013\u00a0<\/strong>nauczyciel pocz\u0105tkuj\u0105cy<\/p><p><strong>Sandra Utkowska \u2013\u00a0<\/strong>opiekun przedszkolny<\/p>\t\t\t\t\t\t\t\t<\/div>\n\t\t\t\t\t<\/div>\n\t\t<\/div>\n\t\t\t\t\t<\/div>\n\t\t<\/section>\n\t\t\t\t<\/div>\n\t\t","protected":false},"excerpt":{"rendered":"<p>Strona g\u0142\u00f3wna Oddzia\u0142 I 3 latki \u201eKrasnoludki\u201d mgr Agnieszka Leszczy\u0144ska \u2013\u00a0nauczyciel mianowany mgr Beata Krawerenda\u00a0\u2013\u00a0nauczyciel pocz\u0105tkuj\u0105cy Agnieszka Morawska \u2013 opiekun przedszkolny\u00a0 Oddzia\u0142 II 4 latki \u201eJe\u017cyki\u201d mgr Anna Zenka \u2013\u00a0nauczyciel dyplomowany mgr Angelika Skrok \u2013 nauczyciel mianowany Anna Latos\u2013 opiekun przedszkolny Oddzia\u0142 III 5 latki \u201ePoziomki\u201d mgr Kinga Osak \u2013 nauczyciel dyplomowany mgr Katarzyna Nadowicz [&hellip;]<\/p>\n","protected":false},"author":1,"featured_media":0,"parent":0,"menu_order":0,"comment_status":"closed","ping_status":"closed","template":"","meta":{"footnotes":""},"class_list":["post-2058","page","type-page","status-publish","hentry"],"aioseo_notices":[],"_links":{"self":[{"href":"https:\/\/zsp4.radom.pl\/przedszkole\/wp-json\/wp\/v2\/pages\/2058","targetHints":{"allow":["GET"]}}],"collection":[{"href":"https:\/\/zsp4.radom.pl\/przedszkole\/wp-json\/wp\/v2\/pages"}],"about":[{"href":"https:\/\/zsp4.radom.pl\/przedszkole\/wp-json\/wp\/v2\/types\/page"}],"author":[{"embeddable":true,"href":"https:\/\/zsp4.radom.pl\/przedszkole\/wp-json\/wp\/v2\/users\/1"}],"replies":[{"embeddable":true,"href":"https:\/\/zsp4.radom.pl\/przedszkole\/wp-json\/wp\/v2\/comments?post=2058"}],"version-history":[{"count":16,"href":"https:\/\/zsp4.radom.pl\/przedszkole\/wp-json\/wp\/v2\/pages\/2058\/revisions"}],"predecessor-version":[{"id":3462,"href":"https:\/\/zsp4.radom.pl\/przedszkole\/wp-json\/wp\/v2\/pages\/2058\/revisions\/3462"}],"wp:attachment":[{"href":"https:\/\/zsp4.radom.pl\/przedszkole\/wp-json\/wp\/v2\/media?parent=2058"}],"curies":[{"name":"wp","href":"https:\/\/api.w.org\/{rel}","templated":true}]}}