{"id":2069,"date":"2025-08-18T16:23:35","date_gmt":"2025-08-18T14:23:35","guid":{"rendered":"https:\/\/zsp4.radom.pl\/przedszkole\/nasza-kadra-copy\/"},"modified":"2025-08-25T10:32:27","modified_gmt":"2025-08-25T08:32:27","slug":"rada-rodzicow","status":"publish","type":"page","link":"https:\/\/zsp4.radom.pl\/przedszkole\/rada-rodzicow\/","title":{"rendered":"Rada rodzic\u00f3w"},"content":{"rendered":"\t\t<div data-elementor-type=\"wp-page\" data-elementor-id=\"2069\" class=\"elementor elementor-2069\" data-elementor-post-type=\"page\">\n\t\t\t\t\t\t<section class=\"elementor-section elementor-top-section elementor-element elementor-element-b80194b elementor-section-boxed elementor-section-height-default elementor-section-height-default\" data-id=\"b80194b\" data-element_type=\"section\" data-settings=\"{&quot;background_background&quot;:&quot;classic&quot;}\">\n\t\t\t\t\t\t\t<div class=\"elementor-background-overlay\"><\/div>\n\t\t\t\t\t\t\t<div class=\"elementor-container elementor-column-gap-default\">\n\t\t\t\t\t<div class=\"elementor-column elementor-col-100 elementor-top-column elementor-element elementor-element-db28771\" data-id=\"db28771\" data-element_type=\"column\">\n\t\t\t<div class=\"elementor-widget-wrap elementor-element-populated\">\n\t\t\t\t\t\t<div class=\"elementor-element elementor-element-dd45e37 elementor-widget elementor-widget-heading\" data-id=\"dd45e37\" data-element_type=\"widget\" data-widget_type=\"heading.default\">\n\t\t\t\t\t<h1 class=\"elementor-heading-title elementor-size-default\">Rada rodzic\u00f3w<\/h1>\t\t\t\t<\/div>\n\t\t\t\t<div class=\"elementor-element elementor-element-1f31763 elementor-icon-list--layout-inline elementor-align-center elementor-list-item-link-full_width elementor-widget elementor-widget-icon-list\" data-id=\"1f31763\" data-element_type=\"widget\" data-widget_type=\"icon-list.default\">\n\t\t\t\t\t\t\t<ul class=\"elementor-icon-list-items elementor-inline-items\">\n\t\t\t\t\t\t\t<li class=\"elementor-icon-list-item elementor-inline-item\">\n\t\t\t\t\t\t\t\t\t\t\t<a href=\"\/\">\n\n\t\t\t\t\t\t\t\t\t\t\t<span class=\"elementor-icon-list-text\">Strona g\u0142\u00f3wna<\/span>\n\t\t\t\t\t\t\t\t\t\t\t<\/a>\n\t\t\t\t\t\t\t\t\t<\/li>\n\t\t\t\t\t\t\t\t<li class=\"elementor-icon-list-item elementor-inline-item\">\n\t\t\t\t\t\t\t\t\t\t\t<span class=\"elementor-icon-list-icon\">\n\t\t\t\t\t\t\t<svg aria-hidden=\"true\" class=\"e-font-icon-svg e-fas-chevron-right\" viewBox=\"0 0 320 512\" xmlns=\"http:\/\/www.w3.org\/2000\/svg\"><path d=\"M285.476 272.971L91.132 467.314c-9.373 9.373-24.569 9.373-33.941 0l-22.667-22.667c-9.357-9.357-9.375-24.522-.04-33.901L188.505 256 34.484 101.255c-9.335-9.379-9.317-24.544.04-33.901l22.667-22.667c9.373-9.373 24.569-9.373 33.941 0L285.475 239.03c9.373 9.372 9.373 24.568.001 33.941z\"><\/path><\/svg>\t\t\t\t\t\t<\/span>\n\t\t\t\t\t\t\t\t\t\t<span class=\"elementor-icon-list-text\">Rada rodzic\u00f3w<\/span>\n\t\t\t\t\t\t\t\t\t<\/li>\n\t\t\t\t\t\t<\/ul>\n\t\t\t\t\t\t<\/div>\n\t\t\t\t\t<\/div>\n\t\t<\/div>\n\t\t\t\t\t<\/div>\n\t\t<\/section>\n\t\t\t\t<section class=\"elementor-section elementor-top-section elementor-element elementor-element-fc5f9ca elementor-section-boxed elementor-section-height-default elementor-section-height-default\" data-id=\"fc5f9ca\" data-element_type=\"section\">\n\t\t\t\t\t\t\t<div class=\"elementor-background-overlay\"><\/div>\n\t\t\t\t\t\t\t<div class=\"elementor-container elementor-column-gap-default\">\n\t\t\t\t\t<div class=\"elementor-column elementor-col-100 elementor-top-column elementor-element elementor-element-c4fcd62\" data-id=\"c4fcd62\" data-element_type=\"column\">\n\t\t\t<div class=\"elementor-widget-wrap elementor-element-populated\">\n\t\t\t\t\t\t<div class=\"elementor-element elementor-element-4bc9a11 elementor-widget elementor-widget-heading\" data-id=\"4bc9a11\" data-element_type=\"widget\" data-widget_type=\"heading.default\">\n\t\t\t\t\t<h3 class=\"elementor-heading-title elementor-size-default\">Rodzice s\u0105 wsp\u00f3\u0142gospodarzami  przedszkola\n\n\n<\/h3>\t\t\t\t<\/div>\n\t\t\t\t<div class=\"elementor-element elementor-element-12533b2 elementor-widget elementor-widget-text-editor\" data-id=\"12533b2\" data-element_type=\"widget\" data-widget_type=\"text-editor.default\">\n\t\t\t\t\t\t\t\t\t<p>Prowadzimy r\u00f3\u017cnorodne formy wsp\u00f3\u0142pracy z rodzicami. Organizujemy zaj\u0119cia otwarte, dy\u017cury indywidualne nauczycielek i specjalist\u00f3w (logopeda, psycholog), spotkania integracyjne, pogadanki, badania logopedyczne; przekazujemy informacje rodzicom poprzez stron\u0119 internetow\u0105, Tablic\u0119 og\u0142osze\u0144 w aplikacji iPrzedszkole itp. Przyjazna i dobra wsp\u00f3\u0142praca z rodzicami powoduje, \u017ce czuj\u0105 si\u0119 wsp\u00f3\u0142gospodarzami naszego przedszkola.<\/p>\t\t\t\t\t\t\t\t<\/div>\n\t\t\t\t<div class=\"elementor-element elementor-element-c255973 elementor-widget elementor-widget-heading\" data-id=\"c255973\" data-element_type=\"widget\" data-widget_type=\"heading.default\">\n\t\t\t\t\t<h3 class=\"elementor-heading-title elementor-size-default\">RADA  RODZIC\u00d3W:\n\n<\/h3>\t\t\t\t<\/div>\n\t\t\t\t<div class=\"elementor-element elementor-element-3d15e3c elementor-widget elementor-widget-text-editor\" data-id=\"3d15e3c\" data-element_type=\"widget\" data-widget_type=\"text-editor.default\">\n\t\t\t\t\t\t\t\t\t<p>Przewodnicz\u0105cy:\u00a0<strong>p.<\/strong>\u00a0<strong>Aneta Ciupak<\/strong><\/p><p>Sekretarz:\u00a0<strong>p.<\/strong>\u00a0<strong>Ilona Skrzek<\/strong><\/p><p>Skarbnik:\u00a0<strong>p. Katarzyna Markowska<\/strong><\/p><p><strong>Numer konta<\/strong>\u00a0do zadeklarowanych wp\u0142at na Rad\u0119 Rodzic\u00f3w:<\/p><p>83 1050 1793 1000 0097 6514 8656\u00a0<\/p>\t\t\t\t\t\t\t\t<\/div>\n\t\t\t\t\t<\/div>\n\t\t<\/div>\n\t\t\t\t\t<\/div>\n\t\t<\/section>\n\t\t\t\t<\/div>\n\t\t","protected":false},"excerpt":{"rendered":"<p>Strona g\u0142\u00f3wna Rodzice s\u0105 wsp\u00f3\u0142gospodarzami przedszkola Prowadzimy r\u00f3\u017cnorodne formy wsp\u00f3\u0142pracy z rodzicami. Organizujemy zaj\u0119cia otwarte, dy\u017cury indywidualne nauczycielek i specjalist\u00f3w (logopeda, psycholog), spotkania integracyjne, pogadanki, badania logopedyczne; przekazujemy informacje rodzicom poprzez stron\u0119 internetow\u0105, Tablic\u0119 og\u0142osze\u0144 w aplikacji iPrzedszkole itp. Przyjazna i dobra wsp\u00f3\u0142praca z rodzicami powoduje, \u017ce czuj\u0105 si\u0119 wsp\u00f3\u0142gospodarzami naszego przedszkola. RADA RODZIC\u00d3W: Przewodnicz\u0105cy:\u00a0p.\u00a0Aneta [&hellip;]<\/p>\n","protected":false},"author":1,"featured_media":0,"parent":0,"menu_order":0,"comment_status":"closed","ping_status":"closed","template":"","meta":{"footnotes":""},"class_list":["post-2069","page","type-page","status-publish","hentry"],"aioseo_notices":[],"_links":{"self":[{"href":"https:\/\/zsp4.radom.pl\/przedszkole\/wp-json\/wp\/v2\/pages\/2069","targetHints":{"allow":["GET"]}}],"collection":[{"href":"https:\/\/zsp4.radom.pl\/przedszkole\/wp-json\/wp\/v2\/pages"}],"about":[{"href":"https:\/\/zsp4.radom.pl\/przedszkole\/wp-json\/wp\/v2\/types\/page"}],"author":[{"embeddable":true,"href":"https:\/\/zsp4.radom.pl\/przedszkole\/wp-json\/wp\/v2\/users\/1"}],"replies":[{"embeddable":true,"href":"https:\/\/zsp4.radom.pl\/przedszkole\/wp-json\/wp\/v2\/comments?post=2069"}],"version-history":[{"count":7,"href":"https:\/\/zsp4.radom.pl\/przedszkole\/wp-json\/wp\/v2\/pages\/2069\/revisions"}],"predecessor-version":[{"id":2917,"href":"https:\/\/zsp4.radom.pl\/przedszkole\/wp-json\/wp\/v2\/pages\/2069\/revisions\/2917"}],"wp:attachment":[{"href":"https:\/\/zsp4.radom.pl\/przedszkole\/wp-json\/wp\/v2\/media?parent=2069"}],"curies":[{"name":"wp","href":"https:\/\/api.w.org\/{rel}","templated":true}]}}