{"id":237,"date":"2025-08-03T13:27:25","date_gmt":"2025-08-03T11:27:25","guid":{"rendered":"https:\/\/zsp4.radom.pl\/przedszkole\/kontakt-copy\/"},"modified":"2025-08-25T10:32:20","modified_gmt":"2025-08-25T08:32:20","slug":"projekt-unijny-pose","status":"publish","type":"page","link":"https:\/\/zsp4.radom.pl\/przedszkole\/projekt-unijny-pose\/","title":{"rendered":"Projekt unijny POSE"},"content":{"rendered":"\t\t<div data-elementor-type=\"wp-page\" data-elementor-id=\"237\" class=\"elementor elementor-237\" data-elementor-post-type=\"page\">\n\t\t\t\t\t\t<section class=\"elementor-section elementor-top-section elementor-element elementor-element-1a38891 elementor-section-boxed elementor-section-height-default elementor-section-height-default\" data-id=\"1a38891\" data-element_type=\"section\" data-settings=\"{&quot;background_background&quot;:&quot;classic&quot;}\">\n\t\t\t\t\t\t\t<div class=\"elementor-background-overlay\"><\/div>\n\t\t\t\t\t\t\t<div class=\"elementor-container elementor-column-gap-default\">\n\t\t\t\t\t<div class=\"elementor-column elementor-col-100 elementor-top-column elementor-element elementor-element-5a86794\" data-id=\"5a86794\" data-element_type=\"column\">\n\t\t\t<div class=\"elementor-widget-wrap elementor-element-populated\">\n\t\t\t\t\t\t<div class=\"elementor-element elementor-element-0d70869 elementor-widget elementor-widget-heading\" data-id=\"0d70869\" data-element_type=\"widget\" data-widget_type=\"heading.default\">\n\t\t\t\t\t<h1 class=\"elementor-heading-title elementor-size-default\">Projekt unijny POSE<\/h1>\t\t\t\t<\/div>\n\t\t\t\t<div class=\"elementor-element elementor-element-3f7d04d elementor-icon-list--layout-inline elementor-align-center elementor-list-item-link-full_width elementor-widget elementor-widget-icon-list\" data-id=\"3f7d04d\" data-element_type=\"widget\" data-widget_type=\"icon-list.default\">\n\t\t\t\t\t\t\t<ul class=\"elementor-icon-list-items elementor-inline-items\">\n\t\t\t\t\t\t\t<li class=\"elementor-icon-list-item elementor-inline-item\">\n\t\t\t\t\t\t\t\t\t\t\t<a href=\"\/\">\n\n\t\t\t\t\t\t\t\t\t\t\t<span class=\"elementor-icon-list-text\">Strona g\u0142\u00f3wna<\/span>\n\t\t\t\t\t\t\t\t\t\t\t<\/a>\n\t\t\t\t\t\t\t\t\t<\/li>\n\t\t\t\t\t\t\t\t<li class=\"elementor-icon-list-item elementor-inline-item\">\n\t\t\t\t\t\t\t\t\t\t\t<span class=\"elementor-icon-list-icon\">\n\t\t\t\t\t\t\t<svg aria-hidden=\"true\" class=\"e-font-icon-svg e-fas-chevron-right\" viewBox=\"0 0 320 512\" xmlns=\"http:\/\/www.w3.org\/2000\/svg\"><path d=\"M285.476 272.971L91.132 467.314c-9.373 9.373-24.569 9.373-33.941 0l-22.667-22.667c-9.357-9.357-9.375-24.522-.04-33.901L188.505 256 34.484 101.255c-9.335-9.379-9.317-24.544.04-33.901l22.667-22.667c9.373-9.373 24.569-9.373 33.941 0L285.475 239.03c9.373 9.372 9.373 24.568.001 33.941z\"><\/path><\/svg>\t\t\t\t\t\t<\/span>\n\t\t\t\t\t\t\t\t\t\t<span class=\"elementor-icon-list-text\">Projekt unijny POSE<\/span>\n\t\t\t\t\t\t\t\t\t<\/li>\n\t\t\t\t\t\t<\/ul>\n\t\t\t\t\t\t<\/div>\n\t\t\t\t\t<\/div>\n\t\t<\/div>\n\t\t\t\t\t<\/div>\n\t\t<\/section>\n\t\t\t\t<section class=\"elementor-section elementor-top-section elementor-element elementor-element-fc5f9ca elementor-section-boxed elementor-section-height-default elementor-section-height-default\" data-id=\"fc5f9ca\" data-element_type=\"section\">\n\t\t\t\t\t\t\t<div class=\"elementor-background-overlay\"><\/div>\n\t\t\t\t\t\t\t<div class=\"elementor-container elementor-column-gap-default\">\n\t\t\t\t\t<div class=\"elementor-column elementor-col-100 elementor-top-column elementor-element elementor-element-c4fcd62\" data-id=\"c4fcd62\" data-element_type=\"column\">\n\t\t\t<div class=\"elementor-widget-wrap elementor-element-populated\">\n\t\t\t\t\t\t<div class=\"elementor-element elementor-element-55e1f04 rodo elementor-widget elementor-widget-text-editor\" data-id=\"55e1f04\" data-element_type=\"widget\" data-widget_type=\"text-editor.default\">\n\t\t\t\t\t\t\t\t\t<h3>Jeste\u015bmy Przedszkolem Partnerskim mi\u0119dzynarodowego projektu POSE!<\/h3>\n<p>Projekt unijny POSE: ZABAWY RUCHOWE W ZDROWYM STYLU powsta\u0142, by wspiera\u0107 nauczycieli w budowaniu fundamentu prawid\u0142owego rozwoju najm\u0142odszych \u2013 ich zdrowia, aktywno\u015bci fizycznej oraz prawid\u0142owej postawy.<\/p>\n<p>Nasza kadra z sukcesem uko\u0144czy\u0142a kurs z obszaru rozwoju fizycznego dzieci i ich prawid\u0142owej postawy cia\u0142a. Nasza biblioteczka przedszkolna zosta\u0142a wyposa\u017cona przez Wydawnictwo Klett Polska w gotowe scenariusze zaj\u0119\u0107 gimnastycznych, a kadra nauczycielska korzysta z dost\u0119pu do platformy szkoleniowo-informacyjnej projektu. Nasze Nauczycielki s\u0105 gotowe do zastosowania wiedzy w praktyce codziennej pracy z dzie\u0107mi. Dzi\u0119ki temu nasze dzieci b\u0119d\u0105 zdrowsze, sprawniejsze i zachowaj\u0105 pi\u0119kn\u0105 postaw\u0119.<\/p>\n<p>Liderem projektu jest Wydawnictwo Klett Polska dostarczaj\u0105ce ciekawych, nowoczesnych metod i materia\u0142\u00f3w do pracy w przedszkolu.<\/p>\t\t\t\t\t\t\t\t<\/div>\n\t\t\t\t<div class=\"elementor-element elementor-element-79aa550 elementor-widget elementor-widget-image\" data-id=\"79aa550\" data-element_type=\"widget\" data-widget_type=\"image.default\">\n\t\t\t\t\t\t\t\t\t\t\t\t\t\t\t<img fetchpriority=\"high\" decoding=\"async\" width=\"745\" height=\"466\" src=\"https:\/\/zsp4.radom.pl\/przedszkole\/wp-content\/uploads\/2025\/08\/Grafika-do-aktualnosci-baner-1.png\" class=\"attachment-large size-large wp-image-2045\" alt=\"\" srcset=\"https:\/\/zsp4.radom.pl\/przedszkole\/wp-content\/uploads\/2025\/08\/Grafika-do-aktualnosci-baner-1.png 745w, https:\/\/zsp4.radom.pl\/przedszkole\/wp-content\/uploads\/2025\/08\/Grafika-do-aktualnosci-baner-1-300x188.png 300w\" sizes=\"(max-width: 745px) 100vw, 745px\" \/>\t\t\t\t\t\t\t\t\t\t\t\t\t\t\t<\/div>\n\t\t\t\t\t<\/div>\n\t\t<\/div>\n\t\t\t\t\t<\/div>\n\t\t<\/section>\n\t\t\t\t<\/div>\n\t\t","protected":false},"excerpt":{"rendered":"<p>Strona g\u0142\u00f3wna Jeste\u015bmy Przedszkolem Partnerskim mi\u0119dzynarodowego projektu POSE! Projekt unijny POSE: ZABAWY RUCHOWE W ZDROWYM STYLU powsta\u0142, by wspiera\u0107 nauczycieli w budowaniu fundamentu prawid\u0142owego rozwoju najm\u0142odszych \u2013 ich zdrowia, aktywno\u015bci fizycznej oraz prawid\u0142owej postawy. Nasza kadra z sukcesem uko\u0144czy\u0142a kurs z obszaru rozwoju fizycznego dzieci i ich prawid\u0142owej postawy cia\u0142a. Nasza biblioteczka przedszkolna zosta\u0142a wyposa\u017cona [&hellip;]<\/p>\n","protected":false},"author":1,"featured_media":0,"parent":0,"menu_order":0,"comment_status":"closed","ping_status":"closed","template":"","meta":{"footnotes":""},"class_list":["post-237","page","type-page","status-publish","hentry"],"aioseo_notices":[],"_links":{"self":[{"href":"https:\/\/zsp4.radom.pl\/przedszkole\/wp-json\/wp\/v2\/pages\/237","targetHints":{"allow":["GET"]}}],"collection":[{"href":"https:\/\/zsp4.radom.pl\/przedszkole\/wp-json\/wp\/v2\/pages"}],"about":[{"href":"https:\/\/zsp4.radom.pl\/przedszkole\/wp-json\/wp\/v2\/types\/page"}],"author":[{"embeddable":true,"href":"https:\/\/zsp4.radom.pl\/przedszkole\/wp-json\/wp\/v2\/users\/1"}],"replies":[{"embeddable":true,"href":"https:\/\/zsp4.radom.pl\/przedszkole\/wp-json\/wp\/v2\/comments?post=237"}],"version-history":[{"count":27,"href":"https:\/\/zsp4.radom.pl\/przedszkole\/wp-json\/wp\/v2\/pages\/237\/revisions"}],"predecessor-version":[{"id":2914,"href":"https:\/\/zsp4.radom.pl\/przedszkole\/wp-json\/wp\/v2\/pages\/237\/revisions\/2914"}],"wp:attachment":[{"href":"https:\/\/zsp4.radom.pl\/przedszkole\/wp-json\/wp\/v2\/media?parent=237"}],"curies":[{"name":"wp","href":"https:\/\/api.w.org\/{rel}","templated":true}]}}