{"id":262,"date":"2025-08-04T08:57:28","date_gmt":"2025-08-04T06:57:28","guid":{"rendered":"https:\/\/zsp4.radom.pl\/przedszkole\/polityka-prywatnosci-copy\/"},"modified":"2025-08-25T10:29:10","modified_gmt":"2025-08-25T08:29:10","slug":"kacik-dla-rodzicow","status":"publish","type":"page","link":"https:\/\/zsp4.radom.pl\/przedszkole\/kacik-dla-rodzicow\/","title":{"rendered":"K\u0105cik dla Rodzic\u00f3w"},"content":{"rendered":"\t\t<div data-elementor-type=\"wp-page\" data-elementor-id=\"262\" class=\"elementor elementor-262\" data-elementor-post-type=\"page\">\n\t\t\t\t\t\t<section class=\"elementor-section elementor-top-section elementor-element elementor-element-4b480d9 elementor-section-boxed elementor-section-height-default elementor-section-height-default\" data-id=\"4b480d9\" data-element_type=\"section\" data-settings=\"{&quot;background_background&quot;:&quot;classic&quot;}\">\n\t\t\t\t\t\t\t<div class=\"elementor-background-overlay\"><\/div>\n\t\t\t\t\t\t\t<div class=\"elementor-container elementor-column-gap-default\">\n\t\t\t\t\t<div class=\"elementor-column elementor-col-100 elementor-top-column elementor-element elementor-element-ea60e85\" data-id=\"ea60e85\" data-element_type=\"column\">\n\t\t\t<div class=\"elementor-widget-wrap elementor-element-populated\">\n\t\t\t\t\t\t<div class=\"elementor-element elementor-element-51718be elementor-widget elementor-widget-heading\" data-id=\"51718be\" data-element_type=\"widget\" data-widget_type=\"heading.default\">\n\t\t\t\t\t<h1 class=\"elementor-heading-title elementor-size-default\">K\u0105cik dla Rodzic\u00f3w<\/h1>\t\t\t\t<\/div>\n\t\t\t\t<div class=\"elementor-element elementor-element-caaeace elementor-icon-list--layout-inline elementor-align-center elementor-list-item-link-full_width elementor-widget elementor-widget-icon-list\" data-id=\"caaeace\" data-element_type=\"widget\" data-widget_type=\"icon-list.default\">\n\t\t\t\t\t\t\t<ul class=\"elementor-icon-list-items elementor-inline-items\">\n\t\t\t\t\t\t\t<li class=\"elementor-icon-list-item elementor-inline-item\">\n\t\t\t\t\t\t\t\t\t\t\t<a href=\"\/\">\n\n\t\t\t\t\t\t\t\t\t\t\t<span class=\"elementor-icon-list-text\">Strona g\u0142\u00f3wna<\/span>\n\t\t\t\t\t\t\t\t\t\t\t<\/a>\n\t\t\t\t\t\t\t\t\t<\/li>\n\t\t\t\t\t\t\t\t<li class=\"elementor-icon-list-item elementor-inline-item\">\n\t\t\t\t\t\t\t\t\t\t\t<span class=\"elementor-icon-list-icon\">\n\t\t\t\t\t\t\t<svg aria-hidden=\"true\" class=\"e-font-icon-svg e-fas-chevron-right\" viewBox=\"0 0 320 512\" xmlns=\"http:\/\/www.w3.org\/2000\/svg\"><path d=\"M285.476 272.971L91.132 467.314c-9.373 9.373-24.569 9.373-33.941 0l-22.667-22.667c-9.357-9.357-9.375-24.522-.04-33.901L188.505 256 34.484 101.255c-9.335-9.379-9.317-24.544.04-33.901l22.667-22.667c9.373-9.373 24.569-9.373 33.941 0L285.475 239.03c9.373 9.372 9.373 24.568.001 33.941z\"><\/path><\/svg>\t\t\t\t\t\t<\/span>\n\t\t\t\t\t\t\t\t\t\t<span class=\"elementor-icon-list-text\">K\u0105cik dla Rodzic\u00f3w<\/span>\n\t\t\t\t\t\t\t\t\t<\/li>\n\t\t\t\t\t\t<\/ul>\n\t\t\t\t\t\t<\/div>\n\t\t\t\t\t<\/div>\n\t\t<\/div>\n\t\t\t\t\t<\/div>\n\t\t<\/section>\n\t\t\t\t<section class=\"elementor-section elementor-top-section elementor-element elementor-element-fc5f9ca elementor-section-boxed elementor-section-height-default elementor-section-height-default\" data-id=\"fc5f9ca\" data-element_type=\"section\">\n\t\t\t\t\t\t\t<div class=\"elementor-background-overlay\"><\/div>\n\t\t\t\t\t\t\t<div class=\"elementor-container elementor-column-gap-default\">\n\t\t\t\t\t<div class=\"elementor-column elementor-col-100 elementor-top-column elementor-element elementor-element-c4fcd62\" data-id=\"c4fcd62\" data-element_type=\"column\">\n\t\t\t<div class=\"elementor-widget-wrap elementor-element-populated\">\n\t\t\t\t\t\t<div class=\"elementor-element elementor-element-55e1f04 rodo elementor-widget elementor-widget-text-editor\" data-id=\"55e1f04\" data-element_type=\"widget\" data-widget_type=\"text-editor.default\">\n\t\t\t\t\t\t\t\t\t<h3 class=\"entry-title\">DY\u017bURY INDYWIDUALNE NAUCZYCIELEK W ROKU SZKOLNYM 2024\/2025<\/h3><div class=\"entry-meta\"><p><strong>Rodzicu, je\u015bli chcesz porozmawia\u0107 o swoim dziecku przyjd\u017a lub um\u00f3w si\u0119 na spotkanie indywidualne z wychowawc\u0105:<\/strong><\/p><p><strong>Grupa I \u201eJe\u017cyki\u201d<\/strong>\u00a0\u2013 ka\u017cda pierwsza \u015broda miesi\u0105ca\u00a0 w godz. 16.00 \u2013 17.00<\/p><p><strong>Grupa II \u201ePoziomki\u201d<\/strong>\u00a0\u2013 ka\u017cdy pierwszy wtorek miesi\u0105ca w godz. 15.30 \u2013 16.30<\/p><p><strong>Grupa III \u201e\u017babki\u201d<\/strong>\u00a0\u2013 ka\u017cdy pierwszy wtorek miesi\u0105ca w godz. 16.00 \u2013 17.00<\/p><p><strong>Grupa IV \u201eKrasnoludki\u201d<\/strong>\u00a0\u2013 ka\u017cdy pierwszy czwartek miesi\u0105ca w godz. 15.30 \u2013 16.30<\/p><p><strong>Grupa V \u201eMuchomorki\u201d<\/strong>\u00a0\u2013 ka\u017cdy pierwszy poniedzia\u0142ek miesi\u0105ca w godz. 15.30 \u2013 16.30<\/p><p><strong><em>Serdecznie zapraszamy.<\/em><\/strong><\/p><p>\u00a0<\/p><\/div>\t\t\t\t\t\t\t\t<\/div>\n\t\t\t\t\t<\/div>\n\t\t<\/div>\n\t\t\t\t\t<\/div>\n\t\t<\/section>\n\t\t\t\t<\/div>\n\t\t","protected":false},"excerpt":{"rendered":"<p>Strona g\u0142\u00f3wna DY\u017bURY INDYWIDUALNE NAUCZYCIELEK W ROKU SZKOLNYM 2024\/2025 Rodzicu, je\u015bli chcesz porozmawia\u0107 o swoim dziecku przyjd\u017a lub um\u00f3w si\u0119 na spotkanie indywidualne z wychowawc\u0105: Grupa I \u201eJe\u017cyki\u201d\u00a0\u2013 ka\u017cda pierwsza \u015broda miesi\u0105ca\u00a0 w godz. 16.00 \u2013 17.00 Grupa II \u201ePoziomki\u201d\u00a0\u2013 ka\u017cdy pierwszy wtorek miesi\u0105ca w godz. 15.30 \u2013 16.30 Grupa III \u201e\u017babki\u201d\u00a0\u2013 ka\u017cdy pierwszy wtorek [&hellip;]<\/p>\n","protected":false},"author":1,"featured_media":0,"parent":0,"menu_order":0,"comment_status":"closed","ping_status":"closed","template":"","meta":{"footnotes":""},"class_list":["post-262","page","type-page","status-publish","hentry"],"aioseo_notices":[],"_links":{"self":[{"href":"https:\/\/zsp4.radom.pl\/przedszkole\/wp-json\/wp\/v2\/pages\/262","targetHints":{"allow":["GET"]}}],"collection":[{"href":"https:\/\/zsp4.radom.pl\/przedszkole\/wp-json\/wp\/v2\/pages"}],"about":[{"href":"https:\/\/zsp4.radom.pl\/przedszkole\/wp-json\/wp\/v2\/types\/page"}],"author":[{"embeddable":true,"href":"https:\/\/zsp4.radom.pl\/przedszkole\/wp-json\/wp\/v2\/users\/1"}],"replies":[{"embeddable":true,"href":"https:\/\/zsp4.radom.pl\/przedszkole\/wp-json\/wp\/v2\/comments?post=262"}],"version-history":[{"count":11,"href":"https:\/\/zsp4.radom.pl\/przedszkole\/wp-json\/wp\/v2\/pages\/262\/revisions"}],"predecessor-version":[{"id":2890,"href":"https:\/\/zsp4.radom.pl\/przedszkole\/wp-json\/wp\/v2\/pages\/262\/revisions\/2890"}],"wp:attachment":[{"href":"https:\/\/zsp4.radom.pl\/przedszkole\/wp-json\/wp\/v2\/media?parent=262"}],"curies":[{"name":"wp","href":"https:\/\/api.w.org\/{rel}","templated":true}]}}