{"id":691,"date":"2025-08-11T10:20:04","date_gmt":"2025-08-11T08:20:04","guid":{"rendered":"https:\/\/zsp4.radom.pl\/przedszkole\/administracja-copy\/"},"modified":"2025-08-25T10:31:08","modified_gmt":"2025-08-25T08:31:08","slug":"nasza-kadra","status":"publish","type":"page","link":"https:\/\/zsp4.radom.pl\/przedszkole\/nasza-kadra\/","title":{"rendered":"Nasza kadra"},"content":{"rendered":"\t\t<div data-elementor-type=\"wp-page\" data-elementor-id=\"691\" class=\"elementor elementor-691\" data-elementor-post-type=\"page\">\n\t\t\t\t\t\t<section class=\"elementor-section elementor-top-section elementor-element elementor-element-6ce6932 elementor-section-boxed elementor-section-height-default elementor-section-height-default\" data-id=\"6ce6932\" data-element_type=\"section\" data-settings=\"{&quot;background_background&quot;:&quot;classic&quot;}\">\n\t\t\t\t\t\t\t<div class=\"elementor-background-overlay\"><\/div>\n\t\t\t\t\t\t\t<div class=\"elementor-container elementor-column-gap-default\">\n\t\t\t\t\t<div class=\"elementor-column elementor-col-100 elementor-top-column elementor-element elementor-element-3cfac13\" data-id=\"3cfac13\" data-element_type=\"column\">\n\t\t\t<div class=\"elementor-widget-wrap elementor-element-populated\">\n\t\t\t\t\t\t<div class=\"elementor-element elementor-element-3badd6d elementor-widget elementor-widget-heading\" data-id=\"3badd6d\" data-element_type=\"widget\" data-widget_type=\"heading.default\">\n\t\t\t\t\t<h1 class=\"elementor-heading-title elementor-size-default\">Nasza kadra<\/h1>\t\t\t\t<\/div>\n\t\t\t\t<div class=\"elementor-element elementor-element-91100f2 elementor-icon-list--layout-inline elementor-align-center elementor-list-item-link-full_width elementor-widget elementor-widget-icon-list\" data-id=\"91100f2\" data-element_type=\"widget\" data-widget_type=\"icon-list.default\">\n\t\t\t\t\t\t\t<ul class=\"elementor-icon-list-items elementor-inline-items\">\n\t\t\t\t\t\t\t<li class=\"elementor-icon-list-item elementor-inline-item\">\n\t\t\t\t\t\t\t\t\t\t\t<a href=\"\/\">\n\n\t\t\t\t\t\t\t\t\t\t\t<span class=\"elementor-icon-list-text\">Strona g\u0142\u00f3wna<\/span>\n\t\t\t\t\t\t\t\t\t\t\t<\/a>\n\t\t\t\t\t\t\t\t\t<\/li>\n\t\t\t\t\t\t\t\t<li class=\"elementor-icon-list-item elementor-inline-item\">\n\t\t\t\t\t\t\t\t\t\t\t<span class=\"elementor-icon-list-icon\">\n\t\t\t\t\t\t\t<svg aria-hidden=\"true\" class=\"e-font-icon-svg e-fas-chevron-right\" viewBox=\"0 0 320 512\" xmlns=\"http:\/\/www.w3.org\/2000\/svg\"><path d=\"M285.476 272.971L91.132 467.314c-9.373 9.373-24.569 9.373-33.941 0l-22.667-22.667c-9.357-9.357-9.375-24.522-.04-33.901L188.505 256 34.484 101.255c-9.335-9.379-9.317-24.544.04-33.901l22.667-22.667c9.373-9.373 24.569-9.373 33.941 0L285.475 239.03c9.373 9.372 9.373 24.568.001 33.941z\"><\/path><\/svg>\t\t\t\t\t\t<\/span>\n\t\t\t\t\t\t\t\t\t\t<span class=\"elementor-icon-list-text\">Nasza kadra<\/span>\n\t\t\t\t\t\t\t\t\t<\/li>\n\t\t\t\t\t\t<\/ul>\n\t\t\t\t\t\t<\/div>\n\t\t\t\t\t<\/div>\n\t\t<\/div>\n\t\t\t\t\t<\/div>\n\t\t<\/section>\n\t\t\t\t<section class=\"elementor-section elementor-top-section elementor-element elementor-element-fc5f9ca elementor-section-boxed elementor-section-height-default elementor-section-height-default\" data-id=\"fc5f9ca\" data-element_type=\"section\">\n\t\t\t\t\t\t\t<div class=\"elementor-background-overlay\"><\/div>\n\t\t\t\t\t\t\t<div class=\"elementor-container elementor-column-gap-default\">\n\t\t\t\t\t<div class=\"elementor-column elementor-col-100 elementor-top-column elementor-element elementor-element-c4fcd62\" data-id=\"c4fcd62\" data-element_type=\"column\">\n\t\t\t<div class=\"elementor-widget-wrap elementor-element-populated\">\n\t\t\t\t\t\t<div class=\"elementor-element elementor-element-12533b2 elementor-widget elementor-widget-text-editor\" data-id=\"12533b2\" data-element_type=\"widget\" data-widget_type=\"text-editor.default\">\n\t\t\t\t\t\t\t\t\t<p>Nad rozwojem dzieci czuwa wykwalifikowana, kompetentna kadra pedagogiczna, wspierana przez fachowy personel obs\u0142ugi. Dzia\u0142ania nauczycieli ukierunkowane s\u0105 na ka\u017cde dziecko, jego mo\u017cliwo\u015bci, potrzeby i zainteresowania. Personel ustawicznie podwy\u017cszaj\u0105cy swoje kwalifikacje zapewnia opiek\u0119, wychowanie i edukacj\u0119 w atmosferze bezpiecze\u0144stwa i pe\u0142nej akceptacji.<\/p>\t\t\t\t\t\t\t\t<\/div>\n\t\t\t\t<div class=\"elementor-element elementor-element-4bc9a11 elementor-widget elementor-widget-heading\" data-id=\"4bc9a11\" data-element_type=\"widget\" data-widget_type=\"heading.default\">\n\t\t\t\t\t<h3 class=\"elementor-heading-title elementor-size-default\">DYREKCJA ZESPO\u0141U SZKOLNO-PRZEDSZKOLNEGO NR 4\n\n<\/h3>\t\t\t\t<\/div>\n\t\t\t\t<div class=\"elementor-element elementor-element-3d15e3c elementor-widget elementor-widget-text-editor\" data-id=\"3d15e3c\" data-element_type=\"widget\" data-widget_type=\"text-editor.default\">\n\t\t\t\t\t\t\t\t\t<p>Dyrektor Zespo\u0142u Szkolno \u2013 Przedszkolnego nr 4 w Radomiu<br \/><b>\u00a0mgr Aleksandra Kaleta<\/b><\/p><p>Z-ca Dyr. Zespo\u0142u Szkolno \u2013 Przedszkolnego nr 4 w Radomiu<br \/><b>mgr Dorota Szczepa\u0144ska<\/b><\/p><p>Z-ca Dyr. Zespo\u0142u Szkolno \u2013 Przedszkolnego nr 4 w Radomiu<br \/><b>mgr Iwona Kowalczyk<\/b><\/p>\t\t\t\t\t\t\t\t<\/div>\n\t\t\t\t\t<\/div>\n\t\t<\/div>\n\t\t\t\t\t<\/div>\n\t\t<\/section>\n\t\t\t\t<\/div>\n\t\t","protected":false},"excerpt":{"rendered":"<p>Strona g\u0142\u00f3wna Nad rozwojem dzieci czuwa wykwalifikowana, kompetentna kadra pedagogiczna, wspierana przez fachowy personel obs\u0142ugi. Dzia\u0142ania nauczycieli ukierunkowane s\u0105 na ka\u017cde dziecko, jego mo\u017cliwo\u015bci, potrzeby i zainteresowania. Personel ustawicznie podwy\u017cszaj\u0105cy swoje kwalifikacje zapewnia opiek\u0119, wychowanie i edukacj\u0119 w atmosferze bezpiecze\u0144stwa i pe\u0142nej akceptacji. DYREKCJA ZESPO\u0141U SZKOLNO-PRZEDSZKOLNEGO NR 4 Dyrektor Zespo\u0142u Szkolno \u2013 Przedszkolnego nr 4 [&hellip;]<\/p>\n","protected":false},"author":1,"featured_media":0,"parent":0,"menu_order":0,"comment_status":"closed","ping_status":"closed","template":"","meta":{"footnotes":""},"class_list":["post-691","page","type-page","status-publish","hentry"],"aioseo_notices":[],"_links":{"self":[{"href":"https:\/\/zsp4.radom.pl\/przedszkole\/wp-json\/wp\/v2\/pages\/691","targetHints":{"allow":["GET"]}}],"collection":[{"href":"https:\/\/zsp4.radom.pl\/przedszkole\/wp-json\/wp\/v2\/pages"}],"about":[{"href":"https:\/\/zsp4.radom.pl\/przedszkole\/wp-json\/wp\/v2\/types\/page"}],"author":[{"embeddable":true,"href":"https:\/\/zsp4.radom.pl\/przedszkole\/wp-json\/wp\/v2\/users\/1"}],"replies":[{"embeddable":true,"href":"https:\/\/zsp4.radom.pl\/przedszkole\/wp-json\/wp\/v2\/comments?post=691"}],"version-history":[{"count":11,"href":"https:\/\/zsp4.radom.pl\/przedszkole\/wp-json\/wp\/v2\/pages\/691\/revisions"}],"predecessor-version":[{"id":2902,"href":"https:\/\/zsp4.radom.pl\/przedszkole\/wp-json\/wp\/v2\/pages\/691\/revisions\/2902"}],"wp:attachment":[{"href":"https:\/\/zsp4.radom.pl\/przedszkole\/wp-json\/wp\/v2\/media?parent=691"}],"curies":[{"name":"wp","href":"https:\/\/api.w.org\/{rel}","templated":true}]}}