{"id":1001,"date":"2025-08-11T12:41:34","date_gmt":"2025-08-11T10:41:34","guid":{"rendered":"https:\/\/zsp4.radom.pl\/szkola\/polityka-prywatnosci-copy\/"},"modified":"2025-08-25T10:42:59","modified_gmt":"2025-08-25T08:42:59","slug":"szkola-przyjazna-srodowisku","status":"publish","type":"page","link":"https:\/\/zsp4.radom.pl\/szkola\/szkola-przyjazna-srodowisku\/","title":{"rendered":"Szko\u0142a Przyjazna \u015arodowisku"},"content":{"rendered":"\t\t<div data-elementor-type=\"wp-page\" data-elementor-id=\"1001\" class=\"elementor elementor-1001\" data-elementor-post-type=\"page\">\n\t\t\t\t\t\t<section class=\"elementor-section elementor-top-section elementor-element elementor-element-0c19b4f elementor-section-boxed elementor-section-height-default elementor-section-height-default\" data-id=\"0c19b4f\" data-element_type=\"section\" data-settings=\"{&quot;background_background&quot;:&quot;classic&quot;}\">\n\t\t\t\t\t\t\t<div class=\"elementor-background-overlay\"><\/div>\n\t\t\t\t\t\t\t<div class=\"elementor-container elementor-column-gap-default\">\n\t\t\t\t\t<div class=\"elementor-column elementor-col-100 elementor-top-column elementor-element elementor-element-153a7e2\" data-id=\"153a7e2\" data-element_type=\"column\">\n\t\t\t<div class=\"elementor-widget-wrap elementor-element-populated\">\n\t\t\t\t\t\t<div class=\"elementor-element elementor-element-83b51f3 elementor-widget elementor-widget-heading\" data-id=\"83b51f3\" data-element_type=\"widget\" data-widget_type=\"heading.default\">\n\t\t\t\t\t<h1 class=\"elementor-heading-title elementor-size-default\">Szko\u0142a Przyjazna \u015arodowisku<\/h1>\t\t\t\t<\/div>\n\t\t\t\t<div class=\"elementor-element elementor-element-5552798 elementor-icon-list--layout-inline elementor-align-center elementor-list-item-link-full_width elementor-widget elementor-widget-icon-list\" data-id=\"5552798\" data-element_type=\"widget\" data-widget_type=\"icon-list.default\">\n\t\t\t\t\t\t\t<ul class=\"elementor-icon-list-items elementor-inline-items\">\n\t\t\t\t\t\t\t<li class=\"elementor-icon-list-item elementor-inline-item\">\n\t\t\t\t\t\t\t\t\t\t\t<a href=\"\/\">\n\n\t\t\t\t\t\t\t\t\t\t\t<span class=\"elementor-icon-list-text\">Strona g\u0142\u00f3wna<\/span>\n\t\t\t\t\t\t\t\t\t\t\t<\/a>\n\t\t\t\t\t\t\t\t\t<\/li>\n\t\t\t\t\t\t\t\t<li class=\"elementor-icon-list-item elementor-inline-item\">\n\t\t\t\t\t\t\t\t\t\t\t<span class=\"elementor-icon-list-icon\">\n\t\t\t\t\t\t\t<svg aria-hidden=\"true\" class=\"e-font-icon-svg e-fas-chevron-right\" viewBox=\"0 0 320 512\" xmlns=\"http:\/\/www.w3.org\/2000\/svg\"><path d=\"M285.476 272.971L91.132 467.314c-9.373 9.373-24.569 9.373-33.941 0l-22.667-22.667c-9.357-9.357-9.375-24.522-.04-33.901L188.505 256 34.484 101.255c-9.335-9.379-9.317-24.544.04-33.901l22.667-22.667c9.373-9.373 24.569-9.373 33.941 0L285.475 239.03c9.373 9.372 9.373 24.568.001 33.941z\"><\/path><\/svg>\t\t\t\t\t\t<\/span>\n\t\t\t\t\t\t\t\t\t\t<span class=\"elementor-icon-list-text\">Szko\u0142a Przyjazna \u015arodowisku<\/span>\n\t\t\t\t\t\t\t\t\t<\/li>\n\t\t\t\t\t\t<\/ul>\n\t\t\t\t\t\t<\/div>\n\t\t\t\t\t<\/div>\n\t\t<\/div>\n\t\t\t\t\t<\/div>\n\t\t<\/section>\n\t\t\t\t<section class=\"elementor-section elementor-top-section elementor-element elementor-element-fc5f9ca elementor-section-boxed elementor-section-height-default elementor-section-height-default\" data-id=\"fc5f9ca\" data-element_type=\"section\">\n\t\t\t\t\t\t\t<div class=\"elementor-background-overlay\"><\/div>\n\t\t\t\t\t\t\t<div class=\"elementor-container elementor-column-gap-default\">\n\t\t\t\t\t<div class=\"elementor-column elementor-col-100 elementor-top-column elementor-element elementor-element-c4fcd62\" data-id=\"c4fcd62\" data-element_type=\"column\">\n\t\t\t<div class=\"elementor-widget-wrap elementor-element-populated\">\n\t\t\t\t\t\t<div class=\"elementor-element elementor-element-55e1f04 rodo elementor-widget elementor-widget-text-editor\" data-id=\"55e1f04\" data-element_type=\"widget\" data-widget_type=\"text-editor.default\">\n\t\t\t\t\t\t\t\t\t<p>Ju\u017c po raz trzeci nasz szko\u0142a przyst\u0105pi\u0142a do konkursu organizowanego przez firm\u0119 RADKOM pt: \u201eSzko\u0142a przyjazna \u015brodowisku\u201d. W tym roku zbieramy:\u00a0<b>makulatur\u0119, nakr\u0119tki, puszki, baterie i butelki pet<\/b>. Przy wej\u015bciu do szko\u0142y ustawione s\u0105 pojemniki na surowce. Prosimy o wsparcie. Tylko z\u00a0Pa\u0144stwa pomoc\u0105 mo\u017cemy powalczy\u0107 o miejsce na podium. Najwi\u0119kszym sukcesem b\u0119dzie\u00a0czysto\u015b\u0107 naszej planety i najbli\u017cszego nam \u015brodowiska uzyskana dzi\u0119ki zbi\u00f3rce i segregacji surowc\u00f3w oraz wt\u00f3rnego ich wykorzystania.<\/p><p><strong><u>Zadania konkursowe 2018\/2019:<\/u><\/strong><\/p><p>Zadanie 1. \u201eOdpady segregujesz \u2013 \u015brodowisko ratujesz!\u201d \u2013 osoby odpowiedzialne p. Natalia Machnio, p. Izabela Podsiad\u0142o, p. Marcin Skrok<br \/>Zadanie 2. \u201eEkoprzedstawienie poka\u017ccie na scenie\u201d \u2013 osoba odpowiedzialna p. Alina Kieczmur<br \/>Zadanie 3. \u201eDrugie \u017cycie odpad\u00f3w\u201d \u2013 osoba odpowiedzialna p. Aneta Wrochna<br \/>Zadanie 4. \u00a0\u201eGospodarka odpadami wa\u017cna rzecz, zobaczcie sami\u201d \u2013 udzia\u0142 uczni\u00f3w w warsztatach ekologicznych zorganizowanych z ZUOK:<br \/>17.01.2020 \u2013 p. Joanna Kowalska i p. Dorota Wieruszewska z klas\u0105 5a i 7a.<br \/>13.03.2020 \u2013 p. Ma\u0142gorzata Murawska i p. Ma\u0142gorzata Adamiec z klas\u0105 3a i 3b.<\/p><p><strong>PUNKTACJA SUROWC\u00d3W:<\/strong><br \/>1 KG PUSZEK ALUMINIOWYCH \u2013 50p.<br \/>1 KG BUTELEK PET \u2013 30p.<br \/>1 KG ZAKR\u0118TEK OD BUTELEK PET \u2013 10p.<br \/>1 KG ZU\u017bYTYCH BATERII \u2013 10p.<br \/>1 KG MAKULATURY \u2013 10p.<\/p><p><strong>BUTELKI PET B\u0118D\u0104 ODBIERANE ZE SZKO\u0141Y W NAST\u0118PUJ\u0104CYCH TERMINACH:<\/strong><br \/>23 listopada<br \/>14 grudnia<br \/>18 stycznia<br \/>20 lutego<br \/>14 marca<br \/>10 kwietnia<\/p><div><b>Konkurs potrwa do 30 kwietnia 2020 r.<\/b><\/div><div>\u00a0<\/div>\t\t\t\t\t\t\t\t<\/div>\n\t\t\t\t\t<\/div>\n\t\t<\/div>\n\t\t\t\t\t<\/div>\n\t\t<\/section>\n\t\t\t\t<\/div>\n\t\t","protected":false},"excerpt":{"rendered":"<p>Strona g\u0142\u00f3wna Ju\u017c po raz trzeci nasz szko\u0142a przyst\u0105pi\u0142a do konkursu organizowanego przez firm\u0119 RADKOM pt: \u201eSzko\u0142a przyjazna \u015brodowisku\u201d. W tym roku zbieramy:\u00a0makulatur\u0119, nakr\u0119tki, puszki, baterie i butelki pet. Przy wej\u015bciu do szko\u0142y ustawione s\u0105 pojemniki na surowce. Prosimy o wsparcie. Tylko z\u00a0Pa\u0144stwa pomoc\u0105 mo\u017cemy powalczy\u0107 o miejsce na podium. Najwi\u0119kszym sukcesem b\u0119dzie\u00a0czysto\u015b\u0107 naszej planety [&hellip;]<\/p>\n","protected":false},"author":1,"featured_media":0,"parent":0,"menu_order":0,"comment_status":"closed","ping_status":"closed","template":"","meta":{"footnotes":""},"class_list":["post-1001","page","type-page","status-publish","hentry"],"aioseo_notices":[],"_links":{"self":[{"href":"https:\/\/zsp4.radom.pl\/szkola\/wp-json\/wp\/v2\/pages\/1001","targetHints":{"allow":["GET"]}}],"collection":[{"href":"https:\/\/zsp4.radom.pl\/szkola\/wp-json\/wp\/v2\/pages"}],"about":[{"href":"https:\/\/zsp4.radom.pl\/szkola\/wp-json\/wp\/v2\/types\/page"}],"author":[{"embeddable":true,"href":"https:\/\/zsp4.radom.pl\/szkola\/wp-json\/wp\/v2\/users\/1"}],"replies":[{"embeddable":true,"href":"https:\/\/zsp4.radom.pl\/szkola\/wp-json\/wp\/v2\/comments?post=1001"}],"version-history":[{"count":7,"href":"https:\/\/zsp4.radom.pl\/szkola\/wp-json\/wp\/v2\/pages\/1001\/revisions"}],"predecessor-version":[{"id":2074,"href":"https:\/\/zsp4.radom.pl\/szkola\/wp-json\/wp\/v2\/pages\/1001\/revisions\/2074"}],"wp:attachment":[{"href":"https:\/\/zsp4.radom.pl\/szkola\/wp-json\/wp\/v2\/media?parent=1001"}],"curies":[{"name":"wp","href":"https:\/\/api.w.org\/{rel}","templated":true}]}}