{"id":1006,"date":"2025-08-11T12:43:16","date_gmt":"2025-08-11T10:43:16","guid":{"rendered":"https:\/\/zsp4.radom.pl\/szkola\/szkolny-klub-turystyczny-roza-wiatrow-copy\/"},"modified":"2025-11-01T21:01:55","modified_gmt":"2025-11-01T20:01:55","slug":"szkolna-kasa-oszczedzania","status":"publish","type":"page","link":"https:\/\/zsp4.radom.pl\/szkola\/szkolna-kasa-oszczedzania\/","title":{"rendered":"Szkolna Kasa Oszcz\u0119dzania"},"content":{"rendered":"\t\t<div data-elementor-type=\"wp-page\" data-elementor-id=\"1006\" class=\"elementor elementor-1006\" data-elementor-post-type=\"page\">\n\t\t\t\t\t\t<section class=\"elementor-section elementor-top-section elementor-element elementor-element-13279b4 elementor-section-boxed elementor-section-height-default elementor-section-height-default\" data-id=\"13279b4\" data-element_type=\"section\" data-settings=\"{&quot;background_background&quot;:&quot;classic&quot;}\">\n\t\t\t\t\t\t\t<div class=\"elementor-background-overlay\"><\/div>\n\t\t\t\t\t\t\t<div class=\"elementor-container elementor-column-gap-default\">\n\t\t\t\t\t<div class=\"elementor-column elementor-col-100 elementor-top-column elementor-element elementor-element-9d3c933\" data-id=\"9d3c933\" data-element_type=\"column\">\n\t\t\t<div class=\"elementor-widget-wrap elementor-element-populated\">\n\t\t\t\t\t\t<div class=\"elementor-element elementor-element-f0bb92f elementor-widget elementor-widget-heading\" data-id=\"f0bb92f\" data-element_type=\"widget\" data-widget_type=\"heading.default\">\n\t\t\t\t\t<h1 class=\"elementor-heading-title elementor-size-default\">Szkolna Kasa Oszcz\u0119dzania<\/h1>\t\t\t\t<\/div>\n\t\t\t\t<div class=\"elementor-element elementor-element-e3d0b11 elementor-icon-list--layout-inline elementor-align-center elementor-list-item-link-full_width elementor-widget elementor-widget-icon-list\" data-id=\"e3d0b11\" data-element_type=\"widget\" data-widget_type=\"icon-list.default\">\n\t\t\t\t\t\t\t<ul class=\"elementor-icon-list-items elementor-inline-items\">\n\t\t\t\t\t\t\t<li class=\"elementor-icon-list-item elementor-inline-item\">\n\t\t\t\t\t\t\t\t\t\t\t<a href=\"\/\">\n\n\t\t\t\t\t\t\t\t\t\t\t<span class=\"elementor-icon-list-text\">Strona g\u0142\u00f3wna<\/span>\n\t\t\t\t\t\t\t\t\t\t\t<\/a>\n\t\t\t\t\t\t\t\t\t<\/li>\n\t\t\t\t\t\t\t\t<li class=\"elementor-icon-list-item elementor-inline-item\">\n\t\t\t\t\t\t\t\t\t\t\t<span class=\"elementor-icon-list-icon\">\n\t\t\t\t\t\t\t<svg aria-hidden=\"true\" class=\"e-font-icon-svg e-fas-chevron-right\" viewBox=\"0 0 320 512\" xmlns=\"http:\/\/www.w3.org\/2000\/svg\"><path d=\"M285.476 272.971L91.132 467.314c-9.373 9.373-24.569 9.373-33.941 0l-22.667-22.667c-9.357-9.357-9.375-24.522-.04-33.901L188.505 256 34.484 101.255c-9.335-9.379-9.317-24.544.04-33.901l22.667-22.667c9.373-9.373 24.569-9.373 33.941 0L285.475 239.03c9.373 9.372 9.373 24.568.001 33.941z\"><\/path><\/svg>\t\t\t\t\t\t<\/span>\n\t\t\t\t\t\t\t\t\t\t<span class=\"elementor-icon-list-text\">Szkolna Kasa Oszcz\u0119dzania<\/span>\n\t\t\t\t\t\t\t\t\t<\/li>\n\t\t\t\t\t\t<\/ul>\n\t\t\t\t\t\t<\/div>\n\t\t\t\t\t<\/div>\n\t\t<\/div>\n\t\t\t\t\t<\/div>\n\t\t<\/section>\n\t\t\t\t<section class=\"elementor-section elementor-top-section elementor-element elementor-element-fc5f9ca elementor-section-boxed elementor-section-height-default elementor-section-height-default\" data-id=\"fc5f9ca\" data-element_type=\"section\">\n\t\t\t\t\t\t\t<div class=\"elementor-background-overlay\"><\/div>\n\t\t\t\t\t\t\t<div class=\"elementor-container elementor-column-gap-default\">\n\t\t\t\t\t<div class=\"elementor-column elementor-col-100 elementor-top-column elementor-element elementor-element-c4fcd62\" data-id=\"c4fcd62\" data-element_type=\"column\">\n\t\t\t<div class=\"elementor-widget-wrap elementor-element-populated\">\n\t\t\t\t<div class=\"elementor-element elementor-element-8f477e5 e-grid e-con-boxed e-con e-parent\" data-id=\"8f477e5\" data-element_type=\"container\">\n\t\t\t\t\t<div class=\"e-con-inner\">\n\t\t\t\t<div class=\"elementor-element elementor-element-663fec5 elementor-widget elementor-widget-image\" data-id=\"663fec5\" data-element_type=\"widget\" data-widget_type=\"image.default\">\n\t\t\t\t\t\t\t\t\t\t\t\t\t\t\t<img fetchpriority=\"high\" decoding=\"async\" width=\"768\" height=\"763\" src=\"https:\/\/zsp4.radom.pl\/szkola\/wp-content\/uploads\/2025\/08\/14eccf2e-a97d-41ad-8873-4ef8a54d27d9-768x763-1.jpg\" class=\"attachment-large size-large wp-image-1012\" alt=\"\" srcset=\"https:\/\/zsp4.radom.pl\/szkola\/wp-content\/uploads\/2025\/08\/14eccf2e-a97d-41ad-8873-4ef8a54d27d9-768x763-1.jpg 768w, https:\/\/zsp4.radom.pl\/szkola\/wp-content\/uploads\/2025\/08\/14eccf2e-a97d-41ad-8873-4ef8a54d27d9-768x763-1-300x298.jpg 300w, https:\/\/zsp4.radom.pl\/szkola\/wp-content\/uploads\/2025\/08\/14eccf2e-a97d-41ad-8873-4ef8a54d27d9-768x763-1-150x150.jpg 150w\" sizes=\"(max-width: 768px) 100vw, 768px\" \/>\t\t\t\t\t\t\t\t\t\t\t\t\t\t\t<\/div>\n\t\t\t\t<div class=\"elementor-element elementor-element-43e100a elementor-widget elementor-widget-spacer\" data-id=\"43e100a\" data-element_type=\"widget\" data-widget_type=\"spacer.default\">\n\t\t\t\t\t\t\t<div class=\"elementor-spacer\">\n\t\t\t<div class=\"elementor-spacer-inner\"><\/div>\n\t\t<\/div>\n\t\t\t\t\t\t<\/div>\n\t\t\t\t<div class=\"elementor-element elementor-element-84c4869 elementor-widget elementor-widget-image\" data-id=\"84c4869\" data-element_type=\"widget\" data-widget_type=\"image.default\">\n\t\t\t\t\t\t\t\t\t\t\t\t\t\t\t<img decoding=\"async\" width=\"200\" height=\"200\" src=\"https:\/\/zsp4.radom.pl\/szkola\/wp-content\/uploads\/2025\/08\/sko_logo_share.jpg\" class=\"attachment-large size-large wp-image-1013\" alt=\"\" srcset=\"https:\/\/zsp4.radom.pl\/szkola\/wp-content\/uploads\/2025\/08\/sko_logo_share.jpg 200w, https:\/\/zsp4.radom.pl\/szkola\/wp-content\/uploads\/2025\/08\/sko_logo_share-150x150.jpg 150w\" sizes=\"(max-width: 200px) 100vw, 200px\" \/>\t\t\t\t\t\t\t\t\t\t\t\t\t\t\t<\/div>\n\t\t\t\t\t<\/div>\n\t\t\t\t<\/div>\n\t\t\t\t<div class=\"elementor-element elementor-element-5e8e740 elementor-widget__width-initial elementor-widget elementor-widget-text-editor\" data-id=\"5e8e740\" data-element_type=\"widget\" data-widget_type=\"text-editor.default\">\n\t\t\t\t\t\t\t\t\t<p>Nasza Szko\u0142a w 2017r. przyst\u0105pi\u0142a do Programu Szkolnych Kas Oszcz\u0119dno\u015bci Banku PKO BP. Jest to program edukacji finansowej przeznaczony dla uczni\u00f3w w wielu 5 \u2013 13 lat. Program SKO PKO Banku Polskiego poprzez : wycieczki do banku, lekcje przedsi\u0119biorczo\u015bci, r\u00f3\u017cnego rodzaju konkursy i zabawy pomaga dzieciom rozwin\u0105\u0107 wi\u0119ksz\u0105 \u015bwiadomo\u015b\u0107 warto\u015bci pieni\u0105dza i roli oszcz\u0119dzania oraz osi\u0105gn\u0105\u0107 satysfakcj\u0119 z realizacji zamierzonych cel\u00f3w.<\/p><p>Dzieci maj\u0105 dost\u0119p do w\u0142asnego konta ucznia w banku PKO BP<\/p><ul><li>konto jest dla uczni\u00f3w w wieku od 5 lat do uko\u0144czenia 13 roku \u017cycia z unikalnym serwisem internetowym dostosowanym do potrzeb dziecka<\/li><li>0 z\u0142 za otwarcie i prowadzenie konta<\/li><li>oprocentowanie zmienne 5% w skali roku do kwoty 2500 z\u0142 i 1% od nadwy\u017cki ponad 2500 z\u0142<\/li><li>tygodniowa kapitalizacja odsetek<\/li><li>mo\u017cliwo\u015b\u0107 wp\u0142at i wyp\u0142at got\u00f3wkowych do kwoty 50 z\u0142 u Opiekuna SKO w szkole<\/li><li>atrakcyjny serwis internetowy SKO dostosowany do potrzeb dzieci.<\/li><\/ul><div>\u00a0<\/div><p>Serwis internetowy SKO to nowoczesna bankowo\u015b\u0107 elektroniczna, dostosowana do wieku u\u017cytkownik\u00f3w. Dzi\u0119ki serwisowi Twoje dziecko:<\/p><ul><li>zdob\u0119dzie praktyczn\u0105 wiedz\u0119, jak dysponowa\u0107 swoim bud\u017cetem<\/li><li>nauczy si\u0119 zarz\u0105dza\u0107 swoim pierwszym kontem bankowym<\/li><li>b\u0119dzie oszcz\u0119dza\u0107 z przyjemno\u015bci\u0105<\/li><\/ul><div>\u00a0<\/div><p>Serwis internetowy SKO umo\u017cliwia tak\u017ce:<\/p><ul><li>dostosowanie wygl\u0105du do wieku i gustu dziecka (np. mo\u017cliwo\u015b\u0107 zmiany tapet, d\u017awi\u0119k\u00f3w)<\/li><li>zak\u0142adanie wirtualnych skarbonek, co pomaga w zrozumieniu celowego oszcz\u0119dzania<\/li><li>zdobywanie wirtualnych odznak, kt\u00f3re maja mobilizowa\u0107 dzi\u0119ki do efektywnego oszcz\u0119dzania i gospodarowania pieni\u0119dzmi<\/li><li>korzystanie z wielu ciekawych funkcji i narz\u0119dzi, kt\u00f3re sprawiaj\u0105, \u017ce oszcz\u0119dzanie staje si\u0119 po prostu znakomit\u0105 i pouczaj\u0105c\u0105 zabaw\u0105.<\/li><\/ul><p><strong>Dla wszystkich cz\u0142onk\u00f3w\u00a0SKO\u00a0dost\u0119pny jest internetowy serwis:<\/strong><\/p><p><strong><a href=\"https:\/\/sko.pkobp.pl\/\" target=\"_blank\" rel=\"noopener\">https:\/\/sko.pkobp.pl\/<\/a><\/strong><\/p><p>Aby przyst\u0105pi\u0107 do programu nale\u017cy wype\u0142ni\u0107 deklaracj\u0119 udzia\u0142u dost\u0119pn\u0105 u opiekuna SKO.<\/p><p><strong>Szkolnymi opiekunami SKO s\u0105:<\/strong><br \/>p. Natalia Machnio<br \/>p. Marcin Skrok<\/p><p><em><strong>Zach\u0119camy do odwiedzenia i polubienia naszego bloga<\/strong><\/em><\/p><p><strong><a href=\"https:\/\/www.szkolneblogi.pl\/blogi\/psp-32-radom\/\" target=\"_blank\" rel=\"noopener\">https:\/\/www.szkolneblogi.pl\/blogi\/psp-32-radom\/<\/a><\/strong><\/p><p>\u00a0<\/p>\t\t\t\t\t\t\t\t<\/div>\n\t\t\t\t<div class=\"elementor-element elementor-element-28e8db1 wpisy elementor-widget elementor-widget-jkit_post_block\" data-id=\"28e8db1\" data-element_type=\"widget\" data-widget_type=\"jkit_post_block.default\">\n\t\t\t\t\t<div  class=\"jeg-elementor-kit jkit-postblock postblock-type-3 jkit-pagination-loadmore post-element jeg_module___69e38b071f95b\"  data-id=\"jeg_module___69e38b071f95b\" data-settings=\"{&quot;post_type&quot;:&quot;post&quot;,&quot;number_post&quot;:{&quot;unit&quot;:&quot;px&quot;,&quot;size&quot;:3,&quot;sizes&quot;:[]},&quot;post_offset&quot;:0,&quot;unique_content&quot;:&quot;disable&quot;,&quot;include_post&quot;:&quot;&quot;,&quot;exclude_post&quot;:&quot;&quot;,&quot;include_category&quot;:&quot;98&quot;,&quot;exclude_category&quot;:&quot;&quot;,&quot;include_author&quot;:&quot;&quot;,&quot;include_tag&quot;:&quot;&quot;,&quot;exclude_tag&quot;:&quot;&quot;,&quot;sort_by&quot;:&quot;latest&quot;,&quot;pagination_mode&quot;:&quot;loadmore&quot;,&quot;pagination_loadmore_text&quot;:&quot;wi\\u0119cej wpis\\u00f3w&quot;,&quot;pagination_loading_text&quot;:&quot;\\u0142adowanie...&quot;,&quot;pagination_number_post&quot;:{&quot;unit&quot;:&quot;px&quot;,&quot;size&quot;:3,&quot;sizes&quot;:[]},&quot;pagination_scroll_limit&quot;:0,&quot;pagination_icon&quot;:{&quot;value&quot;:&quot;&quot;,&quot;library&quot;:&quot;&quot;},&quot;pagination_icon_position&quot;:&quot;before&quot;,&quot;st_category_position&quot;:&quot;left&quot;,&quot;sg_content_postblock_type&quot;:&quot;type-3&quot;,&quot;sg_content_element_order&quot;:&quot;title,meta,excerpt,read&quot;,&quot;sg_content_breakpoint&quot;:&quot;tablet&quot;,&quot;sg_content_title_html_tag&quot;:&quot;h4&quot;,&quot;sg_content_category_enable&quot;:&quot;&quot;,&quot;sg_content_excerpt_enable&quot;:&quot;yes&quot;,&quot;sg_content_excerpt_length&quot;:{&quot;unit&quot;:&quot;px&quot;,&quot;size&quot;:20,&quot;sizes&quot;:[]},&quot;sg_content_excerpt_more&quot;:&quot;...&quot;,&quot;sg_content_readmore_enable&quot;:&quot;yes&quot;,&quot;sg_content_readmore_icon&quot;:{&quot;value&quot;:&quot;fas fa-arrow-right&quot;,&quot;library&quot;:&quot;fa-solid&quot;},&quot;sg_content_readmore_icon_position&quot;:&quot;after&quot;,&quot;sg_content_readmore_text&quot;:&quot;Zobacz wpis&quot;,&quot;sg_content_comment_enable&quot;:&quot;&quot;,&quot;sg_content_comment_icon&quot;:{&quot;value&quot;:&quot;fas fa-comment&quot;,&quot;library&quot;:&quot;fa-solid&quot;},&quot;sg_content_comment_icon_position&quot;:&quot;before&quot;,&quot;sg_content_meta_enable&quot;:&quot;&quot;,&quot;sg_content_meta_author_enable&quot;:&quot;yes&quot;,&quot;sg_content_meta_author_by_text&quot;:&quot;by&quot;,&quot;sg_content_meta_author_icon&quot;:{&quot;value&quot;:&quot;fas fa-user&quot;,&quot;library&quot;:&quot;fa-solid&quot;},&quot;sg_content_meta_author_icon_position&quot;:&quot;before&quot;,&quot;sg_content_meta_date_enable&quot;:&quot;yes&quot;,&quot;sg_content_meta_date_type&quot;:&quot;published&quot;,&quot;sg_content_meta_date_format&quot;:&quot;default&quot;,&quot;sg_content_meta_date_format_custom&quot;:&quot;F j, Y&quot;,&quot;sg_content_meta_date_icon&quot;:{&quot;value&quot;:&quot;fas fa-clock&quot;,&quot;library&quot;:&quot;fa-solid&quot;},&quot;sg_content_meta_date_icon_position&quot;:&quot;before&quot;,&quot;sg_content_image_size_imagesize_size&quot;:&quot;full&quot;,&quot;paged&quot;:1,&quot;class&quot;:&quot;jkit_post_block&quot;}\"><div class=\"jkit-block-container\"><div class=\"jkit-posts jkit-ajax-flag\">\n            <article class=\"jkit-post post-4162 post type-post status-publish format-standard has-post-thumbnail hentry category-aktualnosci category-szkolna-kasa-oszczedzania\">\n                    <div class=\"jkit-thumb\"><a aria-label=\"\u201eQR pu\u0142apki \u2013 jak nie da\u0107 si\u0119 z\u0142apa\u0107 na fa\u0142szywe kody\u201d\" href=\"https:\/\/zsp4.radom.pl\/szkola\/qr-kody-2\/\"><div class=\"thumbnail-container \">\n            <img loading=\"lazy\" decoding=\"async\" width=\"2000\" height=\"1600\" src=\"https:\/\/zsp4.radom.pl\/szkola\/wp-content\/uploads\/2026\/03\/QR-3.png\" class=\"attachment-full size-full wp-post-image\" alt=\"\" loading=\"lazy\" srcset=\"https:\/\/zsp4.radom.pl\/szkola\/wp-content\/uploads\/2026\/03\/QR-3.png 2000w, https:\/\/zsp4.radom.pl\/szkola\/wp-content\/uploads\/2026\/03\/QR-3-300x240.png 300w, https:\/\/zsp4.radom.pl\/szkola\/wp-content\/uploads\/2026\/03\/QR-3-1024x819.png 1024w, https:\/\/zsp4.radom.pl\/szkola\/wp-content\/uploads\/2026\/03\/QR-3-768x614.png 768w, https:\/\/zsp4.radom.pl\/szkola\/wp-content\/uploads\/2026\/03\/QR-3-1536x1229.png 1536w\" sizes=\"auto, (max-width: 2000px) 100vw, 2000px\" \/>\n        <\/div><\/a><\/div>\n                    <div class=\"jkit-postblock-content\"><h4 class=\"jkit-post-title\">\n\t\t\t\t\t\t\t<a href=\"https:\/\/zsp4.radom.pl\/szkola\/qr-kody-2\/\">\u201eQR pu\u0142apki \u2013 jak nie da\u0107 si\u0119 z\u0142apa\u0107 na fa\u0142szywe kody\u201d<\/a>\n\t\t\t\t\t\t<\/h4><div class=\"jkit-post-excerpt\"><p>18 marca uczniowie kl. 4B, 5B, 6A, 6B i 7A wzi\u0119li udzia\u0142 w og\u00f3lnopolskiej lekcji online realizowanej w ramach programu...<\/p><\/div><div class=\"jkit-post-meta-bottom\">\n\t\t\t\t\t\t\t<div class=\"jkit-meta-readmore icon-position-after\">\n                <a title=\"\u201eQR pu\u0142apki \u2013 jak nie da\u0107 si\u0119 z\u0142apa\u0107 na fa\u0142szywe kody\u201d\" href=\"https:\/\/zsp4.radom.pl\/szkola\/qr-kody-2\/\" class=\"jkit-readmore\">Zobacz wpis<svg aria-hidden=\"true\" class=\"e-font-icon-svg e-fas-arrow-right\" viewBox=\"0 0 448 512\" xmlns=\"http:\/\/www.w3.org\/2000\/svg\"><path d=\"M190.5 66.9l22.2-22.2c9.4-9.4 24.6-9.4 33.9 0L441 239c9.4 9.4 9.4 24.6 0 33.9L246.6 467.3c-9.4 9.4-24.6 9.4-33.9 0l-22.2-22.2c-9.5-9.5-9.3-25 .4-34.3L311.4 296H24c-13.3 0-24-10.7-24-24v-32c0-13.3 10.7-24 24-24h287.4L190.9 101.2c-9.8-9.3-10-24.8-.4-34.3z\"><\/path><\/svg><\/a>\n            <\/div>\n\t\t\t\t\t\t<\/div><\/div>\n                <\/article><article class=\"jkit-post post-3197 post type-post status-publish format-standard has-post-thumbnail hentry category-aktualnosci category-szkolna-kasa-oszczedzania\">\n                    <div class=\"jkit-thumb\"><a aria-label=\"Napis SKO z dar\u00f3w jesieni\" href=\"https:\/\/zsp4.radom.pl\/szkola\/sko-jesien\/\"><div class=\"thumbnail-container \">\n            <img loading=\"lazy\" decoding=\"async\" width=\"2000\" height=\"1600\" src=\"https:\/\/zsp4.radom.pl\/szkola\/wp-content\/uploads\/2025\/11\/dary.png\" class=\"attachment-full size-full wp-post-image\" alt=\"\" loading=\"lazy\" srcset=\"https:\/\/zsp4.radom.pl\/szkola\/wp-content\/uploads\/2025\/11\/dary.png 2000w, https:\/\/zsp4.radom.pl\/szkola\/wp-content\/uploads\/2025\/11\/dary-300x240.png 300w, https:\/\/zsp4.radom.pl\/szkola\/wp-content\/uploads\/2025\/11\/dary-1024x819.png 1024w, https:\/\/zsp4.radom.pl\/szkola\/wp-content\/uploads\/2025\/11\/dary-768x614.png 768w, https:\/\/zsp4.radom.pl\/szkola\/wp-content\/uploads\/2025\/11\/dary-1536x1229.png 1536w\" sizes=\"auto, (max-width: 2000px) 100vw, 2000px\" \/>\n        <\/div><\/a><\/div>\n                    <div class=\"jkit-postblock-content\"><h4 class=\"jkit-post-title\">\n\t\t\t\t\t\t\t<a href=\"https:\/\/zsp4.radom.pl\/szkola\/sko-jesien\/\">Napis SKO z dar\u00f3w jesieni<\/a>\n\t\t\t\t\t\t<\/h4><div class=\"jkit-post-excerpt\"><p>Mamy ju\u017c wyniki szkolnego konkursu fotograficznego \"Napis SKO z dar\u00f3w jesieni\" zorganizowanego przez Szkoln\u0105 Kas\u0119 Oszcz\u0119dzania.Uczniowie wykazali si\u0119 ogromn\u0105 kreatywno\u015bci\u0105...<\/p><\/div><div class=\"jkit-post-meta-bottom\">\n\t\t\t\t\t\t\t<div class=\"jkit-meta-readmore icon-position-after\">\n                <a title=\"Napis SKO z dar\u00f3w jesieni\" href=\"https:\/\/zsp4.radom.pl\/szkola\/sko-jesien\/\" class=\"jkit-readmore\">Zobacz wpis<svg aria-hidden=\"true\" class=\"e-font-icon-svg e-fas-arrow-right\" viewBox=\"0 0 448 512\" xmlns=\"http:\/\/www.w3.org\/2000\/svg\"><path d=\"M190.5 66.9l22.2-22.2c9.4-9.4 24.6-9.4 33.9 0L441 239c9.4 9.4 9.4 24.6 0 33.9L246.6 467.3c-9.4 9.4-24.6 9.4-33.9 0l-22.2-22.2c-9.5-9.5-9.3-25 .4-34.3L311.4 296H24c-13.3 0-24-10.7-24-24v-32c0-13.3 10.7-24 24-24h287.4L190.9 101.2c-9.8-9.3-10-24.8-.4-34.3z\"><\/path><\/svg><\/a>\n            <\/div>\n\t\t\t\t\t\t<\/div><\/div>\n                <\/article><article class=\"jkit-post post-3109 post type-post status-publish format-standard has-post-thumbnail hentry category-aktualnosci category-szkolna-kasa-oszczedzania\">\n                    <div class=\"jkit-thumb\"><a aria-label=\"Eskorta SKO &#8211; wicz\u00f3w w 15. kolejce PKO Banku Polskiego Ekstraklasy w meczu Radomiak Radom \u2013 Cracovia Krak\u00f3w.  \u26bd\ufe0f\u26bd\ufe0f\" href=\"https:\/\/zsp4.radom.pl\/szkola\/eskorta-sko\/\"><div class=\"thumbnail-container \">\n            <img loading=\"lazy\" decoding=\"async\" width=\"2048\" height=\"917\" src=\"https:\/\/zsp4.radom.pl\/szkola\/wp-content\/uploads\/2025\/11\/2fc0d9db-69f0-4474-89a1-50356c4dc671.jpg\" class=\"attachment-full size-full wp-post-image\" alt=\"\" loading=\"lazy\" srcset=\"https:\/\/zsp4.radom.pl\/szkola\/wp-content\/uploads\/2025\/11\/2fc0d9db-69f0-4474-89a1-50356c4dc671.jpg 2048w, https:\/\/zsp4.radom.pl\/szkola\/wp-content\/uploads\/2025\/11\/2fc0d9db-69f0-4474-89a1-50356c4dc671-300x134.jpg 300w, https:\/\/zsp4.radom.pl\/szkola\/wp-content\/uploads\/2025\/11\/2fc0d9db-69f0-4474-89a1-50356c4dc671-1024x459.jpg 1024w, https:\/\/zsp4.radom.pl\/szkola\/wp-content\/uploads\/2025\/11\/2fc0d9db-69f0-4474-89a1-50356c4dc671-768x344.jpg 768w, https:\/\/zsp4.radom.pl\/szkola\/wp-content\/uploads\/2025\/11\/2fc0d9db-69f0-4474-89a1-50356c4dc671-1536x688.jpg 1536w\" sizes=\"auto, (max-width: 2048px) 100vw, 2048px\" \/>\n        <\/div><\/a><\/div>\n                    <div class=\"jkit-postblock-content\"><h4 class=\"jkit-post-title\">\n\t\t\t\t\t\t\t<a href=\"https:\/\/zsp4.radom.pl\/szkola\/eskorta-sko\/\">Eskorta SKO &#8211; wicz\u00f3w w 15. kolejce PKO Banku Polskiego Ekstraklasy w meczu Radomiak Radom \u2013 Cracovia Krak\u00f3w.  \u26bd\ufe0f\u26bd\ufe0f<\/a>\n\t\t\t\t\t\t<\/h4><div class=\"jkit-post-excerpt\"><p>7 listopada 2025r. uczniowie klasy 2b mieli mo\u017cliwo\u015b\u0107 uczestniczenia wraz z opiekunami w ramach 15. kolejki PKO Bank Polski Ekstraklasa...<\/p><\/div><div class=\"jkit-post-meta-bottom\">\n\t\t\t\t\t\t\t<div class=\"jkit-meta-readmore icon-position-after\">\n                <a title=\"Eskorta SKO &#8211; wicz\u00f3w w 15. kolejce PKO Banku Polskiego Ekstraklasy w meczu Radomiak Radom \u2013 Cracovia Krak\u00f3w.  \u26bd\ufe0f\u26bd\ufe0f\" href=\"https:\/\/zsp4.radom.pl\/szkola\/eskorta-sko\/\" class=\"jkit-readmore\">Zobacz wpis<svg aria-hidden=\"true\" class=\"e-font-icon-svg e-fas-arrow-right\" viewBox=\"0 0 448 512\" xmlns=\"http:\/\/www.w3.org\/2000\/svg\"><path d=\"M190.5 66.9l22.2-22.2c9.4-9.4 24.6-9.4 33.9 0L441 239c9.4 9.4 9.4 24.6 0 33.9L246.6 467.3c-9.4 9.4-24.6 9.4-33.9 0l-22.2-22.2c-9.5-9.5-9.3-25 .4-34.3L311.4 296H24c-13.3 0-24-10.7-24-24v-32c0-13.3 10.7-24 24-24h287.4L190.9 101.2c-9.8-9.3-10-24.8-.4-34.3z\"><\/path><\/svg><\/a>\n            <\/div>\n\t\t\t\t\t\t<\/div><\/div>\n                <\/article>\n        <\/div><\/div><div class=\"jkit-block-pagination jkit-align\"><div class=\"jkit-pagination-button jkit-block-loadmore icon-position-before\"><a href=\"#\" data-load=\"wi\u0119cej wpis\u00f3w\" data-loading=\"\u0142adowanie...\">wi\u0119cej wpis\u00f3w<\/a><\/div><\/div><\/div>\t\t\t\t<\/div>\n\t\t\t\t<div class=\"elementor-element elementor-element-a0d7dfd elementor-widget elementor-widget-gallery\" data-id=\"a0d7dfd\" data-element_type=\"widget\" data-settings=\"{&quot;gallery_layout&quot;:&quot;justified&quot;,&quot;ideal_row_height&quot;:{&quot;unit&quot;:&quot;px&quot;,&quot;size&quot;:295,&quot;sizes&quot;:[]},&quot;lazyload&quot;:&quot;yes&quot;,&quot;ideal_row_height_tablet&quot;:{&quot;unit&quot;:&quot;px&quot;,&quot;size&quot;:150,&quot;sizes&quot;:[]},&quot;ideal_row_height_mobile&quot;:{&quot;unit&quot;:&quot;px&quot;,&quot;size&quot;:150,&quot;sizes&quot;:[]},&quot;gap&quot;:{&quot;unit&quot;:&quot;px&quot;,&quot;size&quot;:10,&quot;sizes&quot;:[]},&quot;gap_tablet&quot;:{&quot;unit&quot;:&quot;px&quot;,&quot;size&quot;:10,&quot;sizes&quot;:[]},&quot;gap_mobile&quot;:{&quot;unit&quot;:&quot;px&quot;,&quot;size&quot;:10,&quot;sizes&quot;:[]},&quot;link_to&quot;:&quot;file&quot;,&quot;overlay_background&quot;:&quot;yes&quot;,&quot;content_hover_animation&quot;:&quot;fade-in&quot;}\" data-widget_type=\"gallery.default\">\n\t\t\t\t\t\t\t<div class=\"elementor-gallery__container\">\n\t\t\t\t\t\t\t<a class=\"e-gallery-item elementor-gallery-item elementor-animated-content\" href=\"https:\/\/zsp4.radom.pl\/szkola\/wp-content\/uploads\/2025\/08\/4-scaled-1.jpg\" data-elementor-open-lightbox=\"yes\" data-elementor-lightbox-slideshow=\"a0d7dfd\" data-elementor-lightbox-title=\"4-scaled\" data-e-action-hash=\"#elementor-action%3Aaction%3Dlightbox%26settings%3DeyJpZCI6MTAwOCwidXJsIjoiaHR0cHM6XC9cL3pzcDQucmFkb20ucGxcL3N6a29sYVwvd3AtY29udGVudFwvdXBsb2Fkc1wvMjAyNVwvMDhcLzQtc2NhbGVkLTEuanBnIiwic2xpZGVzaG93IjoiYTBkN2RmZCJ9\">\n\t\t\t\t\t<div class=\"e-gallery-image elementor-gallery-item__image\" data-thumbnail=\"https:\/\/zsp4.radom.pl\/szkola\/wp-content\/uploads\/2025\/08\/4-scaled-1.jpg\" data-width=\"2560\" data-height=\"1861\" aria-label=\"\" role=\"img\" ><\/div>\n\t\t\t\t\t\t\t\t\t\t\t<div class=\"elementor-gallery-item__overlay\"><\/div>\n\t\t\t\t\t\t\t\t\t\t\t\t\t\t<\/a>\n\t\t\t\t\t\t\t<a class=\"e-gallery-item elementor-gallery-item elementor-animated-content\" href=\"https:\/\/zsp4.radom.pl\/szkola\/wp-content\/uploads\/2025\/08\/3-scaled-1.jpg\" data-elementor-open-lightbox=\"yes\" data-elementor-lightbox-slideshow=\"a0d7dfd\" data-elementor-lightbox-title=\"3-scaled\" data-e-action-hash=\"#elementor-action%3Aaction%3Dlightbox%26settings%3DeyJpZCI6MTAwOSwidXJsIjoiaHR0cHM6XC9cL3pzcDQucmFkb20ucGxcL3N6a29sYVwvd3AtY29udGVudFwvdXBsb2Fkc1wvMjAyNVwvMDhcLzMtc2NhbGVkLTEuanBnIiwic2xpZGVzaG93IjoiYTBkN2RmZCJ9\">\n\t\t\t\t\t<div class=\"e-gallery-image elementor-gallery-item__image\" data-thumbnail=\"https:\/\/zsp4.radom.pl\/szkola\/wp-content\/uploads\/2025\/08\/3-scaled-1.jpg\" data-width=\"2560\" data-height=\"1861\" aria-label=\"\" role=\"img\" ><\/div>\n\t\t\t\t\t\t\t\t\t\t\t<div class=\"elementor-gallery-item__overlay\"><\/div>\n\t\t\t\t\t\t\t\t\t\t\t\t\t\t<\/a>\n\t\t\t\t\t\t\t<a class=\"e-gallery-item elementor-gallery-item elementor-animated-content\" href=\"https:\/\/zsp4.radom.pl\/szkola\/wp-content\/uploads\/2025\/08\/2-rotated-1.jpg\" data-elementor-open-lightbox=\"yes\" data-elementor-lightbox-slideshow=\"a0d7dfd\" data-elementor-lightbox-title=\"2-rotated\" data-e-action-hash=\"#elementor-action%3Aaction%3Dlightbox%26settings%3DeyJpZCI6MTAxMCwidXJsIjoiaHR0cHM6XC9cL3pzcDQucmFkb20ucGxcL3N6a29sYVwvd3AtY29udGVudFwvdXBsb2Fkc1wvMjAyNVwvMDhcLzItcm90YXRlZC0xLmpwZyIsInNsaWRlc2hvdyI6ImEwZDdkZmQifQ%3D%3D\">\n\t\t\t\t\t<div class=\"e-gallery-image elementor-gallery-item__image\" data-thumbnail=\"https:\/\/zsp4.radom.pl\/szkola\/wp-content\/uploads\/2025\/08\/2-rotated-1.jpg\" data-width=\"1698\" data-height=\"1234\" aria-label=\"\" role=\"img\" ><\/div>\n\t\t\t\t\t\t\t\t\t\t\t<div class=\"elementor-gallery-item__overlay\"><\/div>\n\t\t\t\t\t\t\t\t\t\t\t\t\t\t<\/a>\n\t\t\t\t\t\t\t<a class=\"e-gallery-item elementor-gallery-item elementor-animated-content\" href=\"https:\/\/zsp4.radom.pl\/szkola\/wp-content\/uploads\/2025\/08\/1-scaled-1.jpg\" data-elementor-open-lightbox=\"yes\" data-elementor-lightbox-slideshow=\"a0d7dfd\" data-elementor-lightbox-title=\"1-scaled\" data-e-action-hash=\"#elementor-action%3Aaction%3Dlightbox%26settings%3DeyJpZCI6MTAxMSwidXJsIjoiaHR0cHM6XC9cL3pzcDQucmFkb20ucGxcL3N6a29sYVwvd3AtY29udGVudFwvdXBsb2Fkc1wvMjAyNVwvMDhcLzEtc2NhbGVkLTEuanBnIiwic2xpZGVzaG93IjoiYTBkN2RmZCJ9\">\n\t\t\t\t\t<div class=\"e-gallery-image elementor-gallery-item__image\" data-thumbnail=\"https:\/\/zsp4.radom.pl\/szkola\/wp-content\/uploads\/2025\/08\/1-scaled-1.jpg\" data-width=\"2560\" data-height=\"1861\" aria-label=\"\" role=\"img\" ><\/div>\n\t\t\t\t\t\t\t\t\t\t\t<div class=\"elementor-gallery-item__overlay\"><\/div>\n\t\t\t\t\t\t\t\t\t\t\t\t\t\t<\/a>\n\t\t\t\t\t<\/div>\n\t\t\t\t\t<\/div>\n\t\t\t\t\t<\/div>\n\t\t<\/div>\n\t\t\t\t\t<\/div>\n\t\t<\/section>\n\t\t\t\t<\/div>\n\t\t","protected":false},"excerpt":{"rendered":"<p>Strona g\u0142\u00f3wna Nasza Szko\u0142a w 2017r. przyst\u0105pi\u0142a do Programu Szkolnych Kas Oszcz\u0119dno\u015bci Banku PKO BP. Jest to program edukacji finansowej przeznaczony dla uczni\u00f3w w wielu 5 \u2013 13 lat. Program SKO PKO Banku Polskiego poprzez : wycieczki do banku, lekcje przedsi\u0119biorczo\u015bci, r\u00f3\u017cnego rodzaju konkursy i zabawy pomaga dzieciom rozwin\u0105\u0107 wi\u0119ksz\u0105 \u015bwiadomo\u015b\u0107 warto\u015bci pieni\u0105dza i roli [&hellip;]<\/p>\n","protected":false},"author":1,"featured_media":0,"parent":0,"menu_order":0,"comment_status":"closed","ping_status":"closed","template":"","meta":{"footnotes":""},"class_list":["post-1006","page","type-page","status-publish","hentry"],"aioseo_notices":[],"_links":{"self":[{"href":"https:\/\/zsp4.radom.pl\/szkola\/wp-json\/wp\/v2\/pages\/1006","targetHints":{"allow":["GET"]}}],"collection":[{"href":"https:\/\/zsp4.radom.pl\/szkola\/wp-json\/wp\/v2\/pages"}],"about":[{"href":"https:\/\/zsp4.radom.pl\/szkola\/wp-json\/wp\/v2\/types\/page"}],"author":[{"embeddable":true,"href":"https:\/\/zsp4.radom.pl\/szkola\/wp-json\/wp\/v2\/users\/1"}],"replies":[{"embeddable":true,"href":"https:\/\/zsp4.radom.pl\/szkola\/wp-json\/wp\/v2\/comments?post=1006"}],"version-history":[{"count":16,"href":"https:\/\/zsp4.radom.pl\/szkola\/wp-json\/wp\/v2\/pages\/1006\/revisions"}],"predecessor-version":[{"id":3065,"href":"https:\/\/zsp4.radom.pl\/szkola\/wp-json\/wp\/v2\/pages\/1006\/revisions\/3065"}],"wp:attachment":[{"href":"https:\/\/zsp4.radom.pl\/szkola\/wp-json\/wp\/v2\/media?parent=1006"}],"curies":[{"name":"wp","href":"https:\/\/api.w.org\/{rel}","templated":true}]}}