{"id":1019,"date":"2025-08-11T12:48:15","date_gmt":"2025-08-11T10:48:15","guid":{"rendered":"https:\/\/zsp4.radom.pl\/szkola\/szkolny-klub-turystyczny-roza-wiatrow-copy\/"},"modified":"2025-08-25T10:43:19","modified_gmt":"2025-08-25T08:43:19","slug":"wolontariat","status":"publish","type":"page","link":"https:\/\/zsp4.radom.pl\/szkola\/wolontariat\/","title":{"rendered":"Wolontariat"},"content":{"rendered":"\t\t<div data-elementor-type=\"wp-page\" data-elementor-id=\"1019\" class=\"elementor elementor-1019\" data-elementor-post-type=\"page\">\n\t\t\t\t\t\t<section class=\"elementor-section elementor-top-section elementor-element elementor-element-08fcdf5 elementor-section-boxed elementor-section-height-default elementor-section-height-default\" data-id=\"08fcdf5\" data-element_type=\"section\" data-settings=\"{&quot;background_background&quot;:&quot;classic&quot;}\">\n\t\t\t\t\t\t\t<div class=\"elementor-background-overlay\"><\/div>\n\t\t\t\t\t\t\t<div class=\"elementor-container elementor-column-gap-default\">\n\t\t\t\t\t<div class=\"elementor-column elementor-col-100 elementor-top-column elementor-element elementor-element-60bd0ec\" data-id=\"60bd0ec\" data-element_type=\"column\">\n\t\t\t<div class=\"elementor-widget-wrap elementor-element-populated\">\n\t\t\t\t\t\t<div class=\"elementor-element elementor-element-a843d58 elementor-widget elementor-widget-heading\" data-id=\"a843d58\" data-element_type=\"widget\" data-widget_type=\"heading.default\">\n\t\t\t\t\t<h1 class=\"elementor-heading-title elementor-size-default\">Wolontariat<\/h1>\t\t\t\t<\/div>\n\t\t\t\t<div class=\"elementor-element elementor-element-357cb1f elementor-icon-list--layout-inline elementor-align-center elementor-list-item-link-full_width elementor-widget elementor-widget-icon-list\" data-id=\"357cb1f\" data-element_type=\"widget\" data-widget_type=\"icon-list.default\">\n\t\t\t\t\t\t\t<ul class=\"elementor-icon-list-items elementor-inline-items\">\n\t\t\t\t\t\t\t<li class=\"elementor-icon-list-item elementor-inline-item\">\n\t\t\t\t\t\t\t\t\t\t\t<a href=\"\/\">\n\n\t\t\t\t\t\t\t\t\t\t\t<span class=\"elementor-icon-list-text\">Strona g\u0142\u00f3wna<\/span>\n\t\t\t\t\t\t\t\t\t\t\t<\/a>\n\t\t\t\t\t\t\t\t\t<\/li>\n\t\t\t\t\t\t\t\t<li class=\"elementor-icon-list-item elementor-inline-item\">\n\t\t\t\t\t\t\t\t\t\t\t<span class=\"elementor-icon-list-icon\">\n\t\t\t\t\t\t\t<svg aria-hidden=\"true\" class=\"e-font-icon-svg e-fas-chevron-right\" viewBox=\"0 0 320 512\" xmlns=\"http:\/\/www.w3.org\/2000\/svg\"><path d=\"M285.476 272.971L91.132 467.314c-9.373 9.373-24.569 9.373-33.941 0l-22.667-22.667c-9.357-9.357-9.375-24.522-.04-33.901L188.505 256 34.484 101.255c-9.335-9.379-9.317-24.544.04-33.901l22.667-22.667c9.373-9.373 24.569-9.373 33.941 0L285.475 239.03c9.373 9.372 9.373 24.568.001 33.941z\"><\/path><\/svg>\t\t\t\t\t\t<\/span>\n\t\t\t\t\t\t\t\t\t\t<span class=\"elementor-icon-list-text\">Wolontariat<\/span>\n\t\t\t\t\t\t\t\t\t<\/li>\n\t\t\t\t\t\t<\/ul>\n\t\t\t\t\t\t<\/div>\n\t\t\t\t\t<\/div>\n\t\t<\/div>\n\t\t\t\t\t<\/div>\n\t\t<\/section>\n\t\t\t\t<section class=\"elementor-section elementor-top-section elementor-element elementor-element-fc5f9ca elementor-section-boxed elementor-section-height-default elementor-section-height-default\" data-id=\"fc5f9ca\" data-element_type=\"section\">\n\t\t\t\t\t\t\t<div class=\"elementor-background-overlay\"><\/div>\n\t\t\t\t\t\t\t<div class=\"elementor-container elementor-column-gap-default\">\n\t\t\t\t\t<div class=\"elementor-column elementor-col-100 elementor-top-column elementor-element elementor-element-c4fcd62\" data-id=\"c4fcd62\" data-element_type=\"column\">\n\t\t\t<div class=\"elementor-widget-wrap elementor-element-populated\">\n\t\t\t\t\t\t<div class=\"elementor-element elementor-element-0accea4 elementor-blockquote--button-view-text elementor-blockquote--button-skin-link elementor-blockquote--skin-border elementor-blockquote--button-color-official elementor-widget elementor-widget-blockquote\" data-id=\"0accea4\" data-element_type=\"widget\" data-widget_type=\"blockquote.default\">\n\t\t\t\t\t\t\t<blockquote class=\"elementor-blockquote\">\n\t\t\t<p class=\"elementor-blockquote__content\">\n\t\t\t\t\u201eWolontariat to przede wszystkim naturalny odruch serca,\n\nkt\u00f3ry przynagla ka\u017cdego cz\u0142owieka do pomocy drugiemu\u201d\t\t\t<\/p>\n\t\t\t\t\t\t\t<div class=\"e-q-footer\">\n\t\t\t\t\t\t\t\t\t\t\t<cite class=\"elementor-blockquote__author\">\u015bw. Jan Pawe\u0142<\/cite>\n\t\t\t\t\t\t\t\t\t\t\t\t\t\t\t\t<a href=\"https:\/\/twitter.com\/intent\/tweet?text=%E2%80%9EWolontariat%20to%20przede%20wszystkim%20naturalny%20odruch%20serca%2C%0A%0Akt%C3%B3ry%20przynagla%20ka%C5%BCdego%20cz%C5%82owieka%20do%20pomocy%20drugiemu%E2%80%9D \u2014 \u015bw. Jan Pawe\u0142\" class=\"elementor-blockquote__tweet-button\" target=\"_blank\">\n\t\t\t\t\t\t\t\t\t\t\t\t\t\t\t\t\t\t\t\t\t\t<span class=\"elementor-blockquote__tweet-label\"><\/span>\n\t\t\t\t\t\t\t\t\t\t\t\t\t<\/a>\n\t\t\t\t\t\t\t\t\t<\/div>\n\t\t\t\t\t<\/blockquote>\n\t\t\t\t\t\t<\/div>\n\t\t\t\t<div class=\"elementor-element elementor-element-5e8e740 elementor-widget elementor-widget-text-editor\" data-id=\"5e8e740\" data-element_type=\"widget\" data-widget_type=\"text-editor.default\">\n\t\t\t\t\t\t\t\t\t<p><strong>KIM JESTE\u015aMY?<\/strong><\/p><p>Jeste\u015bmy uczniami z klas IV-VIII. Potrafimy zauwa\u017cy\u0107 potrzebuj\u0105cych. Lubimy pomaga\u0107. Cieszymy si\u0119, gdy nasi rodzice, rodze\u0144stwo, nauczyciele i pracownicy szko\u0142y wspieraj\u0105 nas w dzia\u0142aniach na rzecz s\u0142abszych i bezbronnych. Jeste\u015bmy rado\u015bni i rozta\u0144czeni. Nale\u017cymy do Szkolnego Klubu M\u0142odzie\u017cowego Wolontariatu w Publicznej Szkole Podstawowej nr 32 w Radomiu. Nale\u017cymy do Stowarzyszenia Centrum M\u0142odzie\u017cy \u201eARKA\u201d.\u00a0 Tworzymy lepszy \u015bwiat.<\/p>\t\t\t\t\t\t\t\t<\/div>\n\t\t\t\t<div class=\"elementor-element elementor-element-4d68842 wpisy elementor-widget elementor-widget-jkit_post_block\" data-id=\"4d68842\" data-element_type=\"widget\" data-widget_type=\"jkit_post_block.default\">\n\t\t\t\t\t<div  class=\"jeg-elementor-kit jkit-postblock postblock-type-3 jkit-pagination-loadmore post-element jeg_module___69e38df704bbe\"  data-id=\"jeg_module___69e38df704bbe\" data-settings=\"{&quot;post_type&quot;:&quot;post&quot;,&quot;number_post&quot;:{&quot;unit&quot;:&quot;px&quot;,&quot;size&quot;:9,&quot;sizes&quot;:[]},&quot;post_offset&quot;:0,&quot;unique_content&quot;:&quot;disable&quot;,&quot;include_post&quot;:&quot;&quot;,&quot;exclude_post&quot;:&quot;&quot;,&quot;include_category&quot;:&quot;58&quot;,&quot;exclude_category&quot;:&quot;&quot;,&quot;include_author&quot;:&quot;&quot;,&quot;include_tag&quot;:&quot;&quot;,&quot;exclude_tag&quot;:&quot;&quot;,&quot;sort_by&quot;:&quot;oldest&quot;,&quot;pagination_mode&quot;:&quot;loadmore&quot;,&quot;pagination_loadmore_text&quot;:&quot;Wi\\u0119cej wpis\\u00f3w&quot;,&quot;pagination_loading_text&quot;:&quot;\\u0141adowanie...&quot;,&quot;pagination_number_post&quot;:{&quot;unit&quot;:&quot;px&quot;,&quot;size&quot;:3,&quot;sizes&quot;:[]},&quot;pagination_scroll_limit&quot;:0,&quot;pagination_icon&quot;:{&quot;value&quot;:&quot;&quot;,&quot;library&quot;:&quot;&quot;},&quot;pagination_icon_position&quot;:&quot;before&quot;,&quot;st_category_position&quot;:&quot;left&quot;,&quot;sg_content_postblock_type&quot;:&quot;type-3&quot;,&quot;sg_content_element_order&quot;:&quot;title,meta,excerpt,read&quot;,&quot;sg_content_breakpoint&quot;:&quot;tablet&quot;,&quot;sg_content_title_html_tag&quot;:&quot;h4&quot;,&quot;sg_content_category_enable&quot;:&quot;&quot;,&quot;sg_content_excerpt_enable&quot;:&quot;yes&quot;,&quot;sg_content_excerpt_length&quot;:{&quot;unit&quot;:&quot;px&quot;,&quot;size&quot;:19,&quot;sizes&quot;:[]},&quot;sg_content_excerpt_more&quot;:&quot;...&quot;,&quot;sg_content_readmore_enable&quot;:&quot;yes&quot;,&quot;sg_content_readmore_icon&quot;:{&quot;value&quot;:&quot;fas fa-arrow-right&quot;,&quot;library&quot;:&quot;fa-solid&quot;},&quot;sg_content_readmore_icon_position&quot;:&quot;after&quot;,&quot;sg_content_readmore_text&quot;:&quot;Zobacz wpis&quot;,&quot;sg_content_comment_enable&quot;:&quot;&quot;,&quot;sg_content_comment_icon&quot;:{&quot;value&quot;:&quot;fas fa-comment&quot;,&quot;library&quot;:&quot;fa-solid&quot;},&quot;sg_content_comment_icon_position&quot;:&quot;before&quot;,&quot;sg_content_meta_enable&quot;:&quot;&quot;,&quot;sg_content_meta_author_enable&quot;:&quot;&quot;,&quot;sg_content_meta_author_by_text&quot;:&quot;by&quot;,&quot;sg_content_meta_author_icon&quot;:{&quot;value&quot;:&quot;fas fa-user&quot;,&quot;library&quot;:&quot;fa-solid&quot;},&quot;sg_content_meta_author_icon_position&quot;:&quot;before&quot;,&quot;sg_content_meta_date_enable&quot;:&quot;&quot;,&quot;sg_content_meta_date_type&quot;:&quot;published&quot;,&quot;sg_content_meta_date_format&quot;:&quot;default&quot;,&quot;sg_content_meta_date_format_custom&quot;:&quot;F j, Y&quot;,&quot;sg_content_meta_date_icon&quot;:{&quot;value&quot;:&quot;fas fa-clock&quot;,&quot;library&quot;:&quot;fa-solid&quot;},&quot;sg_content_meta_date_icon_position&quot;:&quot;before&quot;,&quot;sg_content_image_size_imagesize_size&quot;:&quot;full&quot;,&quot;paged&quot;:1,&quot;class&quot;:&quot;jkit_post_block&quot;}\"><div class=\"jkit-block-container\"><div class=\"jkit-posts jkit-ajax-flag\">\n            <article class=\"jkit-post post-1023 post type-post status-publish format-standard has-post-thumbnail hentry category-wolontariat tag-dzien-papieski\">\n                    <div class=\"jkit-thumb\"><a aria-label=\"DZIE\u0143 PAPIESKI\" href=\"https:\/\/zsp4.radom.pl\/szkola\/dzien-papieski\/\"><div class=\"thumbnail-container \">\n            <img loading=\"lazy\" decoding=\"async\" width=\"768\" height=\"576\" src=\"https:\/\/zsp4.radom.pl\/szkola\/wp-content\/uploads\/2025\/08\/DZIEN-PAPIESKI-768x576-1.jpg\" class=\"attachment-full size-full wp-post-image\" alt=\"\" loading=\"lazy\" srcset=\"https:\/\/zsp4.radom.pl\/szkola\/wp-content\/uploads\/2025\/08\/DZIEN-PAPIESKI-768x576-1.jpg 768w, https:\/\/zsp4.radom.pl\/szkola\/wp-content\/uploads\/2025\/08\/DZIEN-PAPIESKI-768x576-1-300x225.jpg 300w\" sizes=\"auto, (max-width: 768px) 100vw, 768px\" \/>\n        <\/div><\/a><\/div>\n                    <div class=\"jkit-postblock-content\"><h4 class=\"jkit-post-title\">\n\t\t\t\t\t\t\t<a href=\"https:\/\/zsp4.radom.pl\/szkola\/dzien-papieski\/\">DZIE\u0143 PAPIESKI<\/a>\n\t\t\t\t\t\t<\/h4><div class=\"jkit-post-excerpt\"><p>Czynnie w\u0142\u0105czamy si\u0119 w obchody Dnia Papieskiego. Dekorujemy szko\u0142\u0119, promujemy aktualne has\u0142o Dnia Papieskiego oraz prowadzimy zbi\u00f3rk\u0119 pieni\u0119\u017cn\u0105 dla...<\/p><\/div><div class=\"jkit-post-meta-bottom\">\n\t\t\t\t\t\t\t<div class=\"jkit-meta-readmore icon-position-after\">\n                <a title=\"DZIE\u0143 PAPIESKI\" href=\"https:\/\/zsp4.radom.pl\/szkola\/dzien-papieski\/\" class=\"jkit-readmore\">Zobacz wpis<svg aria-hidden=\"true\" class=\"e-font-icon-svg e-fas-arrow-right\" viewBox=\"0 0 448 512\" xmlns=\"http:\/\/www.w3.org\/2000\/svg\"><path d=\"M190.5 66.9l22.2-22.2c9.4-9.4 24.6-9.4 33.9 0L441 239c9.4 9.4 9.4 24.6 0 33.9L246.6 467.3c-9.4 9.4-24.6 9.4-33.9 0l-22.2-22.2c-9.5-9.5-9.3-25 .4-34.3L311.4 296H24c-13.3 0-24-10.7-24-24v-32c0-13.3 10.7-24 24-24h287.4L190.9 101.2c-9.8-9.3-10-24.8-.4-34.3z\"><\/path><\/svg><\/a>\n            <\/div>\n\t\t\t\t\t\t<\/div><\/div>\n                <\/article><article class=\"jkit-post post-3089 post type-post status-publish format-standard has-post-thumbnail hentry category-aktualnosci category-wolontariat\">\n                    <div class=\"jkit-thumb\"><a aria-label=\"\u201eKibicuj Radomce z klas\u0105\u201d! \ud83d\udc99\ud83e\udd0d\" href=\"https:\/\/zsp4.radom.pl\/szkola\/kibicuj\/\"><div class=\"thumbnail-container \">\n            <img loading=\"lazy\" decoding=\"async\" width=\"1320\" height=\"844\" src=\"https:\/\/zsp4.radom.pl\/szkola\/wp-content\/uploads\/2025\/11\/561683482_1282666637236749_4950360593679812644_n.jpg\" class=\"attachment-full size-full wp-post-image\" alt=\"\" loading=\"lazy\" srcset=\"https:\/\/zsp4.radom.pl\/szkola\/wp-content\/uploads\/2025\/11\/561683482_1282666637236749_4950360593679812644_n.jpg 1320w, https:\/\/zsp4.radom.pl\/szkola\/wp-content\/uploads\/2025\/11\/561683482_1282666637236749_4950360593679812644_n-300x192.jpg 300w, https:\/\/zsp4.radom.pl\/szkola\/wp-content\/uploads\/2025\/11\/561683482_1282666637236749_4950360593679812644_n-1024x655.jpg 1024w, https:\/\/zsp4.radom.pl\/szkola\/wp-content\/uploads\/2025\/11\/561683482_1282666637236749_4950360593679812644_n-768x491.jpg 768w\" sizes=\"auto, (max-width: 1320px) 100vw, 1320px\" \/>\n        <\/div><\/a><\/div>\n                    <div class=\"jkit-postblock-content\"><h4 class=\"jkit-post-title\">\n\t\t\t\t\t\t\t<a href=\"https:\/\/zsp4.radom.pl\/szkola\/kibicuj\/\">\u201eKibicuj Radomce z klas\u0105\u201d! \ud83d\udc99\ud83e\udd0d<\/a>\n\t\t\t\t\t\t<\/h4><div class=\"jkit-post-excerpt\"><p>6 pa\u017adziernika 2025 r., w ramach akcji, nasi wolontariusze wraz z rodzicami wybrali si\u0119 na mecz Radomki Radom .Emocji...<\/p><\/div><div class=\"jkit-post-meta-bottom\">\n\t\t\t\t\t\t\t<div class=\"jkit-meta-readmore icon-position-after\">\n                <a title=\"\u201eKibicuj Radomce z klas\u0105\u201d! \ud83d\udc99\ud83e\udd0d\" href=\"https:\/\/zsp4.radom.pl\/szkola\/kibicuj\/\" class=\"jkit-readmore\">Zobacz wpis<svg aria-hidden=\"true\" class=\"e-font-icon-svg e-fas-arrow-right\" viewBox=\"0 0 448 512\" xmlns=\"http:\/\/www.w3.org\/2000\/svg\"><path d=\"M190.5 66.9l22.2-22.2c9.4-9.4 24.6-9.4 33.9 0L441 239c9.4 9.4 9.4 24.6 0 33.9L246.6 467.3c-9.4 9.4-24.6 9.4-33.9 0l-22.2-22.2c-9.5-9.5-9.3-25 .4-34.3L311.4 296H24c-13.3 0-24-10.7-24-24v-32c0-13.3 10.7-24 24-24h287.4L190.9 101.2c-9.8-9.3-10-24.8-.4-34.3z\"><\/path><\/svg><\/a>\n            <\/div>\n\t\t\t\t\t\t<\/div><\/div>\n                <\/article>\n        <\/div><\/div><\/div>\t\t\t\t<\/div>\n\t\t\t\t\t<\/div>\n\t\t<\/div>\n\t\t\t\t\t<\/div>\n\t\t<\/section>\n\t\t\t\t<\/div>\n\t\t","protected":false},"excerpt":{"rendered":"<p>Strona g\u0142\u00f3wna \u201eWolontariat to przede wszystkim naturalny odruch serca, kt\u00f3ry przynagla ka\u017cdego cz\u0142owieka do pomocy drugiemu\u201d \u015bw. Jan Pawe\u0142 KIM JESTE\u015aMY? Jeste\u015bmy uczniami z klas IV-VIII. Potrafimy zauwa\u017cy\u0107 potrzebuj\u0105cych. Lubimy pomaga\u0107. Cieszymy si\u0119, gdy nasi rodzice, rodze\u0144stwo, nauczyciele i pracownicy szko\u0142y wspieraj\u0105 nas w dzia\u0142aniach na rzecz s\u0142abszych i bezbronnych. Jeste\u015bmy rado\u015bni i rozta\u0144czeni. Nale\u017cymy [&hellip;]<\/p>\n","protected":false},"author":1,"featured_media":0,"parent":0,"menu_order":0,"comment_status":"closed","ping_status":"closed","template":"","meta":{"footnotes":""},"class_list":["post-1019","page","type-page","status-publish","hentry"],"aioseo_notices":[],"_links":{"self":[{"href":"https:\/\/zsp4.radom.pl\/szkola\/wp-json\/wp\/v2\/pages\/1019","targetHints":{"allow":["GET"]}}],"collection":[{"href":"https:\/\/zsp4.radom.pl\/szkola\/wp-json\/wp\/v2\/pages"}],"about":[{"href":"https:\/\/zsp4.radom.pl\/szkola\/wp-json\/wp\/v2\/types\/page"}],"author":[{"embeddable":true,"href":"https:\/\/zsp4.radom.pl\/szkola\/wp-json\/wp\/v2\/users\/1"}],"replies":[{"embeddable":true,"href":"https:\/\/zsp4.radom.pl\/szkola\/wp-json\/wp\/v2\/comments?post=1019"}],"version-history":[{"count":7,"href":"https:\/\/zsp4.radom.pl\/szkola\/wp-json\/wp\/v2\/pages\/1019\/revisions"}],"predecessor-version":[{"id":2083,"href":"https:\/\/zsp4.radom.pl\/szkola\/wp-json\/wp\/v2\/pages\/1019\/revisions\/2083"}],"wp:attachment":[{"href":"https:\/\/zsp4.radom.pl\/szkola\/wp-json\/wp\/v2\/media?parent=1019"}],"curies":[{"name":"wp","href":"https:\/\/api.w.org\/{rel}","templated":true}]}}