{"id":1038,"date":"2025-08-11T12:52:12","date_gmt":"2025-08-11T10:52:12","guid":{"rendered":"https:\/\/zsp4.radom.pl\/szkola\/polityka-prywatnosci-copy\/"},"modified":"2025-08-25T10:35:13","modified_gmt":"2025-08-25T08:35:13","slug":"doradztwo-zawodowe","status":"publish","type":"page","link":"https:\/\/zsp4.radom.pl\/szkola\/doradztwo-zawodowe\/","title":{"rendered":"Doradztwo zawodowe"},"content":{"rendered":"\t\t<div data-elementor-type=\"wp-page\" data-elementor-id=\"1038\" class=\"elementor elementor-1038\" data-elementor-post-type=\"page\">\n\t\t\t\t\t\t<section class=\"elementor-section elementor-top-section elementor-element elementor-element-a08a89f elementor-section-boxed elementor-section-height-default elementor-section-height-default\" data-id=\"a08a89f\" data-element_type=\"section\" data-settings=\"{&quot;background_background&quot;:&quot;classic&quot;}\">\n\t\t\t\t\t\t\t<div class=\"elementor-background-overlay\"><\/div>\n\t\t\t\t\t\t\t<div class=\"elementor-container elementor-column-gap-default\">\n\t\t\t\t\t<div class=\"elementor-column elementor-col-100 elementor-top-column elementor-element elementor-element-5403db8\" data-id=\"5403db8\" data-element_type=\"column\">\n\t\t\t<div class=\"elementor-widget-wrap elementor-element-populated\">\n\t\t\t\t\t\t<div class=\"elementor-element elementor-element-5907fd5 elementor-widget elementor-widget-heading\" data-id=\"5907fd5\" data-element_type=\"widget\" data-widget_type=\"heading.default\">\n\t\t\t\t\t<h1 class=\"elementor-heading-title elementor-size-default\">Doradztwo zawodowe<\/h1>\t\t\t\t<\/div>\n\t\t\t\t<div class=\"elementor-element elementor-element-eaa2d3c elementor-icon-list--layout-inline elementor-align-center elementor-list-item-link-full_width elementor-widget elementor-widget-icon-list\" data-id=\"eaa2d3c\" data-element_type=\"widget\" data-widget_type=\"icon-list.default\">\n\t\t\t\t\t\t\t<ul class=\"elementor-icon-list-items elementor-inline-items\">\n\t\t\t\t\t\t\t<li class=\"elementor-icon-list-item elementor-inline-item\">\n\t\t\t\t\t\t\t\t\t\t\t<a href=\"\/\">\n\n\t\t\t\t\t\t\t\t\t\t\t<span class=\"elementor-icon-list-text\">Strona g\u0142\u00f3wna<\/span>\n\t\t\t\t\t\t\t\t\t\t\t<\/a>\n\t\t\t\t\t\t\t\t\t<\/li>\n\t\t\t\t\t\t\t\t<li class=\"elementor-icon-list-item elementor-inline-item\">\n\t\t\t\t\t\t\t\t\t\t\t<span class=\"elementor-icon-list-icon\">\n\t\t\t\t\t\t\t<svg aria-hidden=\"true\" class=\"e-font-icon-svg e-fas-chevron-right\" viewBox=\"0 0 320 512\" xmlns=\"http:\/\/www.w3.org\/2000\/svg\"><path d=\"M285.476 272.971L91.132 467.314c-9.373 9.373-24.569 9.373-33.941 0l-22.667-22.667c-9.357-9.357-9.375-24.522-.04-33.901L188.505 256 34.484 101.255c-9.335-9.379-9.317-24.544.04-33.901l22.667-22.667c9.373-9.373 24.569-9.373 33.941 0L285.475 239.03c9.373 9.372 9.373 24.568.001 33.941z\"><\/path><\/svg>\t\t\t\t\t\t<\/span>\n\t\t\t\t\t\t\t\t\t\t<span class=\"elementor-icon-list-text\">Doradztwo zawodowe<\/span>\n\t\t\t\t\t\t\t\t\t<\/li>\n\t\t\t\t\t\t<\/ul>\n\t\t\t\t\t\t<\/div>\n\t\t\t\t\t<\/div>\n\t\t<\/div>\n\t\t\t\t\t<\/div>\n\t\t<\/section>\n\t\t\t\t<section class=\"elementor-section elementor-top-section elementor-element elementor-element-fc5f9ca elementor-section-boxed elementor-section-height-default elementor-section-height-default\" data-id=\"fc5f9ca\" data-element_type=\"section\">\n\t\t\t\t\t\t\t<div class=\"elementor-background-overlay\"><\/div>\n\t\t\t\t\t\t\t<div class=\"elementor-container elementor-column-gap-default\">\n\t\t\t\t\t<div class=\"elementor-column elementor-col-100 elementor-top-column elementor-element elementor-element-c4fcd62\" data-id=\"c4fcd62\" data-element_type=\"column\">\n\t\t\t<div class=\"elementor-widget-wrap elementor-element-populated\">\n\t\t\t\t\t\t<div class=\"elementor-element elementor-element-55e1f04 rodo elementor-widget elementor-widget-text-editor\" data-id=\"55e1f04\" data-element_type=\"widget\" data-widget_type=\"text-editor.default\">\n\t\t\t\t\t\t\t\t\t<p><b><span data-contrast=\"auto\">Drodzy Uczniowie!<\/span><\/b><span data-ccp-props=\"{&quot;134233117&quot;:false,&quot;134233118&quot;:false,&quot;335551550&quot;:0,&quot;335551620&quot;:0,&quot;335559738&quot;:240,&quot;335559739&quot;:240}\">\u00a0<\/span><\/p><p><span data-contrast=\"auto\">Wiemy, \u017ce my\u015blenie o przysz\u0142o\u015bci mo\u017ce czasem wydawa\u0107 si\u0119 odleg\u0142e i troch\u0119 przyt\u0142aczaj\u0105ce. Ale warto ju\u017c teraz zacz\u0105\u0107 zastanawia\u0107 si\u0119, co chcieliby\u015bcie robi\u0107 w \u017cyciu. Oto kilka powod\u00f3w, dla kt\u00f3rych dobrze jest zainteresowa\u0107 si\u0119 swoj\u0105 przysz\u0142o\u015bci\u0105:<\/span><span data-ccp-props=\"{&quot;134233117&quot;:false,&quot;134233118&quot;:false,&quot;335551550&quot;:0,&quot;335551620&quot;:0,&quot;335559738&quot;:240,&quot;335559739&quot;:240}\">\u00a0<\/span><\/p><p><span data-contrast=\"auto\"><img decoding=\"async\" class=\"emoji\" role=\"img\" draggable=\"false\" src=\"https:\/\/s.w.org\/images\/core\/emoji\/14.0.0\/svg\/1f50d.svg\" alt=\"\ud83d\udd0d\" \/>\u00a0<\/span><b><span data-contrast=\"auto\">Odkrywanie pasji<\/span><\/b>\u00a0<br \/><span data-contrast=\"auto\">Ka\u017cdy z nas ma co\u015b, co sprawia mu rado\u015b\u0107 \u2014 mo\u017ce to by\u0107 rysowanie, programowanie, sport czy pomaganie innym. Im wcze\u015bniej poznasz swoje zainteresowania, tym \u0142atwiej b\u0119dzie Ci znale\u017a\u0107 drog\u0119, kt\u00f3ra da Ci satysfakcj\u0119 i rado\u015b\u0107.<\/span><span data-ccp-props=\"{&quot;134233117&quot;:false,&quot;134233118&quot;:false,&quot;335551550&quot;:0,&quot;335551620&quot;:0,&quot;335559738&quot;:240,&quot;335559739&quot;:240}\">\u00a0<\/span><\/p><p><span data-contrast=\"auto\"><img decoding=\"async\" class=\"emoji\" role=\"img\" draggable=\"false\" src=\"https:\/\/s.w.org\/images\/core\/emoji\/14.0.0\/svg\/1f4da.svg\" alt=\"\ud83d\udcda\" \/>\u00a0<\/span><b><span data-contrast=\"auto\">Planowanie kariery<\/span><\/b>\u00a0<br \/><span data-contrast=\"auto\">Znajomo\u015b\u0107 swoich mocnych stron i pasji pomo\u017ce Ci wybra\u0107 szko\u0142\u0119 \u015bredni\u0105 najlepiej dopasowan\u0105 do Twoich marze\u0144 i cel\u00f3w. To pierwszy krok ku przysz\u0142o\u015bci, o kt\u00f3rej marzysz!<\/span><span data-ccp-props=\"{&quot;134233117&quot;:false,&quot;134233118&quot;:false,&quot;335551550&quot;:0,&quot;335551620&quot;:0,&quot;335559738&quot;:240,&quot;335559739&quot;:240}\">\u00a0<\/span><\/p><p><span data-contrast=\"auto\"><img decoding=\"async\" class=\"emoji\" role=\"img\" draggable=\"false\" src=\"https:\/\/s.w.org\/images\/core\/emoji\/14.0.0\/svg\/1f469-200d-1f4bc.svg\" alt=\"\ud83d\udc69\u200d\ud83d\udcbc\" \/>\u00a0<\/span><b><span data-contrast=\"auto\">Poznawanie zawod\u00f3w<\/span><\/b>\u00a0<br \/><span data-contrast=\"auto\">\u015awiat pracy zmienia si\u0119 bardzo dynamicznie. Warto dowiedzie\u0107 si\u0119, jakie zawody istniej\u0105, czego wymagaj\u0105 i co mo\u017ce by\u0107 dla Ciebie ciekawe. Dzi\u0119ki temu \u0142atwiej przygotujesz si\u0119 na to, co przyniesie przysz\u0142o\u015b\u0107.<\/span><span data-ccp-props=\"{&quot;134233117&quot;:false,&quot;134233118&quot;:false,&quot;335551550&quot;:0,&quot;335551620&quot;:0,&quot;335559738&quot;:240,&quot;335559739&quot;:240}\">\u00a0<\/span><\/p><p><span data-contrast=\"auto\"><img decoding=\"async\" class=\"emoji\" role=\"img\" draggable=\"false\" src=\"https:\/\/s.w.org\/images\/core\/emoji\/14.0.0\/svg\/1f5e3.svg\" alt=\"\ud83d\udde3\ufe0f\" \/>\u00a0<\/span><b><span data-contrast=\"auto\">Konsultacje z doradc\u0105 zawodowym<\/span><\/b>\u00a0<br \/><span data-contrast=\"auto\">W naszej szkole mo\u017cesz skorzysta\u0107 z pomocy doradcy zawodowego, kt\u00f3ry pomo\u017ce Ci zrozumie\u0107 swoje mo\u017cliwo\u015bci i zainteresowania. Nie b\u00f3j si\u0119 pyta\u0107 \u2014 jeste\u015bmy tu, \u017ceby Ci pom\u00f3c!<\/span><span data-ccp-props=\"{&quot;134233117&quot;:false,&quot;134233118&quot;:false,&quot;335551550&quot;:0,&quot;335551620&quot;:0,&quot;335559738&quot;:240,&quot;335559739&quot;:240}\">\u00a0<\/span><\/p><p><span data-contrast=\"auto\"><img decoding=\"async\" class=\"emoji\" role=\"img\" draggable=\"false\" src=\"https:\/\/s.w.org\/images\/core\/emoji\/14.0.0\/svg\/1f331.svg\" alt=\"\ud83c\udf31\" \/>\u00a0<\/span><b><span data-contrast=\"auto\">Rozwijanie umiej\u0119tno\u015bci<\/span><\/b>\u00a0<br \/><span data-contrast=\"auto\">Udzia\u0142 w warsztatach, zaj\u0119ciach pozalekcyjnych czy projektach to \u015bwietny spos\u00f3b na zdobywanie do\u015bwiadczenia i rozwijanie talent\u00f3w, kt\u00f3re przydadz\u0105 si\u0119 w doros\u0142ym \u017cyciu.<\/span><span data-ccp-props=\"{&quot;134233117&quot;:false,&quot;134233118&quot;:false,&quot;335551550&quot;:0,&quot;335551620&quot;:0,&quot;335559738&quot;:240,&quot;335559739&quot;:240}\">\u00a0<\/span><\/p><p><span data-contrast=\"auto\">Pami\u0119tajcie \u2014 to, co robicie dzi\u015b, ma wp\u0142yw na Wasze jutro. Nie czekajcie! Szukajcie swoich pasji, zadawajcie pytania i my\u015blcie o tym, co chcecie osi\u0105gn\u0105\u0107. Wasza przysz\u0142o\u015b\u0107 jest\u00a0<\/span><span data-contrast=\"auto\">w Waszych r\u0119kach!<\/span><span data-ccp-props=\"{&quot;134233117&quot;:false,&quot;134233118&quot;:false,&quot;335551550&quot;:0,&quot;335551620&quot;:0,&quot;335559738&quot;:240,&quot;335559739&quot;:240}\">\u00a0<\/span><\/p><p><span data-ccp-props=\"{&quot;335551550&quot;:0,&quot;335551620&quot;:0}\">\u00a0<\/span><\/p><p aria-level=\"3\"><b><span data-contrast=\"none\">Co to jest doradztwo zawodowe?<\/span><\/b><span data-ccp-props=\"{&quot;134233117&quot;:false,&quot;134233118&quot;:false,&quot;134245418&quot;:true,&quot;134245529&quot;:true,&quot;335551550&quot;:0,&quot;335551620&quot;:0,&quot;335559738&quot;:281,&quot;335559739&quot;:281}\">\u00a0<\/span><\/p><p><span data-contrast=\"auto\">Doradztwo zawodowe w szkole podstawowej to proces wspieraj\u0105cy uczni\u00f3w w odkrywaniu ich talent\u00f3w, zainteresowa\u0144 i mo\u017cliwo\u015bci. Cho\u0107 to dopiero pocz\u0105tek Waszej drogi edukacyjnej, ju\u017c teraz warto pozna\u0107 \u015bwiat zawod\u00f3w i zastanowi\u0107 si\u0119, jak rozwija\u0107 swoje pasje.<\/span><span data-ccp-props=\"{&quot;134233117&quot;:false,&quot;134233118&quot;:false,&quot;335551550&quot;:0,&quot;335551620&quot;:0,&quot;335559738&quot;:240,&quot;335559739&quot;:240}\">\u00a0<\/span><\/p><p><span data-ccp-props=\"{&quot;335551550&quot;:0,&quot;335551620&quot;:0}\">\u00a0<\/span><\/p><p aria-level=\"3\"><b><span data-contrast=\"none\">Czym zajmuje si\u0119 doradca zawodowy?<\/span><\/b><span data-ccp-props=\"{&quot;134233117&quot;:false,&quot;134233118&quot;:false,&quot;134245418&quot;:true,&quot;134245529&quot;:true,&quot;335551550&quot;:0,&quot;335551620&quot;:0,&quot;335559738&quot;:281,&quot;335559739&quot;:281}\">\u00a0<\/span><\/p><p><span data-contrast=\"auto\"><img decoding=\"async\" class=\"emoji\" role=\"img\" draggable=\"false\" src=\"https:\/\/s.w.org\/images\/core\/emoji\/14.0.0\/svg\/1f4d8.svg\" alt=\"\ud83d\udcd8\" \/>\u00a0<\/span><b><span data-contrast=\"auto\">Zaj\u0119cia edukacyjne<\/span><\/b>\u00a0<br \/><span data-contrast=\"auto\">Doradca prowadzi ciekawe warsztaty i zaj\u0119cia, kt\u00f3re pomagaj\u0105 uczniom lepiej pozna\u0107 siebie. Poprzez gry, zabawy i zadania rozwijacie logiczne my\u015blenie, kreatywno\u015b\u0107 i umiej\u0119tno\u015bci spo\u0142eczne.<\/span><span data-ccp-props=\"{&quot;134233117&quot;:false,&quot;134233118&quot;:false,&quot;335551550&quot;:0,&quot;335551620&quot;:0,&quot;335559738&quot;:240,&quot;335559739&quot;:240}\">\u00a0<\/span><\/p><p><span data-contrast=\"auto\"><img decoding=\"async\" class=\"emoji\" role=\"img\" draggable=\"false\" src=\"https:\/\/s.w.org\/images\/core\/emoji\/14.0.0\/svg\/1f4ac.svg\" alt=\"\ud83d\udcac\" \/>\u00a0<\/span><b><span data-contrast=\"auto\">Indywidualne rozmowy<\/span><\/b>\u00a0<br \/><span data-contrast=\"auto\">Podczas spotka\u0144 jeden na jeden mo\u017cecie porozmawia\u0107 o swoich zainteresowaniach, marzeniach i tym, co Was ciekawi. Doradca pomo\u017ce Wam odkry\u0107, w czym jeste\u015bcie dobrzy.<\/span><span data-ccp-props=\"{&quot;134233117&quot;:false,&quot;134233118&quot;:false,&quot;335551550&quot;:0,&quot;335551620&quot;:0,&quot;335559738&quot;:240,&quot;335559739&quot;:240}\">\u00a0<\/span><\/p><p><span data-contrast=\"auto\"><img decoding=\"async\" class=\"emoji\" role=\"img\" draggable=\"false\" src=\"https:\/\/s.w.org\/images\/core\/emoji\/14.0.0\/svg\/1f468-200d-1f3eb.svg\" alt=\"\ud83d\udc68\u200d\ud83c\udfeb\" \/>\u00a0<\/span><b><span data-contrast=\"auto\">Informowanie o zawodach<\/span><\/b>\u00a0<br \/><span data-contrast=\"auto\">Doradca prezentuje r\u00f3\u017cne zawody i \u015bcie\u017cki edukacyjne, a tak\u017ce mo\u017ce zaprosi\u0107 go\u015bci z r\u00f3\u017cnych bran\u017c, by\u015bcie mogli zobaczy\u0107, jak wygl\u0105da ich praca.<\/span><span data-ccp-props=\"{&quot;134233117&quot;:false,&quot;134233118&quot;:false,&quot;335551550&quot;:0,&quot;335551620&quot;:0,&quot;335559738&quot;:240,&quot;335559739&quot;:240}\">\u00a0<\/span><\/p><p><span data-contrast=\"auto\"><img decoding=\"async\" class=\"emoji\" role=\"img\" draggable=\"false\" src=\"https:\/\/s.w.org\/images\/core\/emoji\/14.0.0\/svg\/1f91d.svg\" alt=\"\ud83e\udd1d\" \/>\u00a0<\/span><b><span data-contrast=\"auto\">Wsp\u00f3\u0142praca z nauczycielami<\/span><\/b>\u00a0<br \/><span data-contrast=\"auto\">Dzi\u0119ki wsp\u00f3\u0142pracy doradcy z nauczycielami, elementy doradztwa zawodowego pojawiaj\u0105 si\u0119 te\u017c na lekcjach. To pomaga zrozumie\u0107, jak szkolne umiej\u0119tno\u015bci przydadz\u0105 si\u0119 w pracy.<\/span><span data-ccp-props=\"{&quot;134233117&quot;:false,&quot;134233118&quot;:false,&quot;335551550&quot;:0,&quot;335551620&quot;:0,&quot;335559738&quot;:240,&quot;335559739&quot;:240}\">\u00a0<\/span><\/p><p><span data-contrast=\"auto\"><img decoding=\"async\" class=\"emoji\" role=\"img\" draggable=\"false\" src=\"https:\/\/s.w.org\/images\/core\/emoji\/14.0.0\/svg\/1f46a.svg\" alt=\"\ud83d\udc6a\" \/>\u00a0<\/span><b><span data-contrast=\"auto\">Wsparcie dla rodzic\u00f3w<\/span><\/b>\u00a0<br \/><span data-contrast=\"auto\">Rodzice tak\u017ce otrzymuj\u0105 wsparcie \u2013 doradca pokazuje, jak mog\u0105 pom\u00f3c dzieciom w odkrywaniu ich talent\u00f3w i podejmowaniu decyzji dotycz\u0105cych przysz\u0142o\u015bci.<\/span><span data-ccp-props=\"{&quot;134233117&quot;:false,&quot;134233118&quot;:false,&quot;335551550&quot;:0,&quot;335551620&quot;:0,&quot;335559738&quot;:240,&quot;335559739&quot;:240}\">\u00a0<\/span><\/p><p><span data-contrast=\"auto\"><img decoding=\"async\" class=\"emoji\" role=\"img\" draggable=\"false\" src=\"https:\/\/s.w.org\/images\/core\/emoji\/14.0.0\/svg\/1f393.svg\" alt=\"\ud83c\udf93\" \/>\u00a0<\/span><b><span data-contrast=\"auto\">Organizacja wydarze\u0144<\/span><\/b>\u00a0<br \/><span data-contrast=\"auto\">Doradca mo\u017ce organizowa\u0107 dni otwarte, wizyty w firmach czy projekty, kt\u00f3re pozwalaj\u0105 Wam zdoby\u0107 praktyczne do\u015bwiadczenie i zobaczy\u0107, jak wygl\u0105da praca w r\u00f3\u017cnych zawodach.<\/span><span data-ccp-props=\"{&quot;134233117&quot;:false,&quot;134233118&quot;:false,&quot;335551550&quot;:0,&quot;335551620&quot;:0,&quot;335559738&quot;:240,&quot;335559739&quot;:240}\">\u00a0<\/span><\/p><p><span data-contrast=\"auto\"><img decoding=\"async\" class=\"emoji\" role=\"img\" draggable=\"false\" src=\"https:\/\/s.w.org\/images\/core\/emoji\/14.0.0\/svg\/1f4dd.svg\" alt=\"\ud83d\udcdd\" \/>\u00a0<\/span><b><span data-contrast=\"auto\">Wsparcie przy rekrutacji do szk\u00f3\u0142 ponadpodstawowych<\/span><\/b>\u00a0<br \/><span data-contrast=\"auto\">Pomaga zrozumie\u0107 proces rekrutacji, dobra\u0107 odpowiedni\u0105 szko\u0142\u0119 i przygotowa\u0107 si\u0119 do kolejnego etapu edukacji.<\/span><span data-ccp-props=\"{&quot;134233117&quot;:false,&quot;134233118&quot;:false,&quot;335551550&quot;:0,&quot;335551620&quot;:0,&quot;335559738&quot;:240,&quot;335559739&quot;:240}\">\u00a0<\/span><\/p><p><span data-ccp-props=\"{&quot;335551550&quot;:0,&quot;335551620&quot;:0}\">\u00a0<\/span><\/p><p><span data-contrast=\"auto\">Doradztwo zawodowe w szkole podstawowej to solidny fundament na przysz\u0142o\u015b\u0107. Zach\u0119ca do poznawania siebie, odkrywania pasji i podejmowania \u015bwiadomych decyzji. To pierwszy krok do budowania spe\u0142nionego, szcz\u0119\u015bliwego \u017cycia.<\/span><span data-ccp-props=\"{&quot;134233117&quot;:false,&quot;134233118&quot;:false,&quot;335551550&quot;:0,&quot;335551620&quot;:0,&quot;335559738&quot;:240,&quot;335559739&quot;:240}\">\u00a0<\/span><\/p><p>\u00a0<\/p><h3 class=\"wp-block-heading\">Przydatne linki dla ucznia i rodzica:<\/h3><p>1.\u00a0 Kilka s\u0142\u00f3w o szkolnictwie<\/p><p><a href=\"https:\/\/doradztwo.ore.edu.pl\/multimedia\/\">Filmy o zawodach<\/a><\/p><p><a href=\"https:\/\/doradztwo.ore.edu.pl\/cykl-filmow-drogi-zawodowe\/\">Drogi zawodowe<\/a><\/p><p><a href=\"https:\/\/doradztwo.ore.edu.pl\/filmy-animowane-o-wyborze-szkoly-i-zawodu\/\">Wyb\u00f3r szko\u0142y i zawodu<\/a><\/p><p><a href=\"https:\/\/mapakarier.org\/#\/map?_k=u158e9\">Mapa karier<\/a><\/p><p>2. Wyszukiwarki zawod\u00f3w i kierunk\u00f3w studi\u00f3w:<\/p><p><a href=\"https:\/\/doradztwo.ore.edu.pl\/wybieram-zawod\/\">Wyszukiwarka zawod\u00f3w\u00a0<\/a><\/p><p><a href=\"http:\/\/www.wybieramzawod.pl\/testy-i-materialy\">Katalog zawod\u00f3w \u2013 wybieram zaw\u00f3d\u00a0<\/a><\/p><p><a href=\"https:\/\/koweziu.edu.pl\/\">Karty zawod\u00f3w\u00a0<\/a><\/p><p><a href=\"http:\/\/www.klockikariery.ore.hm.pl\/\">Gra \u201cKlocki kariery \u2013 planowanie kariery\u201d<\/a><\/p><p><a href=\"https:\/\/www.16personalities.com\/pl\">Test osobowo\u015bci\u00a0<\/a><\/p><p><a href=\"https:\/\/mapakarier.org\/\">Mapa karier<\/a><\/p><p><a href=\"http:\/\/chrome-extension\/\/efaidnbmnnnibpcajpcglclefindmkaj\/http:\/\/www.e-zamek.pl\/public\/docs\/pdf\/test-predyspozycji-zawodowych.pdf\">Test predyspozycji zawodowych<\/a>\u00a0<\/p>\t\t\t\t\t\t\t\t<\/div>\n\t\t\t\t\t<\/div>\n\t\t<\/div>\n\t\t\t\t\t<\/div>\n\t\t<\/section>\n\t\t\t\t<\/div>\n\t\t","protected":false},"excerpt":{"rendered":"<p>Strona g\u0142\u00f3wna Drodzy Uczniowie!\u00a0 Wiemy, \u017ce my\u015blenie o przysz\u0142o\u015bci mo\u017ce czasem wydawa\u0107 si\u0119 odleg\u0142e i troch\u0119 przyt\u0142aczaj\u0105ce. Ale warto ju\u017c teraz zacz\u0105\u0107 zastanawia\u0107 si\u0119, co chcieliby\u015bcie robi\u0107 w \u017cyciu. Oto kilka powod\u00f3w, dla kt\u00f3rych dobrze jest zainteresowa\u0107 si\u0119 swoj\u0105 przysz\u0142o\u015bci\u0105:\u00a0 \u00a0Odkrywanie pasji\u00a0Ka\u017cdy z nas ma co\u015b, co sprawia mu rado\u015b\u0107 \u2014 mo\u017ce to by\u0107 rysowanie, [&hellip;]<\/p>\n","protected":false},"author":1,"featured_media":0,"parent":0,"menu_order":0,"comment_status":"closed","ping_status":"closed","template":"","meta":{"footnotes":""},"class_list":["post-1038","page","type-page","status-publish","hentry"],"aioseo_notices":[],"_links":{"self":[{"href":"https:\/\/zsp4.radom.pl\/szkola\/wp-json\/wp\/v2\/pages\/1038","targetHints":{"allow":["GET"]}}],"collection":[{"href":"https:\/\/zsp4.radom.pl\/szkola\/wp-json\/wp\/v2\/pages"}],"about":[{"href":"https:\/\/zsp4.radom.pl\/szkola\/wp-json\/wp\/v2\/types\/page"}],"author":[{"embeddable":true,"href":"https:\/\/zsp4.radom.pl\/szkola\/wp-json\/wp\/v2\/users\/1"}],"replies":[{"embeddable":true,"href":"https:\/\/zsp4.radom.pl\/szkola\/wp-json\/wp\/v2\/comments?post=1038"}],"version-history":[{"count":7,"href":"https:\/\/zsp4.radom.pl\/szkola\/wp-json\/wp\/v2\/pages\/1038\/revisions"}],"predecessor-version":[{"id":1984,"href":"https:\/\/zsp4.radom.pl\/szkola\/wp-json\/wp\/v2\/pages\/1038\/revisions\/1984"}],"wp:attachment":[{"href":"https:\/\/zsp4.radom.pl\/szkola\/wp-json\/wp\/v2\/media?parent=1038"}],"curies":[{"name":"wp","href":"https:\/\/api.w.org\/{rel}","templated":true}]}}