{"id":1053,"date":"2025-08-11T12:55:35","date_gmt":"2025-08-11T10:55:35","guid":{"rendered":"https:\/\/zsp4.radom.pl\/szkola\/biblioteka-copy\/"},"modified":"2026-02-20T17:50:33","modified_gmt":"2026-02-20T16:50:33","slug":"szkola-w-mediach","status":"publish","type":"page","link":"https:\/\/zsp4.radom.pl\/szkola\/szkola-w-mediach\/","title":{"rendered":"Szko\u0142a w Mediach"},"content":{"rendered":"\t\t<div data-elementor-type=\"wp-page\" data-elementor-id=\"1053\" class=\"elementor elementor-1053\" data-elementor-post-type=\"page\">\n\t\t\t\t\t\t<section class=\"elementor-section elementor-top-section elementor-element elementor-element-6cabd91 elementor-section-boxed elementor-section-height-default elementor-section-height-default\" data-id=\"6cabd91\" data-element_type=\"section\" data-settings=\"{&quot;background_background&quot;:&quot;classic&quot;}\">\n\t\t\t\t\t\t\t<div class=\"elementor-background-overlay\"><\/div>\n\t\t\t\t\t\t\t<div class=\"elementor-container elementor-column-gap-default\">\n\t\t\t\t\t<div class=\"elementor-column elementor-col-100 elementor-top-column elementor-element elementor-element-548f348\" data-id=\"548f348\" data-element_type=\"column\">\n\t\t\t<div class=\"elementor-widget-wrap elementor-element-populated\">\n\t\t\t\t\t\t<div class=\"elementor-element elementor-element-7dc5ae8 elementor-widget elementor-widget-heading\" data-id=\"7dc5ae8\" data-element_type=\"widget\" data-widget_type=\"heading.default\">\n\t\t\t\t\t<h1 class=\"elementor-heading-title elementor-size-default\">Szko\u0142a w Mediach<\/h1>\t\t\t\t<\/div>\n\t\t\t\t<div class=\"elementor-element elementor-element-414dd0d elementor-icon-list--layout-inline elementor-align-center elementor-list-item-link-full_width elementor-widget elementor-widget-icon-list\" data-id=\"414dd0d\" data-element_type=\"widget\" data-widget_type=\"icon-list.default\">\n\t\t\t\t\t\t\t<ul class=\"elementor-icon-list-items elementor-inline-items\">\n\t\t\t\t\t\t\t<li class=\"elementor-icon-list-item elementor-inline-item\">\n\t\t\t\t\t\t\t\t\t\t\t<a href=\"\/\">\n\n\t\t\t\t\t\t\t\t\t\t\t<span class=\"elementor-icon-list-text\">Strona g\u0142\u00f3wna<\/span>\n\t\t\t\t\t\t\t\t\t\t\t<\/a>\n\t\t\t\t\t\t\t\t\t<\/li>\n\t\t\t\t\t\t\t\t<li class=\"elementor-icon-list-item elementor-inline-item\">\n\t\t\t\t\t\t\t\t\t\t\t<span class=\"elementor-icon-list-icon\">\n\t\t\t\t\t\t\t<svg aria-hidden=\"true\" class=\"e-font-icon-svg e-fas-chevron-right\" viewBox=\"0 0 320 512\" xmlns=\"http:\/\/www.w3.org\/2000\/svg\"><path d=\"M285.476 272.971L91.132 467.314c-9.373 9.373-24.569 9.373-33.941 0l-22.667-22.667c-9.357-9.357-9.375-24.522-.04-33.901L188.505 256 34.484 101.255c-9.335-9.379-9.317-24.544.04-33.901l22.667-22.667c9.373-9.373 24.569-9.373 33.941 0L285.475 239.03c9.373 9.372 9.373 24.568.001 33.941z\"><\/path><\/svg>\t\t\t\t\t\t<\/span>\n\t\t\t\t\t\t\t\t\t\t<span class=\"elementor-icon-list-text\">Szko\u0142a w Mediach<\/span>\n\t\t\t\t\t\t\t\t\t<\/li>\n\t\t\t\t\t\t<\/ul>\n\t\t\t\t\t\t<\/div>\n\t\t\t\t\t<\/div>\n\t\t<\/div>\n\t\t\t\t\t<\/div>\n\t\t<\/section>\n\t\t\t\t<section class=\"elementor-section elementor-top-section elementor-element elementor-element-fc5f9ca elementor-section-boxed elementor-section-height-default elementor-section-height-default\" data-id=\"fc5f9ca\" data-element_type=\"section\">\n\t\t\t\t\t\t\t<div class=\"elementor-background-overlay\"><\/div>\n\t\t\t\t\t\t\t<div class=\"elementor-container elementor-column-gap-default\">\n\t\t\t\t\t<div class=\"elementor-column elementor-col-100 elementor-top-column elementor-element elementor-element-c4fcd62\" data-id=\"c4fcd62\" data-element_type=\"column\">\n\t\t\t<div class=\"elementor-widget-wrap elementor-element-populated\">\n\t\t\t\t\t\t<div class=\"elementor-element elementor-element-4d68842 wpisy elementor-widget elementor-widget-jkit_post_block\" data-id=\"4d68842\" data-element_type=\"widget\" data-widget_type=\"jkit_post_block.default\">\n\t\t\t\t\t<div  class=\"jeg-elementor-kit jkit-postblock postblock-type-3 jkit-pagination-loadmore post-element jeg_module___69e116a50650b\"  data-id=\"jeg_module___69e116a50650b\" data-settings=\"{&quot;post_type&quot;:&quot;post&quot;,&quot;number_post&quot;:{&quot;unit&quot;:&quot;px&quot;,&quot;size&quot;:9,&quot;sizes&quot;:[]},&quot;post_offset&quot;:0,&quot;unique_content&quot;:&quot;disable&quot;,&quot;include_post&quot;:&quot;&quot;,&quot;exclude_post&quot;:&quot;&quot;,&quot;include_category&quot;:&quot;13&quot;,&quot;exclude_category&quot;:&quot;&quot;,&quot;include_author&quot;:&quot;&quot;,&quot;include_tag&quot;:&quot;&quot;,&quot;exclude_tag&quot;:&quot;&quot;,&quot;sort_by&quot;:&quot;latest&quot;,&quot;pagination_mode&quot;:&quot;loadmore&quot;,&quot;pagination_loadmore_text&quot;:&quot;Wi\\u0119cej wpis\\u00f3w&quot;,&quot;pagination_loading_text&quot;:&quot;\\u0141adowanie...&quot;,&quot;pagination_number_post&quot;:{&quot;unit&quot;:&quot;px&quot;,&quot;size&quot;:3,&quot;sizes&quot;:[]},&quot;pagination_scroll_limit&quot;:0,&quot;pagination_icon&quot;:{&quot;value&quot;:&quot;&quot;,&quot;library&quot;:&quot;&quot;},&quot;pagination_icon_position&quot;:&quot;before&quot;,&quot;st_category_position&quot;:&quot;left&quot;,&quot;sg_content_postblock_type&quot;:&quot;type-3&quot;,&quot;sg_content_element_order&quot;:&quot;title,meta,read&quot;,&quot;sg_content_breakpoint&quot;:&quot;tablet&quot;,&quot;sg_content_title_html_tag&quot;:&quot;h4&quot;,&quot;sg_content_category_enable&quot;:&quot;&quot;,&quot;sg_content_excerpt_enable&quot;:&quot;yes&quot;,&quot;sg_content_excerpt_length&quot;:{&quot;unit&quot;:&quot;px&quot;,&quot;size&quot;:19,&quot;sizes&quot;:[]},&quot;sg_content_excerpt_more&quot;:&quot;...&quot;,&quot;sg_content_readmore_enable&quot;:&quot;yes&quot;,&quot;sg_content_readmore_icon&quot;:{&quot;value&quot;:&quot;fas fa-arrow-right&quot;,&quot;library&quot;:&quot;fa-solid&quot;},&quot;sg_content_readmore_icon_position&quot;:&quot;after&quot;,&quot;sg_content_readmore_text&quot;:&quot;Zobacz wpis&quot;,&quot;sg_content_comment_enable&quot;:&quot;&quot;,&quot;sg_content_comment_icon&quot;:{&quot;value&quot;:&quot;fas fa-comment&quot;,&quot;library&quot;:&quot;fa-solid&quot;},&quot;sg_content_comment_icon_position&quot;:&quot;before&quot;,&quot;sg_content_meta_enable&quot;:&quot;&quot;,&quot;sg_content_meta_author_enable&quot;:&quot;&quot;,&quot;sg_content_meta_author_by_text&quot;:&quot;by&quot;,&quot;sg_content_meta_author_icon&quot;:{&quot;value&quot;:&quot;fas fa-user&quot;,&quot;library&quot;:&quot;fa-solid&quot;},&quot;sg_content_meta_author_icon_position&quot;:&quot;before&quot;,&quot;sg_content_meta_date_enable&quot;:&quot;&quot;,&quot;sg_content_meta_date_type&quot;:&quot;published&quot;,&quot;sg_content_meta_date_format&quot;:&quot;default&quot;,&quot;sg_content_meta_date_format_custom&quot;:&quot;F j, Y&quot;,&quot;sg_content_meta_date_icon&quot;:{&quot;value&quot;:&quot;fas fa-clock&quot;,&quot;library&quot;:&quot;fa-solid&quot;},&quot;sg_content_meta_date_icon_position&quot;:&quot;before&quot;,&quot;sg_content_image_size_imagesize_size&quot;:&quot;full&quot;,&quot;paged&quot;:1,&quot;class&quot;:&quot;jkit_post_block&quot;}\"><div class=\"jkit-block-container\"><div class=\"jkit-posts jkit-ajax-flag\">\n            <article class=\"jkit-post post-3830 post type-post status-publish format-standard has-post-thumbnail hentry category-aktualnosci category-szkola-w-mediach tag-turystyka\">\n                    <div class=\"jkit-thumb\"><a aria-label=\"Radomski Turysta Miejski\" href=\"https:\/\/zsp4.radom.pl\/szkola\/radomski-turysta-miejski\/\"><div class=\"thumbnail-container \">\n            <img loading=\"lazy\" decoding=\"async\" width=\"1152\" height=\"2048\" src=\"https:\/\/zsp4.radom.pl\/szkola\/wp-content\/uploads\/2026\/02\/ef846d94-9829-48ad-b00c-4b564012a28f.jpg\" class=\"attachment-full size-full wp-post-image\" alt=\"\" loading=\"lazy\" srcset=\"https:\/\/zsp4.radom.pl\/szkola\/wp-content\/uploads\/2026\/02\/ef846d94-9829-48ad-b00c-4b564012a28f.jpg 1152w, https:\/\/zsp4.radom.pl\/szkola\/wp-content\/uploads\/2026\/02\/ef846d94-9829-48ad-b00c-4b564012a28f-169x300.jpg 169w, https:\/\/zsp4.radom.pl\/szkola\/wp-content\/uploads\/2026\/02\/ef846d94-9829-48ad-b00c-4b564012a28f-576x1024.jpg 576w, https:\/\/zsp4.radom.pl\/szkola\/wp-content\/uploads\/2026\/02\/ef846d94-9829-48ad-b00c-4b564012a28f-768x1365.jpg 768w, https:\/\/zsp4.radom.pl\/szkola\/wp-content\/uploads\/2026\/02\/ef846d94-9829-48ad-b00c-4b564012a28f-864x1536.jpg 864w\" sizes=\"auto, (max-width: 1152px) 100vw, 1152px\" \/>\n        <\/div><\/a><\/div>\n                    <div class=\"jkit-postblock-content\"><h4 class=\"jkit-post-title\">\n\t\t\t\t\t\t\t<a href=\"https:\/\/zsp4.radom.pl\/szkola\/radomski-turysta-miejski\/\">Radomski Turysta Miejski<\/a>\n\t\t\t\t\t\t<\/h4><div class=\"jkit-post-meta-bottom\">\n\t\t\t\t\t\t\t<div class=\"jkit-meta-readmore icon-position-after\">\n                <a title=\"Radomski Turysta Miejski\" href=\"https:\/\/zsp4.radom.pl\/szkola\/radomski-turysta-miejski\/\" class=\"jkit-readmore\">Zobacz wpis<svg aria-hidden=\"true\" class=\"e-font-icon-svg e-fas-arrow-right\" viewBox=\"0 0 448 512\" xmlns=\"http:\/\/www.w3.org\/2000\/svg\"><path d=\"M190.5 66.9l22.2-22.2c9.4-9.4 24.6-9.4 33.9 0L441 239c9.4 9.4 9.4 24.6 0 33.9L246.6 467.3c-9.4 9.4-24.6 9.4-33.9 0l-22.2-22.2c-9.5-9.5-9.3-25 .4-34.3L311.4 296H24c-13.3 0-24-10.7-24-24v-32c0-13.3 10.7-24 24-24h287.4L190.9 101.2c-9.8-9.3-10-24.8-.4-34.3z\"><\/path><\/svg><\/a>\n            <\/div>\n\t\t\t\t\t\t<\/div><\/div>\n                <\/article><article class=\"jkit-post post-1068 post type-post status-publish format-standard hentry category-szkola-w-mediach tag-mlodzi-radomianie-poznali-swoje-miasto\">\n                    <div class=\"jkit-thumb\"><a aria-label=\"M\u0142odzi radomianie poznali swoje miasto\" href=\"https:\/\/zsp4.radom.pl\/szkola\/mlodzi-radomianie-poznali-swoje-miasto\/\"><div class=\"thumbnail-container no_thumbnail\">\n            \n        <\/div><\/a><\/div>\n                    <div class=\"jkit-postblock-content\"><h4 class=\"jkit-post-title\">\n\t\t\t\t\t\t\t<a href=\"https:\/\/zsp4.radom.pl\/szkola\/mlodzi-radomianie-poznali-swoje-miasto\/\">M\u0142odzi radomianie poznali swoje miasto<\/a>\n\t\t\t\t\t\t<\/h4><div class=\"jkit-post-meta-bottom\">\n\t\t\t\t\t\t\t<div class=\"jkit-meta-readmore icon-position-after\">\n                <a title=\"M\u0142odzi radomianie poznali swoje miasto\" href=\"https:\/\/zsp4.radom.pl\/szkola\/mlodzi-radomianie-poznali-swoje-miasto\/\" class=\"jkit-readmore\">Zobacz wpis<svg aria-hidden=\"true\" class=\"e-font-icon-svg e-fas-arrow-right\" viewBox=\"0 0 448 512\" xmlns=\"http:\/\/www.w3.org\/2000\/svg\"><path d=\"M190.5 66.9l22.2-22.2c9.4-9.4 24.6-9.4 33.9 0L441 239c9.4 9.4 9.4 24.6 0 33.9L246.6 467.3c-9.4 9.4-24.6 9.4-33.9 0l-22.2-22.2c-9.5-9.5-9.3-25 .4-34.3L311.4 296H24c-13.3 0-24-10.7-24-24v-32c0-13.3 10.7-24 24-24h287.4L190.9 101.2c-9.8-9.3-10-24.8-.4-34.3z\"><\/path><\/svg><\/a>\n            <\/div>\n\t\t\t\t\t\t<\/div><\/div>\n                <\/article><article class=\"jkit-post post-1063 post type-post status-publish format-standard hentry category-szkola-w-mediach tag-malczewski-i-bezpieczenstwo-kolejna-edycja-konkursu-dla-dzieci-rozstrzygnieta\">\n                    <div class=\"jkit-thumb\"><a aria-label=\"Malczewski i bezpiecze\u0144stwo. Kolejna edycja konkursu dla dzieci rozstrzygni\u0119ta\" href=\"https:\/\/zsp4.radom.pl\/szkola\/malczewski-i-bezpieczenstwo-kolejna-edycja-konkursu-dla-dzieci-rozstrzygnieta\/\"><div class=\"thumbnail-container no_thumbnail\">\n            \n        <\/div><\/a><\/div>\n                    <div class=\"jkit-postblock-content\"><h4 class=\"jkit-post-title\">\n\t\t\t\t\t\t\t<a href=\"https:\/\/zsp4.radom.pl\/szkola\/malczewski-i-bezpieczenstwo-kolejna-edycja-konkursu-dla-dzieci-rozstrzygnieta\/\">Malczewski i bezpiecze\u0144stwo. Kolejna edycja konkursu dla dzieci rozstrzygni\u0119ta<\/a>\n\t\t\t\t\t\t<\/h4><div class=\"jkit-post-meta-bottom\">\n\t\t\t\t\t\t\t<div class=\"jkit-meta-readmore icon-position-after\">\n                <a title=\"Malczewski i bezpiecze\u0144stwo. Kolejna edycja konkursu dla dzieci rozstrzygni\u0119ta\" href=\"https:\/\/zsp4.radom.pl\/szkola\/malczewski-i-bezpieczenstwo-kolejna-edycja-konkursu-dla-dzieci-rozstrzygnieta\/\" class=\"jkit-readmore\">Zobacz wpis<svg aria-hidden=\"true\" class=\"e-font-icon-svg e-fas-arrow-right\" viewBox=\"0 0 448 512\" xmlns=\"http:\/\/www.w3.org\/2000\/svg\"><path d=\"M190.5 66.9l22.2-22.2c9.4-9.4 24.6-9.4 33.9 0L441 239c9.4 9.4 9.4 24.6 0 33.9L246.6 467.3c-9.4 9.4-24.6 9.4-33.9 0l-22.2-22.2c-9.5-9.5-9.3-25 .4-34.3L311.4 296H24c-13.3 0-24-10.7-24-24v-32c0-13.3 10.7-24 24-24h287.4L190.9 101.2c-9.8-9.3-10-24.8-.4-34.3z\"><\/path><\/svg><\/a>\n            <\/div>\n\t\t\t\t\t\t<\/div><\/div>\n                <\/article><article class=\"jkit-post post-1058 post type-post status-publish format-standard hentry category-szkola-w-mediach tag-festyn-rodzinny-i-love-europe-w-zsp-nr-4\">\n                    <div class=\"jkit-thumb\"><a aria-label=\"Festyn rodzinny \u201eI Love EUROPE&#8221; w ZSP nr 4\" href=\"https:\/\/zsp4.radom.pl\/szkola\/festyn-rodzinny-i-love-europe-w-zsp-nr-4\/\"><div class=\"thumbnail-container no_thumbnail\">\n            \n        <\/div><\/a><\/div>\n                    <div class=\"jkit-postblock-content\"><h4 class=\"jkit-post-title\">\n\t\t\t\t\t\t\t<a href=\"https:\/\/zsp4.radom.pl\/szkola\/festyn-rodzinny-i-love-europe-w-zsp-nr-4\/\">Festyn rodzinny \u201eI Love EUROPE&#8221; w ZSP nr 4<\/a>\n\t\t\t\t\t\t<\/h4><div class=\"jkit-post-meta-bottom\">\n\t\t\t\t\t\t\t<div class=\"jkit-meta-readmore icon-position-after\">\n                <a title=\"Festyn rodzinny \u201eI Love EUROPE&#8221; w ZSP nr 4\" href=\"https:\/\/zsp4.radom.pl\/szkola\/festyn-rodzinny-i-love-europe-w-zsp-nr-4\/\" class=\"jkit-readmore\">Zobacz wpis<svg aria-hidden=\"true\" class=\"e-font-icon-svg e-fas-arrow-right\" viewBox=\"0 0 448 512\" xmlns=\"http:\/\/www.w3.org\/2000\/svg\"><path d=\"M190.5 66.9l22.2-22.2c9.4-9.4 24.6-9.4 33.9 0L441 239c9.4 9.4 9.4 24.6 0 33.9L246.6 467.3c-9.4 9.4-24.6 9.4-33.9 0l-22.2-22.2c-9.5-9.5-9.3-25 .4-34.3L311.4 296H24c-13.3 0-24-10.7-24-24v-32c0-13.3 10.7-24 24-24h287.4L190.9 101.2c-9.8-9.3-10-24.8-.4-34.3z\"><\/path><\/svg><\/a>\n            <\/div>\n\t\t\t\t\t\t<\/div><\/div>\n                <\/article><article class=\"jkit-post post-375 post type-post status-publish format-standard hentry category-szkola-w-mediach tag-konkurs-plastyczno-literacki\">\n                    <div class=\"jkit-thumb\"><a aria-label=\"Konkurs plastyczno-literacki: \u015awiat z obraz\u00f3w Jacka Malczewskiego oczami mojej wyobra\u017ani\" href=\"https:\/\/zsp4.radom.pl\/szkola\/konkurs-plastyczno-literacki-swiat-z-obrazow-jacka-malczewskiego-oczami-mojej-wyobrazni\/\"><div class=\"thumbnail-container no_thumbnail\">\n            \n        <\/div><\/a><\/div>\n                    <div class=\"jkit-postblock-content\"><h4 class=\"jkit-post-title\">\n\t\t\t\t\t\t\t<a href=\"https:\/\/zsp4.radom.pl\/szkola\/konkurs-plastyczno-literacki-swiat-z-obrazow-jacka-malczewskiego-oczami-mojej-wyobrazni\/\">Konkurs plastyczno-literacki: \u015awiat z obraz\u00f3w Jacka Malczewskiego oczami mojej wyobra\u017ani<\/a>\n\t\t\t\t\t\t<\/h4><div class=\"jkit-post-meta-bottom\">\n\t\t\t\t\t\t\t<div class=\"jkit-meta-readmore icon-position-after\">\n                <a title=\"Konkurs plastyczno-literacki: \u015awiat z obraz\u00f3w Jacka Malczewskiego oczami mojej wyobra\u017ani\" href=\"https:\/\/zsp4.radom.pl\/szkola\/konkurs-plastyczno-literacki-swiat-z-obrazow-jacka-malczewskiego-oczami-mojej-wyobrazni\/\" class=\"jkit-readmore\">Zobacz wpis<svg aria-hidden=\"true\" class=\"e-font-icon-svg e-fas-arrow-right\" viewBox=\"0 0 448 512\" xmlns=\"http:\/\/www.w3.org\/2000\/svg\"><path d=\"M190.5 66.9l22.2-22.2c9.4-9.4 24.6-9.4 33.9 0L441 239c9.4 9.4 9.4 24.6 0 33.9L246.6 467.3c-9.4 9.4-24.6 9.4-33.9 0l-22.2-22.2c-9.5-9.5-9.3-25 .4-34.3L311.4 296H24c-13.3 0-24-10.7-24-24v-32c0-13.3 10.7-24 24-24h287.4L190.9 101.2c-9.8-9.3-10-24.8-.4-34.3z\"><\/path><\/svg><\/a>\n            <\/div>\n\t\t\t\t\t\t<\/div><\/div>\n                <\/article>\n        <\/div><\/div><\/div>\t\t\t\t<\/div>\n\t\t\t\t\t<\/div>\n\t\t<\/div>\n\t\t\t\t\t<\/div>\n\t\t<\/section>\n\t\t\t\t<\/div>\n\t\t","protected":false},"excerpt":{"rendered":"<p>Strona g\u0142\u00f3wna edit post Radomski Turysta Miejski Zobacz wpis edit post M\u0142odzi radomianie poznali swoje miasto Zobacz wpis edit post Malczewski i bezpiecze\u0144stwo. Kolejna edycja konkursu dla dzieci rozstrzygni\u0119ta Zobacz wpis edit post Festyn rodzinny \u201eI Love EUROPE&#8221; w ZSP nr 4 Zobacz wpis edit post Konkurs plastyczno-literacki: \u015awiat z obraz\u00f3w Jacka Malczewskiego oczami mojej [&hellip;]<\/p>\n","protected":false},"author":1,"featured_media":0,"parent":0,"menu_order":0,"comment_status":"closed","ping_status":"closed","template":"","meta":{"footnotes":""},"class_list":["post-1053","page","type-page","status-publish","hentry"],"aioseo_notices":[],"_links":{"self":[{"href":"https:\/\/zsp4.radom.pl\/szkola\/wp-json\/wp\/v2\/pages\/1053","targetHints":{"allow":["GET"]}}],"collection":[{"href":"https:\/\/zsp4.radom.pl\/szkola\/wp-json\/wp\/v2\/pages"}],"about":[{"href":"https:\/\/zsp4.radom.pl\/szkola\/wp-json\/wp\/v2\/types\/page"}],"author":[{"embeddable":true,"href":"https:\/\/zsp4.radom.pl\/szkola\/wp-json\/wp\/v2\/users\/1"}],"replies":[{"embeddable":true,"href":"https:\/\/zsp4.radom.pl\/szkola\/wp-json\/wp\/v2\/comments?post=1053"}],"version-history":[{"count":16,"href":"https:\/\/zsp4.radom.pl\/szkola\/wp-json\/wp\/v2\/pages\/1053\/revisions"}],"predecessor-version":[{"id":3846,"href":"https:\/\/zsp4.radom.pl\/szkola\/wp-json\/wp\/v2\/pages\/1053\/revisions\/3846"}],"wp:attachment":[{"href":"https:\/\/zsp4.radom.pl\/szkola\/wp-json\/wp\/v2\/media?parent=1053"}],"curies":[{"name":"wp","href":"https:\/\/api.w.org\/{rel}","templated":true}]}}