{"id":2362,"date":"2025-09-30T19:04:36","date_gmt":"2025-09-30T17:04:36","guid":{"rendered":"https:\/\/zsp4.radom.pl\/szkola\/zajecia-dodatkowe-copy\/"},"modified":"2026-01-12T21:51:09","modified_gmt":"2026-01-12T20:51:09","slug":"zamow-posilek","status":"publish","type":"page","link":"https:\/\/zsp4.radom.pl\/szkola\/zamow-posilek\/","title":{"rendered":"Zam\u00f3w posi\u0142ek"},"content":{"rendered":"\t\t<div data-elementor-type=\"wp-page\" data-elementor-id=\"2362\" class=\"elementor elementor-2362\" data-elementor-post-type=\"page\">\n\t\t\t\t\t\t<section class=\"elementor-section elementor-top-section elementor-element elementor-element-b674d0a elementor-section-boxed elementor-section-height-default elementor-section-height-default\" data-id=\"b674d0a\" data-element_type=\"section\" data-settings=\"{&quot;background_background&quot;:&quot;classic&quot;}\">\n\t\t\t\t\t\t\t<div class=\"elementor-background-overlay\"><\/div>\n\t\t\t\t\t\t\t<div class=\"elementor-container elementor-column-gap-default\">\n\t\t\t\t\t<div class=\"elementor-column elementor-col-100 elementor-top-column elementor-element elementor-element-52c8040\" data-id=\"52c8040\" data-element_type=\"column\">\n\t\t\t<div class=\"elementor-widget-wrap elementor-element-populated\">\n\t\t\t\t\t\t<div class=\"elementor-element elementor-element-182989f elementor-widget elementor-widget-heading\" data-id=\"182989f\" data-element_type=\"widget\" data-widget_type=\"heading.default\">\n\t\t\t\t\t<h1 class=\"elementor-heading-title elementor-size-default\">Zam\u00f3w posi\u0142ek<\/h1>\t\t\t\t<\/div>\n\t\t\t\t<div class=\"elementor-element elementor-element-306ce8f elementor-icon-list--layout-inline elementor-align-center elementor-list-item-link-full_width elementor-widget elementor-widget-icon-list\" data-id=\"306ce8f\" data-element_type=\"widget\" data-widget_type=\"icon-list.default\">\n\t\t\t\t\t\t\t<ul class=\"elementor-icon-list-items elementor-inline-items\">\n\t\t\t\t\t\t\t<li class=\"elementor-icon-list-item elementor-inline-item\">\n\t\t\t\t\t\t\t\t\t\t\t<a href=\"\/\">\n\n\t\t\t\t\t\t\t\t\t\t\t<span class=\"elementor-icon-list-text\">Strona g\u0142\u00f3wna<\/span>\n\t\t\t\t\t\t\t\t\t\t\t<\/a>\n\t\t\t\t\t\t\t\t\t<\/li>\n\t\t\t\t\t\t\t\t<li class=\"elementor-icon-list-item elementor-inline-item\">\n\t\t\t\t\t\t\t\t\t\t\t<span class=\"elementor-icon-list-icon\">\n\t\t\t\t\t\t\t<svg aria-hidden=\"true\" class=\"e-font-icon-svg e-fas-chevron-right\" viewBox=\"0 0 320 512\" xmlns=\"http:\/\/www.w3.org\/2000\/svg\"><path d=\"M285.476 272.971L91.132 467.314c-9.373 9.373-24.569 9.373-33.941 0l-22.667-22.667c-9.357-9.357-9.375-24.522-.04-33.901L188.505 256 34.484 101.255c-9.335-9.379-9.317-24.544.04-33.901l22.667-22.667c9.373-9.373 24.569-9.373 33.941 0L285.475 239.03c9.373 9.372 9.373 24.568.001 33.941z\"><\/path><\/svg>\t\t\t\t\t\t<\/span>\n\t\t\t\t\t\t\t\t\t\t<span class=\"elementor-icon-list-text\">Zam\u00f3w posi\u0142ek<\/span>\n\t\t\t\t\t\t\t\t\t<\/li>\n\t\t\t\t\t\t<\/ul>\n\t\t\t\t\t\t<\/div>\n\t\t\t\t\t<\/div>\n\t\t<\/div>\n\t\t\t\t\t<\/div>\n\t\t<\/section>\n\t\t\t\t<section class=\"elementor-section elementor-top-section elementor-element elementor-element-fc5f9ca elementor-section-boxed elementor-section-height-default elementor-section-height-default\" data-id=\"fc5f9ca\" data-element_type=\"section\">\n\t\t\t\t\t\t\t<div class=\"elementor-background-overlay\"><\/div>\n\t\t\t\t\t\t\t<div class=\"elementor-container elementor-column-gap-default\">\n\t\t\t\t\t<div class=\"elementor-column elementor-col-100 elementor-top-column elementor-element elementor-element-c4fcd62\" data-id=\"c4fcd62\" data-element_type=\"column\">\n\t\t\t<div class=\"elementor-widget-wrap\">\n\t\t\t\t\t\t\t<\/div>\n\t\t<\/div>\n\t\t\t\t\t<\/div>\n\t\t<\/section>\n\t\t<div class=\"elementor-element elementor-element-32d2f52 e-flex e-con-boxed e-con e-parent\" data-id=\"32d2f52\" data-element_type=\"container\">\n\t\t\t\t\t<div class=\"e-con-inner\">\n\t\t\t\t<div class=\"elementor-element elementor-element-18d62ba elementor-widget elementor-widget-text-editor\" data-id=\"18d62ba\" data-element_type=\"widget\" data-widget_type=\"text-editor.default\">\n\t\t\t\t\t\t\t\t\t<p align=\"CENTER\"><span style=\"font-size: x-large;\"><b>INFORMACJA DLA RODZIC\u00d3W<\/b><\/span><\/p><p align=\"CENTER\"><span style=\"font-size: x-large;\"><b>\u00a0<\/b><\/span><\/p><p><span style=\"font-size: large;\"><b>Drodzy Rodzice,<\/b><\/span><\/p><p><span style=\"font-size: medium;\">OD 01.10.2025 wprowadzamy nowy system zamawiania posi\u0142k\u00f3w przez aplikacj\u0119 \u201eZam\u00f3w posi\u0142ek\u201d.<\/span><\/p><h5><span style=\"font-size: medium;\"> <span style=\"text-decoration: underline;\">Informujemy, \u017ce zak\u0142adka &#8222;zam\u00f3w posi\u0142ek&#8221; nie jest dost\u0119pna w aplikacjach mobilnych Librus<\/span>.<\/span><\/h5><p><span style=\"font-size: medium;\">W naszej szkole obowi\u0105zuj\u0105 zam\u00f3wienia miesi\u0119czne. Prosimy o niewp\u0142acanie zaliczek na poczet przysz\u0142ych p\u0142atno\u015bci.<\/span><\/p><p><span style=\"font-size: medium;\">Zasady zamawiania i p\u0142atno\u015bci za obiady dla ucznia :<\/span><\/p><ol><li><p align=\"JUSTIFY\"><span style=\"font-size: medium;\">Nale\u017cy zalogowa\u0107 si\u0119 do dziennika <\/span><span style=\"font-size: medium;\"><b>LIBRUS na konto dziecka<\/b><\/span><span style=\"font-size: medium;\">, na stronie\u00a0<a href=\"http:\/\/www.oswiatawradomiu.pl\">http:\/\/www.oswiatawradomiu.pl<\/a> nast\u0119pnie wej\u015b\u0107 w ikon\u0119 \u201ewidok alternatywny\u201d (u g\u00f3ry ekranu) i post\u0119powa\u0107 wed\u0142ug poni\u017cszych krok\u00f3w:<\/span><\/p><\/li><li><p align=\"JUSTIFY\"><span style=\"font-size: medium;\">Klikamy zak\u0142adk\u0119 \u201ezam\u00f3w posi\u0142ek\u201d , nast\u0119pnie \u2013 zam\u00f3wienia okresowe i otwieramy modu\u0142 zamawiania posi\u0142k\u00f3w. Wybieramy zamawiany zestaw : obiad , zaznaczmy zakres dat (maksymalnie jeden pe\u0142ny miesi\u0105c kt\u00f3rego dotyczy zam\u00f3wienie np. 1 pa\u017adziernika do 31 pa\u017adziernika) nast\u0119pnie klikamy \u201ezamawiam i p\u0142ac\u0119\u201d.<\/span><\/p><\/li><li><p align=\"JUSTIFY\"><span style=\"font-size: medium;\">Je\u015bli wybrany zosta\u0142 spos\u00f3b p\u0142atno\u015bci \u2013 <\/span><span style=\"font-size: medium;\"><b>przelew tradycyjny , <\/b><\/span><span style=\"font-size: medium;\">posi\u0142ki zostan\u0105 potwierdzone i dziecko znajdzie si\u0119 na li\u015bcie do odbioru posi\u0142k\u00f3w dopiero po zaksi\u0119gowaniu wp\u0142aty przez plac\u00f3wk\u0119. Maksymalny czas ksi\u0119gowania to 3 dni robocze. W tytule przelewu tradycyjnego nale\u017cy poda\u0107 imi\u0119 i nazwisko dziecka, klas\u0119 oraz numer dziecka z aplikacji \u201eZam\u00f3w posi\u0142ek\u201d. <span style=\"text-decoration: underline;\"><strong>NUMER KONTA BANKOWEGO: 24 1240 3259 1111 0010 3719 9499<\/strong><\/span><\/span><\/p><\/li><li><p align=\"JUSTIFY\"><span style=\"font-size: medium;\">Je\u015bli wybrany zosta\u0142 <\/span><span style=\"font-size: medium;\"><b>przelew online <\/b><\/span><span style=\"font-size: medium;\"> taka wp\u0142ata ksi\u0119guje si\u0119 automatycznie na koncie i posi\u0142ki s\u0105 od razu potwierdzone ( op\u0142ata za przelew online wynosi: 2,70 z\u0142).<\/span><\/p><\/li><\/ol><p align=\"JUSTIFY\"><a name=\"Bookmark\"><\/a> <span style=\"font-size: medium;\">Zg\u0142oszenie nieobecno\u015bci dziecka ( anulowanie posi\u0142ku) jest mo\u017cliwe najp\u00f3\u017aniej w dzie\u0144 poprzedzaj\u0105cy wydanie posi\u0142k\u00f3w do godz. 13.00 w aplikacji \u201eZam\u00f3w posi\u0142ek\u201d lub w sekretariacie szko\u0142y <strong><span style=\"text-decoration: underline;\">tel: 48\u00a0340 02 01<\/span><\/strong><\/span><\/p><p align=\"JUSTIFY\"><span style=\"font-size: medium;\">Pomoc i kontakt :<\/span><\/p><p align=\"JUSTIFY\"><span style=\"font-size: medium;\">1. Informacje mo\u017cna uzyska\u0107 po zalogowaniu si\u0119 na swoje konto w aplikacji \u201eZam\u00f3w posi\u0142ek w zak\u0142adce \u201ePomoc\u201d.<\/span><\/p><p align=\"JUSTIFY\"><span style=\"font-size: medium;\">2. W sekretariacie szko\u0142y lub intendenta.<\/span><\/p><p align=\"JUSTIFY\"><span style=\"font-size: medium;\">3. Mo\u017cna napisa\u0107 do nas wiadomo\u015b\u0107 poprzez aplikacj\u0119 \u201eZam\u00f3w posi\u0142ek\u201d \u2013 \u201ePomoc\u201d \u2013 \u201eWy\u015blij wiadomo\u015b\u0107\u201d.<\/span><\/p><h5 align=\"JUSTIFY\">\u00a0Dodatkowa instrukcja poni\u017cej<\/h5>\t\t\t\t\t\t\t\t<\/div>\n\t\t\t\t<div class=\"elementor-element elementor-element-1068955 elementor-widget elementor-widget-gallery\" data-id=\"1068955\" data-element_type=\"widget\" data-settings=\"{&quot;lazyload&quot;:&quot;yes&quot;,&quot;gallery_layout&quot;:&quot;grid&quot;,&quot;columns&quot;:4,&quot;columns_tablet&quot;:2,&quot;columns_mobile&quot;:1,&quot;gap&quot;:{&quot;unit&quot;:&quot;px&quot;,&quot;size&quot;:10,&quot;sizes&quot;:[]},&quot;gap_tablet&quot;:{&quot;unit&quot;:&quot;px&quot;,&quot;size&quot;:10,&quot;sizes&quot;:[]},&quot;gap_mobile&quot;:{&quot;unit&quot;:&quot;px&quot;,&quot;size&quot;:10,&quot;sizes&quot;:[]},&quot;link_to&quot;:&quot;file&quot;,&quot;aspect_ratio&quot;:&quot;3:2&quot;,&quot;overlay_background&quot;:&quot;yes&quot;,&quot;content_hover_animation&quot;:&quot;fade-in&quot;}\" data-widget_type=\"gallery.default\">\n\t\t\t\t\t\t\t<div class=\"elementor-gallery__container\">\n\t\t\t\t\t\t\t<a class=\"e-gallery-item elementor-gallery-item elementor-animated-content\" href=\"https:\/\/zsp4.radom.pl\/szkola\/wp-content\/uploads\/2025\/10\/1_zamow_posilek.png\" data-elementor-open-lightbox=\"yes\" data-elementor-lightbox-slideshow=\"1068955\" data-elementor-lightbox-title=\"1_zamow_posilek\" data-e-action-hash=\"#elementor-action%3Aaction%3Dlightbox%26settings%3DeyJpZCI6MjQzMCwidXJsIjoiaHR0cHM6XC9cL3pzcDQucmFkb20ucGxcL3N6a29sYVwvd3AtY29udGVudFwvdXBsb2Fkc1wvMjAyNVwvMTBcLzFfemFtb3dfcG9zaWxlay5wbmciLCJzbGlkZXNob3ciOiIxMDY4OTU1In0%3D\">\n\t\t\t\t\t<div class=\"e-gallery-image elementor-gallery-item__image\" data-thumbnail=\"https:\/\/zsp4.radom.pl\/szkola\/wp-content\/uploads\/2025\/10\/1_zamow_posilek.png\" data-width=\"614\" data-height=\"824\" aria-label=\"\" role=\"img\" ><\/div>\n\t\t\t\t\t\t\t\t\t\t\t<div class=\"elementor-gallery-item__overlay\"><\/div>\n\t\t\t\t\t\t\t\t\t\t\t\t\t\t<\/a>\n\t\t\t\t\t\t\t<a class=\"e-gallery-item elementor-gallery-item elementor-animated-content\" href=\"https:\/\/zsp4.radom.pl\/szkola\/wp-content\/uploads\/2025\/10\/2_zamow_posilek.png\" data-elementor-open-lightbox=\"yes\" data-elementor-lightbox-slideshow=\"1068955\" data-elementor-lightbox-title=\"2_zamow_posilek\" data-e-action-hash=\"#elementor-action%3Aaction%3Dlightbox%26settings%3DeyJpZCI6MjQzMSwidXJsIjoiaHR0cHM6XC9cL3pzcDQucmFkb20ucGxcL3N6a29sYVwvd3AtY29udGVudFwvdXBsb2Fkc1wvMjAyNVwvMTBcLzJfemFtb3dfcG9zaWxlay5wbmciLCJzbGlkZXNob3ciOiIxMDY4OTU1In0%3D\">\n\t\t\t\t\t<div class=\"e-gallery-image elementor-gallery-item__image\" data-thumbnail=\"https:\/\/zsp4.radom.pl\/szkola\/wp-content\/uploads\/2025\/10\/2_zamow_posilek.png\" data-width=\"619\" data-height=\"734\" aria-label=\"\" role=\"img\" ><\/div>\n\t\t\t\t\t\t\t\t\t\t\t<div class=\"elementor-gallery-item__overlay\"><\/div>\n\t\t\t\t\t\t\t\t\t\t\t\t\t\t<\/a>\n\t\t\t\t\t\t\t<a class=\"e-gallery-item elementor-gallery-item elementor-animated-content\" href=\"https:\/\/zsp4.radom.pl\/szkola\/wp-content\/uploads\/2025\/10\/3_zamow_posilek.png\" data-elementor-open-lightbox=\"yes\" data-elementor-lightbox-slideshow=\"1068955\" data-elementor-lightbox-title=\"3_zamow_posilek\" data-e-action-hash=\"#elementor-action%3Aaction%3Dlightbox%26settings%3DeyJpZCI6MjQzMiwidXJsIjoiaHR0cHM6XC9cL3pzcDQucmFkb20ucGxcL3N6a29sYVwvd3AtY29udGVudFwvdXBsb2Fkc1wvMjAyNVwvMTBcLzNfemFtb3dfcG9zaWxlay5wbmciLCJzbGlkZXNob3ciOiIxMDY4OTU1In0%3D\">\n\t\t\t\t\t<div class=\"e-gallery-image elementor-gallery-item__image\" data-thumbnail=\"https:\/\/zsp4.radom.pl\/szkola\/wp-content\/uploads\/2025\/10\/3_zamow_posilek.png\" data-width=\"678\" data-height=\"874\" aria-label=\"\" role=\"img\" ><\/div>\n\t\t\t\t\t\t\t\t\t\t\t<div class=\"elementor-gallery-item__overlay\"><\/div>\n\t\t\t\t\t\t\t\t\t\t\t\t\t\t<\/a>\n\t\t\t\t\t\t\t<a class=\"e-gallery-item elementor-gallery-item elementor-animated-content\" href=\"https:\/\/zsp4.radom.pl\/szkola\/wp-content\/uploads\/2025\/10\/4_zamow_posilek.png\" data-elementor-open-lightbox=\"yes\" data-elementor-lightbox-slideshow=\"1068955\" data-elementor-lightbox-title=\"4_zamow_posilek\" data-e-action-hash=\"#elementor-action%3Aaction%3Dlightbox%26settings%3DeyJpZCI6MjQzMywidXJsIjoiaHR0cHM6XC9cL3pzcDQucmFkb20ucGxcL3N6a29sYVwvd3AtY29udGVudFwvdXBsb2Fkc1wvMjAyNVwvMTBcLzRfemFtb3dfcG9zaWxlay5wbmciLCJzbGlkZXNob3ciOiIxMDY4OTU1In0%3D\">\n\t\t\t\t\t<div class=\"e-gallery-image elementor-gallery-item__image\" data-thumbnail=\"https:\/\/zsp4.radom.pl\/szkola\/wp-content\/uploads\/2025\/10\/4_zamow_posilek.png\" data-width=\"699\" data-height=\"408\" aria-label=\"\" role=\"img\" ><\/div>\n\t\t\t\t\t\t\t\t\t\t\t<div class=\"elementor-gallery-item__overlay\"><\/div>\n\t\t\t\t\t\t\t\t\t\t\t\t\t\t<\/a>\n\t\t\t\t\t<\/div>\n\t\t\t\t\t<\/div>\n\t\t\t\t<div class=\"elementor-element elementor-element-3acc1d3 elementor-widget elementor-widget-image\" data-id=\"3acc1d3\" data-element_type=\"widget\" data-widget_type=\"image.default\">\n\t\t\t\t\t\t\t\t\t\t\t\t\t\t\t<img fetchpriority=\"high\" decoding=\"async\" width=\"768\" height=\"644\" src=\"https:\/\/zsp4.radom.pl\/szkola\/wp-content\/uploads\/2025\/09\/Obiady-w-sz-768x644.jpg\" class=\"attachment-medium_large size-medium_large wp-image-2373\" alt=\"\" srcset=\"https:\/\/zsp4.radom.pl\/szkola\/wp-content\/uploads\/2025\/09\/Obiady-w-sz-768x644.jpg 768w, https:\/\/zsp4.radom.pl\/szkola\/wp-content\/uploads\/2025\/09\/Obiady-w-sz-300x252.jpg 300w, https:\/\/zsp4.radom.pl\/szkola\/wp-content\/uploads\/2025\/09\/Obiady-w-sz-1024x858.jpg 1024w, https:\/\/zsp4.radom.pl\/szkola\/wp-content\/uploads\/2025\/09\/Obiady-w-sz.jpg 1293w\" sizes=\"(max-width: 768px) 100vw, 768px\" \/>\t\t\t\t\t\t\t\t\t\t\t\t\t\t\t<\/div>\n\t\t\t\t\t<\/div>\n\t\t\t\t<\/div>\n\t\t\t\t<\/div>\n\t\t","protected":false},"excerpt":{"rendered":"<p>Strona g\u0142\u00f3wna INFORMACJA DLA RODZIC\u00d3W \u00a0 Drodzy Rodzice, OD 01.10.2025 wprowadzamy nowy system zamawiania posi\u0142k\u00f3w przez aplikacj\u0119 \u201eZam\u00f3w posi\u0142ek\u201d. Informujemy, \u017ce zak\u0142adka &#8222;zam\u00f3w posi\u0142ek&#8221; nie jest dost\u0119pna w aplikacjach mobilnych Librus. W naszej szkole obowi\u0105zuj\u0105 zam\u00f3wienia miesi\u0119czne. Prosimy o niewp\u0142acanie zaliczek na poczet przysz\u0142ych p\u0142atno\u015bci. Zasady zamawiania i p\u0142atno\u015bci za obiady dla ucznia : Nale\u017cy [&hellip;]<\/p>\n","protected":false},"author":5,"featured_media":0,"parent":0,"menu_order":0,"comment_status":"closed","ping_status":"closed","template":"","meta":{"footnotes":""},"class_list":["post-2362","page","type-page","status-publish","hentry"],"aioseo_notices":[],"_links":{"self":[{"href":"https:\/\/zsp4.radom.pl\/szkola\/wp-json\/wp\/v2\/pages\/2362","targetHints":{"allow":["GET"]}}],"collection":[{"href":"https:\/\/zsp4.radom.pl\/szkola\/wp-json\/wp\/v2\/pages"}],"about":[{"href":"https:\/\/zsp4.radom.pl\/szkola\/wp-json\/wp\/v2\/types\/page"}],"author":[{"embeddable":true,"href":"https:\/\/zsp4.radom.pl\/szkola\/wp-json\/wp\/v2\/users\/5"}],"replies":[{"embeddable":true,"href":"https:\/\/zsp4.radom.pl\/szkola\/wp-json\/wp\/v2\/comments?post=2362"}],"version-history":[{"count":34,"href":"https:\/\/zsp4.radom.pl\/szkola\/wp-json\/wp\/v2\/pages\/2362\/revisions"}],"predecessor-version":[{"id":3611,"href":"https:\/\/zsp4.radom.pl\/szkola\/wp-json\/wp\/v2\/pages\/2362\/revisions\/3611"}],"wp:attachment":[{"href":"https:\/\/zsp4.radom.pl\/szkola\/wp-json\/wp\/v2\/media?parent=2362"}],"curies":[{"name":"wp","href":"https:\/\/api.w.org\/{rel}","templated":true}]}}