{"id":237,"date":"2025-08-03T13:27:25","date_gmt":"2025-08-03T11:27:25","guid":{"rendered":"https:\/\/zsp4.radom.pl\/szkola\/kontakt-copy\/"},"modified":"2025-08-25T19:55:02","modified_gmt":"2025-08-25T17:55:02","slug":"historia-szkoly","status":"publish","type":"page","link":"https:\/\/zsp4.radom.pl\/szkola\/o-nas\/historia-szkoly\/","title":{"rendered":"Historia szko\u0142y"},"content":{"rendered":"\t\t<div data-elementor-type=\"wp-page\" data-elementor-id=\"237\" class=\"elementor elementor-237\" data-elementor-post-type=\"page\">\n\t\t\t\t\t\t<section class=\"elementor-section elementor-top-section elementor-element elementor-element-82acd44 elementor-section-boxed elementor-section-height-default elementor-section-height-default\" data-id=\"82acd44\" data-element_type=\"section\" data-settings=\"{&quot;background_background&quot;:&quot;classic&quot;}\">\n\t\t\t\t\t\t\t<div class=\"elementor-background-overlay\"><\/div>\n\t\t\t\t\t\t\t<div class=\"elementor-container elementor-column-gap-default\">\n\t\t\t\t\t<div class=\"elementor-column elementor-col-100 elementor-top-column elementor-element elementor-element-afc2195\" data-id=\"afc2195\" data-element_type=\"column\">\n\t\t\t<div class=\"elementor-widget-wrap elementor-element-populated\">\n\t\t\t\t\t\t<div class=\"elementor-element elementor-element-34578a3 elementor-widget elementor-widget-heading\" data-id=\"34578a3\" data-element_type=\"widget\" data-widget_type=\"heading.default\">\n\t\t\t\t\t<h1 class=\"elementor-heading-title elementor-size-default\">Historia szko\u0142y<\/h1>\t\t\t\t<\/div>\n\t\t\t\t<div class=\"elementor-element elementor-element-fd9978c elementor-icon-list--layout-inline elementor-align-center elementor-list-item-link-full_width elementor-widget elementor-widget-icon-list\" data-id=\"fd9978c\" data-element_type=\"widget\" data-widget_type=\"icon-list.default\">\n\t\t\t\t\t\t\t<ul class=\"elementor-icon-list-items elementor-inline-items\">\n\t\t\t\t\t\t\t<li class=\"elementor-icon-list-item elementor-inline-item\">\n\t\t\t\t\t\t\t\t\t\t\t<a href=\"\/\">\n\n\t\t\t\t\t\t\t\t\t\t\t<span class=\"elementor-icon-list-text\">Strona g\u0142\u00f3wna<\/span>\n\t\t\t\t\t\t\t\t\t\t\t<\/a>\n\t\t\t\t\t\t\t\t\t<\/li>\n\t\t\t\t\t\t\t\t<li class=\"elementor-icon-list-item elementor-inline-item\">\n\t\t\t\t\t\t\t\t\t\t\t<span class=\"elementor-icon-list-icon\">\n\t\t\t\t\t\t\t<svg aria-hidden=\"true\" class=\"e-font-icon-svg e-fas-chevron-right\" viewBox=\"0 0 320 512\" xmlns=\"http:\/\/www.w3.org\/2000\/svg\"><path d=\"M285.476 272.971L91.132 467.314c-9.373 9.373-24.569 9.373-33.941 0l-22.667-22.667c-9.357-9.357-9.375-24.522-.04-33.901L188.505 256 34.484 101.255c-9.335-9.379-9.317-24.544.04-33.901l22.667-22.667c9.373-9.373 24.569-9.373 33.941 0L285.475 239.03c9.373 9.372 9.373 24.568.001 33.941z\"><\/path><\/svg>\t\t\t\t\t\t<\/span>\n\t\t\t\t\t\t\t\t\t\t<span class=\"elementor-icon-list-text\">Historia szko\u0142y<\/span>\n\t\t\t\t\t\t\t\t\t<\/li>\n\t\t\t\t\t\t<\/ul>\n\t\t\t\t\t\t<\/div>\n\t\t\t\t\t<\/div>\n\t\t<\/div>\n\t\t\t\t\t<\/div>\n\t\t<\/section>\n\t\t\t\t<section class=\"elementor-section elementor-top-section elementor-element elementor-element-fc5f9ca elementor-section-boxed elementor-section-height-default elementor-section-height-default\" data-id=\"fc5f9ca\" data-element_type=\"section\">\n\t\t\t\t\t\t\t<div class=\"elementor-background-overlay\"><\/div>\n\t\t\t\t\t\t\t<div class=\"elementor-container elementor-column-gap-default\">\n\t\t\t\t\t<div class=\"elementor-column elementor-col-100 elementor-top-column elementor-element elementor-element-c4fcd62\" data-id=\"c4fcd62\" data-element_type=\"column\">\n\t\t\t<div class=\"elementor-widget-wrap elementor-element-populated\">\n\t\t\t\t\t\t<div class=\"elementor-element elementor-element-55e1f04 rodo elementor-widget elementor-widget-text-editor\" data-id=\"55e1f04\" data-element_type=\"widget\" data-widget_type=\"text-editor.default\">\n\t\t\t\t\t\t\t\t\t<p>Publiczna Szko\u0142a Podstawowa Nr 32 im. Marsza\u0142ka J. Pi\u0142sudskiego posiada bogate tradycje dydaktyczno-wychowawcze i opieku\u0144cze. Zosta\u0142a oddana do u\u017cytku 29 stycznia 1961r., jako pierwsza w Radomiu Tysi\u0105clatka. Bezpo\u015brednim jej inwestorem by\u0142y Zak\u0142ady Metalowe, tote\u017c nadano jej imi\u0119 Genera\u0142a Waltera. W imieniu za\u0142ogi Zak\u0142ad\u00f3w Metalowych aktu przekazania dokona\u0142 dyrektor Kazimierz Jackowski, wr\u0119czaj\u0105c klucze od szko\u0142y \u00f3wczesnemu Przewodnicz\u0105cemu Prezydium Miejskiej Rady Narodowej Wac\u0142awowi Telusowi. Pod patronatem Gen. Waltera plac\u00f3wka funkcjonowa\u0142a do 1992r. W pocz\u0105tkowych latach dzia\u0142alno\u015bci, do szko\u0142y ucz\u0119szcza\u0142o oko\u0142o 1200 uczni\u00f3w, zorganizowanych w 32 oddzia\u0142ach. Pracowa\u0142 tu zesp\u00f3\u0142 pedagogiczny licz\u0105cy 37 os\u00f3b. Pierwszym kierownikiem szko\u0142y by\u0142 Adam Bochniewicz, drugim za\u015b Maria Maci\u0105g. W nast\u0119pnych latach funkcj\u0119 dyrektora pe\u0142nili: Aurelia Kustra, Wanda Jab\u0142o\u0144ska, Irena Mokosa, J\u00f3zef Pankowski, El\u017cbieta Wojdalska, Wies\u0142awa \u0141o\u017cy\u0144ska, S\u0142awomir Adamiec. W 2006r. dyrektorem PSP Nr 32 zosta\u0142 mgr Dariusz Nawrot. W roku 2011 jego nast\u0119pczyni\u0105 zosta\u0142a mgr Aleksandra Kaleta. Stanowisko to piastuje do chwili obecnej.<\/p><p>Wysoki poziom nauczania i wychowania cechowa\u0142 szko\u0142\u0119 od pocz\u0105tku istnienia. Na szerok\u0105 skal\u0119 prowadzono zaj\u0119cia pozalekcyjne, aktywnie rozwija\u0142y dzia\u0142alno\u015b\u0107 r\u00f3\u017cnorodne organizacje m\u0142odzie\u017cowe (np. Samorz\u0105d Uczniowski, ZHP, Szkolne Ko\u0142o Odbudowy Kraju i Stolicy, Szkolne Ko\u0142o PCK, Sp\u00f3\u0142dzielnia Uczniowska, SKO, Szkolne Ko\u0142o Recytatorskie, Ko\u0142o Modelarstwa Lotniczego, Szkolne Ko\u0142o Sportowe, Ko\u0142o Kroju i Szycia, Ko\u0142o Muzyczne, Szkolne Ko\u0142o Krajoznawczo-Turystyczne).<\/p><p>W 1967r. szko\u0142a zosta\u0142a mianowana przez Wydzia\u0142 O\u015bwiaty w Radomiu \u201eszko\u0142\u0105 wiod\u0105c\u0105\u201d w zakresie dydaktycznym, wychowawczym, czytelnictwa, dzia\u0142alno\u015bci Samorz\u0105du Uczniowskiego, pracy k\u00f3\u0142ek zainteresowa\u0144, sp\u00f3\u0142dzielczo\u015bci uczniowskiej oraz zespo\u0142\u00f3w samokszta\u0142ceniowych nauczycieli. Jako szko\u0142a wiod\u0105ca, PSP Nr 32 by\u0142a warsztatem pracy zespo\u0142\u00f3w metodycznych i przyk\u0142adowym o\u015brodkiem pracy dydaktyczno-wychowawczej dla szk\u00f3\u0142 danego regionu.<\/p><p>W 1975r. z inicjatywy \u00f3wczesnej dyrektor p. Aurelii Kustry powsta\u0142 w szkole \u201eUniwersytet dla rodzic\u00f3w\u201d, w ramach kt\u00f3rego odbywa\u0142y si\u0119 spotkania z pedagogiem, prawnikiem, lekarzem oraz pracownikami Poradni Wychowawczo-Zawodowej.<\/p><p>Przez wiele lat aktywnie rozwija\u0142a swoj\u0105 dzia\u0142alno\u015b\u0107 organizacja harcerska. W 1980r. opiekunem ZHP zosta\u0142 p. Czes\u0142aw St\u0119pniewski, kt\u00f3ry za\u0142o\u017cy\u0142 szczep im. Brygady Podhala\u0144czyk\u00f3w. Szczep liczy\u0142 4 dru\u017cyny zuchowe i 4 harcerskie, a nale\u017c\u0105cy do nich uczniowie byli przyjmowani na zasadzie dobrowolno\u015bci.<\/p><p>Na pocz\u0105tku lat osiemdziesi\u0105tych powsta\u0142y w szkole klasy profilowane o specjalno\u015bci artystycznej: taniec i \u015bpiew, a do przedmiot\u00f3w nauczania wprowadzono j\u0119zyk angielski.<\/p><p>W 1991r., po wej\u015bciu w \u017cycie nowej ustawy o systemie o\u015bwiaty i po uzyskaniu pozytywnej informacji zwrotnej od rodzic\u00f3w, do przedmiot\u00f3w nauczania wprowadzono religi\u0119. W tym czasie nast\u0105pi\u0142y te\u017c zmiany w zakresie zarz\u0105dzania szkolnictwem, w wyniku czego nasza plac\u00f3wka sta\u0142a si\u0119 szko\u0142\u0105 samorz\u0105dow\u0105.<\/p><p>7 wrze\u015bnia 1992r. mia\u0142o miejsce w szkole szczeg\u00f3lne wydarzenie. Dzi\u0119ki staraniom \u00f3wczesnego dyrektora mgr S\u0142awomira Adamca i uprzejmo\u015bci Ambasady Kr\u00f3lestwa Holandii w Polsce zosta\u0142a otwarta wystawa \u201eVincent van Gogh\u201d (reprodukcje). Pracownicy Ambasady Kr\u00f3lestwa Holandii Paul van den Ijssel oraz Gerdien Verschoor swoj\u0105 obecno\u015bci\u0105 u\u015bwietnili otwarcie wystawy. By\u0142a ona udost\u0119pniona r\u00f3wnie\u017c do publicznego zwiedzania w dniach: od 21 wrze\u015bnia do 23 pa\u017adziernika 1992r.<\/p><p>Jesieni\u0105 1994r. \u00f3wczesny dyrektor mgr S\u0142awomir Adamiec rozpocz\u0105\u0142 starania o nadanie szkole imienia Marsza\u0142ka J\u00f3zefa Pi\u0142sudskiego. O wyborze w\u0142a\u015bnie tej postaci na patrona szko\u0142y zadecydowa\u0142y g\u0142osy Rady Pedagogicznej, rodzic\u00f3w i uczni\u00f3w. Du\u017ce znaczenie mia\u0142a te\u017c wystawa zorganizowana w rocznic\u0119 \u015awi\u0119ta Niepodleg\u0142o\u015bci 11 listopada 1994r. prezentuj\u0105ca zwi\u0105zki J Pi\u0142sudskiego z naszym miastem. 20 kwietnia 1995r. Rada Miejska miasta Radomia przyj\u0119\u0142a uchwa\u0142\u0119 nr 126\/95 o nadaniu Publicznej Szkole Podstawowej Nr 32 w Radomiu imienia Marsza\u0142ka J\u00f3zefa Pi\u0142sudskiego. W wyg\u0142oszonym podczas sesji Rady Miejskiej przem\u00f3wieniu \u00f3wczesny dyrektor szko\u0142y mgr S\u0142awomir Adamiec m\u00f3wi\u0142 o uniwersalnych warto\u015bciach w spu\u015bci\u017anie J\u00f3zefa Pi\u0142sudskiego, przypomnia\u0142 zwi\u0105zki Marsza\u0142ka z Radomiem oraz miejsca zwi\u0105zane z jego osob\u0105 i czynem legionowym. W tym samym czasie trwa\u0142y prace nad projektowaniem i wykonaniem sztandaru szko\u0142y. Ostateczny jego projekt zosta\u0142 opracowany przez dyr. S\u0142awomira Adamca, natomiast wykonanie powierzono Zofii Golisz z Lublina. Uroczysto\u015b\u0107 nadania szkole im. Marsza\u0142ka J\u00f3zefa Pi\u0142sudskiego by\u0142a nie tylko wielkim \u015bwi\u0119tem dla szko\u0142y , ale r\u00f3wnie\u017c dla miasta Radomia. 10 listopada 1995r. progi szko\u0142y zaszczycili swoj\u0105 obecno\u015bci\u0105: Ks. Bp Edward Materski, kt\u00f3ry po\u015bwi\u0119ci\u0142 sztandar szko\u0142y oraz pami\u0105tkow\u0105 tablic\u0119, Przewodnicz\u0105cy Rady Miejskiej dr Jan Rejczak, Naczelnik Wydzia\u0142u O\u015bwiaty Stanis\u0142aw Pra\u017cmowski, pose\u0142 Leszek Moczulski, Kurator O\u015bwiaty w Radomiu Kazimierz Rutkowski, Dyrektor Urz\u0119du Wojew\u00f3dzkiego Tadeusz Wydra, Prezydent miasta Kazimierz Wlaz\u0142o oraz Wiceprezydent Ryszard Fa\u0142ek. Na uroczysto\u015b\u0107 zaproszono r\u00f3wnie\u017c c\u00f3rki Marsza\u0142ka: Wand\u0119 Pi\u0142sudsk\u0105 i Jadwig\u0119 Pi\u0142sudsk\u0105 \u2013 Jarczewsk\u0105, Prezesa Instytutu J. Pi\u0142sudskiego w Londynie \u2013 Mieczys\u0142awa Stachiewicza, Dyrektora Instytutu J. Pi\u0142sudskiego w Nowym Jorku \u2013 Janusza Ciska. Wymienione osoby nie mog\u0142y skorzysta\u0107 z zaproszenia i wzi\u0105\u0107 udzia\u0142u w uroczysto\u015bci, ale pisemnie z\u0142o\u017cy\u0142y gratulacje dyrektorowi szko\u0142y, gronu pedagogicznemu i uczniom. Wielkim zaszczytem dla szko\u0142y by\u0142 r\u00f3wnie\u017c list gratulacyjny przes\u0142any przez \u00f3wczesnego prezydenta Rzeczypospolitej Polskiej Lecha Wa\u0142\u0119s\u0119. Z dniem 1 wrze\u015bnia 1999r. zosta\u0142a wprowadzona reforma systemu edukacji, w wyniku kt\u00f3rej PSP Nr 32 zosta\u0142a przekszta\u0142cona w sze\u015bcioletni\u0105 szko\u0142\u0119 podstawow\u0105 o strukturze organizacyjnej klas I-V<\/p><p>Od wrze\u015bnia 2017 szko\u0142a w wyniku reformy edukacji powr\u00f3ci\u0142a do poprzedniej struktury organizacyjnej i funkcjonuje jako o\u015bmioletnia szko\u0142a podstawowa.<\/p><p>\u00d3smego listopada 2018 roku odby\u0142y si\u0119 w szkole uroczyste obchody stulecia odzyskania przez Polsk\u0119 niepodleg\u0142o\u015bci. Obok rodzic\u00f3w, uczni\u00f3w i nauczycieli w uroczysto\u015bci udzia\u0142 wzi\u0119li licznie zaproszeni go\u015bcie:<\/p><p>S\u0142awomir Adamiec \u2013 dyrektor Biura Organizacyjnego Ministerstwa Edukacji Narodowej,<br \/>S\u0142awomir Szlachetka \u2013 Skarbnik Miasta Radomia,<br \/>Sebastian R\u00f3wny \u2013dyrektor Wydzia\u0142u Kultury Urz\u0119du Miasta w Radomiu,<br \/>Emilia Romanowska \u2013 kierownik Referatu w Wydziale Edukacji Urz\u0119du Miejskiego w Radomiu,<br \/>Ksi\u0105dz Kanonik Stanis\u0142aw Sikorski \u2013 proboszcz parafii pod wezwaniem Chrystusa Nauczyciela,<br \/>Ksi\u0105dz S\u0142awomir Molendowski \u2013 wizytator Wydzia\u0142u Katechetycznego,<br \/>Danuta Ku\u017amiuk \u2013 dyrektor PSP nr 34 w Radomiu,<br \/>S\u0142awomir Adamiec, dyrektor szko\u0142y w latach 1991-2006 przybli\u017cy\u0142 histori\u0119 szko\u0142y, a nast\u0119pnie w imieniu minister Edukacji Narodowej \u2013 Anny Zalewskiej z\u0142o\u017cy\u0142 wieniec pod p\u0142yt\u0105 upami\u0119tniaj\u0105c\u0105 patrona szko\u0142y Marsza\u0142ka J\u00f3zefa Pi\u0142sudskiego. Nast\u0119pnie wr\u0119czono nagrody laureatom oraz finalistom Og\u00f3lnopolskiego Konkursu Poezji Patriotycznej \u201eDla Niepodleg\u0142ej\u201d zorganizowanego przez PSP nr 32. Fina\u0142em uroczysto\u015bci by\u0142a inscenizacja \u201ePolska to kraina, kt\u00f3ra w sercu si\u0119 zaczyna\u201d. Po cz\u0119\u015bci oficjalnej zebrani mogli obejrze\u0107 wystaw\u0119 po\u015bwi\u0119con\u0105 Marsza\u0142kowi J\u00f3zefowi Pi\u0142sudskiemu.<\/p><p>W roku 2019 utworzono Zesp\u00f3\u0142 Szkolno-Przedszkolny nr 4, w sk\u0142ad kt\u00f3rego wesz\u0142o Przedszkole nr 26 oraz Publiczna Szko\u0142a Podstawowa nr 32.<\/p><p>W PSP Nr 32 w Radomiu pracuje wykwalifikowana kadra pedagogiczna, kt\u00f3ra dba o wysoki poziom nauczania i wychowania. Prowadzi dzia\u0142alno\u015b\u0107 pozalekcyjn\u0105 dla uczni\u00f3w chc\u0105cych rozwija\u0107 swoje zainteresowania jak i maj\u0105cych trudno\u015bci w nauce. Ju\u017c w klasach m\u0142odszych wprowadzono nauk\u0119 informatyki i j\u0119zyka angielskiego. Dobrze funkcjonuj\u0105ce biblioteka i \u015bwietlica wraz ze sto\u0142\u00f3wk\u0105 wspomagaj\u0105 prac\u0119 szko\u0142y.<\/p><p>Plac\u00f3wka kultywuje tradycje patriotyczne, cyklicznie organizuj\u0105c Dzie\u0144 Patrona w rocznic\u0119 odzyskania przez Polsk\u0119 Niepodleg\u0142o\u015bci, \u017cywe lekcje historii, wycieczki historyczno-krajoznawcze, czy bior\u0105c udzia\u0142 w akcji \u201eNiepodleg\u0142a do hymnu\u201d. Prowadzona jest dzia\u0142alno\u015b\u0107 o charakterze charytatywnym. Uczniowie szko\u0142y bior\u0105 udzia\u0142 w \u201eSzlachetnej paczce\u201d, kwe\u015bcie na cmentarzu rzymsko-katolickim przy ulicy Limanowskiego na rzecz ratowania zabytkowych nagrobk\u00f3w, \u201eDniu papieskim\u201d, wspieraj\u0105 radomskie schronisko dla zwierz\u0105t, pomagaj\u0105 tak\u017ce bezdomnym w ramach akcji \u201eKubek dla bezdomnego\u201d. Szko\u0142a promuje zachowania proekologiczne uczestnicz\u0105c w \u201e Sprz\u0105taniu \u015awiata\u201d, czy realizuj\u0105c program \u201eSzko\u0142a przyjazna \u015brodowisku\u201d. Wychodz\u0105c naprzeciw oczekiwaniom i potrzebom \u015brodowiska lokalnego PSP 32 organizuje cyklicznie p\u00f3\u0142kolonie i p\u00f3\u0142zimowiska, a tak\u017ce festyn rodzinny z okazji Mi\u0119dzynarodowego Dnia Dziecka.<\/p><p>W ostatnich latach ma miejsce systematyczna modernizacja obiektu, w wyniku czego szko\u0142a mo\u017ce dysponowa\u0107 bardzo dobrze urz\u0105dzon\u0105 sal\u0105 komputerow\u0105, dwiema salami gimnastycznymi, salk\u0105 do gimnastyki korekcyjnej, zaj\u0119\u0107 dydaktyczno -wyr\u00f3wnawczych oraz efektownie urz\u0105dzonymi klasopracowniami. Szko\u0142a stale cieszy si\u0119 uznaniem spo\u0142eczno\u015bci lokalnej i bardzo dobr\u0105 ocen\u0105 ze strony w\u0142adz o\u015bwiatowych.\u00a0<\/p>\t\t\t\t\t\t\t\t<\/div>\n\t\t\t\t\t<\/div>\n\t\t<\/div>\n\t\t\t\t\t<\/div>\n\t\t<\/section>\n\t\t\t\t<\/div>\n\t\t","protected":false},"excerpt":{"rendered":"<p>Strona g\u0142\u00f3wna Publiczna Szko\u0142a Podstawowa Nr 32 im. Marsza\u0142ka J. Pi\u0142sudskiego posiada bogate tradycje dydaktyczno-wychowawcze i opieku\u0144cze. Zosta\u0142a oddana do u\u017cytku 29 stycznia 1961r., jako pierwsza w Radomiu Tysi\u0105clatka. Bezpo\u015brednim jej inwestorem by\u0142y Zak\u0142ady Metalowe, tote\u017c nadano jej imi\u0119 Genera\u0142a Waltera. W imieniu za\u0142ogi Zak\u0142ad\u00f3w Metalowych aktu przekazania dokona\u0142 dyrektor Kazimierz Jackowski, wr\u0119czaj\u0105c klucze od [&hellip;]<\/p>\n","protected":false},"author":1,"featured_media":0,"parent":503,"menu_order":0,"comment_status":"closed","ping_status":"closed","template":"","meta":{"footnotes":""},"class_list":["post-237","page","type-page","status-publish","hentry"],"aioseo_notices":[],"_links":{"self":[{"href":"https:\/\/zsp4.radom.pl\/szkola\/wp-json\/wp\/v2\/pages\/237","targetHints":{"allow":["GET"]}}],"collection":[{"href":"https:\/\/zsp4.radom.pl\/szkola\/wp-json\/wp\/v2\/pages"}],"about":[{"href":"https:\/\/zsp4.radom.pl\/szkola\/wp-json\/wp\/v2\/types\/page"}],"author":[{"embeddable":true,"href":"https:\/\/zsp4.radom.pl\/szkola\/wp-json\/wp\/v2\/users\/1"}],"replies":[{"embeddable":true,"href":"https:\/\/zsp4.radom.pl\/szkola\/wp-json\/wp\/v2\/comments?post=237"}],"version-history":[{"count":23,"href":"https:\/\/zsp4.radom.pl\/szkola\/wp-json\/wp\/v2\/pages\/237\/revisions"}],"predecessor-version":[{"id":2106,"href":"https:\/\/zsp4.radom.pl\/szkola\/wp-json\/wp\/v2\/pages\/237\/revisions\/2106"}],"up":[{"embeddable":true,"href":"https:\/\/zsp4.radom.pl\/szkola\/wp-json\/wp\/v2\/pages\/503"}],"wp:attachment":[{"href":"https:\/\/zsp4.radom.pl\/szkola\/wp-json\/wp\/v2\/media?parent=237"}],"curies":[{"name":"wp","href":"https:\/\/api.w.org\/{rel}","templated":true}]}}