{"id":263,"date":"2025-08-04T08:57:37","date_gmt":"2025-08-04T06:57:37","guid":{"rendered":"https:\/\/zsp4.radom.pl\/szkola\/polityka-prywatnosci-copy-2\/"},"modified":"2025-08-25T20:14:26","modified_gmt":"2025-08-25T18:14:26","slug":"srodki-finansowe-otrzymane-w-ramach-programu","status":"publish","type":"page","link":"https:\/\/zsp4.radom.pl\/szkola\/laboratoria-przyszlosci\/srodki-finansowe-otrzymane-w-ramach-programu\/","title":{"rendered":"\u015arodki finansowe otrzymane w ramach programu"},"content":{"rendered":"\t\t<div data-elementor-type=\"wp-page\" data-elementor-id=\"263\" class=\"elementor elementor-263\" data-elementor-post-type=\"page\">\n\t\t\t\t\t\t<section class=\"elementor-section elementor-top-section elementor-element elementor-element-42009d6 elementor-section-boxed elementor-section-height-default elementor-section-height-default\" data-id=\"42009d6\" data-element_type=\"section\" data-settings=\"{&quot;background_background&quot;:&quot;classic&quot;}\">\n\t\t\t\t\t\t\t<div class=\"elementor-background-overlay\"><\/div>\n\t\t\t\t\t\t\t<div class=\"elementor-container elementor-column-gap-default\">\n\t\t\t\t\t<div class=\"elementor-column elementor-col-100 elementor-top-column elementor-element elementor-element-333175f\" data-id=\"333175f\" data-element_type=\"column\">\n\t\t\t<div class=\"elementor-widget-wrap elementor-element-populated\">\n\t\t\t\t\t\t<div class=\"elementor-element elementor-element-539d184 elementor-widget elementor-widget-heading\" data-id=\"539d184\" data-element_type=\"widget\" data-widget_type=\"heading.default\">\n\t\t\t\t\t<h1 class=\"elementor-heading-title elementor-size-default\">\u015arodki finansowe otrzymane w ramach programu<\/h1>\t\t\t\t<\/div>\n\t\t\t\t<div class=\"elementor-element elementor-element-de14bd7 elementor-icon-list--layout-inline elementor-align-center elementor-list-item-link-full_width elementor-widget elementor-widget-icon-list\" data-id=\"de14bd7\" data-element_type=\"widget\" data-widget_type=\"icon-list.default\">\n\t\t\t\t\t\t\t<ul class=\"elementor-icon-list-items elementor-inline-items\">\n\t\t\t\t\t\t\t<li class=\"elementor-icon-list-item elementor-inline-item\">\n\t\t\t\t\t\t\t\t\t\t\t<a href=\"\/\">\n\n\t\t\t\t\t\t\t\t\t\t\t<span class=\"elementor-icon-list-text\">Strona g\u0142\u00f3wna<\/span>\n\t\t\t\t\t\t\t\t\t\t\t<\/a>\n\t\t\t\t\t\t\t\t\t<\/li>\n\t\t\t\t\t\t\t\t<li class=\"elementor-icon-list-item elementor-inline-item\">\n\t\t\t\t\t\t\t\t\t\t\t<span class=\"elementor-icon-list-icon\">\n\t\t\t\t\t\t\t<svg aria-hidden=\"true\" class=\"e-font-icon-svg e-fas-chevron-right\" viewBox=\"0 0 320 512\" xmlns=\"http:\/\/www.w3.org\/2000\/svg\"><path d=\"M285.476 272.971L91.132 467.314c-9.373 9.373-24.569 9.373-33.941 0l-22.667-22.667c-9.357-9.357-9.375-24.522-.04-33.901L188.505 256 34.484 101.255c-9.335-9.379-9.317-24.544.04-33.901l22.667-22.667c9.373-9.373 24.569-9.373 33.941 0L285.475 239.03c9.373 9.372 9.373 24.568.001 33.941z\"><\/path><\/svg>\t\t\t\t\t\t<\/span>\n\t\t\t\t\t\t\t\t\t\t<span class=\"elementor-icon-list-text\">\u015arodki finansowe otrzymane w ramach programu<\/span>\n\t\t\t\t\t\t\t\t\t<\/li>\n\t\t\t\t\t\t<\/ul>\n\t\t\t\t\t\t<\/div>\n\t\t\t\t\t<\/div>\n\t\t<\/div>\n\t\t\t\t\t<\/div>\n\t\t<\/section>\n\t\t\t\t<section class=\"elementor-section elementor-top-section elementor-element elementor-element-fc5f9ca elementor-section-boxed elementor-section-height-default elementor-section-height-default\" data-id=\"fc5f9ca\" data-element_type=\"section\">\n\t\t\t\t\t\t\t<div class=\"elementor-background-overlay\"><\/div>\n\t\t\t\t\t\t\t<div class=\"elementor-container elementor-column-gap-default\">\n\t\t\t\t\t<div class=\"elementor-column elementor-col-100 elementor-top-column elementor-element elementor-element-c4fcd62\" data-id=\"c4fcd62\" data-element_type=\"column\">\n\t\t\t<div class=\"elementor-widget-wrap elementor-element-populated\">\n\t\t\t\t\t\t<div class=\"elementor-element elementor-element-55e1f04 rodo elementor-widget elementor-widget-text-editor\" data-id=\"55e1f04\" data-element_type=\"widget\" data-widget_type=\"text-editor.default\">\n\t\t\t\t\t\t\t\t\t<p>Publiczna Szko\u0142a Podstawowa nr 32 w Radomiu w ramach programu \u201eLaboratoria przysz\u0142o\u015bci\u201d otrzyma\u0142a wsparcie w postaci \u015brodk\u00f3w finansowych w \u0142\u0105cznej wysoko\u015bci 119\u00a0100 z\u0142.<\/p><p>Zakupione wyposa\u017cenie jest wykorzystywane do realizacji podstawy programowej w obu etapach edukacyjnych z uwzgl\u0119dnieniem zaspokojenia dydaktycznych potrzeb uczni\u00f3w w oparciu o wszechstronny dob\u00f3r tre\u015bci oraz metod i najnowocze\u015bniejszych \u015brodk\u00f3w dydaktycznych na zaj\u0119ciach lekcyjnych, pozalekcyjnych oraz k\u00f3\u0142kach zainteresowa\u0144. Nowoczesne pomoce dydaktyczne s\u0142u\u017c\u0105 budowaniu<br \/>u uczni\u00f3w kompetencji przysz\u0142o\u015bci w dziedzinach zwi\u0105zanych z szeroko poj\u0119t\u0105 nauk\u0105, technologi\u0105, in\u017cynieri\u0105, sztuk\u0105 oraz matematyk\u0105. Korzystanie z wyposa\u017cenia zakupionego w ramach projektu sprzyja budowaniu kreatywno\u015bci i umiej\u0119tno\u015bci technicznych w\u015br\u00f3d uczni\u00f3w oraz podnosi atrakcyjno\u015b\u0107 zaj\u0119\u0107 i pozwala na praktyczne zdobywanie wiedzy w spos\u00f3b innowacyjny i interdyscyplinarny.\u00a0<\/p>\t\t\t\t\t\t\t\t<\/div>\n\t\t\t\t\t<\/div>\n\t\t<\/div>\n\t\t\t\t\t<\/div>\n\t\t<\/section>\n\t\t\t\t<\/div>\n\t\t","protected":false},"excerpt":{"rendered":"<p>Strona g\u0142\u00f3wna Publiczna Szko\u0142a Podstawowa nr 32 w Radomiu w ramach programu \u201eLaboratoria przysz\u0142o\u015bci\u201d otrzyma\u0142a wsparcie w postaci \u015brodk\u00f3w finansowych w \u0142\u0105cznej wysoko\u015bci 119\u00a0100 z\u0142. Zakupione wyposa\u017cenie jest wykorzystywane do realizacji podstawy programowej w obu etapach edukacyjnych z uwzgl\u0119dnieniem zaspokojenia dydaktycznych potrzeb uczni\u00f3w w oparciu o wszechstronny dob\u00f3r tre\u015bci oraz metod i najnowocze\u015bniejszych \u015brodk\u00f3w dydaktycznych [&hellip;]<\/p>\n","protected":false},"author":1,"featured_media":0,"parent":262,"menu_order":0,"comment_status":"closed","ping_status":"closed","template":"","meta":{"footnotes":""},"class_list":["post-263","page","type-page","status-publish","hentry"],"aioseo_notices":[],"_links":{"self":[{"href":"https:\/\/zsp4.radom.pl\/szkola\/wp-json\/wp\/v2\/pages\/263","targetHints":{"allow":["GET"]}}],"collection":[{"href":"https:\/\/zsp4.radom.pl\/szkola\/wp-json\/wp\/v2\/pages"}],"about":[{"href":"https:\/\/zsp4.radom.pl\/szkola\/wp-json\/wp\/v2\/types\/page"}],"author":[{"embeddable":true,"href":"https:\/\/zsp4.radom.pl\/szkola\/wp-json\/wp\/v2\/users\/1"}],"replies":[{"embeddable":true,"href":"https:\/\/zsp4.radom.pl\/szkola\/wp-json\/wp\/v2\/comments?post=263"}],"version-history":[{"count":13,"href":"https:\/\/zsp4.radom.pl\/szkola\/wp-json\/wp\/v2\/pages\/263\/revisions"}],"predecessor-version":[{"id":2131,"href":"https:\/\/zsp4.radom.pl\/szkola\/wp-json\/wp\/v2\/pages\/263\/revisions\/2131"}],"up":[{"embeddable":true,"href":"https:\/\/zsp4.radom.pl\/szkola\/wp-json\/wp\/v2\/pages\/262"}],"wp:attachment":[{"href":"https:\/\/zsp4.radom.pl\/szkola\/wp-json\/wp\/v2\/media?parent=263"}],"curies":[{"name":"wp","href":"https:\/\/api.w.org\/{rel}","templated":true}]}}