{"id":484,"date":"2025-08-04T11:23:37","date_gmt":"2025-08-04T09:23:37","guid":{"rendered":"https:\/\/zsp4.radom.pl\/szkola\/biblioteka-copy\/"},"modified":"2025-10-21T20:21:10","modified_gmt":"2025-10-21T18:21:10","slug":"erasmus","status":"publish","type":"page","link":"https:\/\/zsp4.radom.pl\/szkola\/erasmus\/","title":{"rendered":"Erasmus+"},"content":{"rendered":"\t\t<div data-elementor-type=\"wp-page\" data-elementor-id=\"484\" class=\"elementor elementor-484\" data-elementor-post-type=\"page\">\n\t\t\t\t\t\t<section class=\"elementor-section elementor-top-section elementor-element elementor-element-9b990e7 elementor-section-boxed elementor-section-height-default elementor-section-height-default\" data-id=\"9b990e7\" data-element_type=\"section\" data-settings=\"{&quot;background_background&quot;:&quot;classic&quot;}\">\n\t\t\t\t\t\t\t<div class=\"elementor-background-overlay\"><\/div>\n\t\t\t\t\t\t\t<div class=\"elementor-container elementor-column-gap-default\">\n\t\t\t\t\t<div class=\"elementor-column elementor-col-100 elementor-top-column elementor-element elementor-element-c47075a\" data-id=\"c47075a\" data-element_type=\"column\">\n\t\t\t<div class=\"elementor-widget-wrap elementor-element-populated\">\n\t\t\t\t\t\t<div class=\"elementor-element elementor-element-96b4b39 elementor-widget elementor-widget-heading\" data-id=\"96b4b39\" data-element_type=\"widget\" data-widget_type=\"heading.default\">\n\t\t\t\t\t<h1 class=\"elementor-heading-title elementor-size-default\">Erasmus+<\/h1>\t\t\t\t<\/div>\n\t\t\t\t<div class=\"elementor-element elementor-element-05014aa elementor-icon-list--layout-inline elementor-align-center elementor-list-item-link-full_width elementor-widget elementor-widget-icon-list\" data-id=\"05014aa\" data-element_type=\"widget\" data-widget_type=\"icon-list.default\">\n\t\t\t\t\t\t\t<ul class=\"elementor-icon-list-items elementor-inline-items\">\n\t\t\t\t\t\t\t<li class=\"elementor-icon-list-item elementor-inline-item\">\n\t\t\t\t\t\t\t\t\t\t\t<a href=\"\/\">\n\n\t\t\t\t\t\t\t\t\t\t\t<span class=\"elementor-icon-list-text\">Strona g\u0142\u00f3wna<\/span>\n\t\t\t\t\t\t\t\t\t\t\t<\/a>\n\t\t\t\t\t\t\t\t\t<\/li>\n\t\t\t\t\t\t\t\t<li class=\"elementor-icon-list-item elementor-inline-item\">\n\t\t\t\t\t\t\t\t\t\t\t<span class=\"elementor-icon-list-icon\">\n\t\t\t\t\t\t\t<svg aria-hidden=\"true\" class=\"e-font-icon-svg e-fas-chevron-right\" viewBox=\"0 0 320 512\" xmlns=\"http:\/\/www.w3.org\/2000\/svg\"><path d=\"M285.476 272.971L91.132 467.314c-9.373 9.373-24.569 9.373-33.941 0l-22.667-22.667c-9.357-9.357-9.375-24.522-.04-33.901L188.505 256 34.484 101.255c-9.335-9.379-9.317-24.544.04-33.901l22.667-22.667c9.373-9.373 24.569-9.373 33.941 0L285.475 239.03c9.373 9.372 9.373 24.568.001 33.941z\"><\/path><\/svg>\t\t\t\t\t\t<\/span>\n\t\t\t\t\t\t\t\t\t\t<span class=\"elementor-icon-list-text\">Erasmus+<\/span>\n\t\t\t\t\t\t\t\t\t<\/li>\n\t\t\t\t\t\t<\/ul>\n\t\t\t\t\t\t<\/div>\n\t\t\t\t\t<\/div>\n\t\t<\/div>\n\t\t\t\t\t<\/div>\n\t\t<\/section>\n\t\t\t\t<section class=\"elementor-section elementor-top-section elementor-element elementor-element-fc5f9ca elementor-section-boxed elementor-section-height-default elementor-section-height-default\" data-id=\"fc5f9ca\" data-element_type=\"section\">\n\t\t\t\t\t\t\t<div class=\"elementor-background-overlay\"><\/div>\n\t\t\t\t\t\t\t<div class=\"elementor-container elementor-column-gap-default\">\n\t\t\t\t\t<div class=\"elementor-column elementor-col-100 elementor-top-column elementor-element elementor-element-c4fcd62\" data-id=\"c4fcd62\" data-element_type=\"column\">\n\t\t\t<div class=\"elementor-widget-wrap elementor-element-populated\">\n\t\t\t\t\t\t<div class=\"elementor-element elementor-element-bc8703c elementor-widget elementor-widget-text-editor\" data-id=\"bc8703c\" data-element_type=\"widget\" data-widget_type=\"text-editor.default\">\n\t\t\t\t\t\t\t\t\t<p>\u00a0<\/p><main class=\"site-main\"><\/main><main><a href=\"https:\/\/zsp4.radom.pl\/szkola\/wp-content\/uploads\/2025\/10\/Regulamin-rekrutacji-Erasmus-ZSP4-Radom-2025-2026-1.pdf\" target=\"_blank\" rel=\"noopener\">Regulamin rekrutacji uczni\u00f3w Publicznej Szko\u0142y Podstawowej nr 32 im. Marsza\u0142ka J. Pi\u0142sudskiego w Zespole Szkolno-Przedszkolnym nr 4 w Radomiu do udzia\u0142u w mobilno\u015bci edukacyjnej do szko\u0142y partnerskiej w Duisburgu, Niemcy w ramach program Erasmus+ w grudniu 2025 r.<\/a><\/main><main><\/main><main><\/main><div id=\"primary\" class=\"content-area grid-parent mobile-grid-100 push-25 grid-50 tablet-push-25 tablet-grid-50\"><article id=\"post-9717\" class=\"post-9717 page type-page status-publish\"><div class=\"inside-article\"><div class=\"entry-content\"><h4>Mi\u0142o nam poinformowa\u0107, \u017ce otrzymali\u015bmy Akredytacj\u0119 programu Erasmus+\u00a0<\/h4><\/div><\/div><\/article><\/div>\t\t\t\t\t\t\t\t<\/div>\n\t\t\t\t<div class=\"elementor-element elementor-element-32db229 elementor-widget elementor-widget-image\" data-id=\"32db229\" data-element_type=\"widget\" data-widget_type=\"image.default\">\n\t\t\t\t\t\t\t\t\t\t\t\t\t\t\t<img fetchpriority=\"high\" decoding=\"async\" width=\"800\" height=\"565\" src=\"https:\/\/zsp4.radom.pl\/szkola\/wp-content\/uploads\/2025\/08\/akredytacja.png\" class=\"attachment-large size-large wp-image-497\" alt=\"\" srcset=\"https:\/\/zsp4.radom.pl\/szkola\/wp-content\/uploads\/2025\/08\/akredytacja.png 871w, https:\/\/zsp4.radom.pl\/szkola\/wp-content\/uploads\/2025\/08\/akredytacja-300x212.png 300w, https:\/\/zsp4.radom.pl\/szkola\/wp-content\/uploads\/2025\/08\/akredytacja-768x542.png 768w\" sizes=\"(max-width: 800px) 100vw, 800px\" \/>\t\t\t\t\t\t\t\t\t\t\t\t\t\t\t<\/div>\n\t\t\t\t<div class=\"elementor-element elementor-element-3110d7c elementor-widget elementor-widget-text-editor\" data-id=\"3110d7c\" data-element_type=\"widget\" data-widget_type=\"text-editor.default\">\n\t\t\t\t\t\t\t\t\t<div id=\"primary\" class=\"content-area grid-parent mobile-grid-100 push-25 grid-50 tablet-push-25 tablet-grid-50\"><main id=\"main\" class=\"site-main\"><\/main><article id=\"post-9717\" class=\"post-9717 page type-page status-publish\"><div class=\"inside-article\"><div class=\"entry-content\"><p><strong>Zdj\u0119cia i relacje ze spotka\u0144 i realizowanych projekt\u00f3w znale\u017a\u0107 mo\u017cna r\u00f3wnie\u017c na stronie<\/strong><\/p><p><a href=\"https:\/\/www.facebook.com\/profile.php?id=100070060758820\" target=\"_blank\" rel=\"noopener\">My dla Europy \u2013 Europa dla nas na facebooku<\/a><\/p><p>Zako\u0144czyli\u015bmy realizacje kolejnych projekt\u00f3w:\u00a0<\/p><p class=\"entry-title\"><a href=\"http:\/\/zsp4.radom.pl\/szkola\/well-nutrition-for-our-future\/\" target=\"_blank\" rel=\"noopener\">Well nutrition for our future<\/a><\/p><p class=\"entry-title\"><a href=\"http:\/\/zsp4.radom.pl\/szkola\/dont-be-cyber-bully-be-aware\/\" target=\"_blank\" rel=\"noopener\">Don\u2019t be Cyber Bully, Be Aware<\/a><\/p><p><a href=\"http:\/\/zsp4.radom.pl\/szkola\/from-one-culture-to-another\/\" target=\"_blank\" rel=\"noopener\">From one culture to another<\/a><\/p><p>Anga\u017cujemy si\u0119 w propagowanie idei Erasmus+ . Wsp\u00f3\u0142organizowali\u015bmy\u00a0<\/p><h5><span style=\"color: #000000;\">IV konferencja \u201eProjekty Erasmus+ i Power w twojej szkole\u201d<\/span><\/h5><p>Co za dzie\u0144 \u2013 pisz\u0105 o naszym projekcie\u00a0<a href=\"https:\/\/www.cozadzien.pl\/edukacja\/projekt-erasmus-w-psp-32\/60146\">Snapshots of myself\u00a0on the European canvas<\/a><\/p><p>TV Dami \u2013 tak rozpoczyna\u0142 si\u0119 pobyt naszych Partner\u00f3w w\u00a0<a href=\"https:\/\/dami24.pl\/wiadomosci\/uczniowie-z-4-krajow-odwiedzili-radom\/16395?fbclid=IwAR0g8HpOH2DHW2YEmaDqI9X2YK-4Ck8ysRol4LdgAOrgy1b_jMNjl7RdtLE\">naszej szkole.\u00a0<\/a><\/p><p><a href=\"http:\/\/zsp4.radom.pl\/szkola\/snap\/\" target=\"_blank\" rel=\"noopener\">Snapshots of myself\u00a0<\/a><a href=\"http:\/\/zsp4.radom.pl\/szkola\/snap\/\" target=\"_blank\" rel=\"noopener\">on the European canvas<\/a><strong><br \/><\/strong>realizacja w latach 2018 \u2013 2020<br \/>Koordynator: wicedyrektor Dorota Szczepa\u0144ska,<br \/>Koordynatorzy szkolni: Beata Chudziak i Anna J\u0119dras<\/p><p><strong>Akcja kluczowa KA2 \u2013 Wsp\u00f3\u0142praca na rzecz innowacji i\u00a0wymiany dobrych praktyk,<br \/>typ akcji KA229 \u2013 Projekty wsp\u00f3\u0142pracy szk\u00f3\u0142<br \/>numer identyfikacji 2018-1-FI01-KA229-047194_3<\/strong><\/p><p>\u00a0 \u00a0 \u00a0\u00a0 \u00a0 \u00a0 \u00a0\u00a0 \u00a0 \u00a0\u00a0\u00a0 \u00a0 \u00a0<strong>\u00a0 \u00a0 \u00a0<\/strong><\/p><p><a href=\"http:\/\/zsp4.radom.pl\/szkola\/promoting-literacy-skills-by-stories-of-eu\/\">Promoting literacy skills\u00a0by stories of EU<\/a><strong><br \/><\/strong>realizacja w latach 2018 \u2013 2020<br \/>Koordynator wicedyrektor Dorota Szczepa\u0144ska,<br \/>Koordynator szkolny: El\u017cbieta Grzegorczyk<\/p><p><strong>Akcja kluczowa KA1 Mobilno\u015b\u0107 \u00a0Edukacyjna<br \/>numer identyfikacji 2018-1-PL01-KA101-047957<\/strong><\/p><p><strong>\u00a0 \u00a0 \u00a0 \u00a0 \u00a0 \u00a0 \u00a0 \u00a0<br \/><\/strong>Zadziwieni sob\u0105 poznajemy \u015bwiat<strong><br \/><\/strong>realizacja w latach 2018 \u2013 2020<br \/>Koordynator:\u00a0 Dorota Wieruszewska<\/p><\/div><\/div><\/article><\/div>\t\t\t\t\t\t\t\t<\/div>\n\t\t\t\t<div class=\"elementor-element elementor-element-4d68842 wpisy elementor-widget elementor-widget-jkit_post_block\" data-id=\"4d68842\" data-element_type=\"widget\" data-widget_type=\"jkit_post_block.default\">\n\t\t\t\t\t<div  class=\"jeg-elementor-kit jkit-postblock postblock-type-3 jkit-pagination-disable post-element jeg_module___69d7cea5898dc\"  data-id=\"jeg_module___69d7cea5898dc\" data-settings=\"{&quot;post_type&quot;:&quot;post&quot;,&quot;number_post&quot;:{&quot;unit&quot;:&quot;px&quot;,&quot;size&quot;:3,&quot;sizes&quot;:[]},&quot;post_offset&quot;:0,&quot;unique_content&quot;:&quot;disable&quot;,&quot;include_post&quot;:&quot;&quot;,&quot;exclude_post&quot;:&quot;&quot;,&quot;include_category&quot;:&quot;21&quot;,&quot;exclude_category&quot;:&quot;&quot;,&quot;include_author&quot;:&quot;&quot;,&quot;include_tag&quot;:&quot;&quot;,&quot;exclude_tag&quot;:&quot;&quot;,&quot;sort_by&quot;:&quot;latest&quot;,&quot;pagination_mode&quot;:&quot;disable&quot;,&quot;pagination_loadmore_text&quot;:&quot;Load More&quot;,&quot;pagination_loading_text&quot;:&quot;Loading...&quot;,&quot;pagination_number_post&quot;:{&quot;unit&quot;:&quot;px&quot;,&quot;size&quot;:3,&quot;sizes&quot;:[]},&quot;pagination_scroll_limit&quot;:0,&quot;pagination_icon&quot;:{&quot;value&quot;:&quot;&quot;,&quot;library&quot;:&quot;&quot;},&quot;pagination_icon_position&quot;:&quot;before&quot;,&quot;st_category_position&quot;:&quot;left&quot;,&quot;sg_content_postblock_type&quot;:&quot;type-3&quot;,&quot;sg_content_element_order&quot;:&quot;title,meta,excerpt,read&quot;,&quot;sg_content_breakpoint&quot;:&quot;tablet&quot;,&quot;sg_content_title_html_tag&quot;:&quot;h4&quot;,&quot;sg_content_category_enable&quot;:&quot;&quot;,&quot;sg_content_excerpt_enable&quot;:&quot;yes&quot;,&quot;sg_content_excerpt_length&quot;:{&quot;unit&quot;:&quot;px&quot;,&quot;size&quot;:19,&quot;sizes&quot;:[]},&quot;sg_content_excerpt_more&quot;:&quot;...&quot;,&quot;sg_content_readmore_enable&quot;:&quot;yes&quot;,&quot;sg_content_readmore_icon&quot;:{&quot;value&quot;:&quot;fas fa-arrow-right&quot;,&quot;library&quot;:&quot;fa-solid&quot;},&quot;sg_content_readmore_icon_position&quot;:&quot;after&quot;,&quot;sg_content_readmore_text&quot;:&quot;Zobacz wpis&quot;,&quot;sg_content_comment_enable&quot;:&quot;&quot;,&quot;sg_content_comment_icon&quot;:{&quot;value&quot;:&quot;fas fa-comment&quot;,&quot;library&quot;:&quot;fa-solid&quot;},&quot;sg_content_comment_icon_position&quot;:&quot;before&quot;,&quot;sg_content_meta_enable&quot;:&quot;&quot;,&quot;sg_content_meta_author_enable&quot;:&quot;&quot;,&quot;sg_content_meta_author_by_text&quot;:&quot;by&quot;,&quot;sg_content_meta_author_icon&quot;:{&quot;value&quot;:&quot;fas fa-user&quot;,&quot;library&quot;:&quot;fa-solid&quot;},&quot;sg_content_meta_author_icon_position&quot;:&quot;before&quot;,&quot;sg_content_meta_date_enable&quot;:&quot;&quot;,&quot;sg_content_meta_date_type&quot;:&quot;published&quot;,&quot;sg_content_meta_date_format&quot;:&quot;default&quot;,&quot;sg_content_meta_date_format_custom&quot;:&quot;F j, Y&quot;,&quot;sg_content_meta_date_icon&quot;:{&quot;value&quot;:&quot;fas fa-clock&quot;,&quot;library&quot;:&quot;fa-solid&quot;},&quot;sg_content_meta_date_icon_position&quot;:&quot;before&quot;,&quot;sg_content_image_size_imagesize_size&quot;:&quot;full&quot;,&quot;paged&quot;:1,&quot;class&quot;:&quot;jkit_post_block&quot;}\"><div class=\"jkit-block-container\"><div class=\"jkit-posts jkit-ajax-flag\">\n            <article class=\"jkit-post post-808 post type-post status-publish format-standard has-post-thumbnail hentry category-erasmus tag-from-one-culture-to-another\">\n                    <div class=\"jkit-thumb\"><a aria-label=\"From one culture to another\" href=\"https:\/\/zsp4.radom.pl\/szkola\/from-one-culture-to-another\/\"><div class=\"thumbnail-container \">\n            <img loading=\"lazy\" decoding=\"async\" width=\"300\" height=\"168\" src=\"https:\/\/zsp4.radom.pl\/szkola\/wp-content\/uploads\/2025\/08\/IMG-20220519-WA0018-300x168-1.jpg\" class=\"attachment-full size-full wp-post-image\" alt=\"\" loading=\"lazy\" \/>\n        <\/div><\/a><\/div>\n                    <div class=\"jkit-postblock-content\"><h4 class=\"jkit-post-title\">\n\t\t\t\t\t\t\t<a href=\"https:\/\/zsp4.radom.pl\/szkola\/from-one-culture-to-another\/\">From one culture to another<\/a>\n\t\t\t\t\t\t<\/h4><div class=\"jkit-post-excerpt\"><p>Nasza szko\u0142a realizuje projekt \u201eFrom one culture to another\u201d, kt\u00f3ry ma na celu poszerzenie wiedzy uczni\u00f3w na temat historii,...<\/p><\/div><div class=\"jkit-post-meta-bottom\">\n\t\t\t\t\t\t\t<div class=\"jkit-meta-readmore icon-position-after\">\n                <a title=\"From one culture to another\" href=\"https:\/\/zsp4.radom.pl\/szkola\/from-one-culture-to-another\/\" class=\"jkit-readmore\">Zobacz wpis<svg aria-hidden=\"true\" class=\"e-font-icon-svg e-fas-arrow-right\" viewBox=\"0 0 448 512\" xmlns=\"http:\/\/www.w3.org\/2000\/svg\"><path d=\"M190.5 66.9l22.2-22.2c9.4-9.4 24.6-9.4 33.9 0L441 239c9.4 9.4 9.4 24.6 0 33.9L246.6 467.3c-9.4 9.4-24.6 9.4-33.9 0l-22.2-22.2c-9.5-9.5-9.3-25 .4-34.3L311.4 296H24c-13.3 0-24-10.7-24-24v-32c0-13.3 10.7-24 24-24h287.4L190.9 101.2c-9.8-9.3-10-24.8-.4-34.3z\"><\/path><\/svg><\/a>\n            <\/div>\n\t\t\t\t\t\t<\/div><\/div>\n                <\/article><article class=\"jkit-post post-791 post type-post status-publish format-standard has-post-thumbnail hentry category-erasmus tag-be-aware tag-dont-be-cyber-bully\">\n                    <div class=\"jkit-thumb\"><a aria-label=\"Don\u2019t be Cyber Bully, Be Aware\" href=\"https:\/\/zsp4.radom.pl\/szkola\/dont-be-cyber-bully-be-aware\/\"><div class=\"thumbnail-container \">\n            <img loading=\"lazy\" decoding=\"async\" width=\"300\" height=\"224\" src=\"https:\/\/zsp4.radom.pl\/szkola\/wp-content\/uploads\/2025\/08\/IMG-20220325-WA0010-300x224-1.jpg\" class=\"attachment-full size-full wp-post-image\" alt=\"\" loading=\"lazy\" \/>\n        <\/div><\/a><\/div>\n                    <div class=\"jkit-postblock-content\"><h4 class=\"jkit-post-title\">\n\t\t\t\t\t\t\t<a href=\"https:\/\/zsp4.radom.pl\/szkola\/dont-be-cyber-bully-be-aware\/\">Don\u2019t be Cyber Bully, Be Aware<\/a>\n\t\t\t\t\t\t<\/h4><div class=\"jkit-post-excerpt\"><p>Celem projektu Erasmus+ \u201eDon\u2019t be Cyber Bully, Be Aware\u201d jest rozwijanie kompetencji j\u0119zykowych, poznawanie tradycji i kultury kraj\u00f3w cz\u0142onkowskich,...<\/p><\/div><div class=\"jkit-post-meta-bottom\">\n\t\t\t\t\t\t\t<div class=\"jkit-meta-readmore icon-position-after\">\n                <a title=\"Don\u2019t be Cyber Bully, Be Aware\" href=\"https:\/\/zsp4.radom.pl\/szkola\/dont-be-cyber-bully-be-aware\/\" class=\"jkit-readmore\">Zobacz wpis<svg aria-hidden=\"true\" class=\"e-font-icon-svg e-fas-arrow-right\" viewBox=\"0 0 448 512\" xmlns=\"http:\/\/www.w3.org\/2000\/svg\"><path d=\"M190.5 66.9l22.2-22.2c9.4-9.4 24.6-9.4 33.9 0L441 239c9.4 9.4 9.4 24.6 0 33.9L246.6 467.3c-9.4 9.4-24.6 9.4-33.9 0l-22.2-22.2c-9.5-9.5-9.3-25 .4-34.3L311.4 296H24c-13.3 0-24-10.7-24-24v-32c0-13.3 10.7-24 24-24h287.4L190.9 101.2c-9.8-9.3-10-24.8-.4-34.3z\"><\/path><\/svg><\/a>\n            <\/div>\n\t\t\t\t\t\t<\/div><\/div>\n                <\/article><article class=\"jkit-post post-488 post type-post status-publish format-standard has-post-thumbnail hentry category-erasmus tag-well-nutrition-for-our-future\">\n                    <div class=\"jkit-thumb\"><a aria-label=\"Well nutrition for our future\" href=\"https:\/\/zsp4.radom.pl\/szkola\/well-nutrition-for-our-future\/\"><div class=\"thumbnail-container \">\n            <img loading=\"lazy\" decoding=\"async\" width=\"640\" height=\"288\" src=\"https:\/\/zsp4.radom.pl\/szkola\/wp-content\/uploads\/2025\/08\/275162863_312414377562643_270561904294987388_n.jpg\" class=\"attachment-full size-full wp-post-image\" alt=\"\" loading=\"lazy\" srcset=\"https:\/\/zsp4.radom.pl\/szkola\/wp-content\/uploads\/2025\/08\/275162863_312414377562643_270561904294987388_n.jpg 640w, https:\/\/zsp4.radom.pl\/szkola\/wp-content\/uploads\/2025\/08\/275162863_312414377562643_270561904294987388_n-300x135.jpg 300w\" sizes=\"auto, (max-width: 640px) 100vw, 640px\" \/>\n        <\/div><\/a><\/div>\n                    <div class=\"jkit-postblock-content\"><h4 class=\"jkit-post-title\">\n\t\t\t\t\t\t\t<a href=\"https:\/\/zsp4.radom.pl\/szkola\/well-nutrition-for-our-future\/\">Well nutrition for our future<\/a>\n\t\t\t\t\t\t<\/h4><div class=\"jkit-post-excerpt\"><p>W dniach 5 -12 marca 2022 r. nasze uczennice Klara, Maja i Agata\u00a0 wraz z pani\u0105 wicedyrektor Dorot\u0105 Szczepa\u0144sk\u0105...<\/p><\/div><div class=\"jkit-post-meta-bottom\">\n\t\t\t\t\t\t\t<div class=\"jkit-meta-readmore icon-position-after\">\n                <a title=\"Well nutrition for our future\" href=\"https:\/\/zsp4.radom.pl\/szkola\/well-nutrition-for-our-future\/\" class=\"jkit-readmore\">Zobacz wpis<svg aria-hidden=\"true\" class=\"e-font-icon-svg e-fas-arrow-right\" viewBox=\"0 0 448 512\" xmlns=\"http:\/\/www.w3.org\/2000\/svg\"><path d=\"M190.5 66.9l22.2-22.2c9.4-9.4 24.6-9.4 33.9 0L441 239c9.4 9.4 9.4 24.6 0 33.9L246.6 467.3c-9.4 9.4-24.6 9.4-33.9 0l-22.2-22.2c-9.5-9.5-9.3-25 .4-34.3L311.4 296H24c-13.3 0-24-10.7-24-24v-32c0-13.3 10.7-24 24-24h287.4L190.9 101.2c-9.8-9.3-10-24.8-.4-34.3z\"><\/path><\/svg><\/a>\n            <\/div>\n\t\t\t\t\t\t<\/div><\/div>\n                <\/article>\n        <\/div><\/div><\/div>\t\t\t\t<\/div>\n\t\t\t\t\t<\/div>\n\t\t<\/div>\n\t\t\t\t\t<\/div>\n\t\t<\/section>\n\t\t\t\t<\/div>\n\t\t","protected":false},"excerpt":{"rendered":"<p>Strona g\u0142\u00f3wna \u00a0 Regulamin rekrutacji uczni\u00f3w Publicznej Szko\u0142y Podstawowej nr 32 im. Marsza\u0142ka J. Pi\u0142sudskiego w Zespole Szkolno-Przedszkolnym nr 4 w Radomiu do udzia\u0142u w mobilno\u015bci edukacyjnej do szko\u0142y partnerskiej w Duisburgu, Niemcy w ramach program Erasmus+ w grudniu 2025 r. Mi\u0142o nam poinformowa\u0107, \u017ce otrzymali\u015bmy Akredytacj\u0119 programu Erasmus+\u00a0 Zdj\u0119cia i relacje ze spotka\u0144 i [&hellip;]<\/p>\n","protected":false},"author":1,"featured_media":0,"parent":0,"menu_order":0,"comment_status":"closed","ping_status":"closed","template":"","meta":{"footnotes":""},"class_list":["post-484","page","type-page","status-publish","hentry"],"aioseo_notices":[],"_links":{"self":[{"href":"https:\/\/zsp4.radom.pl\/szkola\/wp-json\/wp\/v2\/pages\/484","targetHints":{"allow":["GET"]}}],"collection":[{"href":"https:\/\/zsp4.radom.pl\/szkola\/wp-json\/wp\/v2\/pages"}],"about":[{"href":"https:\/\/zsp4.radom.pl\/szkola\/wp-json\/wp\/v2\/types\/page"}],"author":[{"embeddable":true,"href":"https:\/\/zsp4.radom.pl\/szkola\/wp-json\/wp\/v2\/users\/1"}],"replies":[{"embeddable":true,"href":"https:\/\/zsp4.radom.pl\/szkola\/wp-json\/wp\/v2\/comments?post=484"}],"version-history":[{"count":13,"href":"https:\/\/zsp4.radom.pl\/szkola\/wp-json\/wp\/v2\/pages\/484\/revisions"}],"predecessor-version":[{"id":2834,"href":"https:\/\/zsp4.radom.pl\/szkola\/wp-json\/wp\/v2\/pages\/484\/revisions\/2834"}],"wp:attachment":[{"href":"https:\/\/zsp4.radom.pl\/szkola\/wp-json\/wp\/v2\/media?parent=484"}],"curies":[{"name":"wp","href":"https:\/\/api.w.org\/{rel}","templated":true}]}}