{"id":523,"date":"2025-08-11T09:17:16","date_gmt":"2025-08-11T07:17:16","guid":{"rendered":"https:\/\/zsp4.radom.pl\/szkola\/o-nas-copy\/"},"modified":"2025-08-25T20:16:09","modified_gmt":"2025-08-25T18:16:09","slug":"aktywna-tablica","status":"publish","type":"page","link":"https:\/\/zsp4.radom.pl\/szkola\/aktywna-tablica\/","title":{"rendered":"Aktywna Tablica"},"content":{"rendered":"\t\t<div data-elementor-type=\"wp-page\" data-elementor-id=\"523\" class=\"elementor elementor-523\" data-elementor-post-type=\"page\">\n\t\t\t\t\t\t<section class=\"elementor-section elementor-top-section elementor-element elementor-element-8f633c1 elementor-section-boxed elementor-section-height-default elementor-section-height-default\" data-id=\"8f633c1\" data-element_type=\"section\" data-settings=\"{&quot;background_background&quot;:&quot;classic&quot;}\">\n\t\t\t\t\t\t\t<div class=\"elementor-background-overlay\"><\/div>\n\t\t\t\t\t\t\t<div class=\"elementor-container elementor-column-gap-default\">\n\t\t\t\t\t<div class=\"elementor-column elementor-col-100 elementor-top-column elementor-element elementor-element-0e16588\" data-id=\"0e16588\" data-element_type=\"column\">\n\t\t\t<div class=\"elementor-widget-wrap elementor-element-populated\">\n\t\t\t\t\t\t<div class=\"elementor-element elementor-element-68a91bd elementor-widget elementor-widget-heading\" data-id=\"68a91bd\" data-element_type=\"widget\" data-widget_type=\"heading.default\">\n\t\t\t\t\t<h1 class=\"elementor-heading-title elementor-size-default\">Aktywna Tablica<\/h1>\t\t\t\t<\/div>\n\t\t\t\t<div class=\"elementor-element elementor-element-196498f elementor-icon-list--layout-inline elementor-align-center elementor-list-item-link-full_width elementor-widget elementor-widget-icon-list\" data-id=\"196498f\" data-element_type=\"widget\" data-widget_type=\"icon-list.default\">\n\t\t\t\t\t\t\t<ul class=\"elementor-icon-list-items elementor-inline-items\">\n\t\t\t\t\t\t\t<li class=\"elementor-icon-list-item elementor-inline-item\">\n\t\t\t\t\t\t\t\t\t\t\t<a href=\"\/\">\n\n\t\t\t\t\t\t\t\t\t\t\t<span class=\"elementor-icon-list-text\">Strona g\u0142\u00f3wna<\/span>\n\t\t\t\t\t\t\t\t\t\t\t<\/a>\n\t\t\t\t\t\t\t\t\t<\/li>\n\t\t\t\t\t\t\t\t<li class=\"elementor-icon-list-item elementor-inline-item\">\n\t\t\t\t\t\t\t\t\t\t\t<span class=\"elementor-icon-list-icon\">\n\t\t\t\t\t\t\t<svg aria-hidden=\"true\" class=\"e-font-icon-svg e-fas-chevron-right\" viewBox=\"0 0 320 512\" xmlns=\"http:\/\/www.w3.org\/2000\/svg\"><path d=\"M285.476 272.971L91.132 467.314c-9.373 9.373-24.569 9.373-33.941 0l-22.667-22.667c-9.357-9.357-9.375-24.522-.04-33.901L188.505 256 34.484 101.255c-9.335-9.379-9.317-24.544.04-33.901l22.667-22.667c9.373-9.373 24.569-9.373 33.941 0L285.475 239.03c9.373 9.372 9.373 24.568.001 33.941z\"><\/path><\/svg>\t\t\t\t\t\t<\/span>\n\t\t\t\t\t\t\t\t\t\t<span class=\"elementor-icon-list-text\">Aktywna Tablica<\/span>\n\t\t\t\t\t\t\t\t\t<\/li>\n\t\t\t\t\t\t<\/ul>\n\t\t\t\t\t\t<\/div>\n\t\t\t\t\t<\/div>\n\t\t<\/div>\n\t\t\t\t\t<\/div>\n\t\t<\/section>\n\t\t\t\t<section class=\"elementor-section elementor-top-section elementor-element elementor-element-1cd21aa elementor-section-content-middle elementor-section-boxed elementor-section-height-default elementor-section-height-default\" data-id=\"1cd21aa\" data-element_type=\"section\" data-settings=\"{&quot;background_background&quot;:&quot;classic&quot;}\">\n\t\t\t\t\t\t<div class=\"elementor-container elementor-column-gap-default\">\n\t\t\t\t\t<div class=\"elementor-column elementor-col-50 elementor-top-column elementor-element elementor-element-6dd9888\" data-id=\"6dd9888\" data-element_type=\"column\">\n\t\t\t<div class=\"elementor-widget-wrap elementor-element-populated\">\n\t\t\t\t\t\t<div class=\"elementor-element elementor-element-352c7a2 elementor-widget elementor-widget-image\" data-id=\"352c7a2\" data-element_type=\"widget\" data-widget_type=\"image.default\">\n\t\t\t\t\t\t\t\t\t\t\t\t\t\t\t<img fetchpriority=\"high\" decoding=\"async\" width=\"225\" height=\"225\" src=\"https:\/\/zsp4.radom.pl\/szkola\/wp-content\/uploads\/2025\/08\/aktywna_tablica.jpg\" class=\"attachment-large size-large wp-image-530\" alt=\"\" srcset=\"https:\/\/zsp4.radom.pl\/szkola\/wp-content\/uploads\/2025\/08\/aktywna_tablica.jpg 225w, https:\/\/zsp4.radom.pl\/szkola\/wp-content\/uploads\/2025\/08\/aktywna_tablica-150x150.jpg 150w\" sizes=\"(max-width: 225px) 100vw, 225px\" \/>\t\t\t\t\t\t\t\t\t\t\t\t\t\t\t<\/div>\n\t\t\t\t\t<\/div>\n\t\t<\/div>\n\t\t\t\t<div class=\"elementor-column elementor-col-50 elementor-top-column elementor-element elementor-element-56f460f\" data-id=\"56f460f\" data-element_type=\"column\">\n\t\t\t<div class=\"elementor-widget-wrap elementor-element-populated\">\n\t\t\t\t\t\t<div class=\"elementor-element elementor-element-297d30b elementor-widget elementor-widget-text-editor\" data-id=\"297d30b\" data-element_type=\"widget\" data-widget_type=\"text-editor.default\">\n\t\t\t\t\t\t\t\t\t<p>Rz\u0105dowy programu rozwijania szkolnej infrastruktury oraz kompetencji uczni\u00f3w i nauczycieli w zakresie technologii informacyjno-komunikacyjnych na lata 2020\u20132024 \u2013 \u201eAktywna tablica\u201d. G\u0142\u00f3wnym celem programu jest umo\u017cliwienie wykorzystywania w procesie dydaktycznym nowoczesnych pomocy dydaktycznych oraz podniesienie kompetencji uczni\u00f3w i nauczycieli przez zmian\u0119 sposobu my\u015blenia o mo\u017cliwo\u015bciach wykorzystania nowych technologii oraz rozwijanie kompetencji cyfrowych uczni\u00f3w i nauczycieli, w zakresie pos\u0142ugiwania si\u0119 TIK w procesie kszta\u0142cenia lub uczenia si\u0119.\u00a0<\/p>\t\t\t\t\t\t\t\t<\/div>\n\t\t\t\t\t<\/div>\n\t\t<\/div>\n\t\t\t\t\t<\/div>\n\t\t<\/section>\n\t\t\t\t<section class=\"elementor-section elementor-top-section elementor-element elementor-element-4831098 elementor-section-boxed elementor-section-height-default elementor-section-height-default\" data-id=\"4831098\" data-element_type=\"section\">\n\t\t\t\t\t\t\t<div class=\"elementor-background-overlay\"><\/div>\n\t\t\t\t\t\t\t<div class=\"elementor-container elementor-column-gap-default\">\n\t\t\t\t\t<div class=\"elementor-column elementor-col-100 elementor-top-column elementor-element elementor-element-a85f4da\" data-id=\"a85f4da\" data-element_type=\"column\">\n\t\t\t<div class=\"elementor-widget-wrap elementor-element-populated\">\n\t\t\t\t\t\t<div class=\"elementor-element elementor-element-2bb8a6f elementor-widget elementor-widget-heading\" data-id=\"2bb8a6f\" data-element_type=\"widget\" data-widget_type=\"heading.default\">\n\t\t\t\t\t<h3 class=\"elementor-heading-title elementor-size-default\">Scenariusze zaj\u0119\u0107 edukacyjnych z wykorzystaniem TIK\n<\/h3>\t\t\t\t<\/div>\n\t\t\t\t<div class=\"elementor-element elementor-element-b7ef06c eael-table-align-center eael-dt-th-align-left elementor-widget elementor-widget-eael-data-table\" data-id=\"b7ef06c\" data-element_type=\"widget\" data-widget_type=\"eael-data-table.default\">\n\t\t\t\t\t\t\t<div class=\"eael-data-table-wrap\" data-table_id=\"b7ef06c\" id=\"eael-data-table-wrapper-b7ef06c\" data-custom_responsive=\"false\">\n\t\t\t<table class=\"tablesorter eael-data-table center\" id=\"eael-data-table-b7ef06c\">\n\t\t\t    <thead>\n\t\t\t        <tr class=\"table-header\">\n\t\t\t\t\t\t\t\t\t            <th class=\"\" id=\"\" colspan=\"\">\n\t\t\t\t\t\t\t\t\t\t\t\t\t\t<span class=\"data-table-header-text\">Scenariusze zaj\u0119\u0107 edukacyjnych dla klas I-III\t<\/span><\/th>\n\t\t\t        \t\t\t\t            <th class=\"\" id=\"\" colspan=\"\">\n\t\t\t\t\t\t\t\t\t\t\t\t\t\t<span class=\"data-table-header-text\">Scenariusze zaj\u0119\u0107 edukacyjnych dla klas IV-VIII<\/span><\/th>\n\t\t\t        \t\t\t\t        <\/tr>\n\t\t\t    <\/thead>\n\t\t\t  \t<tbody>\n\t\t\t\t\t\t\t\t\t\t\t<tr>\n\t\t\t\t\t\t\t\t\t\t\t\t\t\t\t\t   \t\t\t\t\t\t\t\t\t\t\t<td colspan=\"\" rowspan=\"\" class=\"\" id=\"\">\n\t\t\t\t\t\t\t\t\t\t\t\t<div class=\"td-content-wrapper\">\n\t\t\t\t\t\t\t\t\t\t\t\t\t<a href=\"#\" target=\"_blank\">Scenariusz zaj\u0119\u0107_Bezpieczne wakacje klasa 1<\/a>\n\t\t\t\t\t\t\t\t\t\t\t\t<\/div>\n\t\t\t\t\t\t\t\t\t\t\t<\/td>\n\n\t\t\t\t\t\t\t\t\t\t\t\t\t\t\t\t\t\t\t\t\t\t\t\t\t\t\t\t\t   \t\t\t\t\t\t\t\t\t\t\t<td colspan=\"\" rowspan=\"\" class=\"\" id=\"\">\n\t\t\t\t\t\t\t\t\t\t\t\t<div class=\"td-content-wrapper\">\n\t\t\t\t\t\t\t\t\t\t\t\t\t<a href=\"https:\/\/zsp4.radom.pl\/szkola\/wp-content\/uploads\/2025\/08\/Scenariusz-j.niemiecki-klasa-7-1.pdf\" target=\"_blank\">Scenariusz zaj\u0119\u0107 z fizyki klasa 7<\/a>\n\t\t\t\t\t\t\t\t\t\t\t\t<\/div>\n\t\t\t\t\t\t\t\t\t\t\t<\/td>\n\n\t\t\t\t\t\t\t\t\t\t\t\t\t\t\t\t\t\t\t\t\t\t\t\t\t\t<\/tr>\n\t\t\t        \t\t\t\t\t\t<tr>\n\t\t\t\t\t\t\t\t\t\t\t\t\t\t\t\t   \t\t\t\t\t\t\t\t\t\t\t<td colspan=\"\" rowspan=\"\" class=\"\" id=\"\">\n\t\t\t\t\t\t\t\t\t\t\t\t<div class=\"td-content-wrapper\">\n\t\t\t\t\t\t\t\t\t\t\t\t\t<a href=\"https:\/\/zsp4.radom.pl\/szkola\/wp-content\/uploads\/2025\/08\/scenariusz-zajec-klasa-2.pdf\" target=\"_blank\">Scenariusz zaj\u0119\u0107_Jak dzia\u0142a cia\u0142o i jak o nie dba\u0107 klasa 2<\/a>\n\t\t\t\t\t\t\t\t\t\t\t\t<\/div>\n\t\t\t\t\t\t\t\t\t\t\t<\/td>\n\n\t\t\t\t\t\t\t\t\t\t\t\t\t\t\t\t\t\t\t\t\t\t\t\t\t\t\t\t\t   \t\t\t\t\t\t\t\t\t\t\t<td colspan=\"\" rowspan=\"\" class=\"\" id=\"\">\n\t\t\t\t\t\t\t\t\t\t\t\t<div class=\"td-content-wrapper\">\n\t\t\t\t\t\t\t\t\t\t\t\t\t<a href=\"https:\/\/zsp4.radom.pl\/szkola\/wp-content\/uploads\/2025\/08\/Scenariusz-j.niemiecki-klasa-7-1.pdf\" target=\"_blank\">Scenariusz zaj\u0119\u0107 z j. niemieckiego klasa 7<\/a>\n\t\t\t\t\t\t\t\t\t\t\t\t<\/div>\n\t\t\t\t\t\t\t\t\t\t\t<\/td>\n\n\t\t\t\t\t\t\t\t\t\t\t\t\t\t\t\t\t\t\t\t\t\t\t\t\t\t<\/tr>\n\t\t\t        \t\t\t\t\t\t<tr>\n\t\t\t\t\t\t\t\t\t\t\t\t\t<\/tr>\n\t\t\t        \t\t\t\t\t\t<tr>\n\t\t\t\t\t\t\t\t\t\t\t\t\t\t\t\t   \t\t\t\t\t\t\t\t\t\t\t<td colspan=\"\" rowspan=\"\" class=\"\" id=\"\">\n\t\t\t\t\t\t\t\t\t\t\t\t<div class=\"td-content-wrapper\">\n\t\t\t\t\t\t\t\t\t\t\t\t\t<a href=\"https:\/\/zsp4.radom.pl\/szkola\/wp-content\/uploads\/2025\/08\/scenariusz-ptaki-i-ssaki-hodowlane.pdf\" target=\"_blank\">Scenariusz zaj\u0119\u0107_Ptaki i ssaki hodowlane klasa 2 <br> (Karta pracy, Prezentacja ssaki, Prezentacja ptaki)<\/a>\n\t\t\t\t\t\t\t\t\t\t\t\t<\/div>\n\t\t\t\t\t\t\t\t\t\t\t<\/td>\n\n\t\t\t\t\t\t\t\t\t\t\t\t\t\t\t\t\t\t\t\t\t\t\t\t\t\t\t\t\t   \t\t\t\t\t\t\t\t\t\t\t<td colspan=\"\" rowspan=\"\" class=\"\" id=\"\">\n\t\t\t\t\t\t\t\t\t\t\t\t<div class=\"td-content-wrapper\">\n\t\t\t\t\t\t\t\t\t\t\t\t\t<a href=\"https:\/\/zsp4.radom.pl\/szkola\/wp-content\/uploads\/2025\/08\/scenariusz_zajec_chemia.pdf\" target=\"_blank\">Scenariusz zaj\u0119\u0107 z chemii klasa 8<\/a>\n\t\t\t\t\t\t\t\t\t\t\t\t<\/div>\n\t\t\t\t\t\t\t\t\t\t\t<\/td>\n\n\t\t\t\t\t\t\t\t\t\t\t\t\t\t\t\t\t\t\t\t\t\t\t\t\t\t<\/tr>\n\t\t\t        \t\t\t\t\t\t<tr>\n\t\t\t\t\t\t\t\t\t\t\t\t\t\t\t\t   \t\t\t\t\t\t\t\t\t\t\t<td colspan=\"\" rowspan=\"\" class=\"\" id=\"\">\n\t\t\t\t\t\t\t\t\t\t\t\t<div class=\"td-content-wrapper\">\n\t\t\t\t\t\t\t\t\t\t\t\t\t<a href=\"https:\/\/zsp4.radom.pl\/szkola\/wp-content\/uploads\/2025\/08\/Scenariusz-religia-2.pdf\" target=\"_blank\">Scenariusz zaj\u0119\u0107_Mi\u0142o\u015b\u0107 do bli\u017aniego i Ojczyzny<\/a>\n\t\t\t\t\t\t\t\t\t\t\t\t<\/div>\n\t\t\t\t\t\t\t\t\t\t\t<\/td>\n\n\t\t\t\t\t\t\t\t\t\t\t\t\t\t\t\t\t\t\t\t\t\t\t\t\t\t\t\t\t   \t\t\t\t\t\t\t\t\t\t\t<td colspan=\"\" rowspan=\"\" class=\"\" id=\"\">\n\t\t\t\t\t\t\t\t\t\t\t\t<div class=\"td-content-wrapper\">\n\t\t\t\t\t\t\t\t\t\t\t\t\t<a href=\"https:\/\/zsp4.radom.pl\/szkola\/wp-content\/uploads\/2025\/08\/scenariusz-zajec-j.-hiszpanski.pdf\" target=\"_blank\">Scenariusz zaj\u0119\u0107 z j. hiszpa\u0144skiego<\/a>\n\t\t\t\t\t\t\t\t\t\t\t\t<\/div>\n\t\t\t\t\t\t\t\t\t\t\t<\/td>\n\n\t\t\t\t\t\t\t\t\t\t\t\t\t\t\t\t\t\t\t\t\t\t\t\t\t\t<\/tr>\n\t\t\t        \t\t\t\t\t\t<tr>\n\t\t\t\t\t\t\t\t\t\t\t\t\t\t\t\t   \t\t\t\t\t\t\t\t\t\t\t<td colspan=\"\" rowspan=\"\" class=\"\" id=\"\">\n\t\t\t\t\t\t\t\t\t\t\t\t<div class=\"td-content-wrapper\">\n\t\t\t\t\t\t\t\t\t\t\t\t\t<a href=\"https:\/\/zsp4.radom.pl\/szkola\/wp-content\/uploads\/2025\/08\/Scenariusz-religia-1.pdf\" target=\"_blank\">Scenariusz zaj\u0119\u0107_Miko\u0142aj z Miry<\/a>\n\t\t\t\t\t\t\t\t\t\t\t\t<\/div>\n\t\t\t\t\t\t\t\t\t\t\t<\/td>\n\n\t\t\t\t\t\t\t\t\t\t\t\t\t\t\t\t\t\t\t\t\t\t\t\t\t\t\t\t\t   \t\t\t\t\t\t\t\t\t\t\t<td colspan=\"\" rowspan=\"\" class=\"\" id=\"\">\n\t\t\t\t\t\t\t\t\t\t\t\t<div class=\"td-content-wrapper\"><div class=\"td-content\">\n\t\t\t\t\t\t\t\t\t\t\t\t\t\t\t\t\t\t\t\t\t\t\t\t\t<\/div><\/div>\n\t\t\t\t\t\t\t\t\t\t\t<\/td>\n\t\t\t\t\t\t\t\t\t\t\t\t\t\t\t\t\t\t\t\t\t\t\t\t\t\t<\/tr>\n\t\t\t        \t\t\t\t\t\t<tr>\n\t\t\t\t\t\t\t\t\t\t\t\t\t\t\t\t   \t\t\t\t\t\t\t\t\t\t\t<td colspan=\"\" rowspan=\"\" class=\"\" id=\"\">\n\t\t\t\t\t\t\t\t\t\t\t\t<div class=\"td-content-wrapper\">\n\t\t\t\t\t\t\t\t\t\t\t\t\t<a href=\"https:\/\/zsp4.radom.pl\/szkola\/wp-content\/uploads\/2025\/08\/scenariusz-religia-2-1.pdf\" target=\"_blank\">Scenariusz zaj\u0119\u0107_Wsp\u00f3lnoty w ko\u015bciele<\/a>\n\t\t\t\t\t\t\t\t\t\t\t\t<\/div>\n\t\t\t\t\t\t\t\t\t\t\t<\/td>\n\n\t\t\t\t\t\t\t\t\t\t\t\t\t\t\t\t\t\t\t\t\t\t\t\t\t\t\t\t\t   \t\t\t\t\t\t\t\t\t\t\t<td colspan=\"\" rowspan=\"\" class=\"\" id=\"\">\n\t\t\t\t\t\t\t\t\t\t\t\t<div class=\"td-content-wrapper\"><div class=\"td-content\">\n\t\t\t\t\t\t\t\t\t\t\t\t\t\t\t\t\t\t\t\t\t\t\t\t\t<\/div><\/div>\n\t\t\t\t\t\t\t\t\t\t\t<\/td>\n\t\t\t\t\t\t\t\t\t\t\t\t\t\t\t\t\t\t\t\t\t\t\t\t\t\t<\/tr>\n\t\t\t        \t\t\t\t\t\t<tr>\n\t\t\t\t\t\t\t\t\t\t\t\t\t\t\t\t   \t\t\t\t\t\t\t\t\t\t\t<td colspan=\"\" rowspan=\"\" class=\"\" id=\"\">\n\t\t\t\t\t\t\t\t\t\t\t\t<div class=\"td-content-wrapper\">\n\t\t\t\t\t\t\t\t\t\t\t\t\t<a href=\"https:\/\/zsp4.radom.pl\/szkola\/wp-content\/uploads\/2025\/08\/scenariusz-zajec-rewalidacja_Poznajemy-emocje.pdf\" target=\"_blank\">Scenariusz zaj\u0119\u0107 rewalidacyjnych_Poznajemy emocje\n<\/a>\n\t\t\t\t\t\t\t\t\t\t\t\t<\/div>\n\t\t\t\t\t\t\t\t\t\t\t<\/td>\n\n\t\t\t\t\t\t\t\t\t\t\t\t\t\t\t\t\t\t\t\t\t\t\t\t\t\t\t\t\t   \t\t\t\t\t\t\t\t\t\t\t<td colspan=\"\" rowspan=\"\" class=\"\" id=\"\">\n\t\t\t\t\t\t\t\t\t\t\t\t<div class=\"td-content-wrapper\"><div class=\"td-content\">\n\t\t\t\t\t\t\t\t\t\t\t\t\t\t\t\t\t\t\t\t\t\t\t\t\t<\/div><\/div>\n\t\t\t\t\t\t\t\t\t\t\t<\/td>\n\t\t\t\t\t\t\t\t\t\t\t\t\t\t\t\t\t\t\t\t\t\t\t\t\t\t<\/tr>\n\t\t\t        \t\t\t    <\/tbody>\n\t\t\t<\/table>\n\t\t<\/div>\n\t  \t\t\t\t\t<\/div>\n\t\t\t\t\t<\/div>\n\t\t<\/div>\n\t\t\t\t\t<\/div>\n\t\t<\/section>\n\t\t\t\t<\/div>\n\t\t","protected":false},"excerpt":{"rendered":"<p>Strona g\u0142\u00f3wna Rz\u0105dowy programu rozwijania szkolnej infrastruktury oraz kompetencji uczni\u00f3w i nauczycieli w zakresie technologii informacyjno-komunikacyjnych na lata 2020\u20132024 \u2013 \u201eAktywna tablica\u201d. G\u0142\u00f3wnym celem programu jest umo\u017cliwienie wykorzystywania w procesie dydaktycznym nowoczesnych pomocy dydaktycznych oraz podniesienie kompetencji uczni\u00f3w i nauczycieli przez zmian\u0119 sposobu my\u015blenia o mo\u017cliwo\u015bciach wykorzystania nowych technologii oraz rozwijanie kompetencji cyfrowych uczni\u00f3w i [&hellip;]<\/p>\n","protected":false},"author":1,"featured_media":0,"parent":0,"menu_order":0,"comment_status":"closed","ping_status":"closed","template":"","meta":{"footnotes":""},"class_list":["post-523","page","type-page","status-publish","hentry"],"aioseo_notices":[],"_links":{"self":[{"href":"https:\/\/zsp4.radom.pl\/szkola\/wp-json\/wp\/v2\/pages\/523","targetHints":{"allow":["GET"]}}],"collection":[{"href":"https:\/\/zsp4.radom.pl\/szkola\/wp-json\/wp\/v2\/pages"}],"about":[{"href":"https:\/\/zsp4.radom.pl\/szkola\/wp-json\/wp\/v2\/types\/page"}],"author":[{"embeddable":true,"href":"https:\/\/zsp4.radom.pl\/szkola\/wp-json\/wp\/v2\/users\/1"}],"replies":[{"embeddable":true,"href":"https:\/\/zsp4.radom.pl\/szkola\/wp-json\/wp\/v2\/comments?post=523"}],"version-history":[{"count":28,"href":"https:\/\/zsp4.radom.pl\/szkola\/wp-json\/wp\/v2\/pages\/523\/revisions"}],"predecessor-version":[{"id":2137,"href":"https:\/\/zsp4.radom.pl\/szkola\/wp-json\/wp\/v2\/pages\/523\/revisions\/2137"}],"wp:attachment":[{"href":"https:\/\/zsp4.radom.pl\/szkola\/wp-json\/wp\/v2\/media?parent=523"}],"curies":[{"name":"wp","href":"https:\/\/api.w.org\/{rel}","templated":true}]}}