{"id":562,"date":"2025-08-11T09:45:43","date_gmt":"2025-08-11T07:45:43","guid":{"rendered":"https:\/\/zsp4.radom.pl\/szkola\/laboratoria-przyszlosci\/srodki-finansowe-otrzymane-w-ramach-programu-copy\/"},"modified":"2025-08-25T10:37:47","modified_gmt":"2025-08-25T08:37:47","slug":"galeria-laboratorium","status":"publish","type":"page","link":"https:\/\/zsp4.radom.pl\/szkola\/laboratoria-przyszlosci\/galeria-laboratorium\/","title":{"rendered":"Galeria Laboratorium"},"content":{"rendered":"\t\t<div data-elementor-type=\"wp-page\" data-elementor-id=\"562\" class=\"elementor elementor-562\" data-elementor-post-type=\"page\">\n\t\t\t\t\t\t<section class=\"elementor-section elementor-top-section elementor-element elementor-element-6f6f4a7 elementor-section-boxed elementor-section-height-default elementor-section-height-default\" data-id=\"6f6f4a7\" data-element_type=\"section\" data-settings=\"{&quot;background_background&quot;:&quot;classic&quot;}\">\n\t\t\t\t\t\t\t<div class=\"elementor-background-overlay\"><\/div>\n\t\t\t\t\t\t\t<div class=\"elementor-container elementor-column-gap-default\">\n\t\t\t\t\t<div class=\"elementor-column elementor-col-100 elementor-top-column elementor-element elementor-element-7562c0b\" data-id=\"7562c0b\" data-element_type=\"column\">\n\t\t\t<div class=\"elementor-widget-wrap elementor-element-populated\">\n\t\t\t\t\t\t<div class=\"elementor-element elementor-element-5205f09 elementor-widget elementor-widget-heading\" data-id=\"5205f09\" data-element_type=\"widget\" data-widget_type=\"heading.default\">\n\t\t\t\t\t<h1 class=\"elementor-heading-title elementor-size-default\">Galeria Laboratorium<\/h1>\t\t\t\t<\/div>\n\t\t\t\t<div class=\"elementor-element elementor-element-a941f31 elementor-icon-list--layout-inline elementor-align-center elementor-list-item-link-full_width elementor-widget elementor-widget-icon-list\" data-id=\"a941f31\" data-element_type=\"widget\" data-widget_type=\"icon-list.default\">\n\t\t\t\t\t\t\t<ul class=\"elementor-icon-list-items elementor-inline-items\">\n\t\t\t\t\t\t\t<li class=\"elementor-icon-list-item elementor-inline-item\">\n\t\t\t\t\t\t\t\t\t\t\t<a href=\"\/\">\n\n\t\t\t\t\t\t\t\t\t\t\t<span class=\"elementor-icon-list-text\">Strona g\u0142\u00f3wna<\/span>\n\t\t\t\t\t\t\t\t\t\t\t<\/a>\n\t\t\t\t\t\t\t\t\t<\/li>\n\t\t\t\t\t\t\t\t<li class=\"elementor-icon-list-item elementor-inline-item\">\n\t\t\t\t\t\t\t\t\t\t\t<span class=\"elementor-icon-list-icon\">\n\t\t\t\t\t\t\t<svg aria-hidden=\"true\" class=\"e-font-icon-svg e-fas-chevron-right\" viewBox=\"0 0 320 512\" xmlns=\"http:\/\/www.w3.org\/2000\/svg\"><path d=\"M285.476 272.971L91.132 467.314c-9.373 9.373-24.569 9.373-33.941 0l-22.667-22.667c-9.357-9.357-9.375-24.522-.04-33.901L188.505 256 34.484 101.255c-9.335-9.379-9.317-24.544.04-33.901l22.667-22.667c9.373-9.373 24.569-9.373 33.941 0L285.475 239.03c9.373 9.372 9.373 24.568.001 33.941z\"><\/path><\/svg>\t\t\t\t\t\t<\/span>\n\t\t\t\t\t\t\t\t\t\t<span class=\"elementor-icon-list-text\">Galeria Laboratorium<\/span>\n\t\t\t\t\t\t\t\t\t<\/li>\n\t\t\t\t\t\t<\/ul>\n\t\t\t\t\t\t<\/div>\n\t\t\t\t\t<\/div>\n\t\t<\/div>\n\t\t\t\t\t<\/div>\n\t\t<\/section>\n\t\t\t\t<section class=\"elementor-section elementor-top-section elementor-element elementor-element-fc5f9ca elementor-section-boxed elementor-section-height-default elementor-section-height-default\" data-id=\"fc5f9ca\" data-element_type=\"section\">\n\t\t\t\t\t\t\t<div class=\"elementor-background-overlay\"><\/div>\n\t\t\t\t\t\t\t<div class=\"elementor-container elementor-column-gap-default\">\n\t\t\t\t\t<div class=\"elementor-column elementor-col-100 elementor-top-column elementor-element elementor-element-c4fcd62\" data-id=\"c4fcd62\" data-element_type=\"column\">\n\t\t\t<div class=\"elementor-widget-wrap elementor-element-populated\">\n\t\t\t\t\t\t<div class=\"elementor-element elementor-element-edfe92b wpisy elementor-widget elementor-widget-jkit_post_block\" data-id=\"edfe92b\" data-element_type=\"widget\" data-widget_type=\"jkit_post_block.default\">\n\t\t\t\t\t<div  class=\"jeg-elementor-kit jkit-postblock postblock-type-3 jkit-pagination-disable post-element jeg_module___69e352c5bbb8c\"  data-id=\"jeg_module___69e352c5bbb8c\" data-settings=\"{&quot;post_type&quot;:&quot;post&quot;,&quot;number_post&quot;:{&quot;unit&quot;:&quot;px&quot;,&quot;size&quot;:9,&quot;sizes&quot;:[]},&quot;post_offset&quot;:0,&quot;unique_content&quot;:&quot;disable&quot;,&quot;include_post&quot;:&quot;&quot;,&quot;exclude_post&quot;:&quot;&quot;,&quot;include_category&quot;:&quot;23&quot;,&quot;exclude_category&quot;:&quot;&quot;,&quot;include_author&quot;:&quot;&quot;,&quot;include_tag&quot;:&quot;&quot;,&quot;exclude_tag&quot;:&quot;&quot;,&quot;sort_by&quot;:&quot;latest&quot;,&quot;pagination_mode&quot;:&quot;disable&quot;,&quot;pagination_loadmore_text&quot;:&quot;Load More&quot;,&quot;pagination_loading_text&quot;:&quot;Loading...&quot;,&quot;pagination_number_post&quot;:{&quot;unit&quot;:&quot;px&quot;,&quot;size&quot;:3,&quot;sizes&quot;:[]},&quot;pagination_scroll_limit&quot;:0,&quot;pagination_icon&quot;:{&quot;value&quot;:&quot;&quot;,&quot;library&quot;:&quot;&quot;},&quot;pagination_icon_position&quot;:&quot;before&quot;,&quot;st_category_position&quot;:&quot;left&quot;,&quot;sg_content_postblock_type&quot;:&quot;type-3&quot;,&quot;sg_content_element_order&quot;:&quot;title,meta,excerpt,read&quot;,&quot;sg_content_breakpoint&quot;:&quot;tablet&quot;,&quot;sg_content_title_html_tag&quot;:&quot;h4&quot;,&quot;sg_content_category_enable&quot;:&quot;&quot;,&quot;sg_content_excerpt_enable&quot;:&quot;yes&quot;,&quot;sg_content_excerpt_length&quot;:{&quot;unit&quot;:&quot;px&quot;,&quot;size&quot;:19,&quot;sizes&quot;:[]},&quot;sg_content_excerpt_more&quot;:&quot;...&quot;,&quot;sg_content_readmore_enable&quot;:&quot;yes&quot;,&quot;sg_content_readmore_icon&quot;:{&quot;value&quot;:&quot;fas fa-arrow-right&quot;,&quot;library&quot;:&quot;fa-solid&quot;},&quot;sg_content_readmore_icon_position&quot;:&quot;after&quot;,&quot;sg_content_readmore_text&quot;:&quot;Zobacz wpis&quot;,&quot;sg_content_comment_enable&quot;:&quot;&quot;,&quot;sg_content_comment_icon&quot;:{&quot;value&quot;:&quot;fas fa-comment&quot;,&quot;library&quot;:&quot;fa-solid&quot;},&quot;sg_content_comment_icon_position&quot;:&quot;before&quot;,&quot;sg_content_meta_enable&quot;:&quot;&quot;,&quot;sg_content_meta_author_enable&quot;:&quot;&quot;,&quot;sg_content_meta_author_by_text&quot;:&quot;by&quot;,&quot;sg_content_meta_author_icon&quot;:{&quot;value&quot;:&quot;fas fa-user&quot;,&quot;library&quot;:&quot;fa-solid&quot;},&quot;sg_content_meta_author_icon_position&quot;:&quot;before&quot;,&quot;sg_content_meta_date_enable&quot;:&quot;&quot;,&quot;sg_content_meta_date_type&quot;:&quot;published&quot;,&quot;sg_content_meta_date_format&quot;:&quot;default&quot;,&quot;sg_content_meta_date_format_custom&quot;:&quot;F j, Y&quot;,&quot;sg_content_meta_date_icon&quot;:{&quot;value&quot;:&quot;fas fa-clock&quot;,&quot;library&quot;:&quot;fa-solid&quot;},&quot;sg_content_meta_date_icon_position&quot;:&quot;before&quot;,&quot;sg_content_image_size_imagesize_size&quot;:&quot;full&quot;,&quot;paged&quot;:1,&quot;class&quot;:&quot;jkit_post_block&quot;}\"><div class=\"jkit-block-container\"><div class=\"jkit-posts jkit-ajax-flag\">\n            <article class=\"jkit-post post-590 post type-post status-publish format-standard has-post-thumbnail hentry category-galeria-laboratorium tag-programowanie-przez-zabawe\">\n                    <div class=\"jkit-thumb\"><a aria-label=\"Programowanie przez zabaw\u0119\" href=\"https:\/\/zsp4.radom.pl\/szkola\/programowanie-przez-zabawe\/\"><div class=\"thumbnail-container \">\n            <img loading=\"lazy\" decoding=\"async\" width=\"910\" height=\"1200\" src=\"https:\/\/zsp4.radom.pl\/szkola\/wp-content\/uploads\/2025\/08\/IMG_20240206_131353.jpg\" class=\"attachment-full size-full wp-post-image\" alt=\"\" loading=\"lazy\" srcset=\"https:\/\/zsp4.radom.pl\/szkola\/wp-content\/uploads\/2025\/08\/IMG_20240206_131353.jpg 910w, https:\/\/zsp4.radom.pl\/szkola\/wp-content\/uploads\/2025\/08\/IMG_20240206_131353-228x300.jpg 228w, https:\/\/zsp4.radom.pl\/szkola\/wp-content\/uploads\/2025\/08\/IMG_20240206_131353-777x1024.jpg 777w, https:\/\/zsp4.radom.pl\/szkola\/wp-content\/uploads\/2025\/08\/IMG_20240206_131353-768x1013.jpg 768w\" sizes=\"auto, (max-width: 910px) 100vw, 910px\" \/>\n        <\/div><\/a><\/div>\n                    <div class=\"jkit-postblock-content\"><h4 class=\"jkit-post-title\">\n\t\t\t\t\t\t\t<a href=\"https:\/\/zsp4.radom.pl\/szkola\/programowanie-przez-zabawe\/\">Programowanie przez zabaw\u0119<\/a>\n\t\t\t\t\t\t<\/h4><div class=\"jkit-post-excerpt\"><p>Uczniowie ucz\u0119szczaj\u0105cy na szkoln\u0105 \u015bwietlic\u0119 maj\u0105 mo\u017cliwo\u015b\u0107 poznania i przetestowania zestaw\u00f3w Lego w podstawowych jak i rozszerzonych wersjach. To...<\/p><\/div><div class=\"jkit-post-meta-bottom\">\n\t\t\t\t\t\t\t<div class=\"jkit-meta-readmore icon-position-after\">\n                <a title=\"Programowanie przez zabaw\u0119\" href=\"https:\/\/zsp4.radom.pl\/szkola\/programowanie-przez-zabawe\/\" class=\"jkit-readmore\">Zobacz wpis<svg aria-hidden=\"true\" class=\"e-font-icon-svg e-fas-arrow-right\" viewBox=\"0 0 448 512\" xmlns=\"http:\/\/www.w3.org\/2000\/svg\"><path d=\"M190.5 66.9l22.2-22.2c9.4-9.4 24.6-9.4 33.9 0L441 239c9.4 9.4 9.4 24.6 0 33.9L246.6 467.3c-9.4 9.4-24.6 9.4-33.9 0l-22.2-22.2c-9.5-9.5-9.3-25 .4-34.3L311.4 296H24c-13.3 0-24-10.7-24-24v-32c0-13.3 10.7-24 24-24h287.4L190.9 101.2c-9.8-9.3-10-24.8-.4-34.3z\"><\/path><\/svg><\/a>\n            <\/div>\n\t\t\t\t\t\t<\/div><\/div>\n                <\/article><article class=\"jkit-post post-588 post type-post status-publish format-standard has-post-thumbnail hentry category-galeria-laboratorium tag-szkolny-klub-gier-planszowych\">\n                    <div class=\"jkit-thumb\"><a aria-label=\"Szkolny Klub Gier Planszowych\" href=\"https:\/\/zsp4.radom.pl\/szkola\/szkolny-klub-gier-planszowych\/\"><div class=\"thumbnail-container \">\n            <img loading=\"lazy\" decoding=\"async\" width=\"1477\" height=\"1182\" src=\"https:\/\/zsp4.radom.pl\/szkola\/wp-content\/uploads\/2025\/08\/gry-3_page-0001.jpg\" class=\"attachment-full size-full wp-post-image\" alt=\"\" loading=\"lazy\" srcset=\"https:\/\/zsp4.radom.pl\/szkola\/wp-content\/uploads\/2025\/08\/gry-3_page-0001.jpg 1477w, https:\/\/zsp4.radom.pl\/szkola\/wp-content\/uploads\/2025\/08\/gry-3_page-0001-300x240.jpg 300w, https:\/\/zsp4.radom.pl\/szkola\/wp-content\/uploads\/2025\/08\/gry-3_page-0001-1024x819.jpg 1024w, https:\/\/zsp4.radom.pl\/szkola\/wp-content\/uploads\/2025\/08\/gry-3_page-0001-768x615.jpg 768w\" sizes=\"auto, (max-width: 1477px) 100vw, 1477px\" \/>\n        <\/div><\/a><\/div>\n                    <div class=\"jkit-postblock-content\"><h4 class=\"jkit-post-title\">\n\t\t\t\t\t\t\t<a href=\"https:\/\/zsp4.radom.pl\/szkola\/szkolny-klub-gier-planszowych\/\">Szkolny Klub Gier Planszowych<\/a>\n\t\t\t\t\t\t<\/h4><div class=\"jkit-post-excerpt\"><p>Magiczny Dywan, to innowacyjna, interaktywna pomoc dydaktyczna do \u0107wicze\u0144, gier i zabaw ruchowych. Obraz wy\u015bwietlany na pod\u0142og\u0119 tworzy wirtualny...<\/p><\/div><div class=\"jkit-post-meta-bottom\">\n\t\t\t\t\t\t\t<div class=\"jkit-meta-readmore icon-position-after\">\n                <a title=\"Szkolny Klub Gier Planszowych\" href=\"https:\/\/zsp4.radom.pl\/szkola\/szkolny-klub-gier-planszowych\/\" class=\"jkit-readmore\">Zobacz wpis<svg aria-hidden=\"true\" class=\"e-font-icon-svg e-fas-arrow-right\" viewBox=\"0 0 448 512\" xmlns=\"http:\/\/www.w3.org\/2000\/svg\"><path d=\"M190.5 66.9l22.2-22.2c9.4-9.4 24.6-9.4 33.9 0L441 239c9.4 9.4 9.4 24.6 0 33.9L246.6 467.3c-9.4 9.4-24.6 9.4-33.9 0l-22.2-22.2c-9.5-9.5-9.3-25 .4-34.3L311.4 296H24c-13.3 0-24-10.7-24-24v-32c0-13.3 10.7-24 24-24h287.4L190.9 101.2c-9.8-9.3-10-24.8-.4-34.3z\"><\/path><\/svg><\/a>\n            <\/div>\n\t\t\t\t\t\t<\/div><\/div>\n                <\/article><article class=\"jkit-post post-586 post type-post status-publish format-standard has-post-thumbnail hentry category-galeria-laboratorium tag-kompetencje-spoleczne\">\n                    <div class=\"jkit-thumb\"><a aria-label=\"Kompetencje spo\u0142eczne\" href=\"https:\/\/zsp4.radom.pl\/szkola\/kompetencje-spoleczne\/\"><div class=\"thumbnail-container \">\n            <img loading=\"lazy\" decoding=\"async\" width=\"622\" height=\"820\" src=\"https:\/\/zsp4.radom.pl\/szkola\/wp-content\/uploads\/2025\/08\/IMG_20231108_212727.jpg\" class=\"attachment-full size-full wp-post-image\" alt=\"\" loading=\"lazy\" srcset=\"https:\/\/zsp4.radom.pl\/szkola\/wp-content\/uploads\/2025\/08\/IMG_20231108_212727.jpg 622w, https:\/\/zsp4.radom.pl\/szkola\/wp-content\/uploads\/2025\/08\/IMG_20231108_212727-228x300.jpg 228w\" sizes=\"auto, (max-width: 622px) 100vw, 622px\" \/>\n        <\/div><\/a><\/div>\n                    <div class=\"jkit-postblock-content\"><h4 class=\"jkit-post-title\">\n\t\t\t\t\t\t\t<a href=\"https:\/\/zsp4.radom.pl\/szkola\/kompetencje-spoleczne\/\">Kompetencje spo\u0142eczne<\/a>\n\t\t\t\t\t\t<\/h4><div class=\"jkit-post-excerpt\"><p>Zabawa rozwijaj\u0105ca umiej\u0119tno\u015bci samopoznania i integracji spo\u0142ecznej z uczniami klasy 3a i 2b. Wykorzystanie robot\u00f3w Photon do poznania siebie...<\/p><\/div><div class=\"jkit-post-meta-bottom\">\n\t\t\t\t\t\t\t<div class=\"jkit-meta-readmore icon-position-after\">\n                <a title=\"Kompetencje spo\u0142eczne\" href=\"https:\/\/zsp4.radom.pl\/szkola\/kompetencje-spoleczne\/\" class=\"jkit-readmore\">Zobacz wpis<svg aria-hidden=\"true\" class=\"e-font-icon-svg e-fas-arrow-right\" viewBox=\"0 0 448 512\" xmlns=\"http:\/\/www.w3.org\/2000\/svg\"><path d=\"M190.5 66.9l22.2-22.2c9.4-9.4 24.6-9.4 33.9 0L441 239c9.4 9.4 9.4 24.6 0 33.9L246.6 467.3c-9.4 9.4-24.6 9.4-33.9 0l-22.2-22.2c-9.5-9.5-9.3-25 .4-34.3L311.4 296H24c-13.3 0-24-10.7-24-24v-32c0-13.3 10.7-24 24-24h287.4L190.9 101.2c-9.8-9.3-10-24.8-.4-34.3z\"><\/path><\/svg><\/a>\n            <\/div>\n\t\t\t\t\t\t<\/div><\/div>\n                <\/article><article class=\"jkit-post post-584 post type-post status-publish format-standard has-post-thumbnail hentry category-galeria-laboratorium tag-jak-zmienic-rysunek-w-przestrzenny-obiekt\">\n                    <div class=\"jkit-thumb\"><a aria-label=\"Jak zmieni\u0107 rysunek w przestrzenny obiekt?\" href=\"https:\/\/zsp4.radom.pl\/szkola\/jak-zmienic-rysunek-w-przestrzenny-obiekt\/\"><div class=\"thumbnail-container \">\n            <img loading=\"lazy\" decoding=\"async\" width=\"780\" height=\"1040\" src=\"https:\/\/zsp4.radom.pl\/szkola\/wp-content\/uploads\/2025\/08\/IMG20231027130653.jpg\" class=\"attachment-full size-full wp-post-image\" alt=\"\" loading=\"lazy\" srcset=\"https:\/\/zsp4.radom.pl\/szkola\/wp-content\/uploads\/2025\/08\/IMG20231027130653.jpg 780w, https:\/\/zsp4.radom.pl\/szkola\/wp-content\/uploads\/2025\/08\/IMG20231027130653-225x300.jpg 225w, https:\/\/zsp4.radom.pl\/szkola\/wp-content\/uploads\/2025\/08\/IMG20231027130653-768x1024.jpg 768w\" sizes=\"auto, (max-width: 780px) 100vw, 780px\" \/>\n        <\/div><\/a><\/div>\n                    <div class=\"jkit-postblock-content\"><h4 class=\"jkit-post-title\">\n\t\t\t\t\t\t\t<a href=\"https:\/\/zsp4.radom.pl\/szkola\/jak-zmienic-rysunek-w-przestrzenny-obiekt\/\">Jak zmieni\u0107 rysunek w przestrzenny obiekt?<\/a>\n\t\t\t\t\t\t<\/h4><div class=\"jkit-post-excerpt\"><p>Za pomoc\u0105 d\u0142ugopis\u00f3w 3D uda\u0142o si\u0119 zmieni\u0107 rysunek w obiekt przestrzenny, dla niekt\u00f3rych to pierwsza mo\u017cliwo\u015b\u0107 korzystania z tego...<\/p><\/div><div class=\"jkit-post-meta-bottom\">\n\t\t\t\t\t\t\t<div class=\"jkit-meta-readmore icon-position-after\">\n                <a title=\"Jak zmieni\u0107 rysunek w przestrzenny obiekt?\" href=\"https:\/\/zsp4.radom.pl\/szkola\/jak-zmienic-rysunek-w-przestrzenny-obiekt\/\" class=\"jkit-readmore\">Zobacz wpis<svg aria-hidden=\"true\" class=\"e-font-icon-svg e-fas-arrow-right\" viewBox=\"0 0 448 512\" xmlns=\"http:\/\/www.w3.org\/2000\/svg\"><path d=\"M190.5 66.9l22.2-22.2c9.4-9.4 24.6-9.4 33.9 0L441 239c9.4 9.4 9.4 24.6 0 33.9L246.6 467.3c-9.4 9.4-24.6 9.4-33.9 0l-22.2-22.2c-9.5-9.5-9.3-25 .4-34.3L311.4 296H24c-13.3 0-24-10.7-24-24v-32c0-13.3 10.7-24 24-24h287.4L190.9 101.2c-9.8-9.3-10-24.8-.4-34.3z\"><\/path><\/svg><\/a>\n            <\/div>\n\t\t\t\t\t\t<\/div><\/div>\n                <\/article><article class=\"jkit-post post-582 post type-post status-publish format-standard has-post-thumbnail hentry category-galeria-laboratorium tag-podstawy-programowania\">\n                    <div class=\"jkit-thumb\"><a aria-label=\"Podstawy programowania\" href=\"https:\/\/zsp4.radom.pl\/szkola\/podstawy-programowania\/\"><div class=\"thumbnail-container \">\n            <img loading=\"lazy\" decoding=\"async\" width=\"389\" height=\"512\" src=\"https:\/\/zsp4.radom.pl\/szkola\/wp-content\/uploads\/2025\/08\/IMG_20231108_214133.jpg\" class=\"attachment-full size-full wp-post-image\" alt=\"\" loading=\"lazy\" srcset=\"https:\/\/zsp4.radom.pl\/szkola\/wp-content\/uploads\/2025\/08\/IMG_20231108_214133.jpg 389w, https:\/\/zsp4.radom.pl\/szkola\/wp-content\/uploads\/2025\/08\/IMG_20231108_214133-228x300.jpg 228w\" sizes=\"auto, (max-width: 389px) 100vw, 389px\" \/>\n        <\/div><\/a><\/div>\n                    <div class=\"jkit-postblock-content\"><h4 class=\"jkit-post-title\">\n\t\t\t\t\t\t\t<a href=\"https:\/\/zsp4.radom.pl\/szkola\/podstawy-programowania\/\">Podstawy programowania<\/a>\n\t\t\t\t\t\t<\/h4><div class=\"jkit-post-excerpt\"><p>LEGO Education SPIKE Prime to doskona\u0142e narz\u0119dzie nauki programowania przez kreatywn\u0105 zabaw\u0119, pomaga rozwija\u0107 umiej\u0119tno\u015bci krytycznego my\u015blenia oraz d\u0105\u017cenia...<\/p><\/div><div class=\"jkit-post-meta-bottom\">\n\t\t\t\t\t\t\t<div class=\"jkit-meta-readmore icon-position-after\">\n                <a title=\"Podstawy programowania\" href=\"https:\/\/zsp4.radom.pl\/szkola\/podstawy-programowania\/\" class=\"jkit-readmore\">Zobacz wpis<svg aria-hidden=\"true\" class=\"e-font-icon-svg e-fas-arrow-right\" viewBox=\"0 0 448 512\" xmlns=\"http:\/\/www.w3.org\/2000\/svg\"><path d=\"M190.5 66.9l22.2-22.2c9.4-9.4 24.6-9.4 33.9 0L441 239c9.4 9.4 9.4 24.6 0 33.9L246.6 467.3c-9.4 9.4-24.6 9.4-33.9 0l-22.2-22.2c-9.5-9.5-9.3-25 .4-34.3L311.4 296H24c-13.3 0-24-10.7-24-24v-32c0-13.3 10.7-24 24-24h287.4L190.9 101.2c-9.8-9.3-10-24.8-.4-34.3z\"><\/path><\/svg><\/a>\n            <\/div>\n\t\t\t\t\t\t<\/div><\/div>\n                <\/article><article class=\"jkit-post post-579 post type-post status-publish format-standard has-post-thumbnail hentry category-galeria-laboratorium tag-eksperymentowanie-z-klockami-lego\">\n                    <div class=\"jkit-thumb\"><a aria-label=\"Eksperymentowanie z klockami Lego\" href=\"https:\/\/zsp4.radom.pl\/szkola\/eksperymentowanie-z-klockami-lego\/\"><div class=\"thumbnail-container \">\n            <img loading=\"lazy\" decoding=\"async\" width=\"1553\" height=\"2048\" src=\"https:\/\/zsp4.radom.pl\/szkola\/wp-content\/uploads\/2025\/08\/IMG_20231108_210820.jpg\" class=\"attachment-full size-full wp-post-image\" alt=\"\" loading=\"lazy\" srcset=\"https:\/\/zsp4.radom.pl\/szkola\/wp-content\/uploads\/2025\/08\/IMG_20231108_210820.jpg 1553w, https:\/\/zsp4.radom.pl\/szkola\/wp-content\/uploads\/2025\/08\/IMG_20231108_210820-227x300.jpg 227w, https:\/\/zsp4.radom.pl\/szkola\/wp-content\/uploads\/2025\/08\/IMG_20231108_210820-777x1024.jpg 777w, https:\/\/zsp4.radom.pl\/szkola\/wp-content\/uploads\/2025\/08\/IMG_20231108_210820-768x1013.jpg 768w, https:\/\/zsp4.radom.pl\/szkola\/wp-content\/uploads\/2025\/08\/IMG_20231108_210820-1165x1536.jpg 1165w\" sizes=\"auto, (max-width: 1553px) 100vw, 1553px\" \/>\n        <\/div><\/a><\/div>\n                    <div class=\"jkit-postblock-content\"><h4 class=\"jkit-post-title\">\n\t\t\t\t\t\t\t<a href=\"https:\/\/zsp4.radom.pl\/szkola\/eksperymentowanie-z-klockami-lego\/\">Eksperymentowanie z klockami Lego<\/a>\n\t\t\t\t\t\t<\/h4><div class=\"jkit-post-excerpt\"><p>Zestaw LEGO Education BricQ Motion anga\u017cuj\u0105 uczni\u00f3w do eksperymentowania z si\u0142ami, ruchem i interakcjami w kontek\u015bcie sportu. Zestaw BricQ...<\/p><\/div><div class=\"jkit-post-meta-bottom\">\n\t\t\t\t\t\t\t<div class=\"jkit-meta-readmore icon-position-after\">\n                <a title=\"Eksperymentowanie z klockami Lego\" href=\"https:\/\/zsp4.radom.pl\/szkola\/eksperymentowanie-z-klockami-lego\/\" class=\"jkit-readmore\">Zobacz wpis<svg aria-hidden=\"true\" class=\"e-font-icon-svg e-fas-arrow-right\" viewBox=\"0 0 448 512\" xmlns=\"http:\/\/www.w3.org\/2000\/svg\"><path d=\"M190.5 66.9l22.2-22.2c9.4-9.4 24.6-9.4 33.9 0L441 239c9.4 9.4 9.4 24.6 0 33.9L246.6 467.3c-9.4 9.4-24.6 9.4-33.9 0l-22.2-22.2c-9.5-9.5-9.3-25 .4-34.3L311.4 296H24c-13.3 0-24-10.7-24-24v-32c0-13.3 10.7-24 24-24h287.4L190.9 101.2c-9.8-9.3-10-24.8-.4-34.3z\"><\/path><\/svg><\/a>\n            <\/div>\n\t\t\t\t\t\t<\/div><\/div>\n                <\/article>\n        <\/div><\/div><\/div>\t\t\t\t<\/div>\n\t\t\t\t\t<\/div>\n\t\t<\/div>\n\t\t\t\t\t<\/div>\n\t\t<\/section>\n\t\t\t\t<\/div>\n\t\t","protected":false},"excerpt":{"rendered":"<p>Strona g\u0142\u00f3wna edit post Programowanie przez zabaw\u0119 Uczniowie ucz\u0119szczaj\u0105cy na szkoln\u0105 \u015bwietlic\u0119 maj\u0105 mo\u017cliwo\u015b\u0107 poznania i przetestowania zestaw\u00f3w Lego w podstawowych jak i rozszerzonych wersjach. To&#8230; Zobacz wpis edit post Szkolny Klub Gier Planszowych Magiczny Dywan, to innowacyjna, interaktywna pomoc dydaktyczna do \u0107wicze\u0144, gier i zabaw ruchowych. Obraz wy\u015bwietlany na pod\u0142og\u0119 tworzy wirtualny&#8230; Zobacz wpis [&hellip;]<\/p>\n","protected":false},"author":1,"featured_media":0,"parent":262,"menu_order":0,"comment_status":"closed","ping_status":"closed","template":"","meta":{"footnotes":""},"class_list":["post-562","page","type-page","status-publish","hentry"],"aioseo_notices":[],"_links":{"self":[{"href":"https:\/\/zsp4.radom.pl\/szkola\/wp-json\/wp\/v2\/pages\/562","targetHints":{"allow":["GET"]}}],"collection":[{"href":"https:\/\/zsp4.radom.pl\/szkola\/wp-json\/wp\/v2\/pages"}],"about":[{"href":"https:\/\/zsp4.radom.pl\/szkola\/wp-json\/wp\/v2\/types\/page"}],"author":[{"embeddable":true,"href":"https:\/\/zsp4.radom.pl\/szkola\/wp-json\/wp\/v2\/users\/1"}],"replies":[{"embeddable":true,"href":"https:\/\/zsp4.radom.pl\/szkola\/wp-json\/wp\/v2\/comments?post=562"}],"version-history":[{"count":13,"href":"https:\/\/zsp4.radom.pl\/szkola\/wp-json\/wp\/v2\/pages\/562\/revisions"}],"predecessor-version":[{"id":2017,"href":"https:\/\/zsp4.radom.pl\/szkola\/wp-json\/wp\/v2\/pages\/562\/revisions\/2017"}],"up":[{"embeddable":true,"href":"https:\/\/zsp4.radom.pl\/szkola\/wp-json\/wp\/v2\/pages\/262"}],"wp:attachment":[{"href":"https:\/\/zsp4.radom.pl\/szkola\/wp-json\/wp\/v2\/media?parent=562"}],"curies":[{"name":"wp","href":"https:\/\/api.w.org\/{rel}","templated":true}]}}