{"id":667,"date":"2025-08-11T10:11:13","date_gmt":"2025-08-11T08:11:13","guid":{"rendered":"https:\/\/zsp4.radom.pl\/szkola\/administracja-copy\/"},"modified":"2025-08-25T10:40:06","modified_gmt":"2025-08-25T08:40:06","slug":"logopeda","status":"publish","type":"page","link":"https:\/\/zsp4.radom.pl\/szkola\/logopeda\/","title":{"rendered":"Logopeda"},"content":{"rendered":"\t\t<div data-elementor-type=\"wp-page\" data-elementor-id=\"667\" class=\"elementor elementor-667\" data-elementor-post-type=\"page\">\n\t\t\t\t\t\t<section class=\"elementor-section elementor-top-section elementor-element elementor-element-1c6dce9 elementor-section-boxed elementor-section-height-default elementor-section-height-default\" data-id=\"1c6dce9\" data-element_type=\"section\" data-settings=\"{&quot;background_background&quot;:&quot;classic&quot;}\">\n\t\t\t\t\t\t\t<div class=\"elementor-background-overlay\"><\/div>\n\t\t\t\t\t\t\t<div class=\"elementor-container elementor-column-gap-default\">\n\t\t\t\t\t<div class=\"elementor-column elementor-col-100 elementor-top-column elementor-element elementor-element-46f85b9\" data-id=\"46f85b9\" data-element_type=\"column\">\n\t\t\t<div class=\"elementor-widget-wrap elementor-element-populated\">\n\t\t\t\t\t\t<div class=\"elementor-element elementor-element-deb50b0 elementor-widget elementor-widget-heading\" data-id=\"deb50b0\" data-element_type=\"widget\" data-widget_type=\"heading.default\">\n\t\t\t\t\t<h1 class=\"elementor-heading-title elementor-size-default\">Logopeda<\/h1>\t\t\t\t<\/div>\n\t\t\t\t<div class=\"elementor-element elementor-element-d85b168 elementor-icon-list--layout-inline elementor-align-center elementor-list-item-link-full_width elementor-widget elementor-widget-icon-list\" data-id=\"d85b168\" data-element_type=\"widget\" data-widget_type=\"icon-list.default\">\n\t\t\t\t\t\t\t<ul class=\"elementor-icon-list-items elementor-inline-items\">\n\t\t\t\t\t\t\t<li class=\"elementor-icon-list-item elementor-inline-item\">\n\t\t\t\t\t\t\t\t\t\t\t<a href=\"\/\">\n\n\t\t\t\t\t\t\t\t\t\t\t<span class=\"elementor-icon-list-text\">Strona g\u0142\u00f3wna<\/span>\n\t\t\t\t\t\t\t\t\t\t\t<\/a>\n\t\t\t\t\t\t\t\t\t<\/li>\n\t\t\t\t\t\t\t\t<li class=\"elementor-icon-list-item elementor-inline-item\">\n\t\t\t\t\t\t\t\t\t\t\t<span class=\"elementor-icon-list-icon\">\n\t\t\t\t\t\t\t<svg aria-hidden=\"true\" class=\"e-font-icon-svg e-fas-chevron-right\" viewBox=\"0 0 320 512\" xmlns=\"http:\/\/www.w3.org\/2000\/svg\"><path d=\"M285.476 272.971L91.132 467.314c-9.373 9.373-24.569 9.373-33.941 0l-22.667-22.667c-9.357-9.357-9.375-24.522-.04-33.901L188.505 256 34.484 101.255c-9.335-9.379-9.317-24.544.04-33.901l22.667-22.667c9.373-9.373 24.569-9.373 33.941 0L285.475 239.03c9.373 9.372 9.373 24.568.001 33.941z\"><\/path><\/svg>\t\t\t\t\t\t<\/span>\n\t\t\t\t\t\t\t\t\t\t<span class=\"elementor-icon-list-text\">Logopeda<\/span>\n\t\t\t\t\t\t\t\t\t<\/li>\n\t\t\t\t\t\t<\/ul>\n\t\t\t\t\t\t<\/div>\n\t\t\t\t\t<\/div>\n\t\t<\/div>\n\t\t\t\t\t<\/div>\n\t\t<\/section>\n\t\t\t\t<section class=\"elementor-section elementor-top-section elementor-element elementor-element-fc5f9ca elementor-section-boxed elementor-section-height-default elementor-section-height-default\" data-id=\"fc5f9ca\" data-element_type=\"section\">\n\t\t\t\t\t\t\t<div class=\"elementor-background-overlay\"><\/div>\n\t\t\t\t\t\t\t<div class=\"elementor-container elementor-column-gap-default\">\n\t\t\t\t\t<div class=\"elementor-column elementor-col-100 elementor-top-column elementor-element elementor-element-c4fcd62\" data-id=\"c4fcd62\" data-element_type=\"column\">\n\t\t\t<div class=\"elementor-widget-wrap elementor-element-populated\">\n\t\t\t\t\t\t<div class=\"elementor-element elementor-element-c7503ba elementor-widget elementor-widget-heading\" data-id=\"c7503ba\" data-element_type=\"widget\" data-widget_type=\"heading.default\">\n\t\t\t\t\t<h3 class=\"elementor-heading-title elementor-size-default\">Logopeda\n<\/h3>\t\t\t\t<\/div>\n\t\t\t\t<div class=\"elementor-element elementor-element-12533b2 elementor-widget elementor-widget-text-editor\" data-id=\"12533b2\" data-element_type=\"widget\" data-widget_type=\"text-editor.default\">\n\t\t\t\t\t\t\t\t\t<p>mgr Sylwia Jak\u00f3bczak<\/p><p>Poniedzia\u0142ek 12:15-16:15<br \/>Wtorek 13:15 \u2013 16:15<br \/>\u015aroda 7:45-11:45<br \/>Czwartek 12:15 -16:15<br \/>Pi\u0105tek 7:45-11:45<\/p>\t\t\t\t\t\t\t\t<\/div>\n\t\t\t\t<div class=\"elementor-element elementor-element-25ecf82 elementor-widget elementor-widget-heading\" data-id=\"25ecf82\" data-element_type=\"widget\" data-widget_type=\"heading.default\">\n\t\t\t\t\t<h3 class=\"elementor-heading-title elementor-size-default\">Co robi\u0107, aby wspomaga\u0107 rozw\u00f3j mowy dziecka?\n<\/h3>\t\t\t\t<\/div>\n\t\t\t\t<div class=\"elementor-element elementor-element-1040661 elementor-widget elementor-widget-text-editor\" data-id=\"1040661\" data-element_type=\"widget\" data-widget_type=\"text-editor.default\">\n\t\t\t\t\t\t\t\t\t<ol><li>Nasze wypowiedzi powinny by\u0107 poprawne j\u0119zykowo, unikajmy zdrobnie\u0144 i mowy dzieci\u0119cej. M\u00f3wmy wyra\u017anie, bez po\u015bpiechu. Budujmy kr\u00f3tkie zdania, u\u017cywajmy prostych zwrot\u00f3w. Modulujmy w\u0142asny g\u0142os, aby zainteresowa\u0107 dziecko, np. \u201cCo to?\u201d, \u201cNie ma\u201d.<\/li><\/ol><ol start=\"2\"><li>Pytajmy lekarza, je\u015bli co\u015b nas niepokoi w stanie zdrowia zar\u00f3wno fizycznego jak i psychicznego dziecka. Dbajmy o jego g\u00f3rne drogi oddechowe i uszy. Zwracajmy uwag\u0119 na to jak dziecko oddycha. Od najm\u0142odszych lat uczmy dziecko dba\u0142o\u015bci o higien\u0119 jamy ustnej. Pami\u0119tajmy, aby dziecko nauczy\u0142o si\u0119 \u017cu\u0107 i gry\u017a\u0107!<\/li><\/ol><ol start=\"3\"><li>Opowiadajmy i czytajmy bajki swoim dzieciom. Niech nie martwi nas fakt, i\u017c pociecha ukocha\u0142a jedn\u0105 z nich i prosi notorycznie o jej powtarzanie.<\/li><\/ol><ol start=\"4\"><li>Je\u015bli dziecko ogl\u0105da telewizj\u0119, to towarzyszmy mu w tym. Komentujmy wydarzenia pojawiaj\u0105ce si\u0119 na ekranie telewizora, rozmawiajmy na ich temat, aby dziecko bezwiednie nie ogl\u0105da\u0142o szybko zmieniaj\u0105cych si\u0119 obraz\u00f3w i ci\u0105g\u0142ych tekst\u00f3w bez zrozumienia. Wybierajmy programy w\u0142a\u015bciwe dla wieku dziecka. Starajmy si\u0119, aby telewizor by\u0142 w\u0142\u0105czony okazjonalnie.<\/li><\/ol><ol start=\"5\"><li>Poszukajmy ksi\u0105\u017ceczek dydaktycznych zapoznaj\u0105cych dziecko z r\u00f3\u017cnymi tematami: zwierz\u0119tami, warzywami, owocami, kolorami, bogato ilustrowanymi opisami \u017cycia na wsi i w mie\u015bcie. Nazywajmy przedmioty w nich zawarte i opisujemy sytuacje operuj\u0105c prostymi zdaniami. Cenne s\u0105 te ksi\u0105\u017cki s\u0142owno-obrazkowe, podczas przegl\u0105dania kt\u00f3rych doros\u0142y czyta teksty, a dziecko nazywa przedmioty w nim zilustrowane. Pro\u015bmy dzieci o wskazywanie przedmiot\u00f3w czy zwierz\u0105t wcze\u015bniej pokazanych im na obrazku.<\/li><\/ol><ol start=\"6\"><li>Rysuj\u0105c m\u00f3wmy dziecku, co kre\u015blimy \u2013 \u201cteraz rysuj\u0119 dom. Tu jest dach, a tam komin, okna i drzwi\u2026\u201d.<\/li><\/ol><ol start=\"7\"><li>Ogl\u0105dajmy z dzieckiem zdj\u0119cia i nagrane filmiki z uroczysto\u015bci rodzinnych, wykorzystujmy je do wymienienia imion, nazwisk, powi\u0105za\u0144 w rodzinie. Pytajmy pociech\u0119: \u201cgdzie Ty jeste\u015b?\u201d, \u201cgdzie ja jestem?\u201d (\u0107wiczymy w ten spos\u00f3b zaimki: ja, ty, on, ona, itp.).<\/li><\/ol><ol start=\"8\"><li>Recytujmy proste wierszyki i rymowanki, wyliczanki i w\u0142\u0105czajmy w zabaw\u0119 gesty, ruchy, taniec czy rysunek \u2013 niech praca ta b\u0119dzie dobr\u0105, wsp\u00f3ln\u0105 rozrywk\u0105 a nie obowi\u0105zkiem.<\/li><\/ol>\t\t\t\t\t\t\t\t<\/div>\n\t\t\t\t\t<\/div>\n\t\t<\/div>\n\t\t\t\t\t<\/div>\n\t\t<\/section>\n\t\t\t\t<\/div>\n\t\t","protected":false},"excerpt":{"rendered":"<p>Strona g\u0142\u00f3wna Logopeda mgr Sylwia Jak\u00f3bczak Poniedzia\u0142ek 12:15-16:15Wtorek 13:15 \u2013 16:15\u015aroda 7:45-11:45Czwartek 12:15 -16:15Pi\u0105tek 7:45-11:45 Co robi\u0107, aby wspomaga\u0107 rozw\u00f3j mowy dziecka? Nasze wypowiedzi powinny by\u0107 poprawne j\u0119zykowo, unikajmy zdrobnie\u0144 i mowy dzieci\u0119cej. M\u00f3wmy wyra\u017anie, bez po\u015bpiechu. Budujmy kr\u00f3tkie zdania, u\u017cywajmy prostych zwrot\u00f3w. Modulujmy w\u0142asny g\u0142os, aby zainteresowa\u0107 dziecko, np. \u201cCo to?\u201d, \u201cNie ma\u201d. Pytajmy [&hellip;]<\/p>\n","protected":false},"author":1,"featured_media":0,"parent":0,"menu_order":0,"comment_status":"closed","ping_status":"closed","template":"","meta":{"footnotes":""},"class_list":["post-667","page","type-page","status-publish","hentry"],"aioseo_notices":[],"_links":{"self":[{"href":"https:\/\/zsp4.radom.pl\/szkola\/wp-json\/wp\/v2\/pages\/667","targetHints":{"allow":["GET"]}}],"collection":[{"href":"https:\/\/zsp4.radom.pl\/szkola\/wp-json\/wp\/v2\/pages"}],"about":[{"href":"https:\/\/zsp4.radom.pl\/szkola\/wp-json\/wp\/v2\/types\/page"}],"author":[{"embeddable":true,"href":"https:\/\/zsp4.radom.pl\/szkola\/wp-json\/wp\/v2\/users\/1"}],"replies":[{"embeddable":true,"href":"https:\/\/zsp4.radom.pl\/szkola\/wp-json\/wp\/v2\/comments?post=667"}],"version-history":[{"count":10,"href":"https:\/\/zsp4.radom.pl\/szkola\/wp-json\/wp\/v2\/pages\/667\/revisions"}],"predecessor-version":[{"id":2029,"href":"https:\/\/zsp4.radom.pl\/szkola\/wp-json\/wp\/v2\/pages\/667\/revisions\/2029"}],"wp:attachment":[{"href":"https:\/\/zsp4.radom.pl\/szkola\/wp-json\/wp\/v2\/media?parent=667"}],"curies":[{"name":"wp","href":"https:\/\/api.w.org\/{rel}","templated":true}]}}