{"id":673,"date":"2025-08-11T10:13:49","date_gmt":"2025-08-11T08:13:49","guid":{"rendered":"https:\/\/zsp4.radom.pl\/szkola\/administracja-copy-2\/"},"modified":"2025-09-07T13:54:36","modified_gmt":"2025-09-07T11:54:36","slug":"psycholog","status":"publish","type":"page","link":"https:\/\/zsp4.radom.pl\/szkola\/psycholog\/","title":{"rendered":"Psycholog"},"content":{"rendered":"\t\t<div data-elementor-type=\"wp-page\" data-elementor-id=\"673\" class=\"elementor elementor-673\" data-elementor-post-type=\"page\">\n\t\t\t\t\t\t<section class=\"elementor-section elementor-top-section elementor-element elementor-element-91bd0f7 elementor-section-boxed elementor-section-height-default elementor-section-height-default\" data-id=\"91bd0f7\" data-element_type=\"section\" data-settings=\"{&quot;background_background&quot;:&quot;classic&quot;}\">\n\t\t\t\t\t\t\t<div class=\"elementor-background-overlay\"><\/div>\n\t\t\t\t\t\t\t<div class=\"elementor-container elementor-column-gap-default\">\n\t\t\t\t\t<div class=\"elementor-column elementor-col-100 elementor-top-column elementor-element elementor-element-a8c9fae\" data-id=\"a8c9fae\" data-element_type=\"column\">\n\t\t\t<div class=\"elementor-widget-wrap elementor-element-populated\">\n\t\t\t\t\t\t<div class=\"elementor-element elementor-element-97e2df5 elementor-widget elementor-widget-heading\" data-id=\"97e2df5\" data-element_type=\"widget\" data-widget_type=\"heading.default\">\n\t\t\t\t\t<h1 class=\"elementor-heading-title elementor-size-default\">Psycholog<\/h1>\t\t\t\t<\/div>\n\t\t\t\t<div class=\"elementor-element elementor-element-682650a elementor-icon-list--layout-inline elementor-align-center elementor-list-item-link-full_width elementor-widget elementor-widget-icon-list\" data-id=\"682650a\" data-element_type=\"widget\" data-widget_type=\"icon-list.default\">\n\t\t\t\t\t\t\t<ul class=\"elementor-icon-list-items elementor-inline-items\">\n\t\t\t\t\t\t\t<li class=\"elementor-icon-list-item elementor-inline-item\">\n\t\t\t\t\t\t\t\t\t\t\t<a href=\"\/\">\n\n\t\t\t\t\t\t\t\t\t\t\t<span class=\"elementor-icon-list-text\">Strona g\u0142\u00f3wna<\/span>\n\t\t\t\t\t\t\t\t\t\t\t<\/a>\n\t\t\t\t\t\t\t\t\t<\/li>\n\t\t\t\t\t\t\t\t<li class=\"elementor-icon-list-item elementor-inline-item\">\n\t\t\t\t\t\t\t\t\t\t\t<span class=\"elementor-icon-list-icon\">\n\t\t\t\t\t\t\t<svg aria-hidden=\"true\" class=\"e-font-icon-svg e-fas-chevron-right\" viewBox=\"0 0 320 512\" xmlns=\"http:\/\/www.w3.org\/2000\/svg\"><path d=\"M285.476 272.971L91.132 467.314c-9.373 9.373-24.569 9.373-33.941 0l-22.667-22.667c-9.357-9.357-9.375-24.522-.04-33.901L188.505 256 34.484 101.255c-9.335-9.379-9.317-24.544.04-33.901l22.667-22.667c9.373-9.373 24.569-9.373 33.941 0L285.475 239.03c9.373 9.372 9.373 24.568.001 33.941z\"><\/path><\/svg>\t\t\t\t\t\t<\/span>\n\t\t\t\t\t\t\t\t\t\t<span class=\"elementor-icon-list-text\">Psycholog<\/span>\n\t\t\t\t\t\t\t\t\t<\/li>\n\t\t\t\t\t\t<\/ul>\n\t\t\t\t\t\t<\/div>\n\t\t\t\t\t<\/div>\n\t\t<\/div>\n\t\t\t\t\t<\/div>\n\t\t<\/section>\n\t\t\t\t<section class=\"elementor-section elementor-top-section elementor-element elementor-element-fc5f9ca elementor-section-boxed elementor-section-height-default elementor-section-height-default\" data-id=\"fc5f9ca\" data-element_type=\"section\">\n\t\t\t\t\t\t\t<div class=\"elementor-background-overlay\"><\/div>\n\t\t\t\t\t\t\t<div class=\"elementor-container elementor-column-gap-default\">\n\t\t\t\t\t<div class=\"elementor-column elementor-col-100 elementor-top-column elementor-element elementor-element-c4fcd62\" data-id=\"c4fcd62\" data-element_type=\"column\">\n\t\t\t<div class=\"elementor-widget-wrap elementor-element-populated\">\n\t\t\t\t\t\t<div class=\"elementor-element elementor-element-c7503ba elementor-widget elementor-widget-heading\" data-id=\"c7503ba\" data-element_type=\"widget\" data-widget_type=\"heading.default\">\n\t\t\t\t\t<h3 class=\"elementor-heading-title elementor-size-default\">Psycholog<\/h3>\t\t\t\t<\/div>\n\t\t\t\t<div class=\"elementor-element elementor-element-12533b2 elementor-widget elementor-widget-text-editor\" data-id=\"12533b2\" data-element_type=\"widget\" data-widget_type=\"text-editor.default\">\n\t\t\t\t\t\t\t\t\t<p><strong>mgr Paulina Ch\u0119ci\u0144ska<\/strong><\/p><p><strong>Poniedzia\u0142ek:<\/strong> 8:00 \u2013 13:00<br \/><strong>Wtorek:<\/strong> 9:10 \u2013 12:10<br \/><strong>\u015aroda:<\/strong> 09:00 \u2013 13:00<br \/><strong>Czwartek:<\/strong> 9:00 \u2013 12:00<\/p>\t\t\t\t\t\t\t\t<\/div>\n\t\t\t\t<div class=\"elementor-element elementor-element-8fd0760 elementor-widget elementor-widget-text-editor\" data-id=\"8fd0760\" data-element_type=\"widget\" data-widget_type=\"text-editor.default\">\n\t\t\t\t\t\t\t\t\t<p>Wszystkie pokolenia codzienne do\u015bwiadczaj\u0105 r\u00f3\u017cnorodno\u015bci, szybkich zmian i mnogo\u015bci dooko\u0142a siebie. Te wielkie zmiany obecny<br \/>w \u017cyciu cz\u0142owieka dostarczaj\u0105 zar\u00f3wno szans jak i zagro\u017ce\u0144 zwi\u0105zanych z rozwojem. Nie dotyczy to tylko aktualnego funkcjonowania os\u00f3b, grup rodzinnych, szkolnych\u00a0 i ca\u0142ych spo\u0142eczno\u015bci, ale tak\u017ce wp\u0142ywa na tworzenie plan\u00f3w na przysz\u0142o\u015b\u0107. Prawid\u0142owe rozpoznanie potrzeb dzieci i m\u0142odzie\u017cy, rozumienie sensu stosowanych przez dziecko czy nastolatka sposob\u00f3w ich zaspokajania oraz pomoc w ich zmianie, gdy s\u0105 nieprawid\u0142owe z punktu widzenia potrzeb dziecka\/nastolatka b\u0105d\u017a oczekiwa\u0144 otoczenia (np. szkolnego) pozwalaj\u0105 trafniej rozpozna\u0107 problemy dziecka, a tak\u017ce dostrzec ich mo\u017cliwe przyczyny biologiczne, psychiczne b\u0105d\u017a spo\u0142eczne i ich interakcje. Wreszcie pozwalaj\u0105 poszukiwa\u0107 z jednej strony odpowiednich \u015brodk\u00f3w zaradczych, czyli podj\u0105\u0107 dzia\u0142ania profilaktyczne, kierowane bezpo\u015brednio do dzieci<br \/>i nastolatk\u00f3w albo do ich rodzic\u00f3w i nauczycieli (czyli po\u015brednio na dzieci i nastolatki), a z drugiej udzieli\u0107 pomocy dora\u017anej b\u0105d\u017a d\u0142ugotrwa\u0142ej.<\/p><p><strong>Sygna\u0142y, \u017ce dziecko\/nastolatek potrzebuje pomocy psychologicznej:\u00a0<\/strong><\/p><ul><li>Problemy w relacjach r\u00f3wie\u015bniczych,<\/li><li>Trudno\u015bci ze skupieniem uwagi,<\/li><li>Przewlek\u0142y stres,<\/li><li>Ma \u015blady samookalecze\u0144 (ci\u0119cie sk\u00f3ry, opuchlizna po nak\u0142uwaniu ig\u0142\u0105 lub innymi ostrymi przedmiotami),\u00a0<\/li><li>Denerwuje si\u0119 przed p\u00f3j\u015bciem do szko\u0142y, cz\u0119sto kontaktuje si\u0119 w szkole z rodzicami. Unika lekcji,<\/li><li>Ok\u0142amuje rodzic\u00f3w,\u00a0<\/li><li>Nie radzi sobie z emocjami, ma wybuchy z\u0142o\u015bci i agresji,\u00a0<\/li><li>Nagle pogorszy\u0142y si\u0119 oceny dziecka,<\/li><li>Nadmiernie korzysta z internetu\/ gier komputerowych\/ telewizji itp. Zaniedbuje kontakty z r\u00f3wie\u015bnikami, jest dra\u017cliwe,\u00a0<\/li><li>By\u0142o sprawc\u0105 przemocy r\u00f3wie\u015bniczej (uderzy\u0142o, pobi\u0142o, upokorzy\u0142o inn\u0105 osob\u0119, obrazi\u0142o w internecie),\u00a0<\/li><li>Podejrzenie, \u017ce dziecko\/nastolatek do\u015bwiadcza przemocy,<\/li><li>Ma nisk\u0105 samoocen\u0119, powtarza, \u017ce jest do niczego, nie lubi siebie, nie akceptuje swojego wygl\u0105du. M\u00f3wi, \u017ce \u017cycie jest bez sensu,\u00a0<\/li><li>Chudnie, nie dojada, chowa jedzenie, ma napady g\u0142odu, cz\u0119sto korzysta z toalety,<\/li><li>Odczuwa nadmierny l\u0119k np. ciemno\u015bci, przechodzenia przez ulic\u0119, samotno\u015bci w domu, wyst\u0105pie\u0144 publicznych,\u00a0<\/li><li>Zachowanie dziecka radykalnie si\u0119 zmieni\u0142o,\u00a0<\/li><li>K\u0142opoty zdrowotne, kt\u00f3rych lekarz nie potrafi wyja\u015bni\u0107 (tajemnicze alergie, b\u00f3le brzucha, b\u00f3le g\u0142owy\u2026)\u00a0<\/li><li>Powtarza czynno\u015bci, kt\u00f3re s\u0105 dla otoczenia niezrozumia\u0142e a wykonanie ich przynosi mu ulg\u0119 (u\u0142o\u017cenie przedmiot\u00f3w w okre\u015blony spos\u00f3b, siadanie na krze\u015ble przed wyj\u015bciem, kilkakrotne korzystanie z toalety przed spaniem itd.). Dziecko t\u0142umaczy, \u017ce musi wykona\u0107 czynno\u015b\u0107, bo w przeciwnym razie stanie si\u0119 co\u015b z\u0142ego.\u00a0<\/li><\/ul><div>\u00a0<\/div><p><strong>Praktyczne informacje:\u00a0<\/strong><\/p><ul><li>Cz\u0119sto podczas spotka\u0144 z dzieckiem, psycholog szkolny cz\u0119sto proponuje zabaw\u0119. Dzi\u0119ki temu nawi\u0105zuje kontakt z dzieckiem i ma okazj\u0119 do obserwowania jego zachowania,<\/li><li>Specjalista pomo\u017ce znale\u017a\u0107 najlepsze rozwi\u0105zania dla dziecka. Poda wskaz\u00f3wki, kt\u00f3re warto stosowa\u0107,\u00a0<\/li><li>W trakcie wizyty ustala si\u0119 dalsze kroki \u2013 cel kolejnych spotka\u0144, ich ilo\u015b\u0107 oraz zakres pracy,\u00a0<\/li><li>Po wizycie u psychologa szkolnego z dzieckiem, warto porozmawia\u0107 z nim o jego odczuciach i wra\u017ceniach oraz zach\u0119ci\u0107 do wsp\u00f3lnej pracy.\u00a0<\/li><li>Psycholog jest zobowi\u0105zany tajemnic\u0105 zawodow\u0105<\/li><\/ul><div>\u00a0<\/div><p><em><strong>Drogi rodzicu!<\/strong><\/em><\/p><p>Gdy zaobserwujesz niepokoj\u0105ce zachowania u dziecka\/ nastolatka daj mu to czego potrzebuje najbardziej: wsparcie i empati\u0119.<\/p><ol><li>Nazwij to, co widzisz.<\/li><\/ol><p>\u201eZauwa\u017cy\u0142am, \u017ce nie chcesz ostatnio wychodzi\u0107 do znajomych.\u201d<\/p><p>\u201eWidz\u0119, \u017ce mocno zaciskasz pi\u0119\u015bci i zaczynasz szybko chodzi\u0107 po pokoju.\u201d<\/p><ol start=\"2\"><li>Nazwij emocje.<\/li><\/ol><p>\u201eWidz\u0119, \u017ce w ostatnim tygodniu cz\u0119sto jeste\u015b smutny.\u201d<\/p><p>\u201eZauwa\u017cy\u0142am, \u017ce w tym roku szkolnym cz\u0119sto czujesz z\u0142o\u015b\u0107.\u201d<\/p><ol start=\"3\"><li>Wys\u0142uchaj potrzeb i uczu\u0107 dziecka<\/li><\/ol><p>\u201eChcia\u0142bym wiedzie\u0107 co ty o tym my\u015blisz.\u201d<\/p><p>\u201eJak Ty si\u0119 czujesz w tej sytuacji?\u201d<\/p><ol start=\"4\"><li>Upewnij si\u0119, \u017ce dobrze zrozumia\u0142e\u015b dziecko<\/li><\/ol><p>\u201eRozumiem, \u017ce czujesz z\u0142o\u015b\u0107 poniewa\u017c\u2026\u201d<\/p><p>\u201eCzy to oznacza, \u017ce nie chcesz wychodzi\u0107 z domu, poniewa\u017c\u2026\u201d<\/p><ol start=\"5\"><li>Zaproponuj wsp\u00f3lne szukanie rozwi\u0105zania problemu<\/li><\/ol><p>\u201eMo\u017ce wsp\u00f3lnie zastanowimy si\u0119 co mo\u017cna z tym zrobi\u0107?\u201d<\/p><p>\u201eCo my\u015blisz o stworzeniu listy rozwi\u0105za\u0144 problemu?\u201d<\/p><ol start=\"6\"><li>Wybierzcie jeden spos\u00f3b i wprowad\u017acie j\u0105 w \u017cycie.\u201d<\/li><li>Zapewnij o swoim wsparciu i obecno\u015bci.<\/li><\/ol><div>\u00a0<\/div><p>\u201eChc\u0119, \u017ceby\u015b wiedzia\u0142, \u017ce zawsze chc\u0119 Ci\u0119 wys\u0142ucha\u0107 i wesprze\u0107.\u201d<\/p><p>\u201eJe\u017celi zechcesz opowiedzie\u0107 mi o tym, co Ci\u0119 przyt\u0142acza, pami\u0119taj \u017ce jestem\u201d<\/p><p>116\u00a0111 telefon zaufania dla dzieci i m\u0142odzie\u017cy<\/p><p>800\u00a0100\u00a0100 telefon dla rodzic\u00f3w i nauczycieli w sprawie bezpiecze\u0144stwa dziecka<\/p><p>800 12 12 12 dzieci\u0119cy telefon zaufania rzecznika praw dziecka<\/p><p>800 70 22 22 fundacja ITAKA ca\u0142odobowe Centrum wsparcia dla os\u00f3b w kryzysie psychicznym<\/p>\t\t\t\t\t\t\t\t<\/div>\n\t\t\t\t\t<\/div>\n\t\t<\/div>\n\t\t\t\t\t<\/div>\n\t\t<\/section>\n\t\t\t\t<\/div>\n\t\t","protected":false},"excerpt":{"rendered":"<p>Strona g\u0142\u00f3wna Psycholog mgr Paulina Ch\u0119ci\u0144ska Poniedzia\u0142ek: 8:00 \u2013 13:00Wtorek: 9:10 \u2013 12:10\u015aroda: 09:00 \u2013 13:00Czwartek: 9:00 \u2013 12:00 Wszystkie pokolenia codzienne do\u015bwiadczaj\u0105 r\u00f3\u017cnorodno\u015bci, szybkich zmian i mnogo\u015bci dooko\u0142a siebie. Te wielkie zmiany obecnyw \u017cyciu cz\u0142owieka dostarczaj\u0105 zar\u00f3wno szans jak i zagro\u017ce\u0144 zwi\u0105zanych z rozwojem. Nie dotyczy to tylko aktualnego funkcjonowania os\u00f3b, grup rodzinnych, szkolnych\u00a0 [&hellip;]<\/p>\n","protected":false},"author":1,"featured_media":0,"parent":0,"menu_order":0,"comment_status":"closed","ping_status":"closed","template":"","meta":{"footnotes":""},"class_list":["post-673","page","type-page","status-publish","hentry"],"aioseo_notices":[],"_links":{"self":[{"href":"https:\/\/zsp4.radom.pl\/szkola\/wp-json\/wp\/v2\/pages\/673","targetHints":{"allow":["GET"]}}],"collection":[{"href":"https:\/\/zsp4.radom.pl\/szkola\/wp-json\/wp\/v2\/pages"}],"about":[{"href":"https:\/\/zsp4.radom.pl\/szkola\/wp-json\/wp\/v2\/types\/page"}],"author":[{"embeddable":true,"href":"https:\/\/zsp4.radom.pl\/szkola\/wp-json\/wp\/v2\/users\/1"}],"replies":[{"embeddable":true,"href":"https:\/\/zsp4.radom.pl\/szkola\/wp-json\/wp\/v2\/comments?post=673"}],"version-history":[{"count":13,"href":"https:\/\/zsp4.radom.pl\/szkola\/wp-json\/wp\/v2\/pages\/673\/revisions"}],"predecessor-version":[{"id":2160,"href":"https:\/\/zsp4.radom.pl\/szkola\/wp-json\/wp\/v2\/pages\/673\/revisions\/2160"}],"wp:attachment":[{"href":"https:\/\/zsp4.radom.pl\/szkola\/wp-json\/wp\/v2\/media?parent=673"}],"curies":[{"name":"wp","href":"https:\/\/api.w.org\/{rel}","templated":true}]}}