{"id":830,"date":"2025-08-11T11:56:36","date_gmt":"2025-08-11T09:56:36","guid":{"rendered":"https:\/\/zsp4.radom.pl\/szkola\/dzwonki-copy\/"},"modified":"2025-10-10T21:03:48","modified_gmt":"2025-10-10T19:03:48","slug":"klasy-i-iii","status":"publish","type":"page","link":"https:\/\/zsp4.radom.pl\/szkola\/klasy-i-iii\/","title":{"rendered":"Klasy I \u2013 III"},"content":{"rendered":"\t\t<div data-elementor-type=\"wp-page\" data-elementor-id=\"830\" class=\"elementor elementor-830\" data-elementor-post-type=\"page\">\n\t\t\t\t\t\t<section class=\"elementor-section elementor-top-section elementor-element elementor-element-500d9fc elementor-section-boxed elementor-section-height-default elementor-section-height-default\" data-id=\"500d9fc\" data-element_type=\"section\" data-settings=\"{&quot;background_background&quot;:&quot;classic&quot;}\">\n\t\t\t\t\t\t\t<div class=\"elementor-background-overlay\"><\/div>\n\t\t\t\t\t\t\t<div class=\"elementor-container elementor-column-gap-default\">\n\t\t\t\t\t<div class=\"elementor-column elementor-col-100 elementor-top-column elementor-element elementor-element-58bce42\" data-id=\"58bce42\" data-element_type=\"column\">\n\t\t\t<div class=\"elementor-widget-wrap elementor-element-populated\">\n\t\t\t\t\t\t<div class=\"elementor-element elementor-element-867fc51 elementor-widget elementor-widget-heading\" data-id=\"867fc51\" data-element_type=\"widget\" data-widget_type=\"heading.default\">\n\t\t\t\t\t<h1 class=\"elementor-heading-title elementor-size-default\">Klasy I \u2013 III<\/h1>\t\t\t\t<\/div>\n\t\t\t\t<div class=\"elementor-element elementor-element-31e7efd elementor-icon-list--layout-inline elementor-align-center elementor-list-item-link-full_width elementor-widget elementor-widget-icon-list\" data-id=\"31e7efd\" data-element_type=\"widget\" data-widget_type=\"icon-list.default\">\n\t\t\t\t\t\t\t<ul class=\"elementor-icon-list-items elementor-inline-items\">\n\t\t\t\t\t\t\t<li class=\"elementor-icon-list-item elementor-inline-item\">\n\t\t\t\t\t\t\t\t\t\t\t<a href=\"\/\">\n\n\t\t\t\t\t\t\t\t\t\t\t<span class=\"elementor-icon-list-text\">Strona g\u0142\u00f3wna<\/span>\n\t\t\t\t\t\t\t\t\t\t\t<\/a>\n\t\t\t\t\t\t\t\t\t<\/li>\n\t\t\t\t\t\t\t\t<li class=\"elementor-icon-list-item elementor-inline-item\">\n\t\t\t\t\t\t\t\t\t\t\t<span class=\"elementor-icon-list-icon\">\n\t\t\t\t\t\t\t<svg aria-hidden=\"true\" class=\"e-font-icon-svg e-fas-chevron-right\" viewBox=\"0 0 320 512\" xmlns=\"http:\/\/www.w3.org\/2000\/svg\"><path d=\"M285.476 272.971L91.132 467.314c-9.373 9.373-24.569 9.373-33.941 0l-22.667-22.667c-9.357-9.357-9.375-24.522-.04-33.901L188.505 256 34.484 101.255c-9.335-9.379-9.317-24.544.04-33.901l22.667-22.667c9.373-9.373 24.569-9.373 33.941 0L285.475 239.03c9.373 9.372 9.373 24.568.001 33.941z\"><\/path><\/svg>\t\t\t\t\t\t<\/span>\n\t\t\t\t\t\t\t\t\t\t<span class=\"elementor-icon-list-text\">Klasy I \u2013 III<\/span>\n\t\t\t\t\t\t\t\t\t<\/li>\n\t\t\t\t\t\t<\/ul>\n\t\t\t\t\t\t<\/div>\n\t\t\t\t\t<\/div>\n\t\t<\/div>\n\t\t\t\t\t<\/div>\n\t\t<\/section>\n\t\t\t\t<section class=\"elementor-section elementor-top-section elementor-element elementor-element-fc5f9ca elementor-section-boxed elementor-section-height-default elementor-section-height-default\" data-id=\"fc5f9ca\" data-element_type=\"section\">\n\t\t\t\t\t\t\t<div class=\"elementor-background-overlay\"><\/div>\n\t\t\t\t\t\t\t<div class=\"elementor-container elementor-column-gap-default\">\n\t\t\t\t\t<div class=\"elementor-column elementor-col-100 elementor-top-column elementor-element elementor-element-c4fcd62\" data-id=\"c4fcd62\" data-element_type=\"column\">\n\t\t\t<div class=\"elementor-widget-wrap elementor-element-populated\">\n\t\t\t\t\t\t<div class=\"elementor-element elementor-element-232943d e-n-tabs-mobile elementor-widget elementor-widget-n-tabs\" data-id=\"232943d\" data-element_type=\"widget\" data-settings=\"{&quot;horizontal_scroll&quot;:&quot;disable&quot;}\" data-widget_type=\"nested-tabs.default\">\n\t\t\t\t\t\t\t<div class=\"e-n-tabs\" data-widget-number=\"36869181\" aria-label=\"Karty. Otwieraj elementy za pomoc\u0105 Enter lub Spacji, zamykaj za pomoc\u0105 Escape i nawiguj za pomoc\u0105 klawiszy strza\u0142ek.\">\n\t\t\t<div class=\"e-n-tabs-heading\" role=\"tablist\">\n\t\t\t\t\t<button id=\"e-n-tab-title-368691811\" class=\"e-n-tab-title\" aria-selected=\"true\" data-tab-index=\"1\" role=\"tab\" tabindex=\"0\" aria-controls=\"e-n-tab-content-368691811\" style=\"--n-tabs-title-order: 1;\">\n\t\t\t\t\t\t<span class=\"e-n-tab-title-text\">\n\t\t\t\t1a\t\t\t<\/span>\n\t\t<\/button>\n\t\t\t\t<button id=\"e-n-tab-title-368691812\" class=\"e-n-tab-title\" aria-selected=\"false\" data-tab-index=\"2\" role=\"tab\" tabindex=\"-1\" aria-controls=\"e-n-tab-content-368691812\" style=\"--n-tabs-title-order: 2;\">\n\t\t\t\t\t\t<span class=\"e-n-tab-title-text\">\n\t\t\t\t1b\t\t\t<\/span>\n\t\t<\/button>\n\t\t\t\t<button id=\"e-n-tab-title-368691813\" class=\"e-n-tab-title\" aria-selected=\"false\" data-tab-index=\"3\" role=\"tab\" tabindex=\"-1\" aria-controls=\"e-n-tab-content-368691813\" style=\"--n-tabs-title-order: 3;\">\n\t\t\t\t\t\t<span class=\"e-n-tab-title-text\">\n\t\t\t\t1c\t\t\t<\/span>\n\t\t<\/button>\n\t\t\t\t<button id=\"e-n-tab-title-368691814\" class=\"e-n-tab-title\" aria-selected=\"false\" data-tab-index=\"4\" role=\"tab\" tabindex=\"-1\" aria-controls=\"e-n-tab-content-368691814\" style=\"--n-tabs-title-order: 4;\">\n\t\t\t\t\t\t<span class=\"e-n-tab-title-text\">\n\t\t\t\t2a\t\t\t<\/span>\n\t\t<\/button>\n\t\t\t\t<button id=\"e-n-tab-title-368691815\" class=\"e-n-tab-title\" aria-selected=\"false\" data-tab-index=\"5\" role=\"tab\" tabindex=\"-1\" aria-controls=\"e-n-tab-content-368691815\" style=\"--n-tabs-title-order: 5;\">\n\t\t\t\t\t\t<span class=\"e-n-tab-title-text\">\n\t\t\t\t2b\t\t\t<\/span>\n\t\t<\/button>\n\t\t\t\t<button id=\"e-n-tab-title-368691816\" class=\"e-n-tab-title\" aria-selected=\"false\" data-tab-index=\"6\" role=\"tab\" tabindex=\"-1\" aria-controls=\"e-n-tab-content-368691816\" style=\"--n-tabs-title-order: 6;\">\n\t\t\t\t\t\t<span class=\"e-n-tab-title-text\">\n\t\t\t\t2ci\t\t\t<\/span>\n\t\t<\/button>\n\t\t\t\t<button id=\"e-n-tab-title-368691817\" class=\"e-n-tab-title\" aria-selected=\"false\" data-tab-index=\"7\" role=\"tab\" tabindex=\"-1\" aria-controls=\"e-n-tab-content-368691817\" style=\"--n-tabs-title-order: 7;\">\n\t\t\t\t\t\t<span class=\"e-n-tab-title-text\">\n\t\t\t\t3a\t\t\t<\/span>\n\t\t<\/button>\n\t\t\t\t<button id=\"e-n-tab-title-368691818\" class=\"e-n-tab-title\" aria-selected=\"false\" data-tab-index=\"8\" role=\"tab\" tabindex=\"-1\" aria-controls=\"e-n-tab-content-368691818\" style=\"--n-tabs-title-order: 8;\">\n\t\t\t\t\t\t<span class=\"e-n-tab-title-text\">\n\t\t\t\t3b\t\t\t<\/span>\n\t\t<\/button>\n\t\t\t\t<button id=\"e-n-tab-title-368691819\" class=\"e-n-tab-title\" aria-selected=\"false\" data-tab-index=\"9\" role=\"tab\" tabindex=\"-1\" aria-controls=\"e-n-tab-content-368691819\" style=\"--n-tabs-title-order: 9;\">\n\t\t\t\t\t\t<span class=\"e-n-tab-title-text\">\n\t\t\t\t3ci\t\t\t<\/span>\n\t\t<\/button>\n\t\t\t\t\t<\/div>\n\t\t\t<div class=\"e-n-tabs-content\">\n\t\t\t\t<div id=\"e-n-tab-content-368691811\" role=\"tabpanel\" aria-labelledby=\"e-n-tab-title-368691811\" data-tab-index=\"1\" style=\"--n-tabs-title-order: 1;\" class=\"e-active elementor-element elementor-element-a59a73c e-con-full e-flex e-con e-child\" data-id=\"a59a73c\" data-element_type=\"container\">\n\t\t<div class=\"elementor-element elementor-element-678e271 e-flex e-con-boxed e-con e-child\" data-id=\"678e271\" data-element_type=\"container\">\n\t\t\t\t\t<div class=\"e-con-inner\">\n\t\t\t\t<div class=\"elementor-element elementor-element-a5d6308 elementor-widget elementor-widget-image\" data-id=\"a5d6308\" data-element_type=\"widget\" data-widget_type=\"image.default\">\n\t\t\t\t\t\t\t\t\t\t\t\t\t\t\t<img fetchpriority=\"high\" decoding=\"async\" width=\"800\" height=\"529\" src=\"https:\/\/zsp4.radom.pl\/szkola\/wp-content\/uploads\/2025\/10\/727cbd5c-2d1c-437c-8385-35a068e5aff7-1024x677.jfif\" class=\"attachment-large size-large wp-image-2519\" alt=\"\" srcset=\"https:\/\/zsp4.radom.pl\/szkola\/wp-content\/uploads\/2025\/10\/727cbd5c-2d1c-437c-8385-35a068e5aff7-1024x677.jfif 1024w, https:\/\/zsp4.radom.pl\/szkola\/wp-content\/uploads\/2025\/10\/727cbd5c-2d1c-437c-8385-35a068e5aff7-300x198.jfif 300w, https:\/\/zsp4.radom.pl\/szkola\/wp-content\/uploads\/2025\/10\/727cbd5c-2d1c-437c-8385-35a068e5aff7-768x507.jfif 768w, https:\/\/zsp4.radom.pl\/szkola\/wp-content\/uploads\/2025\/10\/727cbd5c-2d1c-437c-8385-35a068e5aff7.jfif 1129w\" sizes=\"(max-width: 800px) 100vw, 800px\" \/>\t\t\t\t\t\t\t\t\t\t\t\t\t\t\t<\/div>\n\t\t\t\t\t<\/div>\n\t\t\t\t<\/div>\n\t\t\t\t<\/div>\n\t\t<div id=\"e-n-tab-content-368691812\" role=\"tabpanel\" aria-labelledby=\"e-n-tab-title-368691812\" data-tab-index=\"2\" style=\"--n-tabs-title-order: 2;\" class=\" elementor-element elementor-element-d91d716 e-con-full e-flex e-con e-child\" data-id=\"d91d716\" data-element_type=\"container\">\n\t\t<div class=\"elementor-element elementor-element-1167cea e-flex e-con-boxed e-con e-child\" data-id=\"1167cea\" data-element_type=\"container\">\n\t\t\t\t\t<div class=\"e-con-inner\">\n\t\t\t\t<div class=\"elementor-element elementor-element-05f22d9 elementor-widget elementor-widget-image\" data-id=\"05f22d9\" data-element_type=\"widget\" data-widget_type=\"image.default\">\n\t\t\t\t\t\t\t\t\t\t\t\t\t\t\t<img decoding=\"async\" width=\"800\" height=\"534\" src=\"https:\/\/zsp4.radom.pl\/szkola\/wp-content\/uploads\/2025\/10\/91cde50f-b653-4c9d-a20f-9b51fca1d7ba-1024x683.jfif\" class=\"attachment-large size-large wp-image-2520\" alt=\"\" srcset=\"https:\/\/zsp4.radom.pl\/szkola\/wp-content\/uploads\/2025\/10\/91cde50f-b653-4c9d-a20f-9b51fca1d7ba-1024x683.jfif 1024w, https:\/\/zsp4.radom.pl\/szkola\/wp-content\/uploads\/2025\/10\/91cde50f-b653-4c9d-a20f-9b51fca1d7ba-300x200.jfif 300w, https:\/\/zsp4.radom.pl\/szkola\/wp-content\/uploads\/2025\/10\/91cde50f-b653-4c9d-a20f-9b51fca1d7ba-768x512.jfif 768w, https:\/\/zsp4.radom.pl\/szkola\/wp-content\/uploads\/2025\/10\/91cde50f-b653-4c9d-a20f-9b51fca1d7ba.jfif 1129w\" sizes=\"(max-width: 800px) 100vw, 800px\" \/>\t\t\t\t\t\t\t\t\t\t\t\t\t\t\t<\/div>\n\t\t\t\t\t<\/div>\n\t\t\t\t<\/div>\n\t\t\t\t<\/div>\n\t\t<div id=\"e-n-tab-content-368691813\" role=\"tabpanel\" aria-labelledby=\"e-n-tab-title-368691813\" data-tab-index=\"3\" style=\"--n-tabs-title-order: 3;\" class=\" elementor-element elementor-element-d2fac3b e-con-full e-flex e-con e-child\" data-id=\"d2fac3b\" data-element_type=\"container\">\n\t\t<div class=\"elementor-element elementor-element-056aeb7 e-flex e-con-boxed e-con e-child\" data-id=\"056aeb7\" data-element_type=\"container\">\n\t\t\t\t\t<div class=\"e-con-inner\">\n\t\t\t\t<div class=\"elementor-element elementor-element-39f68c0 elementor-widget elementor-widget-image\" data-id=\"39f68c0\" data-element_type=\"widget\" data-widget_type=\"image.default\">\n\t\t\t\t\t\t\t\t\t\t\t\t\t\t\t<img decoding=\"async\" width=\"800\" height=\"526\" src=\"https:\/\/zsp4.radom.pl\/szkola\/wp-content\/uploads\/2025\/10\/4ee3d162-b5c4-4e19-9c80-2d945905c989-1024x673.jfif\" class=\"attachment-large size-large wp-image-2521\" alt=\"\" srcset=\"https:\/\/zsp4.radom.pl\/szkola\/wp-content\/uploads\/2025\/10\/4ee3d162-b5c4-4e19-9c80-2d945905c989-1024x673.jfif 1024w, https:\/\/zsp4.radom.pl\/szkola\/wp-content\/uploads\/2025\/10\/4ee3d162-b5c4-4e19-9c80-2d945905c989-300x197.jfif 300w, https:\/\/zsp4.radom.pl\/szkola\/wp-content\/uploads\/2025\/10\/4ee3d162-b5c4-4e19-9c80-2d945905c989-768x505.jfif 768w, https:\/\/zsp4.radom.pl\/szkola\/wp-content\/uploads\/2025\/10\/4ee3d162-b5c4-4e19-9c80-2d945905c989.jfif 1128w\" sizes=\"(max-width: 800px) 100vw, 800px\" \/>\t\t\t\t\t\t\t\t\t\t\t\t\t\t\t<\/div>\n\t\t\t\t\t<\/div>\n\t\t\t\t<\/div>\n\t\t\t\t<\/div>\n\t\t<div id=\"e-n-tab-content-368691814\" role=\"tabpanel\" aria-labelledby=\"e-n-tab-title-368691814\" data-tab-index=\"4\" style=\"--n-tabs-title-order: 4;\" class=\" elementor-element elementor-element-e136dcc e-flex e-con-boxed e-con e-child\" data-id=\"e136dcc\" data-element_type=\"container\">\n\t\t\t\t\t<div class=\"e-con-inner\">\n\t\t<div class=\"elementor-element elementor-element-d453197 e-con-full e-flex e-con e-child\" data-id=\"d453197\" data-element_type=\"container\">\n\t\t\t\t<div class=\"elementor-element elementor-element-11a51f8 elementor-widget elementor-widget-image\" data-id=\"11a51f8\" data-element_type=\"widget\" data-widget_type=\"image.default\">\n\t\t\t\t\t\t\t\t\t\t\t\t\t\t\t<img loading=\"lazy\" decoding=\"async\" width=\"800\" height=\"527\" src=\"https:\/\/zsp4.radom.pl\/szkola\/wp-content\/uploads\/2025\/10\/2c3daaba-f718-4cdc-8356-86ab79abdea1-1024x675.jfif\" class=\"attachment-large size-large wp-image-2522\" alt=\"\" srcset=\"https:\/\/zsp4.radom.pl\/szkola\/wp-content\/uploads\/2025\/10\/2c3daaba-f718-4cdc-8356-86ab79abdea1-1024x675.jfif 1024w, https:\/\/zsp4.radom.pl\/szkola\/wp-content\/uploads\/2025\/10\/2c3daaba-f718-4cdc-8356-86ab79abdea1-300x198.jfif 300w, https:\/\/zsp4.radom.pl\/szkola\/wp-content\/uploads\/2025\/10\/2c3daaba-f718-4cdc-8356-86ab79abdea1-768x507.jfif 768w, https:\/\/zsp4.radom.pl\/szkola\/wp-content\/uploads\/2025\/10\/2c3daaba-f718-4cdc-8356-86ab79abdea1.jfif 1128w\" sizes=\"(max-width: 800px) 100vw, 800px\" \/>\t\t\t\t\t\t\t\t\t\t\t\t\t\t\t<\/div>\n\t\t\t\t<\/div>\n\t\t\t\t\t<\/div>\n\t\t\t\t<\/div>\n\t\t<div id=\"e-n-tab-content-368691815\" role=\"tabpanel\" aria-labelledby=\"e-n-tab-title-368691815\" data-tab-index=\"5\" style=\"--n-tabs-title-order: 5;\" class=\" elementor-element elementor-element-73e96eb e-flex e-con-boxed e-con e-child\" data-id=\"73e96eb\" data-element_type=\"container\">\n\t\t\t\t\t<div class=\"e-con-inner\">\n\t\t<div class=\"elementor-element elementor-element-610913b e-con-full e-flex e-con e-child\" data-id=\"610913b\" data-element_type=\"container\">\n\t\t\t\t<div class=\"elementor-element elementor-element-c56a01d elementor-widget elementor-widget-image\" data-id=\"c56a01d\" data-element_type=\"widget\" data-widget_type=\"image.default\">\n\t\t\t\t\t\t\t\t\t\t\t\t\t\t\t<img loading=\"lazy\" decoding=\"async\" width=\"800\" height=\"529\" src=\"https:\/\/zsp4.radom.pl\/szkola\/wp-content\/uploads\/2025\/10\/4f30f5d2-5f1c-42d2-9e94-058064f00a2d-1024x677.jfif\" class=\"attachment-large size-large wp-image-2523\" alt=\"\" srcset=\"https:\/\/zsp4.radom.pl\/szkola\/wp-content\/uploads\/2025\/10\/4f30f5d2-5f1c-42d2-9e94-058064f00a2d-1024x677.jfif 1024w, https:\/\/zsp4.radom.pl\/szkola\/wp-content\/uploads\/2025\/10\/4f30f5d2-5f1c-42d2-9e94-058064f00a2d-300x198.jfif 300w, https:\/\/zsp4.radom.pl\/szkola\/wp-content\/uploads\/2025\/10\/4f30f5d2-5f1c-42d2-9e94-058064f00a2d-768x508.jfif 768w, https:\/\/zsp4.radom.pl\/szkola\/wp-content\/uploads\/2025\/10\/4f30f5d2-5f1c-42d2-9e94-058064f00a2d.jfif 1128w\" sizes=\"(max-width: 800px) 100vw, 800px\" \/>\t\t\t\t\t\t\t\t\t\t\t\t\t\t\t<\/div>\n\t\t\t\t<\/div>\n\t\t\t\t\t<\/div>\n\t\t\t\t<\/div>\n\t\t<div id=\"e-n-tab-content-368691816\" role=\"tabpanel\" aria-labelledby=\"e-n-tab-title-368691816\" data-tab-index=\"6\" style=\"--n-tabs-title-order: 6;\" class=\" elementor-element elementor-element-3949a1e e-flex e-con-boxed e-con e-child\" data-id=\"3949a1e\" data-element_type=\"container\">\n\t\t\t\t\t<div class=\"e-con-inner\">\n\t\t<div class=\"elementor-element elementor-element-aa9d0aa e-con-full e-flex e-con e-child\" data-id=\"aa9d0aa\" data-element_type=\"container\">\n\t\t\t\t<div class=\"elementor-element elementor-element-fe00ae1 elementor-widget elementor-widget-image\" data-id=\"fe00ae1\" data-element_type=\"widget\" data-widget_type=\"image.default\">\n\t\t\t\t\t\t\t\t\t\t\t\t\t\t\t<img loading=\"lazy\" decoding=\"async\" width=\"800\" height=\"527\" src=\"https:\/\/zsp4.radom.pl\/szkola\/wp-content\/uploads\/2025\/10\/f42764ad-dab4-445e-887c-fbfaad65bdfd-1-1024x674.jfif\" class=\"attachment-large size-large wp-image-2524\" alt=\"\" srcset=\"https:\/\/zsp4.radom.pl\/szkola\/wp-content\/uploads\/2025\/10\/f42764ad-dab4-445e-887c-fbfaad65bdfd-1-1024x674.jfif 1024w, https:\/\/zsp4.radom.pl\/szkola\/wp-content\/uploads\/2025\/10\/f42764ad-dab4-445e-887c-fbfaad65bdfd-1-300x198.jfif 300w, https:\/\/zsp4.radom.pl\/szkola\/wp-content\/uploads\/2025\/10\/f42764ad-dab4-445e-887c-fbfaad65bdfd-1-768x506.jfif 768w, https:\/\/zsp4.radom.pl\/szkola\/wp-content\/uploads\/2025\/10\/f42764ad-dab4-445e-887c-fbfaad65bdfd-1.jfif 1127w\" sizes=\"(max-width: 800px) 100vw, 800px\" \/>\t\t\t\t\t\t\t\t\t\t\t\t\t\t\t<\/div>\n\t\t\t\t<\/div>\n\t\t\t\t\t<\/div>\n\t\t\t\t<\/div>\n\t\t<div id=\"e-n-tab-content-368691817\" role=\"tabpanel\" aria-labelledby=\"e-n-tab-title-368691817\" data-tab-index=\"7\" style=\"--n-tabs-title-order: 7;\" class=\" elementor-element elementor-element-1df251e e-flex e-con-boxed e-con e-child\" data-id=\"1df251e\" data-element_type=\"container\">\n\t\t\t\t\t<div class=\"e-con-inner\">\n\t\t<div class=\"elementor-element elementor-element-daa78ea e-con-full e-flex e-con e-child\" data-id=\"daa78ea\" data-element_type=\"container\">\n\t\t\t\t<div class=\"elementor-element elementor-element-5375e72 elementor-widget elementor-widget-image\" data-id=\"5375e72\" data-element_type=\"widget\" data-widget_type=\"image.default\">\n\t\t\t\t\t\t\t\t\t\t\t\t\t\t\t<img loading=\"lazy\" decoding=\"async\" width=\"800\" height=\"527\" src=\"https:\/\/zsp4.radom.pl\/szkola\/wp-content\/uploads\/2025\/10\/f3a03b84-8312-4dac-ae7d-e9b79c1158a5-1024x674.jfif\" class=\"attachment-large size-large wp-image-2525\" alt=\"\" srcset=\"https:\/\/zsp4.radom.pl\/szkola\/wp-content\/uploads\/2025\/10\/f3a03b84-8312-4dac-ae7d-e9b79c1158a5-1024x674.jfif 1024w, https:\/\/zsp4.radom.pl\/szkola\/wp-content\/uploads\/2025\/10\/f3a03b84-8312-4dac-ae7d-e9b79c1158a5-300x198.jfif 300w, https:\/\/zsp4.radom.pl\/szkola\/wp-content\/uploads\/2025\/10\/f3a03b84-8312-4dac-ae7d-e9b79c1158a5-768x506.jfif 768w, https:\/\/zsp4.radom.pl\/szkola\/wp-content\/uploads\/2025\/10\/f3a03b84-8312-4dac-ae7d-e9b79c1158a5.jfif 1128w\" sizes=\"(max-width: 800px) 100vw, 800px\" \/>\t\t\t\t\t\t\t\t\t\t\t\t\t\t\t<\/div>\n\t\t\t\t<\/div>\n\t\t\t\t\t<\/div>\n\t\t\t\t<\/div>\n\t\t<div id=\"e-n-tab-content-368691818\" role=\"tabpanel\" aria-labelledby=\"e-n-tab-title-368691818\" data-tab-index=\"8\" style=\"--n-tabs-title-order: 8;\" class=\" elementor-element elementor-element-4e881da e-flex e-con-boxed e-con e-child\" data-id=\"4e881da\" data-element_type=\"container\">\n\t\t\t\t\t<div class=\"e-con-inner\">\n\t\t<div class=\"elementor-element elementor-element-3e768b9 e-con-full e-flex e-con e-child\" data-id=\"3e768b9\" data-element_type=\"container\">\n\t\t\t\t<div class=\"elementor-element elementor-element-14297d9 elementor-widget elementor-widget-image\" data-id=\"14297d9\" data-element_type=\"widget\" data-widget_type=\"image.default\">\n\t\t\t\t\t\t\t\t\t\t\t\t\t\t\t<img loading=\"lazy\" decoding=\"async\" width=\"800\" height=\"534\" src=\"https:\/\/zsp4.radom.pl\/szkola\/wp-content\/uploads\/2025\/10\/a883d9c1-d705-4cd9-a7ad-2a5855a5ad92-1024x684.jfif\" class=\"attachment-large size-large wp-image-2526\" alt=\"\" srcset=\"https:\/\/zsp4.radom.pl\/szkola\/wp-content\/uploads\/2025\/10\/a883d9c1-d705-4cd9-a7ad-2a5855a5ad92-1024x684.jfif 1024w, https:\/\/zsp4.radom.pl\/szkola\/wp-content\/uploads\/2025\/10\/a883d9c1-d705-4cd9-a7ad-2a5855a5ad92-300x200.jfif 300w, https:\/\/zsp4.radom.pl\/szkola\/wp-content\/uploads\/2025\/10\/a883d9c1-d705-4cd9-a7ad-2a5855a5ad92-768x513.jfif 768w, https:\/\/zsp4.radom.pl\/szkola\/wp-content\/uploads\/2025\/10\/a883d9c1-d705-4cd9-a7ad-2a5855a5ad92.jfif 1130w\" sizes=\"(max-width: 800px) 100vw, 800px\" \/>\t\t\t\t\t\t\t\t\t\t\t\t\t\t\t<\/div>\n\t\t\t\t<\/div>\n\t\t\t\t\t<\/div>\n\t\t\t\t<\/div>\n\t\t<div id=\"e-n-tab-content-368691819\" role=\"tabpanel\" aria-labelledby=\"e-n-tab-title-368691819\" data-tab-index=\"9\" style=\"--n-tabs-title-order: 9;\" class=\" elementor-element elementor-element-b9e2d26 e-flex e-con-boxed e-con e-child\" data-id=\"b9e2d26\" data-element_type=\"container\">\n\t\t\t\t\t<div class=\"e-con-inner\">\n\t\t<div class=\"elementor-element elementor-element-a6de2d7 e-con-full e-flex e-con e-child\" data-id=\"a6de2d7\" data-element_type=\"container\">\n\t\t\t\t<div class=\"elementor-element elementor-element-d443394 elementor-widget elementor-widget-image\" data-id=\"d443394\" data-element_type=\"widget\" data-widget_type=\"image.default\">\n\t\t\t\t\t\t\t\t\t\t\t\t\t\t\t<img loading=\"lazy\" decoding=\"async\" width=\"800\" height=\"527\" src=\"https:\/\/zsp4.radom.pl\/szkola\/wp-content\/uploads\/2025\/10\/3a86a1aa-238c-4f61-b6a6-c18ef2a71e5d-1024x675.jfif\" class=\"attachment-large size-large wp-image-2527\" alt=\"\" srcset=\"https:\/\/zsp4.radom.pl\/szkola\/wp-content\/uploads\/2025\/10\/3a86a1aa-238c-4f61-b6a6-c18ef2a71e5d-1024x675.jfif 1024w, https:\/\/zsp4.radom.pl\/szkola\/wp-content\/uploads\/2025\/10\/3a86a1aa-238c-4f61-b6a6-c18ef2a71e5d-300x198.jfif 300w, https:\/\/zsp4.radom.pl\/szkola\/wp-content\/uploads\/2025\/10\/3a86a1aa-238c-4f61-b6a6-c18ef2a71e5d-768x506.jfif 768w, https:\/\/zsp4.radom.pl\/szkola\/wp-content\/uploads\/2025\/10\/3a86a1aa-238c-4f61-b6a6-c18ef2a71e5d.jfif 1129w\" sizes=\"(max-width: 800px) 100vw, 800px\" \/>\t\t\t\t\t\t\t\t\t\t\t\t\t\t\t<\/div>\n\t\t\t\t<\/div>\n\t\t\t\t\t<\/div>\n\t\t\t\t<\/div>\n\t\t\t\t\t<\/div>\n\t\t<\/div>\n\t\t\t\t\t\t<\/div>\n\t\t\t\t\t<\/div>\n\t\t<\/div>\n\t\t\t\t\t<\/div>\n\t\t<\/section>\n\t\t\t\t<\/div>\n\t\t","protected":false},"excerpt":{"rendered":"<p>Strona g\u0142\u00f3wna 1a 1b 1c 2a 2b 2ci 3a 3b 3ci<\/p>\n","protected":false},"author":1,"featured_media":0,"parent":0,"menu_order":0,"comment_status":"closed","ping_status":"closed","template":"","meta":{"footnotes":""},"class_list":["post-830","page","type-page","status-publish","hentry"],"aioseo_notices":[],"_links":{"self":[{"href":"https:\/\/zsp4.radom.pl\/szkola\/wp-json\/wp\/v2\/pages\/830","targetHints":{"allow":["GET"]}}],"collection":[{"href":"https:\/\/zsp4.radom.pl\/szkola\/wp-json\/wp\/v2\/pages"}],"about":[{"href":"https:\/\/zsp4.radom.pl\/szkola\/wp-json\/wp\/v2\/types\/page"}],"author":[{"embeddable":true,"href":"https:\/\/zsp4.radom.pl\/szkola\/wp-json\/wp\/v2\/users\/1"}],"replies":[{"embeddable":true,"href":"https:\/\/zsp4.radom.pl\/szkola\/wp-json\/wp\/v2\/comments?post=830"}],"version-history":[{"count":10,"href":"https:\/\/zsp4.radom.pl\/szkola\/wp-json\/wp\/v2\/pages\/830\/revisions"}],"predecessor-version":[{"id":2530,"href":"https:\/\/zsp4.radom.pl\/szkola\/wp-json\/wp\/v2\/pages\/830\/revisions\/2530"}],"wp:attachment":[{"href":"https:\/\/zsp4.radom.pl\/szkola\/wp-json\/wp\/v2\/media?parent=830"}],"curies":[{"name":"wp","href":"https:\/\/api.w.org\/{rel}","templated":true}]}}