{"id":838,"date":"2025-08-11T11:59:37","date_gmt":"2025-08-11T09:59:37","guid":{"rendered":"https:\/\/zsp4.radom.pl\/szkola\/klasy-i-iii-copy\/"},"modified":"2025-10-10T20:58:37","modified_gmt":"2025-10-10T18:58:37","slug":"klasy-iv-viii","status":"publish","type":"page","link":"https:\/\/zsp4.radom.pl\/szkola\/klasy-iv-viii\/","title":{"rendered":"Klasy IV \u2013 VIII"},"content":{"rendered":"\t\t<div data-elementor-type=\"wp-page\" data-elementor-id=\"838\" class=\"elementor elementor-838\" data-elementor-post-type=\"page\">\n\t\t\t\t\t\t<section class=\"elementor-section elementor-top-section elementor-element elementor-element-656e31b elementor-section-boxed elementor-section-height-default elementor-section-height-default\" data-id=\"656e31b\" data-element_type=\"section\" data-settings=\"{&quot;background_background&quot;:&quot;classic&quot;}\">\n\t\t\t\t\t\t\t<div class=\"elementor-background-overlay\"><\/div>\n\t\t\t\t\t\t\t<div class=\"elementor-container elementor-column-gap-default\">\n\t\t\t\t\t<div class=\"elementor-column elementor-col-100 elementor-top-column elementor-element elementor-element-db44cd1\" data-id=\"db44cd1\" data-element_type=\"column\">\n\t\t\t<div class=\"elementor-widget-wrap elementor-element-populated\">\n\t\t\t\t\t\t<div class=\"elementor-element elementor-element-caa91ee elementor-widget elementor-widget-heading\" data-id=\"caa91ee\" data-element_type=\"widget\" data-widget_type=\"heading.default\">\n\t\t\t\t\t<h1 class=\"elementor-heading-title elementor-size-default\">Klasy IV \u2013 VIII<\/h1>\t\t\t\t<\/div>\n\t\t\t\t<div class=\"elementor-element elementor-element-2481826 elementor-icon-list--layout-inline elementor-align-center elementor-list-item-link-full_width elementor-widget elementor-widget-icon-list\" data-id=\"2481826\" data-element_type=\"widget\" data-widget_type=\"icon-list.default\">\n\t\t\t\t\t\t\t<ul class=\"elementor-icon-list-items elementor-inline-items\">\n\t\t\t\t\t\t\t<li class=\"elementor-icon-list-item elementor-inline-item\">\n\t\t\t\t\t\t\t\t\t\t\t<a href=\"\/\">\n\n\t\t\t\t\t\t\t\t\t\t\t<span class=\"elementor-icon-list-text\">Strona g\u0142\u00f3wna<\/span>\n\t\t\t\t\t\t\t\t\t\t\t<\/a>\n\t\t\t\t\t\t\t\t\t<\/li>\n\t\t\t\t\t\t\t\t<li class=\"elementor-icon-list-item elementor-inline-item\">\n\t\t\t\t\t\t\t\t\t\t\t<span class=\"elementor-icon-list-icon\">\n\t\t\t\t\t\t\t<svg aria-hidden=\"true\" class=\"e-font-icon-svg e-fas-chevron-right\" viewBox=\"0 0 320 512\" xmlns=\"http:\/\/www.w3.org\/2000\/svg\"><path d=\"M285.476 272.971L91.132 467.314c-9.373 9.373-24.569 9.373-33.941 0l-22.667-22.667c-9.357-9.357-9.375-24.522-.04-33.901L188.505 256 34.484 101.255c-9.335-9.379-9.317-24.544.04-33.901l22.667-22.667c9.373-9.373 24.569-9.373 33.941 0L285.475 239.03c9.373 9.372 9.373 24.568.001 33.941z\"><\/path><\/svg>\t\t\t\t\t\t<\/span>\n\t\t\t\t\t\t\t\t\t\t<span class=\"elementor-icon-list-text\">Klasy IV \u2013 VIII<\/span>\n\t\t\t\t\t\t\t\t\t<\/li>\n\t\t\t\t\t\t<\/ul>\n\t\t\t\t\t\t<\/div>\n\t\t\t\t\t<\/div>\n\t\t<\/div>\n\t\t\t\t\t<\/div>\n\t\t<\/section>\n\t\t\t\t<section class=\"elementor-section elementor-top-section elementor-element elementor-element-fc5f9ca elementor-section-boxed elementor-section-height-default elementor-section-height-default\" data-id=\"fc5f9ca\" data-element_type=\"section\">\n\t\t\t\t\t\t\t<div class=\"elementor-background-overlay\"><\/div>\n\t\t\t\t\t\t\t<div class=\"elementor-container elementor-column-gap-default\">\n\t\t\t\t\t<div class=\"elementor-column elementor-col-100 elementor-top-column elementor-element elementor-element-c4fcd62\" data-id=\"c4fcd62\" data-element_type=\"column\">\n\t\t\t<div class=\"elementor-widget-wrap elementor-element-populated\">\n\t\t\t\t\t\t<div class=\"elementor-element elementor-element-232943d e-n-tabs-mobile elementor-widget elementor-widget-n-tabs\" data-id=\"232943d\" data-element_type=\"widget\" data-settings=\"{&quot;horizontal_scroll&quot;:&quot;disable&quot;}\" data-widget_type=\"nested-tabs.default\">\n\t\t\t\t\t\t\t<div class=\"e-n-tabs\" data-widget-number=\"36869181\" aria-label=\"Karty. Otwieraj elementy za pomoc\u0105 Enter lub Spacji, zamykaj za pomoc\u0105 Escape i nawiguj za pomoc\u0105 klawiszy strza\u0142ek.\">\n\t\t\t<div class=\"e-n-tabs-heading\" role=\"tablist\">\n\t\t\t\t\t<button id=\"e-n-tab-title-368691811\" class=\"e-n-tab-title\" aria-selected=\"true\" data-tab-index=\"1\" role=\"tab\" tabindex=\"0\" aria-controls=\"e-n-tab-content-368691811\" style=\"--n-tabs-title-order: 1;\">\n\t\t\t\t\t\t<span class=\"e-n-tab-title-text\">\n\t\t\t\t4a\t\t\t<\/span>\n\t\t<\/button>\n\t\t\t\t<button id=\"e-n-tab-title-368691812\" class=\"e-n-tab-title\" aria-selected=\"false\" data-tab-index=\"2\" role=\"tab\" tabindex=\"-1\" aria-controls=\"e-n-tab-content-368691812\" style=\"--n-tabs-title-order: 2;\">\n\t\t\t\t\t\t<span class=\"e-n-tab-title-text\">\n\t\t\t\t4b\t\t\t<\/span>\n\t\t<\/button>\n\t\t\t\t<button id=\"e-n-tab-title-368691813\" class=\"e-n-tab-title\" aria-selected=\"false\" data-tab-index=\"3\" role=\"tab\" tabindex=\"-1\" aria-controls=\"e-n-tab-content-368691813\" style=\"--n-tabs-title-order: 3;\">\n\t\t\t\t\t\t<span class=\"e-n-tab-title-text\">\n\t\t\t\t5a\t\t\t<\/span>\n\t\t<\/button>\n\t\t\t\t<button id=\"e-n-tab-title-368691814\" class=\"e-n-tab-title\" aria-selected=\"false\" data-tab-index=\"4\" role=\"tab\" tabindex=\"-1\" aria-controls=\"e-n-tab-content-368691814\" style=\"--n-tabs-title-order: 4;\">\n\t\t\t\t\t\t<span class=\"e-n-tab-title-text\">\n\t\t\t\t5b\t\t\t<\/span>\n\t\t<\/button>\n\t\t\t\t<button id=\"e-n-tab-title-368691815\" class=\"e-n-tab-title\" aria-selected=\"false\" data-tab-index=\"5\" role=\"tab\" tabindex=\"-1\" aria-controls=\"e-n-tab-content-368691815\" style=\"--n-tabs-title-order: 5;\">\n\t\t\t\t\t\t<span class=\"e-n-tab-title-text\">\n\t\t\t\t6a\t\t\t<\/span>\n\t\t<\/button>\n\t\t\t\t<button id=\"e-n-tab-title-368691816\" class=\"e-n-tab-title\" aria-selected=\"false\" data-tab-index=\"6\" role=\"tab\" tabindex=\"-1\" aria-controls=\"e-n-tab-content-368691816\" style=\"--n-tabs-title-order: 6;\">\n\t\t\t\t\t\t<span class=\"e-n-tab-title-text\">\n\t\t\t\t6b\t\t\t<\/span>\n\t\t<\/button>\n\t\t\t\t<button id=\"e-n-tab-title-368691817\" class=\"e-n-tab-title\" aria-selected=\"false\" data-tab-index=\"7\" role=\"tab\" tabindex=\"-1\" aria-controls=\"e-n-tab-content-368691817\" style=\"--n-tabs-title-order: 7;\">\n\t\t\t\t\t\t<span class=\"e-n-tab-title-text\">\n\t\t\t\t7a\t\t\t<\/span>\n\t\t<\/button>\n\t\t\t\t<button id=\"e-n-tab-title-368691818\" class=\"e-n-tab-title\" aria-selected=\"false\" data-tab-index=\"8\" role=\"tab\" tabindex=\"-1\" aria-controls=\"e-n-tab-content-368691818\" style=\"--n-tabs-title-order: 8;\">\n\t\t\t\t\t\t<span class=\"e-n-tab-title-text\">\n\t\t\t\t7b\t\t\t<\/span>\n\t\t<\/button>\n\t\t\t\t<button id=\"e-n-tab-title-368691819\" class=\"e-n-tab-title\" aria-selected=\"false\" data-tab-index=\"9\" role=\"tab\" tabindex=\"-1\" aria-controls=\"e-n-tab-content-368691819\" style=\"--n-tabs-title-order: 9;\">\n\t\t\t\t\t\t<span class=\"e-n-tab-title-text\">\n\t\t\t\t8a\t\t\t<\/span>\n\t\t<\/button>\n\t\t\t\t<button id=\"e-n-tab-title-3686918110\" class=\"e-n-tab-title\" aria-selected=\"false\" data-tab-index=\"10\" role=\"tab\" tabindex=\"-1\" aria-controls=\"e-n-tab-content-3686918110\" style=\"--n-tabs-title-order: 10;\">\n\t\t\t\t\t\t<span class=\"e-n-tab-title-text\">\n\t\t\t\t8b\t\t\t<\/span>\n\t\t<\/button>\n\t\t\t\t\t<\/div>\n\t\t\t<div class=\"e-n-tabs-content\">\n\t\t\t\t<div id=\"e-n-tab-content-368691811\" role=\"tabpanel\" aria-labelledby=\"e-n-tab-title-368691811\" data-tab-index=\"1\" style=\"--n-tabs-title-order: 1;\" class=\"e-active elementor-element elementor-element-c31f6d9 e-flex e-con-boxed e-con e-child\" data-id=\"c31f6d9\" data-element_type=\"container\">\n\t\t\t\t\t<div class=\"e-con-inner\">\n\t\t<div class=\"elementor-element elementor-element-3cefcaa e-con-full e-flex e-con e-child\" data-id=\"3cefcaa\" data-element_type=\"container\">\n\t\t\t\t<div class=\"elementor-element elementor-element-f5fbe85 elementor-widget elementor-widget-image\" data-id=\"f5fbe85\" data-element_type=\"widget\" data-widget_type=\"image.default\">\n\t\t\t\t\t\t\t\t\t\t\t\t\t\t\t<img fetchpriority=\"high\" decoding=\"async\" width=\"800\" height=\"531\" src=\"https:\/\/zsp4.radom.pl\/szkola\/wp-content\/uploads\/2025\/10\/ebf11f58-c057-4e03-a784-fe77326d7491-1024x680.jfif\" class=\"attachment-large size-large wp-image-2511\" alt=\"\" srcset=\"https:\/\/zsp4.radom.pl\/szkola\/wp-content\/uploads\/2025\/10\/ebf11f58-c057-4e03-a784-fe77326d7491-1024x680.jfif 1024w, https:\/\/zsp4.radom.pl\/szkola\/wp-content\/uploads\/2025\/10\/ebf11f58-c057-4e03-a784-fe77326d7491-300x199.jfif 300w, https:\/\/zsp4.radom.pl\/szkola\/wp-content\/uploads\/2025\/10\/ebf11f58-c057-4e03-a784-fe77326d7491-768x510.jfif 768w, https:\/\/zsp4.radom.pl\/szkola\/wp-content\/uploads\/2025\/10\/ebf11f58-c057-4e03-a784-fe77326d7491.jfif 1128w\" sizes=\"(max-width: 800px) 100vw, 800px\" \/>\t\t\t\t\t\t\t\t\t\t\t\t\t\t\t<\/div>\n\t\t\t\t<\/div>\n\t\t\t\t\t<\/div>\n\t\t\t\t<\/div>\n\t\t<div id=\"e-n-tab-content-368691812\" role=\"tabpanel\" aria-labelledby=\"e-n-tab-title-368691812\" data-tab-index=\"2\" style=\"--n-tabs-title-order: 2;\" class=\" elementor-element elementor-element-6ebf6ca e-flex e-con-boxed e-con e-child\" data-id=\"6ebf6ca\" data-element_type=\"container\">\n\t\t\t\t\t<div class=\"e-con-inner\">\n\t\t<div class=\"elementor-element elementor-element-2f86942 e-con-full e-flex e-con e-child\" data-id=\"2f86942\" data-element_type=\"container\">\n\t\t\t\t<div class=\"elementor-element elementor-element-f0169db elementor-widget elementor-widget-image\" data-id=\"f0169db\" data-element_type=\"widget\" data-widget_type=\"image.default\">\n\t\t\t\t\t\t\t\t\t\t\t\t\t\t\t<img decoding=\"async\" width=\"800\" height=\"537\" src=\"https:\/\/zsp4.radom.pl\/szkola\/wp-content\/uploads\/2025\/10\/dec6edc2-2532-4aa8-8795-ab507682bf73-1024x687.jfif\" class=\"attachment-large size-large wp-image-2512\" alt=\"\" srcset=\"https:\/\/zsp4.radom.pl\/szkola\/wp-content\/uploads\/2025\/10\/dec6edc2-2532-4aa8-8795-ab507682bf73-1024x687.jfif 1024w, https:\/\/zsp4.radom.pl\/szkola\/wp-content\/uploads\/2025\/10\/dec6edc2-2532-4aa8-8795-ab507682bf73-300x201.jfif 300w, https:\/\/zsp4.radom.pl\/szkola\/wp-content\/uploads\/2025\/10\/dec6edc2-2532-4aa8-8795-ab507682bf73-768x515.jfif 768w, https:\/\/zsp4.radom.pl\/szkola\/wp-content\/uploads\/2025\/10\/dec6edc2-2532-4aa8-8795-ab507682bf73.jfif 1129w\" sizes=\"(max-width: 800px) 100vw, 800px\" \/>\t\t\t\t\t\t\t\t\t\t\t\t\t\t\t<\/div>\n\t\t\t\t<\/div>\n\t\t\t\t\t<\/div>\n\t\t\t\t<\/div>\n\t\t<div id=\"e-n-tab-content-368691813\" role=\"tabpanel\" aria-labelledby=\"e-n-tab-title-368691813\" data-tab-index=\"3\" style=\"--n-tabs-title-order: 3;\" class=\" elementor-element elementor-element-a59a73c e-con-full e-flex e-con e-child\" data-id=\"a59a73c\" data-element_type=\"container\">\n\t\t<div class=\"elementor-element elementor-element-678e271 e-flex e-con-boxed e-con e-child\" data-id=\"678e271\" data-element_type=\"container\">\n\t\t\t\t\t<div class=\"e-con-inner\">\n\t\t\t\t<div class=\"elementor-element elementor-element-a5d6308 elementor-widget elementor-widget-image\" data-id=\"a5d6308\" data-element_type=\"widget\" data-widget_type=\"image.default\">\n\t\t\t\t\t\t\t\t\t\t\t\t\t\t\t<img decoding=\"async\" width=\"800\" height=\"530\" src=\"https:\/\/zsp4.radom.pl\/szkola\/wp-content\/uploads\/2025\/10\/8843271b-b9ce-4dc4-a731-6a822d0e93fa-1024x678.jfif\" class=\"attachment-large size-large wp-image-2500\" alt=\"\" srcset=\"https:\/\/zsp4.radom.pl\/szkola\/wp-content\/uploads\/2025\/10\/8843271b-b9ce-4dc4-a731-6a822d0e93fa-1024x678.jfif 1024w, https:\/\/zsp4.radom.pl\/szkola\/wp-content\/uploads\/2025\/10\/8843271b-b9ce-4dc4-a731-6a822d0e93fa-300x198.jfif 300w, https:\/\/zsp4.radom.pl\/szkola\/wp-content\/uploads\/2025\/10\/8843271b-b9ce-4dc4-a731-6a822d0e93fa-768x508.jfif 768w, https:\/\/zsp4.radom.pl\/szkola\/wp-content\/uploads\/2025\/10\/8843271b-b9ce-4dc4-a731-6a822d0e93fa.jfif 1126w\" sizes=\"(max-width: 800px) 100vw, 800px\" \/>\t\t\t\t\t\t\t\t\t\t\t\t\t\t\t<\/div>\n\t\t\t\t\t<\/div>\n\t\t\t\t<\/div>\n\t\t\t\t<\/div>\n\t\t<div id=\"e-n-tab-content-368691814\" role=\"tabpanel\" aria-labelledby=\"e-n-tab-title-368691814\" data-tab-index=\"4\" style=\"--n-tabs-title-order: 4;\" class=\" elementor-element elementor-element-d91d716 e-con-full e-flex e-con e-child\" data-id=\"d91d716\" data-element_type=\"container\">\n\t\t<div class=\"elementor-element elementor-element-1167cea e-flex e-con-boxed e-con e-child\" data-id=\"1167cea\" data-element_type=\"container\">\n\t\t\t\t\t<div class=\"e-con-inner\">\n\t\t\t\t<div class=\"elementor-element elementor-element-05f22d9 elementor-widget elementor-widget-image\" data-id=\"05f22d9\" data-element_type=\"widget\" data-widget_type=\"image.default\">\n\t\t\t\t\t\t\t\t\t\t\t\t\t\t\t<img loading=\"lazy\" decoding=\"async\" width=\"800\" height=\"526\" src=\"https:\/\/zsp4.radom.pl\/szkola\/wp-content\/uploads\/2025\/10\/9fd614f7-9161-4436-a455-2e623c72bb80-1024x673.jfif\" class=\"attachment-large size-large wp-image-2501\" alt=\"\" srcset=\"https:\/\/zsp4.radom.pl\/szkola\/wp-content\/uploads\/2025\/10\/9fd614f7-9161-4436-a455-2e623c72bb80-1024x673.jfif 1024w, https:\/\/zsp4.radom.pl\/szkola\/wp-content\/uploads\/2025\/10\/9fd614f7-9161-4436-a455-2e623c72bb80-300x197.jfif 300w, https:\/\/zsp4.radom.pl\/szkola\/wp-content\/uploads\/2025\/10\/9fd614f7-9161-4436-a455-2e623c72bb80-768x505.jfif 768w, https:\/\/zsp4.radom.pl\/szkola\/wp-content\/uploads\/2025\/10\/9fd614f7-9161-4436-a455-2e623c72bb80.jfif 1127w\" sizes=\"(max-width: 800px) 100vw, 800px\" \/>\t\t\t\t\t\t\t\t\t\t\t\t\t\t\t<\/div>\n\t\t\t\t\t<\/div>\n\t\t\t\t<\/div>\n\t\t\t\t<\/div>\n\t\t<div id=\"e-n-tab-content-368691815\" role=\"tabpanel\" aria-labelledby=\"e-n-tab-title-368691815\" data-tab-index=\"5\" style=\"--n-tabs-title-order: 5;\" class=\" elementor-element elementor-element-d2fac3b e-con-full e-flex e-con e-child\" data-id=\"d2fac3b\" data-element_type=\"container\">\n\t\t<div class=\"elementor-element elementor-element-056aeb7 e-flex e-con-boxed e-con e-child\" data-id=\"056aeb7\" data-element_type=\"container\">\n\t\t\t\t\t<div class=\"e-con-inner\">\n\t\t\t\t<div class=\"elementor-element elementor-element-39f68c0 elementor-widget elementor-widget-image\" data-id=\"39f68c0\" data-element_type=\"widget\" data-widget_type=\"image.default\">\n\t\t\t\t\t\t\t\t\t\t\t\t\t\t\t<img loading=\"lazy\" decoding=\"async\" width=\"800\" height=\"528\" src=\"https:\/\/zsp4.radom.pl\/szkola\/wp-content\/uploads\/2025\/10\/ff52b9b3-bb05-4d53-b16f-81854aec1323-1024x676.jfif\" class=\"attachment-large size-large wp-image-2502\" alt=\"\" srcset=\"https:\/\/zsp4.radom.pl\/szkola\/wp-content\/uploads\/2025\/10\/ff52b9b3-bb05-4d53-b16f-81854aec1323-1024x676.jfif 1024w, https:\/\/zsp4.radom.pl\/szkola\/wp-content\/uploads\/2025\/10\/ff52b9b3-bb05-4d53-b16f-81854aec1323-300x198.jfif 300w, https:\/\/zsp4.radom.pl\/szkola\/wp-content\/uploads\/2025\/10\/ff52b9b3-bb05-4d53-b16f-81854aec1323-768x507.jfif 768w, https:\/\/zsp4.radom.pl\/szkola\/wp-content\/uploads\/2025\/10\/ff52b9b3-bb05-4d53-b16f-81854aec1323.jfif 1128w\" sizes=\"(max-width: 800px) 100vw, 800px\" \/>\t\t\t\t\t\t\t\t\t\t\t\t\t\t\t<\/div>\n\t\t\t\t\t<\/div>\n\t\t\t\t<\/div>\n\t\t\t\t<\/div>\n\t\t<div id=\"e-n-tab-content-368691816\" role=\"tabpanel\" aria-labelledby=\"e-n-tab-title-368691816\" data-tab-index=\"6\" style=\"--n-tabs-title-order: 6;\" class=\" elementor-element elementor-element-8b06d10 e-con-full e-flex e-con e-child\" data-id=\"8b06d10\" data-element_type=\"container\">\n\t\t<div class=\"elementor-element elementor-element-acf5d98 e-flex e-con-boxed e-con e-child\" data-id=\"acf5d98\" data-element_type=\"container\">\n\t\t\t\t\t<div class=\"e-con-inner\">\n\t\t\t\t<div class=\"elementor-element elementor-element-6c2e829 elementor-widget elementor-widget-image\" data-id=\"6c2e829\" data-element_type=\"widget\" data-widget_type=\"image.default\">\n\t\t\t\t\t\t\t\t\t\t\t\t\t\t\t<img loading=\"lazy\" decoding=\"async\" width=\"800\" height=\"528\" src=\"https:\/\/zsp4.radom.pl\/szkola\/wp-content\/uploads\/2025\/10\/2f1cc921-0adf-4351-856d-859920f2a5b6-1024x676.jfif\" class=\"attachment-large size-large wp-image-2503\" alt=\"\" srcset=\"https:\/\/zsp4.radom.pl\/szkola\/wp-content\/uploads\/2025\/10\/2f1cc921-0adf-4351-856d-859920f2a5b6-1024x676.jfif 1024w, https:\/\/zsp4.radom.pl\/szkola\/wp-content\/uploads\/2025\/10\/2f1cc921-0adf-4351-856d-859920f2a5b6-300x198.jfif 300w, https:\/\/zsp4.radom.pl\/szkola\/wp-content\/uploads\/2025\/10\/2f1cc921-0adf-4351-856d-859920f2a5b6-768x507.jfif 768w, https:\/\/zsp4.radom.pl\/szkola\/wp-content\/uploads\/2025\/10\/2f1cc921-0adf-4351-856d-859920f2a5b6.jfif 1130w\" sizes=\"(max-width: 800px) 100vw, 800px\" \/>\t\t\t\t\t\t\t\t\t\t\t\t\t\t\t<\/div>\n\t\t\t\t\t<\/div>\n\t\t\t\t<\/div>\n\t\t\t\t<\/div>\n\t\t<div id=\"e-n-tab-content-368691817\" role=\"tabpanel\" aria-labelledby=\"e-n-tab-title-368691817\" data-tab-index=\"7\" style=\"--n-tabs-title-order: 7;\" class=\" elementor-element elementor-element-7356a83 e-con-full e-flex e-con e-child\" data-id=\"7356a83\" data-element_type=\"container\">\n\t\t<div class=\"elementor-element elementor-element-a607f69 e-flex e-con-boxed e-con e-child\" data-id=\"a607f69\" data-element_type=\"container\">\n\t\t\t\t\t<div class=\"e-con-inner\">\n\t\t\t\t<div class=\"elementor-element elementor-element-bc0c90d elementor-widget elementor-widget-image\" data-id=\"bc0c90d\" data-element_type=\"widget\" data-widget_type=\"image.default\">\n\t\t\t\t\t\t\t\t\t\t\t\t\t\t\t<img loading=\"lazy\" decoding=\"async\" width=\"800\" height=\"532\" src=\"https:\/\/zsp4.radom.pl\/szkola\/wp-content\/uploads\/2025\/10\/7c63bfa1-7b8e-4c2a-9860-7235ed41013c-1024x681.jfif\" class=\"attachment-large size-large wp-image-2504\" alt=\"\" srcset=\"https:\/\/zsp4.radom.pl\/szkola\/wp-content\/uploads\/2025\/10\/7c63bfa1-7b8e-4c2a-9860-7235ed41013c-1024x681.jfif 1024w, https:\/\/zsp4.radom.pl\/szkola\/wp-content\/uploads\/2025\/10\/7c63bfa1-7b8e-4c2a-9860-7235ed41013c-300x199.jfif 300w, https:\/\/zsp4.radom.pl\/szkola\/wp-content\/uploads\/2025\/10\/7c63bfa1-7b8e-4c2a-9860-7235ed41013c-768x511.jfif 768w, https:\/\/zsp4.radom.pl\/szkola\/wp-content\/uploads\/2025\/10\/7c63bfa1-7b8e-4c2a-9860-7235ed41013c.jfif 1131w\" sizes=\"(max-width: 800px) 100vw, 800px\" \/>\t\t\t\t\t\t\t\t\t\t\t\t\t\t\t<\/div>\n\t\t\t\t\t<\/div>\n\t\t\t\t<\/div>\n\t\t\t\t<\/div>\n\t\t<div id=\"e-n-tab-content-368691818\" role=\"tabpanel\" aria-labelledby=\"e-n-tab-title-368691818\" data-tab-index=\"8\" style=\"--n-tabs-title-order: 8;\" class=\" elementor-element elementor-element-e61ff23 e-con-full e-flex e-con e-child\" data-id=\"e61ff23\" data-element_type=\"container\">\n\t\t<div class=\"elementor-element elementor-element-fbbbcfc e-flex e-con-boxed e-con e-child\" data-id=\"fbbbcfc\" data-element_type=\"container\">\n\t\t\t\t\t<div class=\"e-con-inner\">\n\t\t\t\t<div class=\"elementor-element elementor-element-663ea4f elementor-widget elementor-widget-image\" data-id=\"663ea4f\" data-element_type=\"widget\" data-widget_type=\"image.default\">\n\t\t\t\t\t\t\t\t\t\t\t\t\t\t\t<img loading=\"lazy\" decoding=\"async\" width=\"800\" height=\"531\" src=\"https:\/\/zsp4.radom.pl\/szkola\/wp-content\/uploads\/2025\/10\/d827a030-01be-4837-b697-d0d245e956d3-1024x680.jfif\" class=\"attachment-large size-large wp-image-2505\" alt=\"\" srcset=\"https:\/\/zsp4.radom.pl\/szkola\/wp-content\/uploads\/2025\/10\/d827a030-01be-4837-b697-d0d245e956d3-1024x680.jfif 1024w, https:\/\/zsp4.radom.pl\/szkola\/wp-content\/uploads\/2025\/10\/d827a030-01be-4837-b697-d0d245e956d3-300x199.jfif 300w, https:\/\/zsp4.radom.pl\/szkola\/wp-content\/uploads\/2025\/10\/d827a030-01be-4837-b697-d0d245e956d3-768x510.jfif 768w, https:\/\/zsp4.radom.pl\/szkola\/wp-content\/uploads\/2025\/10\/d827a030-01be-4837-b697-d0d245e956d3.jfif 1133w\" sizes=\"(max-width: 800px) 100vw, 800px\" \/>\t\t\t\t\t\t\t\t\t\t\t\t\t\t\t<\/div>\n\t\t\t\t\t<\/div>\n\t\t\t\t<\/div>\n\t\t\t\t<\/div>\n\t\t<div id=\"e-n-tab-content-368691819\" role=\"tabpanel\" aria-labelledby=\"e-n-tab-title-368691819\" data-tab-index=\"9\" style=\"--n-tabs-title-order: 9;\" class=\" elementor-element elementor-element-06f2e30 e-flex e-con-boxed e-con e-child\" data-id=\"06f2e30\" data-element_type=\"container\">\n\t\t\t\t\t<div class=\"e-con-inner\">\n\t\t<div class=\"elementor-element elementor-element-33d1b25 e-con-full e-flex e-con e-child\" data-id=\"33d1b25\" data-element_type=\"container\">\n\t\t\t\t<div class=\"elementor-element elementor-element-310d512 elementor-widget elementor-widget-image\" data-id=\"310d512\" data-element_type=\"widget\" data-widget_type=\"image.default\">\n\t\t\t\t\t\t\t\t\t\t\t\t\t\t\t<img loading=\"lazy\" decoding=\"async\" width=\"800\" height=\"526\" src=\"https:\/\/zsp4.radom.pl\/szkola\/wp-content\/uploads\/2025\/10\/1a8d1679-1788-4a12-bf35-f6bcc6ed9dd0-1024x673.jfif\" class=\"attachment-large size-large wp-image-2509\" alt=\"\" srcset=\"https:\/\/zsp4.radom.pl\/szkola\/wp-content\/uploads\/2025\/10\/1a8d1679-1788-4a12-bf35-f6bcc6ed9dd0-1024x673.jfif 1024w, https:\/\/zsp4.radom.pl\/szkola\/wp-content\/uploads\/2025\/10\/1a8d1679-1788-4a12-bf35-f6bcc6ed9dd0-300x197.jfif 300w, https:\/\/zsp4.radom.pl\/szkola\/wp-content\/uploads\/2025\/10\/1a8d1679-1788-4a12-bf35-f6bcc6ed9dd0-768x505.jfif 768w, https:\/\/zsp4.radom.pl\/szkola\/wp-content\/uploads\/2025\/10\/1a8d1679-1788-4a12-bf35-f6bcc6ed9dd0.jfif 1129w\" sizes=\"(max-width: 800px) 100vw, 800px\" \/>\t\t\t\t\t\t\t\t\t\t\t\t\t\t\t<\/div>\n\t\t\t\t<\/div>\n\t\t\t\t\t<\/div>\n\t\t\t\t<\/div>\n\t\t<div id=\"e-n-tab-content-3686918110\" role=\"tabpanel\" aria-labelledby=\"e-n-tab-title-3686918110\" data-tab-index=\"10\" style=\"--n-tabs-title-order: 10;\" class=\" elementor-element elementor-element-25a0762 e-flex e-con-boxed e-con e-child\" data-id=\"25a0762\" data-element_type=\"container\">\n\t\t\t\t\t<div class=\"e-con-inner\">\n\t\t<div class=\"elementor-element elementor-element-f5ecbc2 e-con-full e-flex e-con e-child\" data-id=\"f5ecbc2\" data-element_type=\"container\">\n\t\t\t\t<div class=\"elementor-element elementor-element-4d9ee91 elementor-widget elementor-widget-image\" data-id=\"4d9ee91\" data-element_type=\"widget\" data-widget_type=\"image.default\">\n\t\t\t\t\t\t\t\t\t\t\t\t\t\t\t<img loading=\"lazy\" decoding=\"async\" width=\"800\" height=\"532\" src=\"https:\/\/zsp4.radom.pl\/szkola\/wp-content\/uploads\/2025\/10\/bf75d0e7-e26a-4f47-a09b-c3fae06fdfbd-1024x681.jfif\" class=\"attachment-large size-large wp-image-2510\" alt=\"\" srcset=\"https:\/\/zsp4.radom.pl\/szkola\/wp-content\/uploads\/2025\/10\/bf75d0e7-e26a-4f47-a09b-c3fae06fdfbd-1024x681.jfif 1024w, https:\/\/zsp4.radom.pl\/szkola\/wp-content\/uploads\/2025\/10\/bf75d0e7-e26a-4f47-a09b-c3fae06fdfbd-300x200.jfif 300w, https:\/\/zsp4.radom.pl\/szkola\/wp-content\/uploads\/2025\/10\/bf75d0e7-e26a-4f47-a09b-c3fae06fdfbd-768x511.jfif 768w, https:\/\/zsp4.radom.pl\/szkola\/wp-content\/uploads\/2025\/10\/bf75d0e7-e26a-4f47-a09b-c3fae06fdfbd.jfif 1129w\" sizes=\"(max-width: 800px) 100vw, 800px\" \/>\t\t\t\t\t\t\t\t\t\t\t\t\t\t\t<\/div>\n\t\t\t\t<\/div>\n\t\t\t\t\t<\/div>\n\t\t\t\t<\/div>\n\t\t\t\t\t<\/div>\n\t\t<\/div>\n\t\t\t\t\t\t<\/div>\n\t\t\t\t\t<\/div>\n\t\t<\/div>\n\t\t\t\t\t<\/div>\n\t\t<\/section>\n\t\t\t\t<\/div>\n\t\t","protected":false},"excerpt":{"rendered":"<p>Strona g\u0142\u00f3wna 4a 4b 5a 5b 6a 6b 7a 7b 8a 8b<\/p>\n","protected":false},"author":1,"featured_media":0,"parent":0,"menu_order":0,"comment_status":"closed","ping_status":"closed","template":"","meta":{"footnotes":""},"class_list":["post-838","page","type-page","status-publish","hentry"],"aioseo_notices":[],"_links":{"self":[{"href":"https:\/\/zsp4.radom.pl\/szkola\/wp-json\/wp\/v2\/pages\/838","targetHints":{"allow":["GET"]}}],"collection":[{"href":"https:\/\/zsp4.radom.pl\/szkola\/wp-json\/wp\/v2\/pages"}],"about":[{"href":"https:\/\/zsp4.radom.pl\/szkola\/wp-json\/wp\/v2\/types\/page"}],"author":[{"embeddable":true,"href":"https:\/\/zsp4.radom.pl\/szkola\/wp-json\/wp\/v2\/users\/1"}],"replies":[{"embeddable":true,"href":"https:\/\/zsp4.radom.pl\/szkola\/wp-json\/wp\/v2\/comments?post=838"}],"version-history":[{"count":16,"href":"https:\/\/zsp4.radom.pl\/szkola\/wp-json\/wp\/v2\/pages\/838\/revisions"}],"predecessor-version":[{"id":2518,"href":"https:\/\/zsp4.radom.pl\/szkola\/wp-json\/wp\/v2\/pages\/838\/revisions\/2518"}],"wp:attachment":[{"href":"https:\/\/zsp4.radom.pl\/szkola\/wp-json\/wp\/v2\/media?parent=838"}],"curies":[{"name":"wp","href":"https:\/\/api.w.org\/{rel}","templated":true}]}}